{"id":23919,"date":"2026-01-25T22:09:54","date_gmt":"2026-01-25T14:09:54","guid":{"rendered":"https:\/\/agoravape.com\/?post_type=product&#038;p=23919"},"modified":"2026-01-27T00:39:22","modified_gmt":"2026-01-26T16:39:22","slug":"bang-blaze-60k-dsk051-60000-puffs","status":"publish","type":"product","link":"https:\/\/agoravape.com\/es\/product\/bang-blaze-60k-dsk051-60000-puffs\/","title":{"rendered":"Bang Blaze 60k, 60.000 caladas, vaporizador de alta potencia | Gran cantidad de caladas, uso diario sencillo"},"content":{"rendered":"<h2 data-v-md-heading=\"what-are-the-special-features-of-bang-blaze-60k-60000-mouth-dsk051-high-power-vape\" data-v-md-line=\"3\"><img loading=\"lazy\" decoding=\"async\" class=\"size-full wp-image-23943 alignright\" src=\"https:\/\/agoravape.com\/wp-content\/uploads\/2026\/01\/Bang-Blaze-60k-60000-Puffs-High-Power-Vape-Big-Puff-Count-Simple-Daily-Use_Agora_vape-11-scaled.webp\" alt=\"\" width=\"1280\" height=\"2560\" srcset=\"https:\/\/agoravape.com\/wp-content\/uploads\/2026\/01\/Bang-Blaze-60k-60000-Puffs-High-Power-Vape-Big-Puff-Count-Simple-Daily-Use_Agora_vape-11-scaled.webp 1280w, https:\/\/agoravape.com\/wp-content\/uploads\/2026\/01\/Bang-Blaze-60k-60000-Puffs-High-Power-Vape-Big-Puff-Count-Simple-Daily-Use_Agora_vape-11-scaled-1200x2400.webp 1200w, https:\/\/agoravape.com\/wp-content\/uploads\/2026\/01\/Bang-Blaze-60k-60000-Puffs-High-Power-Vape-Big-Puff-Count-Simple-Daily-Use_Agora_vape-11-150x300.webp 150w, https:\/\/agoravape.com\/wp-content\/uploads\/2026\/01\/Bang-Blaze-60k-60000-Puffs-High-Power-Vape-Big-Puff-Count-Simple-Daily-Use_Agora_vape-11-512x1024.webp 512w, https:\/\/agoravape.com\/wp-content\/uploads\/2026\/01\/Bang-Blaze-60k-60000-Puffs-High-Power-Vape-Big-Puff-Count-Simple-Daily-Use_Agora_vape-11-768x1536.webp 768w, https:\/\/agoravape.com\/wp-content\/uploads\/2026\/01\/Bang-Blaze-60k-60000-Puffs-High-Power-Vape-Big-Puff-Count-Simple-Daily-Use_Agora_vape-11-1024x2048.webp 1024w, https:\/\/agoravape.com\/wp-content\/uploads\/2026\/01\/Bang-Blaze-60k-60000-Puffs-High-Power-Vape-Big-Puff-Count-Simple-Daily-Use_Agora_vape-11-6x12.webp 6w\" sizes=\"auto, (max-width: 1280px) 100vw, 1280px\" \/><\/h2>\n<h2 data-v-md-heading=\"what-are-the-special-features-of-bang-blaze-60k-60000-mouth-dsk051-high-power-vape\" data-v-md-line=\"3\">\u00bfCu\u00e1les son las caracter\u00edsticas especiales del vaporizador de alta potencia Bang Blaze 60k 60000 mouth (DSK051)?<\/h2>\n<p data-v-md-line=\"5\">Si est\u00e1s cansado de los vapeadores desechables que empiezan con mucha energ\u00eda pero pierden fuerza r\u00e1pidamente, el Bang Blaze 60k te traer\u00e1 una experiencia completamente diferente. Este vapeador desechable recargable de gran capacidad est\u00e1 dise\u00f1ado para usuarios que buscan un sabor duradero y estable sin convertir el vapeo en un pasatiempo.<\/p>\n<p data-v-md-line=\"7\">Quiz\u00e1s pienses que un vaporizador con capacidad para 60\u00a0000 caladas pesa much\u00edsimo en tu bolsillo. Sin embargo, al sostenerlo en la mano, es mucho m\u00e1s ligero de lo que imaginas, y si no quieres cambiar el cartucho cada pocos d\u00edas, este vaporizador es sin duda tu opci\u00f3n ideal.<\/p>\n<h2 data-v-md-heading=\"excellent-performance-and-easy-operation\" data-v-md-line=\"9\">Excelente rendimiento y f\u00e1cil operaci\u00f3n.<\/h2>\n<p data-v-md-line=\"11\">Este vaporizador est\u00e1 equipado con una resistencia de malla de 0,6 \u03a9, lo que permite un calentamiento uniforme. En la pr\u00e1ctica, esto significa que el sabor se mantiene constante desde el primer bocado hasta cada bocado posterior, sin el sabor a quemado ni soso de algunos vaporizadores desechables grandes. Cuando la bater\u00eda est\u00e1 baja, se puede cargar a trav\u00e9s de la interfaz Tipo-C, lo que permite usar el cable de datos para cargar la mayor\u00eda de los tel\u00e9fonos modernos.<\/p>\n<h2 data-v-md-heading=\"quick-specifications\" data-v-md-line=\"13\">Especificaciones r\u00e1pidas<\/h2>\n<ul data-v-md-line=\"14\">\n<li>Frecuencia de tabaquismo: hasta 60.000<\/li>\n<li>Capacidad del e-l\u00edquido: 40 ml<\/li>\n<li>Bater\u00eda: 1000 mAh (recargable)<\/li>\n<li>Atomizing core: 0.6 \u03a9 mesh atomizing core<\/li>\n<li>Uso: Inhalar para activar.<\/li>\n<li>Interfaz de carga: Interfaz tipo C<\/li>\n<li>Listo para usar nada m\u00e1s sacarlo de la caja:<\/li>\n<li>OEM\/ODM: Soporte (aplicable a pedidos comerciales\/personalizados)<\/li>\n<\/ul>\n<h2 data-v-md-heading=\"complete-flavor-lineup\" data-v-md-line=\"23\">L\u00ednea completa de sabores<\/h2>\n<ul data-v-md-line=\"24\">\n<li>Menta fresca<\/li>\n<li>Cerveza marr\u00f3n<\/li>\n<li>Doble manzana<\/li>\n<li>Menta cereza<\/li>\n<li>Strawberry kiwi fruit<\/li>\n<li>El hombre de la sand\u00eda<\/li>\n<li>Sand\u00eda, Fresa, Mel\u00f3n<\/li>\n<li>Blueberries and raspberries<\/li>\n<li>Mixed berries<\/li>\n<li>Granadilla<\/li>\n<li>Red Bull brit\u00e1nico<\/li>\n<li>Bloody Mary<\/li>\n<li>Sand\u00eda fresa<\/li>\n<li>Sand\u00eda<\/li>\n<\/ul>\n<h2 data-v-md-heading=\"tailored-for-you-and-your-business\" data-v-md-line=\"39\">Dise\u00f1ado para usted y su negocio<\/h2>\n<p data-v-md-line=\"41\">Puedes comprar directamente el Bang Blaze 60k, un producto sencillo y f\u00e1cil de usar que puedes comprar y usar de inmediato. Si compras para una tienda o vendes al por mayor con frecuencia, tambi\u00e9n es una opci\u00f3n ideal para clientes habituales, ya que apreciar\u00e1n al instante su gran potencia y su bater\u00eda recargable.<\/p>\n<p data-v-md-line=\"43\">Para pedidos B2B, utilizamos embalajes de 100 unidades\/caja (tambi\u00e9n referidos al peso de 10 unidades) para facilitarle la planificaci\u00f3n de inventario. Colaboramos con socios log\u00edsticos confiables como UPS, DPD y DHL, y ofrecemos opciones de env\u00edo DDP convenientes, siempre que sea posible, despu\u00e9s del pago de impuestos, para que no tenga que preocuparse por tr\u00e1mites aduaneros.<\/p>\n<h2 data-v-md-heading=\"the-reason-why-you-will-like-it\" data-v-md-line=\"45\">The reason why you will like it<\/h2>\n<ul data-v-md-line=\"46\">\n<li>Capacidad de succi\u00f3n ultra larga: mayor duraci\u00f3n de la bater\u00eda, sin necesidad de reemplazo frecuente.<\/li>\n<li>Bater\u00eda recargable: te permite utilizar todo el e-l\u00edquido que hayas adquirido.<\/li>\n<li>Bobina de malla: mantiene el sabor estable y evita la sensaci\u00f3n de \u201csabor disminuido\u201d.<\/li>\n<li>Inhalaci\u00f3n sencilla: sin botones, sin configuraciones, disfrute inmediatamente.<\/li>\n<\/ul>\n<h2 data-v-md-heading=\"why-choose-to-collaborate-with-agoravape\" data-v-md-line=\"51\">Why choose to collaborate with AgoraVape?<\/h2>\n<p data-v-md-line=\"53\">AgoraVape se centra en los aspectos realmente importantes: garant\u00eda de producto genuino, especificaciones claras y servicios log\u00edsticos fiables en toda Europa. Si es un comprador corporativo, le ofreceremos soluciones de venta al por mayor fiables, soporte t\u00e9cnico \u00e1gil y entregas r\u00e1pidas para los vaporizadores de alta potencia Bang Blaze 60k 60000 (DSK051). Este producto es f\u00e1cil de vender porque resuelve un problema simple: la durabilidad.<\/p>\n<p><script src=\"chrome-extension:\/\/fpelahbljekknahkcaegamhcndkfpfnc\/iFrame.js\" type=\"text\/javascript\"><\/script><\/p>\n<p><script src=\"chrome-extension:\/\/fpelahbljekknahkcaegamhcndkfpfnc\/iFrame.js\" type=\"text\/javascript\"><\/script><\/p>","protected":false},"excerpt":{"rendered":"<p>&nbsp;<\/p>\n<p><script src=\"chrome-extension:\/\/fpelahbljekknahkcaegamhcndkfpfnc\/iFrame.js\" type=\"text\/javascript\"><\/script><\/p>\n<p><script src=\"chrome-extension:\/\/fpelahbljekknahkcaegamhcndkfpfnc\/iFrame.js\" type=\"text\/javascript\"><\/script><\/p>","protected":false},"featured_media":23942,"comment_status":"open","ping_status":"closed","template":"","meta":[],"product_brand":[197],"product_cat":[124,187,188,189,1642,123,174,193,191,179,173,186,180,190,192],"product_tag":[],"class_list":{"0":"post-23919","1":"product","2":"type-product","3":"status-publish","4":"has-post-thumbnail","6":"product_brand-bang","7":"product_cat-vape-by-brand","8":"product_cat-0mg-nicotine-free-vapes","9":"product_cat-10mg-low-nicotine-vapes","10":"product_cat-20mg-standard-nicotine-vapes","11":"product_cat-60000-puffs","12":"product_cat-bang","13":"product_cat-fruit-flavors","14":"product_cat-mesh-coil","15":"product_cat-rechargeable-disposables","16":"product_cat-unique-blends","17":"product_cat-vape-by-flavor-profile","18":"product_cat-vape-by-nicotine-strength","19":"product_cat-vape-by-puff-count","20":"product_cat-vape-by-feature-or-type","21":"product_cat-vapes-with-screens","23":"first","24":"instock","25":"shipping-taxable","26":"purchasable","27":"product-type-variable","28":"has-default-attributes"},"tiered_pricing_type":"percentage","tiered_pricing_fixed_rules":[],"tiered_pricing_product_settings":{"layout":"default","base_unit_name":{"singular":null,"plural":null},"default_variation":null},"tiered_pricing_minimum_quantity":10,"tiered_pricing_roles_data":[],"tiered_pricing_percentage_rules":{"30":"11","50":"18","100":"25","200":"30","500":"34","1000":"44"},"tiered_pricing_maximum_quantity":null,"tiered_pricing_quantity_step":"10","_links":{"self":[{"href":"https:\/\/agoravape.com\/es\/wp-json\/wp\/v2\/product\/23919","targetHints":{"allow":["GET"]}}],"collection":[{"href":"https:\/\/agoravape.com\/es\/wp-json\/wp\/v2\/product"}],"about":[{"href":"https:\/\/agoravape.com\/es\/wp-json\/wp\/v2\/types\/product"}],"replies":[{"embeddable":true,"href":"https:\/\/agoravape.com\/es\/wp-json\/wp\/v2\/comments?post=23919"}],"version-history":[{"count":0,"href":"https:\/\/agoravape.com\/es\/wp-json\/wp\/v2\/product\/23919\/revisions"}],"wp:featuredmedia":[{"embeddable":true,"href":"https:\/\/agoravape.com\/es\/wp-json\/wp\/v2\/media\/23942"}],"wp:attachment":[{"href":"https:\/\/agoravape.com\/es\/wp-json\/wp\/v2\/media?parent=23919"}],"wp:term":[{"taxonomy":"product_brand","embeddable":true,"href":"https:\/\/agoravape.com\/es\/wp-json\/wp\/v2\/product_brand?post=23919"},{"taxonomy":"product_cat","embeddable":true,"href":"https:\/\/agoravape.com\/es\/wp-json\/wp\/v2\/product_cat?post=23919"},{"taxonomy":"product_tag","embeddable":true,"href":"https:\/\/agoravape.com\/es\/wp-json\/wp\/v2\/product_tag?post=23919"}],"curies":[{"name":"wp","href":"https:\/\/api.w.org\/{rel}","templated":true}]}}