{"id":23979,"date":"2026-01-25T23:10:29","date_gmt":"2026-01-25T15:10:29","guid":{"rendered":"https:\/\/agoravape.com\/?post_type=product&#038;p=23979"},"modified":"2026-03-30T09:17:48","modified_gmt":"2026-03-30T07:17:48","slug":"aaok-h127-ak110k-110000-cabezal-hookah-desechable","status":"publish","type":"product","link":"https:\/\/agoravape.com\/es\/product\/aaok-h127-ak110k-110000-disposable-hookah-head\/","title":{"rendered":"AAOK H127-AK110K 110000 Cabezal de cachimba desechable Flujo de aire ajustable"},"content":{"rendered":"<p data-v-md-line=\"1\"><img loading=\"lazy\" decoding=\"async\" class=\"aligncenter size-full wp-image-24007\" src=\"https:\/\/agoravape.com\/wp-content\/uploads\/2026\/01\/AAOK-H127-AK110K-110000-Disposable-Hookah-Head-Adjustable-airflow_Agora.webp\" alt=\"\" width=\"1280\" height=\"1654\" srcset=\"https:\/\/agoravape.com\/wp-content\/uploads\/2026\/01\/AAOK-H127-AK110K-110000-Disposable-Hookah-Head-Adjustable-airflow_Agora.webp 1280w, https:\/\/agoravape.com\/wp-content\/uploads\/2026\/01\/AAOK-H127-AK110K-110000-Disposable-Hookah-Head-Adjustable-airflow_Agora-1200x1551.webp 1200w, https:\/\/agoravape.com\/wp-content\/uploads\/2026\/01\/AAOK-H127-AK110K-110000-Disposable-Hookah-Head-Adjustable-airflow_Agora-232x300.webp 232w, https:\/\/agoravape.com\/wp-content\/uploads\/2026\/01\/AAOK-H127-AK110K-110000-Disposable-Hookah-Head-Adjustable-airflow_Agora-792x1024.webp 792w, https:\/\/agoravape.com\/wp-content\/uploads\/2026\/01\/AAOK-H127-AK110K-110000-Disposable-Hookah-Head-Adjustable-airflow_Agora-768x992.webp 768w, https:\/\/agoravape.com\/wp-content\/uploads\/2026\/01\/AAOK-H127-AK110K-110000-Disposable-Hookah-Head-Adjustable-airflow_Agora-1189x1536.webp 1189w, https:\/\/agoravape.com\/wp-content\/uploads\/2026\/01\/AAOK-H127-AK110K-110000-Disposable-Hookah-Head-Adjustable-airflow_Agora-9x12.webp 9w\" sizes=\"auto, (max-width: 1280px) 100vw, 1280px\" \/><\/p>\n<p data-v-md-line=\"1\">El AAOK H127-AK110K redefine la experiencia de la cachimba electr\u00f3nica. No es solo un vaporizador electr\u00f3nico, sino la mejora y el reemplazo perfecto para la cachimba tradicional. Con una asombrosa capacidad de 110,000 caladas y un innovador dise\u00f1o giratorio de doble sabor, combina a la perfecci\u00f3n una gran producci\u00f3n de vapor (DTL) con un perfil de sabor suave (MTL), brindando una comodidad y un disfrute sin precedentes a los entusiastas de la cachimba.<\/p>\n<p><a href=\"https:\/\/agoravape.com\/wp-content\/uploads\/2026\/01\/264d8d62ab43c04676bcb73aa106c740.mp4\">Introducci\u00f3n en v\u00eddeo\u00a0<\/a><\/p>\n<p data-v-md-line=\"3\"><strong>Puntos clave de venta:<\/strong><\/p>\n<ul data-v-md-line=\"5\">\n<li>\n<p data-v-md-line=\"5\"><strong>Tanque doble, sabores dobles, interruptor giratorio:<\/strong>\u00a0Un dise\u00f1o \u00fanico de tanque doble de 25 ml + 25 ml, con un total de 50 ml. Simplemente gira el dispositivo para cambiar f\u00e1cilmente entre dos sabores, eliminando la fatiga del sabor.<\/p>\n<\/li>\n<li>\n<p data-v-md-line=\"7\"><strong>Bater\u00eda de larga duraci\u00f3n, experiencia definitiva:<\/strong>\u00a0Una vida \u00fatil nominal de 110.000 bocanadas, equipado con una bater\u00eda de alta capacidad de 1900 mAh y una interfaz de carga r\u00e1pida Tipo C, lo que garantiza una salida sostenida y estable.<\/p>\n<\/li>\n<li>\n<p data-v-md-line=\"9\"><strong>Filtro de malla profesional, potente generaci\u00f3n de vapor:<\/strong>\u00a0Utiliza un filtro de malla de baja resistencia de 0,3 \u03a9, junto con una salida de alta potencia de 45 W, que produce al instante un vapor rico y denso para la experiencia m\u00e1s aut\u00e9ntica de shisha DTL (Tono Pulmonar Directo). Tambi\u00e9n es compatible con el modo MTL (Tono Boca).<\/p>\n<\/li>\n<li>\n<p data-v-md-line=\"11\"><strong>Compatibilidad perfecta, Plug and Play:<\/strong>\u00a0Dise\u00f1ada espec\u00edficamente para reemplazar los cabezales de cachimba tradicionales, la interfaz inferior se puede instalar directamente en una cachimba, eliminando la necesidad de una engorrosa preparaci\u00f3n de carb\u00f3n y garantizando la limpieza y la higiene.<\/p>\n<\/li>\n<li>\n<p data-v-md-line=\"13\"><strong>Pantalla digital inteligente:<\/strong>\u00a0La pantalla de alta definici\u00f3n incorporada permite monitorear en tiempo real el nivel de la bater\u00eda y el estado del dispositivo.<\/p>\n<\/li>\n<\/ul>\n<p data-v-md-line=\"15\"><strong>Especificaciones t\u00e9cnicas:<\/strong><\/p>\n<ul data-v-md-line=\"17\">\n<li>\n<p data-v-md-line=\"17\"><strong>Dimensiones:<\/strong>\u00a0124 x 62,5 x 62,5 mm<\/p>\n<\/li>\n<li>\n<p data-v-md-line=\"19\"><strong>Material:<\/strong>\u00a0Aleaci\u00f3n de aluminio + PCTG (duradero y de alta calidad)<\/p>\n<\/li>\n<li>\n<p data-v-md-line=\"21\"><strong>Capacidad de e-l\u00edquido:<\/strong>\u00a050 ml (25 ml + 25 ml)<\/p>\n<\/li>\n<li>\n<p data-v-md-line=\"23\"><strong>Resistencia\/Potencia:<\/strong>\u00a00,3 \u03a9 \/ 45 W<\/p>\n<\/li>\n<li>\n<p data-v-md-line=\"25\"><strong>Weight:<\/strong>\u00a0261 gramos<\/p>\n<\/li>\n<\/ul>\n<p data-v-md-line=\"27\"><strong>Lista de sabores:<\/strong><\/p>\n<ul data-v-md-line=\"29\">\n<li>\n<p data-v-md-line=\"29\"><strong>Dimensiones:<\/strong>\u00a0124 x 62,5 x 62,5 mm<\/p>\n<\/li>\n<li>\n<p data-v-md-line=\"31\">Miami Mint+Sand\u00eda<\/p>\n<\/li>\n<li>\n<p data-v-md-line=\"32\">Miami Mint+Blue Razz<\/p>\n<\/li>\n<li>\n<p data-v-md-line=\"33\">Dos manzanas + Frambuesa azul<\/p>\n<\/li>\n<li>\n<p data-v-md-line=\"34\">Dos Apple+Love 66<\/p>\n<\/li>\n<li>\n<p data-v-md-line=\"35\">CheryCola+Amor 66<\/p>\n<\/li>\n<li>\n<p data-v-md-line=\"36\">Lady Killer + Fresa Kiwi<\/p>\n<\/li>\n<li>\n<p data-v-md-line=\"37\">Sand\u00eda y ar\u00e1ndanos + menta refrescante<\/p>\n<\/li>\n<li>\n<p data-v-md-line=\"38\">Cereza, lim\u00f3n y explosi\u00f3n de arco\u00edris tropical<\/p>\n<\/li>\n<li>\n<p data-v-md-line=\"39\">Fresa Mango+Menta Poderosa<\/p>\n<\/li>\n<li>\n<p data-v-md-line=\"40\">Pop de uva + helado de sand\u00eda<\/p>\n<\/li>\n<\/ul>\n<p>&nbsp;<\/p>\n<p><script src=\"chrome-extension:\/\/fpelahbljekknahkcaegamhcndkfpfnc\/iFrame.js\" type=\"text\/javascript\"><\/script><\/p>\n<p><script src=\"chrome-extension:\/\/fpelahbljekknahkcaegamhcndkfpfnc\/iFrame.js\" type=\"text\/javascript\"><\/script><\/p>\n<p><script src=\"chrome-extension:\/\/fpelahbljekknahkcaegamhcndkfpfnc\/iFrame.js\" type=\"text\/javascript\"><\/script><\/p>\n<p><script src=\"chrome-extension:\/\/fpelahbljekknahkcaegamhcndkfpfnc\/iFrame.js\" type=\"text\/javascript\"><\/script><\/p>\n<p><script src=\"chrome-extension:\/\/fpelahbljekknahkcaegamhcndkfpfnc\/iFrame.js\" type=\"text\/javascript\"><\/script><\/p>\n<p><script src=\"chrome-extension:\/\/fpelahbljekknahkcaegamhcndkfpfnc\/iFrame.js\" type=\"text\/javascript\"><\/script><\/p>\n<p><script src=\"chrome-extension:\/\/fpelahbljekknahkcaegamhcndkfpfnc\/iFrame.js\" type=\"text\/javascript\"><\/script><\/p>","protected":false},"excerpt":{"rendered":"<p>&nbsp;<\/p>\n<p><script src=\"chrome-extension:\/\/fpelahbljekknahkcaegamhcndkfpfnc\/iFrame.js\" type=\"text\/javascript\"><\/script><\/p>\n<p><script src=\"chrome-extension:\/\/fpelahbljekknahkcaegamhcndkfpfnc\/iFrame.js\" type=\"text\/javascript\"><\/script><\/p>\n<p><script src=\"chrome-extension:\/\/fpelahbljekknahkcaegamhcndkfpfnc\/iFrame.js\" type=\"text\/javascript\"><\/script><\/p>\n<p><script src=\"chrome-extension:\/\/fpelahbljekknahkcaegamhcndkfpfnc\/iFrame.js\" type=\"text\/javascript\"><\/script><\/p>\n<p><script src=\"chrome-extension:\/\/fpelahbljekknahkcaegamhcndkfpfnc\/iFrame.js\" type=\"text\/javascript\"><\/script><\/p>\n<p><script src=\"chrome-extension:\/\/fpelahbljekknahkcaegamhcndkfpfnc\/iFrame.js\" type=\"text\/javascript\"><\/script><\/p>\n<p><script src=\"chrome-extension:\/\/fpelahbljekknahkcaegamhcndkfpfnc\/iFrame.js\" type=\"text\/javascript\"><\/script><\/p>","protected":false},"featured_media":24000,"comment_status":"open","ping_status":"closed","template":"","meta":[],"product_brand":[243],"product_cat":[124,187,185,188,189,170,194,1674,174,193,191,179,173,186,180,190,192],"product_tag":[],"class_list":{"0":"post-23979","1":"product","2":"type-product","3":"status-publish","4":"has-post-thumbnail","6":"product_brand-aaok","7":"product_cat-vape-by-brand","8":"product_cat-0mg-nicotine-free-vapes","9":"product_cat-10000-puffs-high-capacity","10":"product_cat-10mg-low-nicotine-vapes","11":"product_cat-20mg-standard-nicotine-vapes","12":"product_cat-aaok","13":"product_cat-adjustable-airflow","14":"product_cat-eu-warehouse","15":"product_cat-fruit-flavors","16":"product_cat-mesh-coil","17":"product_cat-rechargeable-disposables","18":"product_cat-unique-blends","19":"product_cat-vape-by-flavor-profile","20":"product_cat-vape-by-nicotine-strength","21":"product_cat-vape-by-puff-count","22":"product_cat-vape-by-feature-or-type","23":"product_cat-vapes-with-screens","25":"first","26":"instock","27":"shipping-taxable","28":"purchasable","29":"product-type-variable","30":"has-default-attributes"},"tiered_pricing_type":"percentage","tiered_pricing_fixed_rules":[],"tiered_pricing_product_settings":{"layout":"default","base_unit_name":{"singular":null,"plural":null},"default_variation":null},"tiered_pricing_minimum_quantity":10,"tiered_pricing_roles_data":[],"tiered_pricing_percentage_rules":{"30":"29","50":"35","100":"40","200":"44","500":"47","1000":"49"},"tiered_pricing_maximum_quantity":null,"tiered_pricing_quantity_step":"10","_links":{"self":[{"href":"https:\/\/agoravape.com\/es\/wp-json\/wp\/v2\/product\/23979","targetHints":{"allow":["GET"]}}],"collection":[{"href":"https:\/\/agoravape.com\/es\/wp-json\/wp\/v2\/product"}],"about":[{"href":"https:\/\/agoravape.com\/es\/wp-json\/wp\/v2\/types\/product"}],"replies":[{"embeddable":true,"href":"https:\/\/agoravape.com\/es\/wp-json\/wp\/v2\/comments?post=23979"}],"version-history":[{"count":0,"href":"https:\/\/agoravape.com\/es\/wp-json\/wp\/v2\/product\/23979\/revisions"}],"wp:featuredmedia":[{"embeddable":true,"href":"https:\/\/agoravape.com\/es\/wp-json\/wp\/v2\/media\/24000"}],"wp:attachment":[{"href":"https:\/\/agoravape.com\/es\/wp-json\/wp\/v2\/media?parent=23979"}],"wp:term":[{"taxonomy":"product_brand","embeddable":true,"href":"https:\/\/agoravape.com\/es\/wp-json\/wp\/v2\/product_brand?post=23979"},{"taxonomy":"product_cat","embeddable":true,"href":"https:\/\/agoravape.com\/es\/wp-json\/wp\/v2\/product_cat?post=23979"},{"taxonomy":"product_tag","embeddable":true,"href":"https:\/\/agoravape.com\/es\/wp-json\/wp\/v2\/product_tag?post=23979"}],"curies":[{"name":"wp","href":"https:\/\/api.w.org\/{rel}","templated":true}]}}