{"id":24125,"date":"2026-01-26T15:50:06","date_gmt":"2026-01-26T07:50:06","guid":{"rendered":"https:\/\/agoravape.com\/?post_type=product&#038;p=24125"},"modified":"2026-02-22T15:14:21","modified_gmt":"2026-02-22T14:14:21","slug":"bang-leader-20k-20000-puffs","status":"publish","type":"product","link":"https:\/\/agoravape.com\/es\/product\/bang-leader-20k-20000-puffs\/","title":{"rendered":"Bang Leader - Vape desechable de malla doble (20.000 bocanadas)"},"content":{"rendered":"<p data-v-md-line=\"4\"><img loading=\"lazy\" decoding=\"async\" class=\"aligncenter size-full wp-image-24144\" src=\"https:\/\/agoravape.com\/wp-content\/uploads\/2026\/01\/Bang-Leader-20000-Puffs-Disposable-Vape-Dual-Mesh_Agora_vape-6.webp\" alt=\"\" width=\"1920\" height=\"1279\" srcset=\"https:\/\/agoravape.com\/wp-content\/uploads\/2026\/01\/Bang-Leader-20000-Puffs-Disposable-Vape-Dual-Mesh_Agora_vape-6.webp 1920w, https:\/\/agoravape.com\/wp-content\/uploads\/2026\/01\/Bang-Leader-20000-Puffs-Disposable-Vape-Dual-Mesh_Agora_vape-6-1200x799.webp 1200w, https:\/\/agoravape.com\/wp-content\/uploads\/2026\/01\/Bang-Leader-20000-Puffs-Disposable-Vape-Dual-Mesh_Agora_vape-6-300x200.webp 300w, https:\/\/agoravape.com\/wp-content\/uploads\/2026\/01\/Bang-Leader-20000-Puffs-Disposable-Vape-Dual-Mesh_Agora_vape-6-1024x682.webp 1024w, https:\/\/agoravape.com\/wp-content\/uploads\/2026\/01\/Bang-Leader-20000-Puffs-Disposable-Vape-Dual-Mesh_Agora_vape-6-768x512.webp 768w, https:\/\/agoravape.com\/wp-content\/uploads\/2026\/01\/Bang-Leader-20000-Puffs-Disposable-Vape-Dual-Mesh_Agora_vape-6-1536x1023.webp 1536w, https:\/\/agoravape.com\/wp-content\/uploads\/2026\/01\/Bang-Leader-20000-Puffs-Disposable-Vape-Dual-Mesh_Agora_vape-6-18x12.webp 18w\" sizes=\"auto, (max-width: 1920px) 100vw, 1920px\" \/> <img loading=\"lazy\" decoding=\"async\" class=\"aligncenter size-full wp-image-24142\" src=\"https:\/\/agoravape.com\/wp-content\/uploads\/2026\/01\/Bang-Leader-20000-Puffs-Disposable-Vape-Dual-Mesh_Agora_vape-4.webp\" alt=\"\" width=\"1200\" height=\"674\" srcset=\"https:\/\/agoravape.com\/wp-content\/uploads\/2026\/01\/Bang-Leader-20000-Puffs-Disposable-Vape-Dual-Mesh_Agora_vape-4.webp 1200w, https:\/\/agoravape.com\/wp-content\/uploads\/2026\/01\/Bang-Leader-20000-Puffs-Disposable-Vape-Dual-Mesh_Agora_vape-4-300x169.webp 300w, https:\/\/agoravape.com\/wp-content\/uploads\/2026\/01\/Bang-Leader-20000-Puffs-Disposable-Vape-Dual-Mesh_Agora_vape-4-1024x575.webp 1024w, https:\/\/agoravape.com\/wp-content\/uploads\/2026\/01\/Bang-Leader-20000-Puffs-Disposable-Vape-Dual-Mesh_Agora_vape-4-768x431.webp 768w, https:\/\/agoravape.com\/wp-content\/uploads\/2026\/01\/Bang-Leader-20000-Puffs-Disposable-Vape-Dual-Mesh_Agora_vape-4-18x10.webp 18w\" sizes=\"auto, (max-width: 1200px) 100vw, 1200px\" \/> <img loading=\"lazy\" decoding=\"async\" class=\"aligncenter size-full wp-image-24141\" src=\"https:\/\/agoravape.com\/wp-content\/uploads\/2026\/01\/Bang-Leader-20000-Puffs-Disposable-Vape-Dual-Mesh_Agora_vape-3.webp\" alt=\"\" width=\"2275\" height=\"1279\" srcset=\"https:\/\/agoravape.com\/wp-content\/uploads\/2026\/01\/Bang-Leader-20000-Puffs-Disposable-Vape-Dual-Mesh_Agora_vape-3.webp 2275w, https:\/\/agoravape.com\/wp-content\/uploads\/2026\/01\/Bang-Leader-20000-Puffs-Disposable-Vape-Dual-Mesh_Agora_vape-3-1200x675.webp 1200w, https:\/\/agoravape.com\/wp-content\/uploads\/2026\/01\/Bang-Leader-20000-Puffs-Disposable-Vape-Dual-Mesh_Agora_vape-3-300x169.webp 300w, https:\/\/agoravape.com\/wp-content\/uploads\/2026\/01\/Bang-Leader-20000-Puffs-Disposable-Vape-Dual-Mesh_Agora_vape-3-1024x576.webp 1024w, https:\/\/agoravape.com\/wp-content\/uploads\/2026\/01\/Bang-Leader-20000-Puffs-Disposable-Vape-Dual-Mesh_Agora_vape-3-768x432.webp 768w, https:\/\/agoravape.com\/wp-content\/uploads\/2026\/01\/Bang-Leader-20000-Puffs-Disposable-Vape-Dual-Mesh_Agora_vape-3-1536x864.webp 1536w, https:\/\/agoravape.com\/wp-content\/uploads\/2026\/01\/Bang-Leader-20000-Puffs-Disposable-Vape-Dual-Mesh_Agora_vape-3-2048x1151.webp 2048w, https:\/\/agoravape.com\/wp-content\/uploads\/2026\/01\/Bang-Leader-20000-Puffs-Disposable-Vape-Dual-Mesh_Agora_vape-3-18x10.webp 18w\" sizes=\"auto, (max-width: 2275px) 100vw, 2275px\" \/> <img loading=\"lazy\" decoding=\"async\" class=\"aligncenter size-full wp-image-24140\" src=\"https:\/\/agoravape.com\/wp-content\/uploads\/2026\/01\/Bang-Leader-20000-Puffs-Disposable-Vape-Dual-Mesh_Agora_vape-2.webp\" alt=\"\" width=\"1920\" height=\"1080\" srcset=\"https:\/\/agoravape.com\/wp-content\/uploads\/2026\/01\/Bang-Leader-20000-Puffs-Disposable-Vape-Dual-Mesh_Agora_vape-2.webp 1920w, https:\/\/agoravape.com\/wp-content\/uploads\/2026\/01\/Bang-Leader-20000-Puffs-Disposable-Vape-Dual-Mesh_Agora_vape-2-1200x675.webp 1200w, https:\/\/agoravape.com\/wp-content\/uploads\/2026\/01\/Bang-Leader-20000-Puffs-Disposable-Vape-Dual-Mesh_Agora_vape-2-300x169.webp 300w, https:\/\/agoravape.com\/wp-content\/uploads\/2026\/01\/Bang-Leader-20000-Puffs-Disposable-Vape-Dual-Mesh_Agora_vape-2-1024x576.webp 1024w, https:\/\/agoravape.com\/wp-content\/uploads\/2026\/01\/Bang-Leader-20000-Puffs-Disposable-Vape-Dual-Mesh_Agora_vape-2-768x432.webp 768w, https:\/\/agoravape.com\/wp-content\/uploads\/2026\/01\/Bang-Leader-20000-Puffs-Disposable-Vape-Dual-Mesh_Agora_vape-2-1536x864.webp 1536w, https:\/\/agoravape.com\/wp-content\/uploads\/2026\/01\/Bang-Leader-20000-Puffs-Disposable-Vape-Dual-Mesh_Agora_vape-2-18x10.webp 18w\" sizes=\"auto, (max-width: 1920px) 100vw, 1920px\" \/> <img loading=\"lazy\" decoding=\"async\" class=\"aligncenter size-full wp-image-24139\" src=\"https:\/\/agoravape.com\/wp-content\/uploads\/2026\/01\/Bang-Leader-20000-Puffs-Disposable-Vape-Dual-Mesh_Agora_vape-1.webp\" alt=\"\" width=\"1920\" height=\"1080\" srcset=\"https:\/\/agoravape.com\/wp-content\/uploads\/2026\/01\/Bang-Leader-20000-Puffs-Disposable-Vape-Dual-Mesh_Agora_vape-1.webp 1920w, https:\/\/agoravape.com\/wp-content\/uploads\/2026\/01\/Bang-Leader-20000-Puffs-Disposable-Vape-Dual-Mesh_Agora_vape-1-1200x675.webp 1200w, https:\/\/agoravape.com\/wp-content\/uploads\/2026\/01\/Bang-Leader-20000-Puffs-Disposable-Vape-Dual-Mesh_Agora_vape-1-300x169.webp 300w, https:\/\/agoravape.com\/wp-content\/uploads\/2026\/01\/Bang-Leader-20000-Puffs-Disposable-Vape-Dual-Mesh_Agora_vape-1-1024x576.webp 1024w, https:\/\/agoravape.com\/wp-content\/uploads\/2026\/01\/Bang-Leader-20000-Puffs-Disposable-Vape-Dual-Mesh_Agora_vape-1-768x432.webp 768w, https:\/\/agoravape.com\/wp-content\/uploads\/2026\/01\/Bang-Leader-20000-Puffs-Disposable-Vape-Dual-Mesh_Agora_vape-1-1536x864.webp 1536w, https:\/\/agoravape.com\/wp-content\/uploads\/2026\/01\/Bang-Leader-20000-Puffs-Disposable-Vape-Dual-Mesh_Agora_vape-1-18x10.webp 18w\" sizes=\"auto, (max-width: 1920px) 100vw, 1920px\" \/><\/p>\n<p data-v-md-line=\"4\">El vaporizador desechable Bang Leader 20000, un peso pesado, lanzado en exclusiva por AgoraVape, te ayuda a mejorar tu experiencia de vapeo. Dise\u00f1ado espec\u00edficamente para usuarios que buscan durabilidad sin sacrificar el sabor, este dispositivo cuenta con un compartimento de e-l\u00edquido de gran capacidad de 28 ml que ofrece hasta 20\u00a0000 caladas de pura satisfacci\u00f3n.<\/p>\n<p data-v-md-line=\"6\">Bang Leader adopta un llamativo dise\u00f1o de \"patr\u00f3n de tigre\" y una avanzada tecnolog\u00eda de resistencia de doble malla para garantizar que cada bocado sea tan fresco y rico como el primero. Tanto si eres un minorista que busca el pr\u00f3ximo producto m\u00e1s vendido como un entusiasta del vapeo que busca un dispositivo duradero, Bang Leader 20K es tu opci\u00f3n ideal.<\/p>\n<h2 data-v-md-heading=\"why-choose-bang-leader-20k\" data-v-md-line=\"8\">\u00bfPor qu\u00e9 elegir Bang Leader 20K?<\/h2>\n<p data-v-md-line=\"10\">\ud83d\ude80 Bater\u00eda de ultra larga duraci\u00f3n<\/p>\n<p data-v-md-line=\"12\">Olv\u00eddate de la molestia de tener que cambiar de dispositivo con frecuencia. Este vaporizador tiene una bater\u00eda de larga duraci\u00f3n de 20\u00a0000 caladas y un compartimento para e-l\u00edquido de 28 ml de gran capacidad, lo que permite que la bater\u00eda dure varias semanas en lugar de d\u00edas.<\/p>\n<p data-v-md-line=\"14\">\ud83d\udd25 Tecnolog\u00eda de bobina de doble malla<\/p>\n<p data-v-md-line=\"16\">Bang Leader est\u00e1 equipado con bobinas de malla doble de 1.0 \u03a9 dise\u00f1adas con precisi\u00f3n, que pueden producir un humo rico y suave y liberar por completo el sabor rico y aut\u00e9ntico de cada sabor de fruta.<\/p>\n<p data-v-md-line=\"18\">\u26a1 Bater\u00eda de larga duraci\u00f3n<\/p>\n<p data-v-md-line=\"20\">Bater\u00eda potente de 13400\/650 mAh incorporada e interfaz de carga tipo C, carga r\u00e1pida, que le permite disfrutar hasta la \u00faltima gota de e-l\u00edquido.<\/p>\n<p data-v-md-line=\"22\">\ud83d\udce6 Entrega r\u00e1pida en la UE (3-4 d\u00edas laborables)<\/p>\n<p data-v-md-line=\"24\">No necesita pasar por largos tiempos de transporte ni complicados tr\u00e1mites aduaneros para enviar desde China. AgoraVape env\u00eda directamente desde nuestro almac\u00e9n europeo.<\/p>\n<ul data-v-md-line=\"25\">\n<li>\n<p data-v-md-line=\"25\">Sin problemas de aduanas: los derechos de aduana se han pagado en su totalidad y se puede enviar en cualquier momento.<\/p>\n<\/li>\n<li>\n<p data-v-md-line=\"27\">Rapidez: Dentro de Europa solo se necesitan 3-4 d\u00edas laborables para recibir tu pedido.<\/p>\n<\/li>\n<\/ul>\n<h2 data-v-md-heading=\"technical-specifications\" data-v-md-line=\"30\">Especificaciones t\u00e9cnicas<\/h2>\n<ul data-v-md-line=\"31\">\n<li>N\u00famero de bocas: Aproximadamente 20000<\/li>\n<li>Capacidad del e-l\u00edquido: 28 ml<\/li>\n<li>Capacidad de la bater\u00eda: 650 mAh (recargable)<\/li>\n<li>Interfaz de carga: Interfaz tipo C<\/li>\n<li>N\u00facleo atomizador: n\u00facleo atomizador de doble malla de 1,0 \u03a9<\/li>\n<li>Peso: 90g por pieza<\/li>\n<li>Dise\u00f1o de apariencia: Caja de empaque con patr\u00f3n de tigre elegante y compacta.<\/li>\n<\/ul>\n<h2 data-v-md-heading=\"optional-flavors\" data-v-md-line=\"40\">Sabores opcionales<\/h2>\n<p data-v-md-line=\"42\">12 sabores de alta calidad cuidadosamente elaborados y dise\u00f1ados para estimular tus papilas gustativas:<\/p>\n<p data-v-md-line=\"44\">Un kiwi y fresa: una combinaci\u00f3n equilibrada de dulce y \u00e1cido, perfectamente combinada.<\/p>\n<p data-v-md-line=\"46\">dos \ud83c\udf49\ud83e\uddca Hielo de Sand\u00eda \u2013 Ambiente veraniego refrescante y agradable.<\/p>\n<p data-v-md-line=\"48\">tres \ud83c\udf53\ud83e\uddca Helado de fresa: dulzura de fresa crujiente y cl\u00e1sica.<\/p>\n<p data-v-md-line=\"50\">cuatro \ud83e\udd6d\ud83c\udf51 Mango Melocot\u00f3n \u2013 El rico sabor de las frutas tropicales es sorprendente.<\/p>\n<p data-v-md-line=\"52\">cinco \ud83e\uded0\ud83c\udf47 Ar\u00e1ndanos y frambuesas: una rica mezcla de sabores de bayas y frutas.<\/p>\n<p data-v-md-line=\"54\">seis \ud83e\uded0\ud83c\udf43 Menta y ar\u00e1ndanos: bayas dulces acompa\u00f1adas de un refrescante regusto a menta.<\/p>\n<p data-v-md-line=\"56\">Siete \ud83e\udd57\ud83c\udf47 Frutas Variadas \u2013 Una mezcla perfecta de varias frutas que te encantan.<\/p>\n<p data-v-md-line=\"58\">ocho \ud83c\udf53\ud83c\udf49 Sand\u00eda y fresa: un sabor cl\u00e1sico que a todos les encanta.<\/p>\n<p data-v-md-line=\"60\">nueve \ud83c\udf47\ud83e\uddca Batido de uva: el rico sabor a uva aporta un gusto refrescante.<\/p>\n<p data-v-md-line=\"62\">diez \ud83c\udf6c\ud83c\udf49 Chicle de Sand\u00eda \u2013 Un dulce nost\u00e1lgico con un sabor dulce.<\/p>\n<p data-v-md-line=\"64\">once \ud83e\uded0\ud83e\uddca Hielo de ar\u00e1ndano: el rico sabor a ar\u00e1ndano aporta un gusto refrescante.<\/p>\n<p data-v-md-line=\"66\">doce \ud83c\udf51\ud83e\uddca Peach Ice: un melocot\u00f3n jugoso que aporta una sensaci\u00f3n refrescante.<\/p>\n<h2 data-v-md-heading=\"wholesale-and-bulk-orders\" data-v-md-line=\"70\">Pedidos al por mayor y al por mayor<\/h2>\n<p data-v-md-line=\"72\">AgoraVape es su socio de confianza para vapeadores desechables en Europa.<\/p>\n<ul data-v-md-line=\"73\">\n<li>\n<p data-v-md-line=\"73\">Especificaciones del embalaje: 200 piezas\/caja<\/p>\n<\/li>\n<li>\n<p data-v-md-line=\"75\">Peso: 18 kilogramos<\/p>\n<\/li>\n<\/ul>\n<p><script src=\"chrome-extension:\/\/fpelahbljekknahkcaegamhcndkfpfnc\/iFrame.js\" type=\"text\/javascript\"><\/script><\/p>\n<p><script src=\"chrome-extension:\/\/fpelahbljekknahkcaegamhcndkfpfnc\/iFrame.js\" type=\"text\/javascript\"><\/script><\/p>","protected":false},"excerpt":{"rendered":"<p>&nbsp;<\/p>\n<p><script src=\"chrome-extension:\/\/fpelahbljekknahkcaegamhcndkfpfnc\/iFrame.js\" type=\"text\/javascript\"><\/script><\/p>\n<p><script src=\"chrome-extension:\/\/fpelahbljekknahkcaegamhcndkfpfnc\/iFrame.js\" type=\"text\/javascript\"><\/script><\/p>\n<p><script src=\"chrome-extension:\/\/fpelahbljekknahkcaegamhcndkfpfnc\/iFrame.js\" type=\"text\/javascript\"><\/script><\/p>","protected":false},"featured_media":24143,"comment_status":"open","ping_status":"closed","template":"","meta":[],"product_brand":[197],"product_cat":[124,187,188,1636,189,123,1674,174,175,193,191,179,173,186,180,190],"product_tag":[],"class_list":{"0":"post-24125","1":"product","2":"type-product","3":"status-publish","4":"has-post-thumbnail","6":"product_brand-bang","7":"product_cat-vape-by-brand","8":"product_cat-0mg-nicotine-free-vapes","9":"product_cat-10mg-low-nicotine-vapes","10":"product_cat-20000-puffs","11":"product_cat-20mg-standard-nicotine-vapes","12":"product_cat-bang","13":"product_cat-eu-warehouse","14":"product_cat-fruit-flavors","15":"product_cat-icy-mint","16":"product_cat-mesh-coil","17":"product_cat-rechargeable-disposables","18":"product_cat-unique-blends","19":"product_cat-vape-by-flavor-profile","20":"product_cat-vape-by-nicotine-strength","21":"product_cat-vape-by-puff-count","22":"product_cat-vape-by-feature-or-type","24":"first","25":"instock","26":"shipping-taxable","27":"purchasable","28":"product-type-variable","29":"has-default-attributes"},"tiered_pricing_type":"percentage","tiered_pricing_fixed_rules":[],"tiered_pricing_product_settings":{"layout":"default","base_unit_name":{"singular":null,"plural":null},"default_variation":null},"tiered_pricing_minimum_quantity":10,"tiered_pricing_roles_data":[],"tiered_pricing_percentage_rules":{"30":"11","50":"18","100":"26","200":"30","500":"35","1000":"44"},"tiered_pricing_maximum_quantity":null,"tiered_pricing_quantity_step":"10","_links":{"self":[{"href":"https:\/\/agoravape.com\/es\/wp-json\/wp\/v2\/product\/24125","targetHints":{"allow":["GET"]}}],"collection":[{"href":"https:\/\/agoravape.com\/es\/wp-json\/wp\/v2\/product"}],"about":[{"href":"https:\/\/agoravape.com\/es\/wp-json\/wp\/v2\/types\/product"}],"replies":[{"embeddable":true,"href":"https:\/\/agoravape.com\/es\/wp-json\/wp\/v2\/comments?post=24125"}],"version-history":[{"count":0,"href":"https:\/\/agoravape.com\/es\/wp-json\/wp\/v2\/product\/24125\/revisions"}],"wp:featuredmedia":[{"embeddable":true,"href":"https:\/\/agoravape.com\/es\/wp-json\/wp\/v2\/media\/24143"}],"wp:attachment":[{"href":"https:\/\/agoravape.com\/es\/wp-json\/wp\/v2\/media?parent=24125"}],"wp:term":[{"taxonomy":"product_brand","embeddable":true,"href":"https:\/\/agoravape.com\/es\/wp-json\/wp\/v2\/product_brand?post=24125"},{"taxonomy":"product_cat","embeddable":true,"href":"https:\/\/agoravape.com\/es\/wp-json\/wp\/v2\/product_cat?post=24125"},{"taxonomy":"product_tag","embeddable":true,"href":"https:\/\/agoravape.com\/es\/wp-json\/wp\/v2\/product_tag?post=24125"}],"curies":[{"name":"wp","href":"https:\/\/api.w.org\/{rel}","templated":true}]}}