{"id":24148,"date":"2026-01-26T16:15:32","date_gmt":"2026-01-26T08:15:32","guid":{"rendered":"https:\/\/agoravape.com\/?post_type=product&#038;p=24148"},"modified":"2026-03-31T04:20:21","modified_gmt":"2026-03-31T02:20:21","slug":"bang-leader-30k-2en1-30000-puffs","status":"publish","type":"product","link":"https:\/\/agoravape.com\/es\/product\/bang-leader-30k-2in1-30000-puffs\/","title":{"rendered":"Bang Leader 30k, 30\u00a0000 caladas, vaporizador de doble sabor | Dos sabores, un solo dispositivo, menos complicaciones"},"content":{"rendered":"<h2 data-v-md-heading=\"what-s-special-about-bang-leader-30k-30000-dual-flavored-vapes\" data-v-md-line=\"3\"><img loading=\"lazy\" decoding=\"async\" class=\"aligncenter size-full wp-image-24170\" src=\"https:\/\/agoravape.com\/wp-content\/uploads\/2026\/01\/Bang-Leader-30k-30000-Puffs-Dual-Flavor-Vape-Two-Flavours-One-Device-Less-Hassle_Agora_vape-9-scaled.webp\" alt=\"\" width=\"2560\" height=\"1444\" srcset=\"https:\/\/agoravape.com\/wp-content\/uploads\/2026\/01\/Bang-Leader-30k-30000-Puffs-Dual-Flavor-Vape-Two-Flavours-One-Device-Less-Hassle_Agora_vape-9-scaled.webp 2560w, https:\/\/agoravape.com\/wp-content\/uploads\/2026\/01\/Bang-Leader-30k-30000-Puffs-Dual-Flavor-Vape-Two-Flavours-One-Device-Less-Hassle_Agora_vape-9-scaled-1200x677.webp 1200w, https:\/\/agoravape.com\/wp-content\/uploads\/2026\/01\/Bang-Leader-30k-30000-Puffs-Dual-Flavor-Vape-Two-Flavours-One-Device-Less-Hassle_Agora_vape-9-300x169.webp 300w, https:\/\/agoravape.com\/wp-content\/uploads\/2026\/01\/Bang-Leader-30k-30000-Puffs-Dual-Flavor-Vape-Two-Flavours-One-Device-Less-Hassle_Agora_vape-9-1024x577.webp 1024w, https:\/\/agoravape.com\/wp-content\/uploads\/2026\/01\/Bang-Leader-30k-30000-Puffs-Dual-Flavor-Vape-Two-Flavours-One-Device-Less-Hassle_Agora_vape-9-768x433.webp 768w, https:\/\/agoravape.com\/wp-content\/uploads\/2026\/01\/Bang-Leader-30k-30000-Puffs-Dual-Flavor-Vape-Two-Flavours-One-Device-Less-Hassle_Agora_vape-9-1536x866.webp 1536w, https:\/\/agoravape.com\/wp-content\/uploads\/2026\/01\/Bang-Leader-30k-30000-Puffs-Dual-Flavor-Vape-Two-Flavours-One-Device-Less-Hassle_Agora_vape-9-2048x1155.webp 2048w, https:\/\/agoravape.com\/wp-content\/uploads\/2026\/01\/Bang-Leader-30k-30000-Puffs-Dual-Flavor-Vape-Two-Flavours-One-Device-Less-Hassle_Agora_vape-9-18x10.webp 18w\" sizes=\"auto, (max-width: 2560px) 100vw, 2560px\" \/> <img loading=\"lazy\" decoding=\"async\" class=\"aligncenter size-full wp-image-24163\" src=\"https:\/\/agoravape.com\/wp-content\/uploads\/2026\/01\/Bang-Leader-30k-30000-Puffs-Dual-Flavor-Vape-Two-Flavours-One-Device-Less-Hassle_Agora_vape-2.webp\" alt=\"\" width=\"1920\" height=\"899\" srcset=\"https:\/\/agoravape.com\/wp-content\/uploads\/2026\/01\/Bang-Leader-30k-30000-Puffs-Dual-Flavor-Vape-Two-Flavours-One-Device-Less-Hassle_Agora_vape-2.webp 1920w, https:\/\/agoravape.com\/wp-content\/uploads\/2026\/01\/Bang-Leader-30k-30000-Puffs-Dual-Flavor-Vape-Two-Flavours-One-Device-Less-Hassle_Agora_vape-2-1200x562.webp 1200w, https:\/\/agoravape.com\/wp-content\/uploads\/2026\/01\/Bang-Leader-30k-30000-Puffs-Dual-Flavor-Vape-Two-Flavours-One-Device-Less-Hassle_Agora_vape-2-300x140.webp 300w, https:\/\/agoravape.com\/wp-content\/uploads\/2026\/01\/Bang-Leader-30k-30000-Puffs-Dual-Flavor-Vape-Two-Flavours-One-Device-Less-Hassle_Agora_vape-2-1024x479.webp 1024w, https:\/\/agoravape.com\/wp-content\/uploads\/2026\/01\/Bang-Leader-30k-30000-Puffs-Dual-Flavor-Vape-Two-Flavours-One-Device-Less-Hassle_Agora_vape-2-768x360.webp 768w, https:\/\/agoravape.com\/wp-content\/uploads\/2026\/01\/Bang-Leader-30k-30000-Puffs-Dual-Flavor-Vape-Two-Flavours-One-Device-Less-Hassle_Agora_vape-2-1536x719.webp 1536w, https:\/\/agoravape.com\/wp-content\/uploads\/2026\/01\/Bang-Leader-30k-30000-Puffs-Dual-Flavor-Vape-Two-Flavours-One-Device-Less-Hassle_Agora_vape-2-18x8.webp 18w\" sizes=\"auto, (max-width: 1920px) 100vw, 1920px\" \/><\/h2>\n<h2 data-v-md-heading=\"what-s-special-about-bang-leader-30k-30000-dual-flavored-vapes\" data-v-md-line=\"3\">\u00bfQu\u00e9 tienen de especial los vapes de doble sabor Bang Leader 30K 30000?<\/h2>\n<p data-v-md-line=\"5\">Si est\u00e1s cansado de los vapeadores desechables que solo duran un d\u00eda y luego pierden su frescura (o simplemente no duran), el Bang Leader 30K es tu opci\u00f3n ideal. Tiene una bater\u00eda con una duraci\u00f3n de hasta 30\u00a0000 puertos y te permite usar dos sabores en el mismo dispositivo. Si te gusta cambiar de sabor pero no quieres llevar un dispositivo de repuesto, sin duda es la mejor opci\u00f3n.<\/p>\n<p data-v-md-line=\"7\">Puede que pienses que tener un vapeador de tan gran capacidad en tu bolsillo ser\u00eda tan pesado como un ladrillo. Pero para un vape desechable de gran capacidad, su peso es sorprendentemente ligero, y el dise\u00f1o de doble sabor puede mantener tus papilas gustativas frescas durante la experiencia.<\/p>\n<h2 data-v-md-heading=\"excellent-performance-and-easy-operation\" data-v-md-line=\"9\">Excelente rendimiento y f\u00e1cil operaci\u00f3n.<\/h2>\n<p data-v-md-line=\"11\">El concepto de dise\u00f1o de Bang es simple: su resistencia de malla de 1.0 \u03a9 mantiene un sabor estable y evita que se deteriore prematuramente. Cuando la bater\u00eda est\u00e1 baja, se puede cargar mediante la interfaz tipo C. Es el cable que usas a diario. Todo bajo control.<\/p>\n<h2 data-v-md-heading=\"quick-specifications\" data-v-md-line=\"13\">Especificaciones r\u00e1pidas<\/h2>\n<ul data-v-md-line=\"14\">\n<li>Frecuencia de fumado: hasta 30000 bocanadas<\/li>\n<li>Contenido de nicotina: No se indica claramente en los datos del producto (cons\u00faltenos para conocer las opciones actuales en la UE)<\/li>\n<li>Uso: Simplemente inhale para activar.<\/li>\n<li>M\u00e9todo de carga: Interfaz USB tipo C<\/li>\n<li>Capacidad de la bater\u00eda: 650 mAh<\/li>\n<li>Atomizing core: 1.0 \u03a9 mesh atomizing core<\/li>\n<li>Peso del producto: 118 gramos<\/li>\n<li>Estado del producto: Listo para usar al desembalarlo<\/li>\n<\/ul>\n<h2 data-v-md-heading=\"complete-flavor-lineup\" data-v-md-line=\"23\">L\u00ednea completa de sabores<\/h2>\n<ul data-v-md-line=\"1\">\n<li>Helado de sand\u00eda y menta de ar\u00e1ndanos<\/li>\n<li>Helado de sand\u00eda, fresa y mango<\/li>\n<li>Fresa y Sand\u00eda, Kiwi, Maracuy\u00e1 y Guayaba<\/li>\n<li>Fresa y sand\u00eda, helado de uva<\/li>\n<li>Ar\u00e1ndano, frambuesa, melocot\u00f3n, mango y sand\u00eda<\/li>\n<li>Ar\u00e1ndanos y frambuesas, frutas mohosas mixtas<\/li>\n<li>Hielo de ar\u00e1ndanos, hielo de drag\u00f3n negro<\/li>\n<li>Helado de ar\u00e1ndanos, fresa y pl\u00e1tano<\/li>\n<li>Red Bull, Sand\u00eda y Ar\u00e1ndanos<\/li>\n<li>Red Bull, caramelo de burbujas de sand\u00eda<\/li>\n<li>Fresa, kiwi y helado de melocot\u00f3n<\/li>\n<li>Fresa, kiwi, manzana \u00e1cida y frambuesa<\/li>\n<\/ul>\n<h2 data-v-md-heading=\"tailored-for-you-and-your-business\" data-v-md-line=\"37\">Dise\u00f1ado para usted y su negocio<\/h2>\n<p data-v-md-line=\"39\">Puedes comprar Bang Leader 30K para uso individual. Si gestionas una tienda o compras para un equipo, tambi\u00e9n ofrecemos embalaje al por mayor por 200 unidades\/caja (tama\u00f1o del embalaje: 65 \u00d7 31 \u00d7 26 cm, aproximadamente 23 kg).<\/p>\n<p data-v-md-line=\"41\">En cuanto a log\u00edstica, nos centramos en la fluidez de las entregas en la UE y colaboramos con socios log\u00edsticos de confianza como UPS, DPD y DHL para garantizar que no se encuentre con imprevistos en la aduana. Si necesita un m\u00e9todo de transporte con impuestos pagados\/DDP, cont\u00e1ctenos y le recomendaremos la ruta adecuada para su pa\u00eds o regi\u00f3n.<\/p>\n<h2 data-v-md-heading=\"the-reason-why-you-will-like-it\" data-v-md-line=\"43\">The reason why you will like it<\/h2>\n<ul data-v-md-line=\"44\">\n<li>Duradero y de larga duraci\u00f3n: con una vida \u00fatil m\u00e1s larga, no es necesario un reemplazo frecuente.<\/li>\n<li>Configuraci\u00f3n de doble sabor: puedes cambiar de sabor sin abrir un nuevo dispositivo.<\/li>\n<li>Recargable: le ayuda a aprovechar al m\u00e1ximo el dispositivo y evitar su descarte prematura.<\/li>\n<li>Bobina de malla: garantiza un sabor consistente de principio a fin.<\/li>\n<\/ul>\n<h2 data-v-md-heading=\"why-choose-agoravape\" data-v-md-line=\"49\">\u00bfPor qu\u00e9 elegir AgoraVape?<\/h2>\n<p data-v-md-line=\"51\">Nunca venderemos productos de origen desconocido. AgoraVape ofrece productos aut\u00e9nticos, un servicio confiable, precios justos y entregas r\u00e1pidas exclusivas en la UE para consumidores y grandes mayoristas. \u00bfQuieres comprar los vapeadores Bang Leader 30k 30000 de doble sabor? D\u00e9janos un mensaje y seleccionaremos la soluci\u00f3n m\u00e1s adecuada para tu mercado.<\/p>","protected":false},"excerpt":{"rendered":"<p>&nbsp;<\/p>","protected":false},"featured_media":24175,"comment_status":"open","ping_status":"closed","template":"","meta":[],"product_brand":[197],"product_cat":[124,187,188,189,1637,123,195,174,175,193,191,179,173,186,180,190,192],"product_tag":[],"class_list":{"0":"post-24148","1":"product","2":"type-product","3":"status-publish","4":"has-post-thumbnail","6":"product_brand-bang","7":"product_cat-vape-by-brand","8":"product_cat-0mg-nicotine-free-vapes","9":"product_cat-10mg-low-nicotine-vapes","10":"product_cat-20mg-standard-nicotine-vapes","11":"product_cat-30000-puffs","12":"product_cat-bang","13":"product_cat-dual-flavor-switch","14":"product_cat-fruit-flavors","15":"product_cat-icy-mint","16":"product_cat-mesh-coil","17":"product_cat-rechargeable-disposables","18":"product_cat-unique-blends","19":"product_cat-vape-by-flavor-profile","20":"product_cat-vape-by-nicotine-strength","21":"product_cat-vape-by-puff-count","22":"product_cat-vape-by-feature-or-type","23":"product_cat-vapes-with-screens","25":"first","26":"onbackorder","27":"shipping-taxable","28":"purchasable","29":"product-type-variable","30":"has-default-attributes"},"tiered_pricing_type":"percentage","tiered_pricing_fixed_rules":[],"tiered_pricing_product_settings":{"layout":"default","base_unit_name":{"singular":null,"plural":null},"default_variation":null},"tiered_pricing_minimum_quantity":10,"tiered_pricing_roles_data":[],"tiered_pricing_percentage_rules":{"30":"10","50":"15","100":"19","200":"26","500":"33","1000":"40"},"tiered_pricing_maximum_quantity":null,"tiered_pricing_quantity_step":"10","_links":{"self":[{"href":"https:\/\/agoravape.com\/es\/wp-json\/wp\/v2\/product\/24148","targetHints":{"allow":["GET"]}}],"collection":[{"href":"https:\/\/agoravape.com\/es\/wp-json\/wp\/v2\/product"}],"about":[{"href":"https:\/\/agoravape.com\/es\/wp-json\/wp\/v2\/types\/product"}],"replies":[{"embeddable":true,"href":"https:\/\/agoravape.com\/es\/wp-json\/wp\/v2\/comments?post=24148"}],"version-history":[{"count":1,"href":"https:\/\/agoravape.com\/es\/wp-json\/wp\/v2\/product\/24148\/revisions"}],"predecessor-version":[{"id":29803,"href":"https:\/\/agoravape.com\/es\/wp-json\/wp\/v2\/product\/24148\/revisions\/29803"}],"wp:featuredmedia":[{"embeddable":true,"href":"https:\/\/agoravape.com\/es\/wp-json\/wp\/v2\/media\/24175"}],"wp:attachment":[{"href":"https:\/\/agoravape.com\/es\/wp-json\/wp\/v2\/media?parent=24148"}],"wp:term":[{"taxonomy":"product_brand","embeddable":true,"href":"https:\/\/agoravape.com\/es\/wp-json\/wp\/v2\/product_brand?post=24148"},{"taxonomy":"product_cat","embeddable":true,"href":"https:\/\/agoravape.com\/es\/wp-json\/wp\/v2\/product_cat?post=24148"},{"taxonomy":"product_tag","embeddable":true,"href":"https:\/\/agoravape.com\/es\/wp-json\/wp\/v2\/product_tag?post=24148"}],"curies":[{"name":"wp","href":"https:\/\/api.w.org\/{rel}","templated":true}]}}