{"id":24178,"date":"2026-01-26T16:31:01","date_gmt":"2026-01-26T08:31:01","guid":{"rendered":"https:\/\/agoravape.com\/?post_type=product&#038;p=24178"},"modified":"2026-02-22T15:13:45","modified_gmt":"2026-02-22T14:13:45","slug":"bang-leader-32k-32000-bocanadas","status":"publish","type":"product","link":"https:\/\/agoravape.com\/es\/product\/bang-leader-32k-32000-puffs\/","title":{"rendered":"Bang Leader 32k, 32\u00a0000 caladas, vaporizador de doble malla | Gran cantidad de caladas, f\u00e1cil de usar a diario"},"content":{"rendered":"<h2 data-v-md-heading=\"what-is-the-special-feature-of-bang-leader-32k-32000-dual-network-atomizer\" data-v-md-line=\"3\"><img loading=\"lazy\" decoding=\"async\" class=\"aligncenter size-full wp-image-24201\" src=\"https:\/\/agoravape.com\/wp-content\/uploads\/2026\/01\/Bang-Leader-32k-32000-Puffs-Dual-Mesh-Vape-Big-Puff-Count-Simple-Everyday-Use_Agora_vape-10.webp\" alt=\"\" width=\"2275\" height=\"1279\" srcset=\"https:\/\/agoravape.com\/wp-content\/uploads\/2026\/01\/Bang-Leader-32k-32000-Puffs-Dual-Mesh-Vape-Big-Puff-Count-Simple-Everyday-Use_Agora_vape-10.webp 2275w, https:\/\/agoravape.com\/wp-content\/uploads\/2026\/01\/Bang-Leader-32k-32000-Puffs-Dual-Mesh-Vape-Big-Puff-Count-Simple-Everyday-Use_Agora_vape-10-1200x675.webp 1200w, https:\/\/agoravape.com\/wp-content\/uploads\/2026\/01\/Bang-Leader-32k-32000-Puffs-Dual-Mesh-Vape-Big-Puff-Count-Simple-Everyday-Use_Agora_vape-10-300x169.webp 300w, https:\/\/agoravape.com\/wp-content\/uploads\/2026\/01\/Bang-Leader-32k-32000-Puffs-Dual-Mesh-Vape-Big-Puff-Count-Simple-Everyday-Use_Agora_vape-10-1024x576.webp 1024w, https:\/\/agoravape.com\/wp-content\/uploads\/2026\/01\/Bang-Leader-32k-32000-Puffs-Dual-Mesh-Vape-Big-Puff-Count-Simple-Everyday-Use_Agora_vape-10-768x432.webp 768w, https:\/\/agoravape.com\/wp-content\/uploads\/2026\/01\/Bang-Leader-32k-32000-Puffs-Dual-Mesh-Vape-Big-Puff-Count-Simple-Everyday-Use_Agora_vape-10-1536x864.webp 1536w, https:\/\/agoravape.com\/wp-content\/uploads\/2026\/01\/Bang-Leader-32k-32000-Puffs-Dual-Mesh-Vape-Big-Puff-Count-Simple-Everyday-Use_Agora_vape-10-2048x1151.webp 2048w, https:\/\/agoravape.com\/wp-content\/uploads\/2026\/01\/Bang-Leader-32k-32000-Puffs-Dual-Mesh-Vape-Big-Puff-Count-Simple-Everyday-Use_Agora_vape-10-18x10.webp 18w\" sizes=\"auto, (max-width: 2275px) 100vw, 2275px\" \/> <img loading=\"lazy\" decoding=\"async\" class=\"aligncenter size-full wp-image-24192\" src=\"https:\/\/agoravape.com\/wp-content\/uploads\/2026\/01\/Bang-Leader-32k-32000-Puffs-Dual-Mesh-Vape-Big-Puff-Count-Simple-Everyday-Use_Agora_vape-1.webp\" alt=\"\" width=\"1280\" height=\"1706\" srcset=\"https:\/\/agoravape.com\/wp-content\/uploads\/2026\/01\/Bang-Leader-32k-32000-Puffs-Dual-Mesh-Vape-Big-Puff-Count-Simple-Everyday-Use_Agora_vape-1.webp 1280w, https:\/\/agoravape.com\/wp-content\/uploads\/2026\/01\/Bang-Leader-32k-32000-Puffs-Dual-Mesh-Vape-Big-Puff-Count-Simple-Everyday-Use_Agora_vape-1-1200x1599.webp 1200w, https:\/\/agoravape.com\/wp-content\/uploads\/2026\/01\/Bang-Leader-32k-32000-Puffs-Dual-Mesh-Vape-Big-Puff-Count-Simple-Everyday-Use_Agora_vape-1-225x300.webp 225w, https:\/\/agoravape.com\/wp-content\/uploads\/2026\/01\/Bang-Leader-32k-32000-Puffs-Dual-Mesh-Vape-Big-Puff-Count-Simple-Everyday-Use_Agora_vape-1-768x1024.webp 768w, https:\/\/agoravape.com\/wp-content\/uploads\/2026\/01\/Bang-Leader-32k-32000-Puffs-Dual-Mesh-Vape-Big-Puff-Count-Simple-Everyday-Use_Agora_vape-1-1152x1536.webp 1152w, https:\/\/agoravape.com\/wp-content\/uploads\/2026\/01\/Bang-Leader-32k-32000-Puffs-Dual-Mesh-Vape-Big-Puff-Count-Simple-Everyday-Use_Agora_vape-1-9x12.webp 9w\" sizes=\"auto, (max-width: 1280px) 100vw, 1280px\" \/><\/h2>\n<h2 data-v-md-heading=\"what-is-the-special-feature-of-bang-leader-32k-32000-dual-network-atomizer\" data-v-md-line=\"3\">What is the special feature of Bang Leader 32k 32000 dual network atomizer?<\/h2>\n<p data-v-md-line=\"5\">If you\u2019re tired of those vapes that run out of battery when you first start enjoying delicious food, then Bang Leader 32k is definitely your ideal choice. It is designed for long-term use (up to 32000 ports) and is extremely easy to operate. Choose a dual flavor combination, take a sip, and start enjoying.<\/p>\n<p data-v-md-line=\"7\">You may think that an vape with such a long battery life would be as heavy as a brick, but in reality, it is very easy to hold in your hand. The weight is about 94 grams, with a solid feel, but it won\u2019t make you feel like the pocket is too heavy.<\/p>\n<h2 data-v-md-heading=\"excellent-performance-and-easy-operation\" data-v-md-line=\"9\">Excelente rendimiento y f\u00e1cil operaci\u00f3n.<\/h2>\n<p data-v-md-line=\"11\">Bang Leader utiliza un n\u00facleo atomizador de malla de 1,0 \u03a9 para garantizar un sabor consistente, a diferencia de algunos <a class=\"wpil_keyword_link\" href=\"https:\/\/agoravape.com\/es\/vapear-por-caladas\/10000-bocanadas-de-alta-capacidad\/\" target=\"_blank\" rel=\"noopener\" title=\"M\u00e1s de 10 000 bocanadas (alta capacidad)\" data-wpil-keyword-link=\"linked\" data-wpil-monitor-id=\"7149\">high-capacity disposable<\/a> Vapeos donde el sabor disminuye dr\u00e1sticamente despu\u00e9s de unos d\u00edas. Cuando la bater\u00eda est\u00e1 baja, se puede cargar mediante la interfaz Tipo-C, lo que significa que puedes usar el mismo cable de datos que ya hayas usado para cargar tu tel\u00e9fono. Todo bajo control.<\/p>\n<h2 data-v-md-heading=\"quick-specifications\" data-v-md-line=\"13\">Especificaciones r\u00e1pidas<\/h2>\n<ul data-v-md-line=\"14\">\n<li>Smoking frequency: up to 32000 puffs<\/li>\n<li>Capacidad de la bater\u00eda: 650 mAh (recargable)<\/li>\n<li>Atomizing core: 1.0 \u03a9 mesh atomizing core<\/li>\n<li>Uso: Inhalar para activar.<\/li>\n<li>Interfaz de carga: Interfaz tipo C<\/li>\n<li>Taste selection: Each device has dual flavors<\/li>\n<li>Status: Ready to use out of the box<\/li>\n<\/ul>\n<h2 data-v-md-heading=\"complete-taste-list\" data-v-md-line=\"22\">Lista completa de sabores<\/h2>\n<ul data-v-md-line=\"23\">\n<li>Watermelon Ice, Blueberry Mint<\/li>\n<li>Watermelon Ice, Strawberry and Mango<\/li>\n<li>Strawberry and Watermelon, Kiwi Passion Fruit Guava<\/li>\n<li>Strawberry and Watermelon, Grape Ice<\/li>\n<li>Blueberry Raspberry, Peach Mango Watermelon<\/li>\n<li>Blueberry Watermelon, Strawberry Mango<\/li>\n<li>Blueberry Ice, Black Dragon Ice<\/li>\n<li>Blueberry Ice, Strawberry and Banana<\/li>\n<li>Red Bull, Blueberry Watermelon<\/li>\n<li>Red Bull, Watermelon Bubble Candy<\/li>\n<li>Strawberry Kiwi, Peach Ice<\/li>\n<li>Strawberry Kiwi, Sour Apple Raspberry<\/li>\n<li>Banana Ice, Blueberry Cherry<\/li>\n<li>Avocado Ice, Lemon Lime<\/li>\n<li>Cola Ice, Cherry Cranberry<\/li>\n<li>Pineapple Ice, Triple Mango<\/li>\n<li>Lychee Ice, Mango Peach Pineapple<\/li>\n<li>Honeydew Melon, Watermelon Raspberry<\/li>\n<\/ul>\n<h2 data-v-md-heading=\"suitable-for-you-and-your-business\" data-v-md-line=\"42\">Adecuado para usted y su negocio<\/h2>\n<p data-v-md-line=\"44\">You can use Bang Leader 32k as a simple, easy-to-use, and durable disposable vape for personal use. If you run a store or purchase for online sales, it is also a clean wholesale choice because customers prefer large smoke devices that do not require explanation.<\/p>\n<p data-v-md-line=\"46\">We ship in wholesale packaging of 200 units\/box (we also provide weight and carton size data for your logistics planning). If you purchase from the EU region, please consult our most convenient shipping routes and carrier options to ensure reliable delivery of your goods and avoid any unexpected situations.<\/p>\n<h2 data-v-md-heading=\"reasons-why-you-will-like-it\" data-v-md-line=\"48\">Razones por las que te gustar\u00e1<\/h2>\n<ul data-v-md-line=\"49\">\n<li>Ultra long battery life: More durable and long-lasting, without the need for frequent restocking.<\/li>\n<li>Dual flavors: You don\u2019t need to carry two vapes to switch flavors.<\/li>\n<li>Rechargeable: Helps you make full use of the device and avoid premature scrapping.<\/li>\n<li>Mesh coil: maintains stable taste and provides a comfortable suction experience.<\/li>\n<\/ul>\n<h2 data-v-md-heading=\"why-choose-agoravape\" data-v-md-line=\"54\">\u00bfPor qu\u00e9 elegir AgoraVape?<\/h2>\n<p data-v-md-line=\"56\">AgoraVape is committed to providing convenient and efficient services with a 100% genuine guarantee. If you are a corporate buyer, we will provide you with reliable sources of goods, highly competitive wholesale solutions, and continuous after-sales support after checkout. Do you want to purchase Bang Leader 32k 32000 dual network atomizer? Please contact us and we will assist you in selecting the appropriate flavor and quantity.<\/p>","protected":false},"excerpt":{"rendered":"<p>&nbsp;<\/p>","protected":false},"featured_media":24203,"comment_status":"open","ping_status":"closed","template":"","meta":[],"product_brand":[197],"product_cat":[124,187,185,188,189,123,195,1674,174,175,193,191,179,173,186,180,190],"product_tag":[],"class_list":{"0":"post-24178","1":"product","2":"type-product","3":"status-publish","4":"has-post-thumbnail","6":"product_brand-bang","7":"product_cat-vape-by-brand","8":"product_cat-0mg-nicotine-free-vapes","9":"product_cat-10000-puffs-high-capacity","10":"product_cat-10mg-low-nicotine-vapes","11":"product_cat-20mg-standard-nicotine-vapes","12":"product_cat-bang","13":"product_cat-dual-flavor-switch","14":"product_cat-eu-warehouse","15":"product_cat-fruit-flavors","16":"product_cat-icy-mint","17":"product_cat-mesh-coil","18":"product_cat-rechargeable-disposables","19":"product_cat-unique-blends","20":"product_cat-vape-by-flavor-profile","21":"product_cat-vape-by-nicotine-strength","22":"product_cat-vape-by-puff-count","23":"product_cat-vape-by-feature-or-type","25":"first","26":"instock","27":"shipping-taxable","28":"purchasable","29":"product-type-variable","30":"has-default-attributes"},"tiered_pricing_type":"percentage","tiered_pricing_fixed_rules":[],"tiered_pricing_product_settings":{"layout":"default","base_unit_name":{"singular":null,"plural":null},"default_variation":null},"tiered_pricing_minimum_quantity":10,"tiered_pricing_roles_data":[],"tiered_pricing_percentage_rules":{"30":"10","50":"18","100":"25","200":"30","500":"35","1000":"40"},"tiered_pricing_maximum_quantity":null,"tiered_pricing_quantity_step":"10","_links":{"self":[{"href":"https:\/\/agoravape.com\/es\/wp-json\/wp\/v2\/product\/24178","targetHints":{"allow":["GET"]}}],"collection":[{"href":"https:\/\/agoravape.com\/es\/wp-json\/wp\/v2\/product"}],"about":[{"href":"https:\/\/agoravape.com\/es\/wp-json\/wp\/v2\/types\/product"}],"replies":[{"embeddable":true,"href":"https:\/\/agoravape.com\/es\/wp-json\/wp\/v2\/comments?post=24178"}],"version-history":[{"count":1,"href":"https:\/\/agoravape.com\/es\/wp-json\/wp\/v2\/product\/24178\/revisions"}],"predecessor-version":[{"id":29802,"href":"https:\/\/agoravape.com\/es\/wp-json\/wp\/v2\/product\/24178\/revisions\/29802"}],"wp:featuredmedia":[{"embeddable":true,"href":"https:\/\/agoravape.com\/es\/wp-json\/wp\/v2\/media\/24203"}],"wp:attachment":[{"href":"https:\/\/agoravape.com\/es\/wp-json\/wp\/v2\/media?parent=24178"}],"wp:term":[{"taxonomy":"product_brand","embeddable":true,"href":"https:\/\/agoravape.com\/es\/wp-json\/wp\/v2\/product_brand?post=24178"},{"taxonomy":"product_cat","embeddable":true,"href":"https:\/\/agoravape.com\/es\/wp-json\/wp\/v2\/product_cat?post=24178"},{"taxonomy":"product_tag","embeddable":true,"href":"https:\/\/agoravape.com\/es\/wp-json\/wp\/v2\/product_tag?post=24178"}],"curies":[{"name":"wp","href":"https:\/\/api.w.org\/{rel}","templated":true}]}}