{"id":24265,"date":"2026-01-26T19:56:40","date_gmt":"2026-01-26T11:56:40","guid":{"rendered":"https:\/\/agoravape.com\/?post_type=product&#038;p=24265"},"modified":"2026-02-22T15:13:12","modified_gmt":"2026-02-22T14:13:12","slug":"bang-leader-50k-50000-puffs","status":"publish","type":"product","link":"https:\/\/agoravape.com\/es\/product\/bang-leader-50k-50000-puffs\/","title":{"rendered":"Bang Leader 50k, 50.000 caladas, vaporizador de doble tanque | Dos sabores, un solo dispositivo, menos complicaciones"},"content":{"rendered":"<h2 data-v-md-heading=\"what-is-special-about-bang-leader-s-50k-50000-pack-dual-compartment-vape\" data-v-md-line=\"3\"><img loading=\"lazy\" decoding=\"async\" class=\"aligncenter size-full wp-image-24294\" src=\"https:\/\/agoravape.com\/wp-content\/uploads\/2026\/01\/Bang-Leader-50k-50000-Puffs-Dual-Tank-Vape-Two-Flavours-One-Device-Less-Hassle_Agora_vape-7-scaled.webp\" alt=\"\" width=\"2560\" height=\"1434\" srcset=\"https:\/\/agoravape.com\/wp-content\/uploads\/2026\/01\/Bang-Leader-50k-50000-Puffs-Dual-Tank-Vape-Two-Flavours-One-Device-Less-Hassle_Agora_vape-7-scaled.webp 2560w, https:\/\/agoravape.com\/wp-content\/uploads\/2026\/01\/Bang-Leader-50k-50000-Puffs-Dual-Tank-Vape-Two-Flavours-One-Device-Less-Hassle_Agora_vape-7-scaled-1200x672.webp 1200w, https:\/\/agoravape.com\/wp-content\/uploads\/2026\/01\/Bang-Leader-50k-50000-Puffs-Dual-Tank-Vape-Two-Flavours-One-Device-Less-Hassle_Agora_vape-7-300x168.webp 300w, https:\/\/agoravape.com\/wp-content\/uploads\/2026\/01\/Bang-Leader-50k-50000-Puffs-Dual-Tank-Vape-Two-Flavours-One-Device-Less-Hassle_Agora_vape-7-1024x573.webp 1024w, https:\/\/agoravape.com\/wp-content\/uploads\/2026\/01\/Bang-Leader-50k-50000-Puffs-Dual-Tank-Vape-Two-Flavours-One-Device-Less-Hassle_Agora_vape-7-768x430.webp 768w, https:\/\/agoravape.com\/wp-content\/uploads\/2026\/01\/Bang-Leader-50k-50000-Puffs-Dual-Tank-Vape-Two-Flavours-One-Device-Less-Hassle_Agora_vape-7-1536x860.webp 1536w, https:\/\/agoravape.com\/wp-content\/uploads\/2026\/01\/Bang-Leader-50k-50000-Puffs-Dual-Tank-Vape-Two-Flavours-One-Device-Less-Hassle_Agora_vape-7-2048x1147.webp 2048w, https:\/\/agoravape.com\/wp-content\/uploads\/2026\/01\/Bang-Leader-50k-50000-Puffs-Dual-Tank-Vape-Two-Flavours-One-Device-Less-Hassle_Agora_vape-7-18x10.webp 18w\" sizes=\"auto, (max-width: 2560px) 100vw, 2560px\" \/> <img loading=\"lazy\" decoding=\"async\" class=\"aligncenter size-full wp-image-24296\" src=\"https:\/\/agoravape.com\/wp-content\/uploads\/2026\/01\/Bang-Leader-50k-50000-Puffs-Dual-Tank-Vape-Two-Flavours-One-Device-Less-Hassle_Agora_vape-9-scaled.webp\" alt=\"\" width=\"2560\" height=\"1167\" srcset=\"https:\/\/agoravape.com\/wp-content\/uploads\/2026\/01\/Bang-Leader-50k-50000-Puffs-Dual-Tank-Vape-Two-Flavours-One-Device-Less-Hassle_Agora_vape-9-scaled.webp 2560w, https:\/\/agoravape.com\/wp-content\/uploads\/2026\/01\/Bang-Leader-50k-50000-Puffs-Dual-Tank-Vape-Two-Flavours-One-Device-Less-Hassle_Agora_vape-9-scaled-1200x547.webp 1200w, https:\/\/agoravape.com\/wp-content\/uploads\/2026\/01\/Bang-Leader-50k-50000-Puffs-Dual-Tank-Vape-Two-Flavours-One-Device-Less-Hassle_Agora_vape-9-300x137.webp 300w, https:\/\/agoravape.com\/wp-content\/uploads\/2026\/01\/Bang-Leader-50k-50000-Puffs-Dual-Tank-Vape-Two-Flavours-One-Device-Less-Hassle_Agora_vape-9-1024x467.webp 1024w, https:\/\/agoravape.com\/wp-content\/uploads\/2026\/01\/Bang-Leader-50k-50000-Puffs-Dual-Tank-Vape-Two-Flavours-One-Device-Less-Hassle_Agora_vape-9-768x350.webp 768w, https:\/\/agoravape.com\/wp-content\/uploads\/2026\/01\/Bang-Leader-50k-50000-Puffs-Dual-Tank-Vape-Two-Flavours-One-Device-Less-Hassle_Agora_vape-9-1536x700.webp 1536w, https:\/\/agoravape.com\/wp-content\/uploads\/2026\/01\/Bang-Leader-50k-50000-Puffs-Dual-Tank-Vape-Two-Flavours-One-Device-Less-Hassle_Agora_vape-9-2048x934.webp 2048w, https:\/\/agoravape.com\/wp-content\/uploads\/2026\/01\/Bang-Leader-50k-50000-Puffs-Dual-Tank-Vape-Two-Flavours-One-Device-Less-Hassle_Agora_vape-9-18x8.webp 18w\" sizes=\"auto, (max-width: 2560px) 100vw, 2560px\" \/><\/h2>\n<h2 data-v-md-heading=\"what-is-special-about-bang-leader-s-50k-50000-pack-dual-compartment-vape\" data-v-md-line=\"3\"><img loading=\"lazy\" decoding=\"async\" class=\"size-full wp-image-24302 alignright\" src=\"https:\/\/agoravape.com\/wp-content\/uploads\/2026\/01\/Bang-Leader-50k-50000-Puffs-Dual-Tank-Vape-Two-Flavours-One-Device-Less-Hassle_Agora_vape-15-scaled.webp\" alt=\"\" width=\"1440\" height=\"2560\" srcset=\"https:\/\/agoravape.com\/wp-content\/uploads\/2026\/01\/Bang-Leader-50k-50000-Puffs-Dual-Tank-Vape-Two-Flavours-One-Device-Less-Hassle_Agora_vape-15-scaled.webp 1440w, https:\/\/agoravape.com\/wp-content\/uploads\/2026\/01\/Bang-Leader-50k-50000-Puffs-Dual-Tank-Vape-Two-Flavours-One-Device-Less-Hassle_Agora_vape-15-scaled-1200x2133.webp 1200w, https:\/\/agoravape.com\/wp-content\/uploads\/2026\/01\/Bang-Leader-50k-50000-Puffs-Dual-Tank-Vape-Two-Flavours-One-Device-Less-Hassle_Agora_vape-15-169x300.webp 169w, https:\/\/agoravape.com\/wp-content\/uploads\/2026\/01\/Bang-Leader-50k-50000-Puffs-Dual-Tank-Vape-Two-Flavours-One-Device-Less-Hassle_Agora_vape-15-576x1024.webp 576w, https:\/\/agoravape.com\/wp-content\/uploads\/2026\/01\/Bang-Leader-50k-50000-Puffs-Dual-Tank-Vape-Two-Flavours-One-Device-Less-Hassle_Agora_vape-15-768x1365.webp 768w, https:\/\/agoravape.com\/wp-content\/uploads\/2026\/01\/Bang-Leader-50k-50000-Puffs-Dual-Tank-Vape-Two-Flavours-One-Device-Less-Hassle_Agora_vape-15-864x1536.webp 864w, https:\/\/agoravape.com\/wp-content\/uploads\/2026\/01\/Bang-Leader-50k-50000-Puffs-Dual-Tank-Vape-Two-Flavours-One-Device-Less-Hassle_Agora_vape-15-1152x2048.webp 1152w, https:\/\/agoravape.com\/wp-content\/uploads\/2026\/01\/Bang-Leader-50k-50000-Puffs-Dual-Tank-Vape-Two-Flavours-One-Device-Less-Hassle_Agora_vape-15-7x12.webp 7w\" sizes=\"auto, (max-width: 1440px) 100vw, 1440px\" \/><\/h2>\n<h2 data-v-md-heading=\"what-is-special-about-bang-leader-s-50k-50000-pack-dual-compartment-vape\" data-v-md-line=\"3\">\u00bfQu\u00e9 tiene de especial el paquete de 50 000 50k de vapeo de doble compartimento de Bang Leader?<\/h2>\n<p data-v-md-line=\"5\">Si est\u00e1s cansado de los vapeadores desechables que solo duran un d\u00eda y pierden su fragancia r\u00e1pidamente, este producto es ideal. El Bang Leader 50k est\u00e1 dise\u00f1ado para un uso prolongado. Es recargable, lo que permite hasta 50\u00a0000 caladas con una sola carga, sin necesidad de cambiarlo con frecuencia.<\/p>\n<p data-v-md-line=\"7\">El siguiente paso es lo que realmente atrae a la gente. Adopta un sistema de doble compartimento (doble sabor), que le permite disfrutar de dos sabores a la vez. Puede que piense que un dispositivo con una experiencia de fumado de 50000 cigarrillos ser\u00eda tan pesado como un peque\u00f1o ladrillo, pero en realidad, su peso y volumen son sorprendentemente ligeros y f\u00e1ciles de transportar.<\/p>\n<h2 data-v-md-heading=\"excellent-performance-and-easy-operation\" data-v-md-line=\"9\">Excelente rendimiento y f\u00e1cil operaci\u00f3n.<\/h2>\n<p data-v-md-line=\"11\">Bang se esfuerza por la simplicidad en aspectos clave. La resistencia de malla de 1.0 \u03a9 ayuda a mantener un sabor consistente, para que no te sientas congestionado ni arrepentido al terminar. Cuando la bater\u00eda est\u00e9 baja, puedes cargarlo a trav\u00e9s de la interfaz Tipo-C, lo que significa que tu cable de carga habitual para tel\u00e9fono tambi\u00e9n es compatible.<\/p>\n<h2 data-v-md-heading=\"quick-specifications\" data-v-md-line=\"13\">Especificaciones r\u00e1pidas<\/h2>\n<ul data-v-md-line=\"14\">\n<li>Frecuencia de fumado: hasta 50000 bocanadas<\/li>\n<li>Capacidad de la bater\u00eda: 650 mAh (recargable)<\/li>\n<li>Bobina\/Resistencia: Bobina de malla de 1,0 \u03a9<\/li>\n<li>Uso: Inhalar para activar.<\/li>\n<li>Interfaz de carga: Tipo-C<\/li>\n<li>Peso: 100g por unidad<\/li>\n<li>Status: Ready to use out of the box<\/li>\n<\/ul>\n<h2 data-v-md-heading=\"complete-flavor-lineup\" data-v-md-line=\"22\">L\u00ednea completa de sabores<\/h2>\n<p data-v-md-line=\"24\">Cada dispositivo est\u00e1 equipado con una combinaci\u00f3n de dos sabores:<\/p>\n<ul data-v-md-line=\"25\">\n<li>Fresa Frambuesa Cereza Helado \/ Cereza<\/li>\n<li>Sand\u00eda Fresa \/ Sand\u00eda<\/li>\n<li>Uva negra \/ Uva verde<\/li>\n<li>Manzana Pera \/ Kiwi Maracuy\u00e1 Guayaba<\/li>\n<li>Limonada de pi\u00f1a agria \/ Lim\u00f3n y lima<\/li>\n<li>Hielo de pl\u00e1tano \/ Mango<\/li>\n<li>Ar\u00e1ndano Frambuesa \u00c1cida \/ Ar\u00e1ndano<\/li>\n<li>Cola de cereza \/ Limonada rosa<\/li>\n<li>Limonada de ar\u00e1ndanos y frambuesa \/ Helado de fresa, frambuesa y cereza<\/li>\n<li>Fresa Kiwi \/ Helado de fresa<\/li>\n<li>Pi\u00f1a Maracuy\u00e1 \/ Hielo de Pi\u00f1a<\/li>\n<li>Mojito de frambuesa \/ Cereza, frambuesa y lima<\/li>\n<\/ul>\n<h2 data-v-md-heading=\"suitable-for-you-and-your-business\" data-v-md-line=\"38\">Adecuado para usted y su negocio<\/h2>\n<p data-v-md-line=\"40\">Puedes comprar Bang Leader 50k para uso personal, pero tambi\u00e9n es muy pr\u00e1ctico para promocionarlo en tiendas. A la gente le gusta su dise\u00f1o \"2 en 1\" porque elimina la molestia de comprar dos vaporizadores para variar de sabor.<\/p>\n<p data-v-md-line=\"42\">Para la venta al por mayor, los productos se env\u00edan en cajas de 200 unidades. Las dimensiones de la caja de cart\u00f3n son de 65 x 31 x 26 cm y pesan 21,3 kg, lo que facilita la planificaci\u00f3n del almacenamiento y la distribuci\u00f3n.<\/p>\n<h2 data-v-md-heading=\"reasons-why-you-will-like-it\" data-v-md-line=\"44\">Razones por las que te gustar\u00e1<\/h2>\n<ul data-v-md-line=\"45\">\n<li>Bater\u00eda de larga duraci\u00f3n: duradera y de larga duraci\u00f3n, sin necesidad de comprar cartuchos nuevos con frecuencia.<\/li>\n<li>Configuraci\u00f3n de doble sabor: uso dual para una m\u00e1quina, satisfaciendo sus diferentes necesidades de sabor.<\/li>\n<li>Recargable: utiliza eficazmente los cartuchos de humo para evitar el desperdicio.<\/li>\n<li>N\u00facleo atomizador de malla: duradero y estable, proporciona un sabor satisfactorio.<\/li>\n<\/ul>\n<h2 data-v-md-heading=\"why-choose-to-collaborate-with-agoravape\" data-v-md-line=\"50\">Why choose to collaborate with AgoraVape?<\/h2>\n<p data-v-md-line=\"52\">AgoraVape se centra en lo que realmente te importa: garant\u00eda de producto genuino, log\u00edstica mayorista transparente y soporte posventa continuo. Si deseas distribuir el atomizador doble Bang Leader 50k 50000, cont\u00e1ctanos y te ayudaremos a elegir la combinaci\u00f3n de sabores adecuada y procesaremos tu pedido r\u00e1pidamente.<\/p>","protected":false},"excerpt":{"rendered":"<p>&nbsp;<\/p>","protected":false},"featured_media":24303,"comment_status":"open","ping_status":"closed","template":"","meta":[],"product_brand":[197],"product_cat":[124,187,188,189,1641,194,123,195,1674,174,175,193,191,179,173,186,180,190,192],"product_tag":[],"class_list":{"0":"post-24265","1":"product","2":"type-product","3":"status-publish","4":"has-post-thumbnail","6":"product_brand-bang","7":"product_cat-vape-by-brand","8":"product_cat-0mg-nicotine-free-vapes","9":"product_cat-10mg-low-nicotine-vapes","10":"product_cat-20mg-standard-nicotine-vapes","11":"product_cat-50000-puffs","12":"product_cat-adjustable-airflow","13":"product_cat-bang","14":"product_cat-dual-flavor-switch","15":"product_cat-eu-warehouse","16":"product_cat-fruit-flavors","17":"product_cat-icy-mint","18":"product_cat-mesh-coil","19":"product_cat-rechargeable-disposables","20":"product_cat-unique-blends","21":"product_cat-vape-by-flavor-profile","22":"product_cat-vape-by-nicotine-strength","23":"product_cat-vape-by-puff-count","24":"product_cat-vape-by-feature-or-type","25":"product_cat-vapes-with-screens","27":"first","28":"instock","29":"shipping-taxable","30":"purchasable","31":"product-type-variable","32":"has-default-attributes"},"tiered_pricing_type":"percentage","tiered_pricing_fixed_rules":[],"tiered_pricing_product_settings":{"layout":"default","base_unit_name":{"singular":null,"plural":null},"default_variation":null},"tiered_pricing_minimum_quantity":10,"tiered_pricing_roles_data":[],"tiered_pricing_percentage_rules":{"30":"9","50":"18","100":"26","200":"30","500":"32","1000":"38"},"tiered_pricing_maximum_quantity":null,"tiered_pricing_quantity_step":"10","_links":{"self":[{"href":"https:\/\/agoravape.com\/es\/wp-json\/wp\/v2\/product\/24265","targetHints":{"allow":["GET"]}}],"collection":[{"href":"https:\/\/agoravape.com\/es\/wp-json\/wp\/v2\/product"}],"about":[{"href":"https:\/\/agoravape.com\/es\/wp-json\/wp\/v2\/types\/product"}],"replies":[{"embeddable":true,"href":"https:\/\/agoravape.com\/es\/wp-json\/wp\/v2\/comments?post=24265"}],"version-history":[{"count":1,"href":"https:\/\/agoravape.com\/es\/wp-json\/wp\/v2\/product\/24265\/revisions"}],"predecessor-version":[{"id":29801,"href":"https:\/\/agoravape.com\/es\/wp-json\/wp\/v2\/product\/24265\/revisions\/29801"}],"wp:featuredmedia":[{"embeddable":true,"href":"https:\/\/agoravape.com\/es\/wp-json\/wp\/v2\/media\/24303"}],"wp:attachment":[{"href":"https:\/\/agoravape.com\/es\/wp-json\/wp\/v2\/media?parent=24265"}],"wp:term":[{"taxonomy":"product_brand","embeddable":true,"href":"https:\/\/agoravape.com\/es\/wp-json\/wp\/v2\/product_brand?post=24265"},{"taxonomy":"product_cat","embeddable":true,"href":"https:\/\/agoravape.com\/es\/wp-json\/wp\/v2\/product_cat?post=24265"},{"taxonomy":"product_tag","embeddable":true,"href":"https:\/\/agoravape.com\/es\/wp-json\/wp\/v2\/product_tag?post=24265"}],"curies":[{"name":"wp","href":"https:\/\/api.w.org\/{rel}","templated":true}]}}