{"id":24308,"date":"2026-01-26T22:58:54","date_gmt":"2026-01-26T14:58:54","guid":{"rendered":"https:\/\/agoravape.com\/?post_type=product&#038;p=24308"},"modified":"2026-02-22T15:14:09","modified_gmt":"2026-02-22T14:14:09","slug":"bang-leader-80k-80000-puffs","status":"publish","type":"product","link":"https:\/\/agoravape.com\/es\/product\/bang-leader-80k-80000-puffs\/","title":{"rendered":"Bang Leader 80k, 80.000 caladas, vaporizador 3 en 1 | Tres sabores, un simple cambio"},"content":{"rendered":"<h2 data-v-md-heading=\"what-is-the-special-feature-of-bang-leader-80k-80000-three-in-one-flavor-vape\" data-v-md-line=\"3\"><img loading=\"lazy\" decoding=\"async\" class=\"aligncenter size-full wp-image-24323\" src=\"https:\/\/agoravape.com\/wp-content\/uploads\/2026\/01\/Bang-Leader-80k-80000-Puffs-3in1-Flavor-Vape-Three-Flavours-One-Simple-Switch_Agora_vape-1.webp\" alt=\"\" width=\"2056\" height=\"1089\" srcset=\"https:\/\/agoravape.com\/wp-content\/uploads\/2026\/01\/Bang-Leader-80k-80000-Puffs-3in1-Flavor-Vape-Three-Flavours-One-Simple-Switch_Agora_vape-1.webp 2056w, https:\/\/agoravape.com\/wp-content\/uploads\/2026\/01\/Bang-Leader-80k-80000-Puffs-3in1-Flavor-Vape-Three-Flavours-One-Simple-Switch_Agora_vape-1-1200x636.webp 1200w, https:\/\/agoravape.com\/wp-content\/uploads\/2026\/01\/Bang-Leader-80k-80000-Puffs-3in1-Flavor-Vape-Three-Flavours-One-Simple-Switch_Agora_vape-1-300x159.webp 300w, https:\/\/agoravape.com\/wp-content\/uploads\/2026\/01\/Bang-Leader-80k-80000-Puffs-3in1-Flavor-Vape-Three-Flavours-One-Simple-Switch_Agora_vape-1-1024x542.webp 1024w, https:\/\/agoravape.com\/wp-content\/uploads\/2026\/01\/Bang-Leader-80k-80000-Puffs-3in1-Flavor-Vape-Three-Flavours-One-Simple-Switch_Agora_vape-1-768x407.webp 768w, https:\/\/agoravape.com\/wp-content\/uploads\/2026\/01\/Bang-Leader-80k-80000-Puffs-3in1-Flavor-Vape-Three-Flavours-One-Simple-Switch_Agora_vape-1-1536x814.webp 1536w, https:\/\/agoravape.com\/wp-content\/uploads\/2026\/01\/Bang-Leader-80k-80000-Puffs-3in1-Flavor-Vape-Three-Flavours-One-Simple-Switch_Agora_vape-1-2048x1085.webp 2048w, https:\/\/agoravape.com\/wp-content\/uploads\/2026\/01\/Bang-Leader-80k-80000-Puffs-3in1-Flavor-Vape-Three-Flavours-One-Simple-Switch_Agora_vape-1-18x10.webp 18w\" sizes=\"auto, (max-width: 2056px) 100vw, 2056px\" \/> <img loading=\"lazy\" decoding=\"async\" class=\"aligncenter size-full wp-image-24331\" src=\"https:\/\/agoravape.com\/wp-content\/uploads\/2026\/01\/Bang-Leader-80k-80000-Puffs-3in1-Flavor-Vape-Three-Flavours-One-Simple-Switch_Agora_vape-9-scaled.webp\" alt=\"\" width=\"1437\" height=\"2560\" srcset=\"https:\/\/agoravape.com\/wp-content\/uploads\/2026\/01\/Bang-Leader-80k-80000-Puffs-3in1-Flavor-Vape-Three-Flavours-One-Simple-Switch_Agora_vape-9-scaled.webp 1437w, https:\/\/agoravape.com\/wp-content\/uploads\/2026\/01\/Bang-Leader-80k-80000-Puffs-3in1-Flavor-Vape-Three-Flavours-One-Simple-Switch_Agora_vape-9-scaled-1200x2138.webp 1200w, https:\/\/agoravape.com\/wp-content\/uploads\/2026\/01\/Bang-Leader-80k-80000-Puffs-3in1-Flavor-Vape-Three-Flavours-One-Simple-Switch_Agora_vape-9-168x300.webp 168w, https:\/\/agoravape.com\/wp-content\/uploads\/2026\/01\/Bang-Leader-80k-80000-Puffs-3in1-Flavor-Vape-Three-Flavours-One-Simple-Switch_Agora_vape-9-575x1024.webp 575w, https:\/\/agoravape.com\/wp-content\/uploads\/2026\/01\/Bang-Leader-80k-80000-Puffs-3in1-Flavor-Vape-Three-Flavours-One-Simple-Switch_Agora_vape-9-768x1368.webp 768w, https:\/\/agoravape.com\/wp-content\/uploads\/2026\/01\/Bang-Leader-80k-80000-Puffs-3in1-Flavor-Vape-Three-Flavours-One-Simple-Switch_Agora_vape-9-862x1536.webp 862w, https:\/\/agoravape.com\/wp-content\/uploads\/2026\/01\/Bang-Leader-80k-80000-Puffs-3in1-Flavor-Vape-Three-Flavours-One-Simple-Switch_Agora_vape-9-1150x2048.webp 1150w, https:\/\/agoravape.com\/wp-content\/uploads\/2026\/01\/Bang-Leader-80k-80000-Puffs-3in1-Flavor-Vape-Three-Flavours-One-Simple-Switch_Agora_vape-9-7x12.webp 7w\" sizes=\"auto, (max-width: 1437px) 100vw, 1437px\" \/><\/h2>\n<h2 data-v-md-heading=\"what-is-the-special-feature-of-bang-leader-80k-80000-three-in-one-flavor-vape\" data-v-md-line=\"3\">\u00bfCu\u00e1l es la caracter\u00edstica especial del Bang Leader 80k 80000 tres en uno?<\/h2>\n<p data-v-md-line=\"5\">Si est\u00e1s cansado de vapear que solo te da un sabor delicioso un d\u00eda y luego se vuelve aburrido, Bang Leader 80K es sin duda la mejor opci\u00f3n. Est\u00e1 dise\u00f1ado para un uso prolongado, y su mayor ventaja es que un solo dispositivo ofrece tres sabores, lo que te permite cambiar f\u00e1cilmente cuando tus papilas gustativas se cansen.<\/p>\n<p data-v-md-line=\"7\">Quiz\u00e1s pienses que un dispositivo con 80\u00a0000 puertos ser\u00eda pesado como un ladrillo en el bolsillo, pero es muy ligero. Para quienes buscan reducir las complicaciones (reducir el n\u00famero de reemplazos y las visitas a tiendas) y m\u00e1s opciones de sabor, pero no quieren llevar varios dispositivos, este vaporizador es la opci\u00f3n perfecta.<\/p>\n<h2 data-v-md-heading=\"excellent-performance-easy-and-convenient\" data-v-md-line=\"9\">Excellent performance, easy and convenient<\/h2>\n<p data-v-md-line=\"11\">Los vapes Bang se complementan a la perfecci\u00f3n con un n\u00facleo atomizador de malla de 1.0 \u03a9 y una bater\u00eda recargable para garantizar un sabor consistente y evitar la ignici\u00f3n accidental, como ocurre con otros vapes. Cuando la bater\u00eda est\u00e9 baja, simplemente c\u00e1rgalo a trav\u00e9s de la interfaz Tipo-C, el mismo cable de datos que usas habitualmente para cargar tu tel\u00e9fono. Sencillo y pr\u00e1ctico, sin operaciones tediosas.<\/p>\n<h2 data-v-md-heading=\"quick-specifications\" data-v-md-line=\"13\">Especificaciones r\u00e1pidas<\/h2>\n<ul data-v-md-line=\"14\">\n<li>Frecuencia de fumado: hasta 80000 bocanadas<\/li>\n<li>Contenido de nicotina: El contenido de nicotina de este modelo no est\u00e1 indicado en los datos de este producto.<\/li>\n<li>Principio de funcionamiento: Activaci\u00f3n por inhalaci\u00f3n<\/li>\n<li>Atomizing core: 1.0 \u03a9 mesh atomizing core<\/li>\n<li>Bater\u00eda: 850 mAh (17350)<\/li>\n<li>Interfaz de carga: Tipo-C<\/li>\n<li>Status: Ready to use upon unboxing<\/li>\n<\/ul>\n<h2 data-v-md-heading=\"complete-flavor-lineup\" data-v-md-line=\"22\">L\u00ednea completa de sabores<\/h2>\n<p data-v-md-line=\"24\">Cada dispositivo incluye 3 sabores (juego combinado). Las combinaciones opcionales incluyen:<\/p>\n<ul data-v-md-line=\"25\">\n<li>Hielo de sand\u00eda\/Fresa Mango\/Pl\u00e1tano<\/li>\n<li>Mojito de Frambuesa, Melocot\u00f3n, Hielo\/Fresa, Sand\u00eda\/Kiwi, Maracuy\u00e1 y Guayaba<\/li>\n<li>Fresa sand\u00eda\/Helado de uva\/Caramelo arco\u00edris<\/li>\n<li>Coca Cola Ice\/Ar\u00e1ndano Frambuesa\/Melocot\u00f3n Mango Sand\u00eda<\/li>\n<li>Ar\u00e1ndanos, sand\u00edas, fresas, mangos, grosellas negras.<\/li>\n<li>Hielo de ar\u00e1ndano\/Hielo de drag\u00f3n negro\/Mango y melocot\u00f3n<\/li>\n<li>Helado de ar\u00e1ndanos\/fresa y pl\u00e1tano\/bayas mixtas<\/li>\n<li>Red Bull\/Ar\u00e1ndano Sand\u00eda\/Manzana Pera<\/li>\n<li>Red Bull\/Chicle de sand\u00eda\/Helado de fresa<\/li>\n<li>Fresa kiwi\/helado de melocot\u00f3n\/cola de cereza<\/li>\n<li>Kiwi Guayaba\/Litchi Hielo\/Mango Melocot\u00f3n Pi\u00f1a<\/li>\n<li>Hielo de aguacate\/Lim\u00f3n lima\/Sand\u00eda frambuesa<\/li>\n<\/ul>\n<h2 data-v-md-heading=\"for-you-and-your-business\" data-v-md-line=\"38\">For you and your business<\/h2>\n<p data-v-md-line=\"40\">Puedes comprar Bang Leader. Si solo quieres probar algunas combinaciones de sabores primero, el set independiente de 80K te servir\u00e1. Si tienes una tienda, tambi\u00e9n es ideal por su alta resistencia a la succi\u00f3n y sus m\u00faltiples sabores, lo que lo hace conveniente para los clientes que no quieren probar solo un sabor durante varias semanas seguidas.<\/p>\n<p data-v-md-line=\"42\">Para la venta al por mayor, ofrecemos env\u00edos al por mayor y gestionamos pedidos grandes: 200 unidades en cajas de cart\u00f3n (65 x 31 x 26 cm, 24 kg). Trabajamos en estrecha colaboraci\u00f3n con socios log\u00edsticos de confianza de la UE, para que no tenga que preocuparse por tr\u00e1mites aduaneros ni cargos inesperados.<\/p>\n<h2 data-v-md-heading=\"reasons-why-you-will-like-it\" data-v-md-line=\"44\">Razones por las que te gustar\u00e1<\/h2>\n<ul data-v-md-line=\"45\">\n<li>Resistencia de succi\u00f3n ultra larga: reduce el n\u00famero de reemplazos, ahorrando tiempo y esfuerzo.<\/li>\n<li>Combinaci\u00f3n de sabores 3 en 1: cuando un sabor se vuelve aburrido, se puede cambiar en cualquier momento.<\/li>\n<li>Recargable (Tipo C): le permite utilizar completamente el dispositivo y evitar su eliminaci\u00f3n prematura. Bobina de malla: garantiza una pureza constante en el sabor durante una vida \u00fatil m\u00e1s prolongada.<\/li>\n<\/ul>\n<h2 data-v-md-heading=\"why-choose-to-collaborate-with-agoravape\" data-v-md-line=\"49\">Why choose to collaborate with AgoraVape?<\/h2>\n<p data-v-md-line=\"51\">AgoraVape se centra en la autenticidad 100 %: nunca vendemos imitaciones de baja calidad ni dejamos que lo adivines a ciegas. Si eres un comprador corporativo, te ofrecemos productos de alta calidad, un c\u00f3modo servicio posventa y servicios de entrega a medida para las necesidades de compra de los clientes de la UE. \u00bfQuieres comprar el atomizador Bang Leader 80k 3 en 1 al por mayor y obtener un descuento? Cont\u00e1ctanos; estaremos encantados de atenderte.<\/p>\n<p><script src=\"chrome-extension:\/\/fpelahbljekknahkcaegamhcndkfpfnc\/iFrame.js\" type=\"text\/javascript\"><\/script><\/p>","protected":false},"excerpt":{"rendered":"<p>&nbsp;<\/p>\n<p><script src=\"chrome-extension:\/\/fpelahbljekknahkcaegamhcndkfpfnc\/iFrame.js\" type=\"text\/javascript\"><\/script><\/p>\n<p><script src=\"chrome-extension:\/\/fpelahbljekknahkcaegamhcndkfpfnc\/iFrame.js\" type=\"text\/javascript\"><\/script><\/p>\n<p><script src=\"chrome-extension:\/\/fpelahbljekknahkcaegamhcndkfpfnc\/iFrame.js\" type=\"text\/javascript\"><\/script><\/p>","protected":false},"featured_media":24336,"comment_status":"open","ping_status":"closed","template":"","meta":[],"product_brand":[197],"product_cat":[124,187,185,188,189,123,1674,174,175,193,191,179,173,186,180,190],"product_tag":[],"class_list":{"0":"post-24308","1":"product","2":"type-product","3":"status-publish","4":"has-post-thumbnail","6":"product_brand-bang","7":"product_cat-vape-by-brand","8":"product_cat-0mg-nicotine-free-vapes","9":"product_cat-10000-puffs-high-capacity","10":"product_cat-10mg-low-nicotine-vapes","11":"product_cat-20mg-standard-nicotine-vapes","12":"product_cat-bang","13":"product_cat-eu-warehouse","14":"product_cat-fruit-flavors","15":"product_cat-icy-mint","16":"product_cat-mesh-coil","17":"product_cat-rechargeable-disposables","18":"product_cat-unique-blends","19":"product_cat-vape-by-flavor-profile","20":"product_cat-vape-by-nicotine-strength","21":"product_cat-vape-by-puff-count","22":"product_cat-vape-by-feature-or-type","24":"first","25":"instock","26":"shipping-taxable","27":"purchasable","28":"product-type-variable","29":"has-default-attributes"},"tiered_pricing_type":"percentage","tiered_pricing_fixed_rules":[],"tiered_pricing_product_settings":{"layout":"default","base_unit_name":{"singular":null,"plural":null},"default_variation":null},"tiered_pricing_minimum_quantity":10,"tiered_pricing_roles_data":[],"tiered_pricing_percentage_rules":{"30":"10","50":"18","100":"24","200":"28","500":"35","1000":"44"},"tiered_pricing_maximum_quantity":null,"tiered_pricing_quantity_step":"10","_links":{"self":[{"href":"https:\/\/agoravape.com\/es\/wp-json\/wp\/v2\/product\/24308","targetHints":{"allow":["GET"]}}],"collection":[{"href":"https:\/\/agoravape.com\/es\/wp-json\/wp\/v2\/product"}],"about":[{"href":"https:\/\/agoravape.com\/es\/wp-json\/wp\/v2\/types\/product"}],"replies":[{"embeddable":true,"href":"https:\/\/agoravape.com\/es\/wp-json\/wp\/v2\/comments?post=24308"}],"version-history":[{"count":0,"href":"https:\/\/agoravape.com\/es\/wp-json\/wp\/v2\/product\/24308\/revisions"}],"wp:featuredmedia":[{"embeddable":true,"href":"https:\/\/agoravape.com\/es\/wp-json\/wp\/v2\/media\/24336"}],"wp:attachment":[{"href":"https:\/\/agoravape.com\/es\/wp-json\/wp\/v2\/media?parent=24308"}],"wp:term":[{"taxonomy":"product_brand","embeddable":true,"href":"https:\/\/agoravape.com\/es\/wp-json\/wp\/v2\/product_brand?post=24308"},{"taxonomy":"product_cat","embeddable":true,"href":"https:\/\/agoravape.com\/es\/wp-json\/wp\/v2\/product_cat?post=24308"},{"taxonomy":"product_tag","embeddable":true,"href":"https:\/\/agoravape.com\/es\/wp-json\/wp\/v2\/product_tag?post=24308"}],"curies":[{"name":"wp","href":"https:\/\/api.w.org\/{rel}","templated":true}]}}