{"id":24338,"date":"2026-01-26T23:10:46","date_gmt":"2026-01-26T15:10:46","guid":{"rendered":"https:\/\/agoravape.com\/?post_type=product&#038;p=24338"},"modified":"2026-02-22T15:14:05","modified_gmt":"2026-02-22T14:14:05","slug":"bang-leader-85k-3en1-85000-puffs","status":"publish","type":"product","link":"https:\/\/agoravape.com\/es\/product\/bang-leader-85k-3in1-85000-puffs\/","title":{"rendered":"Bang Leader 85k, 85.000 caladas, vaporizador de triple sabor | Tres sabores, un solo dispositivo, menos complicaciones"},"content":{"rendered":"<h2 data-v-md-heading=\"what-is-the-special-feature-of-bang-leader-85k-85000-three-flavored-vapes\" data-v-md-line=\"3\"><img loading=\"lazy\" decoding=\"async\" class=\"aligncenter size-full wp-image-24356\" src=\"https:\/\/agoravape.com\/wp-content\/uploads\/2026\/01\/Bang-Leader-85k-85000-Puffs-Triple-Flavor-Vape-Three-Flavours-One-Device-Less-Hassle_Agora_vape-5.webp\" alt=\"\" width=\"2277\" height=\"1280\" srcset=\"https:\/\/agoravape.com\/wp-content\/uploads\/2026\/01\/Bang-Leader-85k-85000-Puffs-Triple-Flavor-Vape-Three-Flavours-One-Device-Less-Hassle_Agora_vape-5.webp 2277w, https:\/\/agoravape.com\/wp-content\/uploads\/2026\/01\/Bang-Leader-85k-85000-Puffs-Triple-Flavor-Vape-Three-Flavours-One-Device-Less-Hassle_Agora_vape-5-1200x675.webp 1200w, https:\/\/agoravape.com\/wp-content\/uploads\/2026\/01\/Bang-Leader-85k-85000-Puffs-Triple-Flavor-Vape-Three-Flavours-One-Device-Less-Hassle_Agora_vape-5-300x169.webp 300w, https:\/\/agoravape.com\/wp-content\/uploads\/2026\/01\/Bang-Leader-85k-85000-Puffs-Triple-Flavor-Vape-Three-Flavours-One-Device-Less-Hassle_Agora_vape-5-1024x576.webp 1024w, https:\/\/agoravape.com\/wp-content\/uploads\/2026\/01\/Bang-Leader-85k-85000-Puffs-Triple-Flavor-Vape-Three-Flavours-One-Device-Less-Hassle_Agora_vape-5-768x432.webp 768w, https:\/\/agoravape.com\/wp-content\/uploads\/2026\/01\/Bang-Leader-85k-85000-Puffs-Triple-Flavor-Vape-Three-Flavours-One-Device-Less-Hassle_Agora_vape-5-1536x863.webp 1536w, https:\/\/agoravape.com\/wp-content\/uploads\/2026\/01\/Bang-Leader-85k-85000-Puffs-Triple-Flavor-Vape-Three-Flavours-One-Device-Less-Hassle_Agora_vape-5-2048x1151.webp 2048w, https:\/\/agoravape.com\/wp-content\/uploads\/2026\/01\/Bang-Leader-85k-85000-Puffs-Triple-Flavor-Vape-Three-Flavours-One-Device-Less-Hassle_Agora_vape-5-18x10.webp 18w\" sizes=\"auto, (max-width: 2277px) 100vw, 2277px\" \/><\/h2>\n<h2 data-v-md-heading=\"what-is-the-special-feature-of-bang-leader-85k-85000-three-flavored-vapes\" data-v-md-line=\"3\"><img loading=\"lazy\" decoding=\"async\" class=\"size-full wp-image-24367 aligncenter\" src=\"https:\/\/agoravape.com\/wp-content\/uploads\/2026\/01\/Bang-Leader-85k-85000-Puffs-Triple-Flavor-Vape-Three-Flavours-One-Device-Less-Hassle_Agora_vape-16.webp\" alt=\"\" width=\"1280\" height=\"2491\" srcset=\"https:\/\/agoravape.com\/wp-content\/uploads\/2026\/01\/Bang-Leader-85k-85000-Puffs-Triple-Flavor-Vape-Three-Flavours-One-Device-Less-Hassle_Agora_vape-16.webp 1280w, https:\/\/agoravape.com\/wp-content\/uploads\/2026\/01\/Bang-Leader-85k-85000-Puffs-Triple-Flavor-Vape-Three-Flavours-One-Device-Less-Hassle_Agora_vape-16-1200x2335.webp 1200w, https:\/\/agoravape.com\/wp-content\/uploads\/2026\/01\/Bang-Leader-85k-85000-Puffs-Triple-Flavor-Vape-Three-Flavours-One-Device-Less-Hassle_Agora_vape-16-154x300.webp 154w, https:\/\/agoravape.com\/wp-content\/uploads\/2026\/01\/Bang-Leader-85k-85000-Puffs-Triple-Flavor-Vape-Three-Flavours-One-Device-Less-Hassle_Agora_vape-16-526x1024.webp 526w, https:\/\/agoravape.com\/wp-content\/uploads\/2026\/01\/Bang-Leader-85k-85000-Puffs-Triple-Flavor-Vape-Three-Flavours-One-Device-Less-Hassle_Agora_vape-16-768x1495.webp 768w, https:\/\/agoravape.com\/wp-content\/uploads\/2026\/01\/Bang-Leader-85k-85000-Puffs-Triple-Flavor-Vape-Three-Flavours-One-Device-Less-Hassle_Agora_vape-16-789x1536.webp 789w, https:\/\/agoravape.com\/wp-content\/uploads\/2026\/01\/Bang-Leader-85k-85000-Puffs-Triple-Flavor-Vape-Three-Flavours-One-Device-Less-Hassle_Agora_vape-16-1052x2048.webp 1052w, https:\/\/agoravape.com\/wp-content\/uploads\/2026\/01\/Bang-Leader-85k-85000-Puffs-Triple-Flavor-Vape-Three-Flavours-One-Device-Less-Hassle_Agora_vape-16-6x12.webp 6w\" sizes=\"auto, (max-width: 1280px) 100vw, 1280px\" \/><\/h2>\n<h2 data-v-md-heading=\"what-is-the-special-feature-of-bang-leader-85k-85000-three-flavored-vapes\" data-v-md-line=\"3\">\u00bfCu\u00e1l es la caracter\u00edstica especial de los vapes de tres sabores Bang Leader 85k 85000?<\/h2>\n<p data-v-md-line=\"5\">Si est\u00e1s cansado de comprar un vaporizador desechable nuevo cada pocos d\u00edas, el Bang Leader 85k es la soluci\u00f3n perfecta para tu paciencia. Este vaporizador desechable de alta potencia est\u00e1 dise\u00f1ado para ser duradero y resistente. Adem\u00e1s, incluye tres sabores en un solo dispositivo para que disfrutes m\u00e1s.<\/p>\n<p data-v-md-line=\"7\">Esto es lo que realmente importa. No tienes que limitarte a usar un solo sabor hasta que termines. \u00bfQuieres sabor a fruta ahora y sabor a burbujas despu\u00e9s? Puedes cambiar cuando quieras sin tener que llevar tres vaporizadores. Quiz\u00e1s pienses que un dispositivo de 85k ser\u00eda pesado como un ladrillo en el bolsillo, pero considerando su capacidad, su control de peso es bastante razonable.<\/p>\n<h2 data-v-md-heading=\"excellent-performance-and-easy-operation\" data-v-md-line=\"9\">Excelente rendimiento y f\u00e1cil operaci\u00f3n.<\/h2>\n<p data-v-md-line=\"11\">La filosof\u00eda de dise\u00f1o de Bang es la simplicidad: se activa inhalando, sin necesidad de botones ni men\u00fas engorrosos. Su n\u00facleo atomizador de malla de 1.0 \u03a9 integrado garantiza un sabor m\u00e1s estable y no pierde su sabor bruscamente despu\u00e9s de uno o dos d\u00edas como otros productos.<\/p>\n<p data-v-md-line=\"13\">Dado que los dispositivos de gran calibre requieren carga, est\u00e1 equipado con una interfaz de carga tipo C. Cuando la bater\u00eda est\u00e9 baja, simplemente use el mismo cable de datos con el que carga su tel\u00e9fono. F\u00e1cil de usar.<\/p>\n<h2 data-v-md-heading=\"quick-specifications\" data-v-md-line=\"15\">Especificaciones r\u00e1pidas<\/h2>\n<ul data-v-md-line=\"16\">\n<li>Frecuencia de fumado: hasta 85000 bocanadas<\/li>\n<li>Capacidad de la bater\u00eda: 850 mAh (bater\u00eda 17350)<\/li>\n<li>Atomizing core: 1.0 \u03a9 mesh atomizing core<\/li>\n<li>Uso: Inhalar para activar.<\/li>\n<li>Interfaz de carga: Tipo-C<\/li>\n<li>Status: Ready to use out of the box<\/li>\n<li>Otro: Admite personalizaci\u00f3n OEM\/ODM (aplicable a grandes mayoristas)<\/li>\n<\/ul>\n<h2 data-v-md-heading=\"complete-flavor-lineup\" data-v-md-line=\"24\">L\u00ednea completa de sabores<\/h2>\n<p data-v-md-line=\"26\">Cada uno de los siguientes sabores es una combinaci\u00f3n de tres en uno (un dispositivo contiene tres sabores):<\/p>\n<ul data-v-md-line=\"27\">\n<li>Hielo de uva \/ Fresa kiwi \/ Maracuy\u00e1 guayaba<\/li>\n<li>Chicle de fresa helada \/ lim\u00f3n y naranja \/ sand\u00eda<\/li>\n<li>Hielo de sand\u00eda \/ Mango y melocot\u00f3n \/ Refresco de naranja<\/li>\n<li>Hielo de pi\u00f1a \/ Red Bull de fresa \/ Frutos rojos mixtos<\/li>\n<li>Red Bull \/ Ar\u00e1ndanos, Sand\u00eda \/ Helado de Fresa<\/li>\n<li>Coca-Cola helada \/ Manzana y melocot\u00f3n \/ Limonada rosa<\/li>\n<li>Hielo de pl\u00e1tano \/ Sand\u00eda y fresa \/ Gomitas de oso<\/li>\n<li>Hielo de ar\u00e1ndanos \/ Frambuesa azul \/ Pera fragante<\/li>\n<li>Frutas mixtas \/ Mojito Melocot\u00f3n \/ Ar\u00e1ndano Frambuesa<\/li>\n<li>Drag\u00f3n Negro Hielo \/ Malvavisco \/ Sue\u00f1o de Verano<\/li>\n<li>Fresa Frambuesa \/ Grosella Negra \/ Fresa Pl\u00e1tano<\/li>\n<li>Sand\u00eda y fresa \/ Coca-Cola con cereza \/ Crema de fresa<\/li>\n<li>Hielo de manzana roja \/ Sand\u00eda frambuesa \/ Uva aloe<\/li>\n<li>Cereza Ar\u00e1ndano \/ Melocot\u00f3n Mango \/ Pi\u00f1a<\/li>\n<li>Amor 666 \/ Ar\u00e1ndano Frambuesa \/ Vimto<\/li>\n<\/ul>\n<h2 data-v-md-heading=\"for-you-and-your-business\" data-v-md-line=\"43\">For you and your business<\/h2>\n<p data-v-md-line=\"45\">Puedes comprar Bang Leader 85k para uso personal, pero tambi\u00e9n es un producto muy pr\u00e1ctico y de alta rotaci\u00f3n para tiendas. Los clientes prefieren una variedad de opciones, y el \"Triple Sabor\" es muy popular en el mostrador porque soluciona un problema pr\u00e1ctico: es f\u00e1cil aburrirse al usarlo.<\/p>\n<p data-v-md-line=\"47\">Para la venta al por mayor, estos productos se presentan en cajas de 200 unidades (dimensiones de la caja: 51,5 x 51,5 x 30,5 cm, peso total: 29 kg). Si necesita vender al por mayor, esta informaci\u00f3n de empaque le ayudar\u00e1 a planificar f\u00e1cilmente el almacenamiento y el transporte.<\/p>\n<h2 data-v-md-heading=\"the-reason-why-you-will-like-it\" data-v-md-line=\"49\">The reason why you will like it<\/h2>\n<ul data-v-md-line=\"50\">\n<li>Bater\u00eda de ultra larga duraci\u00f3n: mayor vida \u00fatil, sin necesidad de reemplazo frecuente<\/li>\n<li>Combinaci\u00f3n de triple sabor: No se requiere compra adicional para mantener la frescura<\/li>\n<li>Recargable (Tipo C): Aprovecha al m\u00e1ximo tus recursos<\/li>\n<li>N\u00facleo atomizador de malla: mantiene un sabor estable y no se aten\u00faa f\u00e1cilmente.<\/li>\n<\/ul>\n<h2 data-v-md-heading=\"why-choose-to-collaborate-with-agoravape\" data-v-md-line=\"55\">Why choose to collaborate with AgoraVape?<\/h2>\n<p data-v-md-line=\"57\">En AgoraVape, nos adherimos al principio de vender \u00fanicamente productos genuinos y nunca recurrir al fraude. Si compra para su tienda, le brindaremos respuestas directas, precios al por mayor altamente competitivos y un servicio de suministro confiable, incluyendo los vapeadores Bang Leader 85k 85000 de triple sabor.<\/p>\n<p><script src=\"chrome-extension:\/\/fpelahbljekknahkcaegamhcndkfpfnc\/iFrame.js\" type=\"text\/javascript\"><\/script><\/p>","protected":false},"excerpt":{"rendered":"<p>&nbsp;<\/p>\n<p><script src=\"chrome-extension:\/\/fpelahbljekknahkcaegamhcndkfpfnc\/iFrame.js\" type=\"text\/javascript\"><\/script><\/p>\n<p><script src=\"chrome-extension:\/\/fpelahbljekknahkcaegamhcndkfpfnc\/iFrame.js\" type=\"text\/javascript\"><\/script><\/p>\n<p><script src=\"chrome-extension:\/\/fpelahbljekknahkcaegamhcndkfpfnc\/iFrame.js\" type=\"text\/javascript\"><\/script><\/p>\n<p><script src=\"chrome-extension:\/\/fpelahbljekknahkcaegamhcndkfpfnc\/iFrame.js\" type=\"text\/javascript\"><\/script><\/p>","protected":false},"featured_media":24368,"comment_status":"open","ping_status":"closed","template":"","meta":[],"product_brand":[197],"product_cat":[124,187,185,188,189,123,174,175,193,191,179,173,186,180,190,192],"product_tag":[],"class_list":{"0":"post-24338","1":"product","2":"type-product","3":"status-publish","4":"has-post-thumbnail","6":"product_brand-bang","7":"product_cat-vape-by-brand","8":"product_cat-0mg-nicotine-free-vapes","9":"product_cat-10000-puffs-high-capacity","10":"product_cat-10mg-low-nicotine-vapes","11":"product_cat-20mg-standard-nicotine-vapes","12":"product_cat-bang","13":"product_cat-fruit-flavors","14":"product_cat-icy-mint","15":"product_cat-mesh-coil","16":"product_cat-rechargeable-disposables","17":"product_cat-unique-blends","18":"product_cat-vape-by-flavor-profile","19":"product_cat-vape-by-nicotine-strength","20":"product_cat-vape-by-puff-count","21":"product_cat-vape-by-feature-or-type","22":"product_cat-vapes-with-screens","24":"first","25":"instock","26":"shipping-taxable","27":"purchasable","28":"product-type-variable","29":"has-default-attributes"},"tiered_pricing_type":"percentage","tiered_pricing_fixed_rules":[],"tiered_pricing_product_settings":{"layout":"default","base_unit_name":{"singular":null,"plural":null},"default_variation":null},"tiered_pricing_minimum_quantity":10,"tiered_pricing_roles_data":[],"tiered_pricing_percentage_rules":{"30":"9","50":"17","100":"23","200":"26","500":"29","1000":"38"},"tiered_pricing_maximum_quantity":null,"tiered_pricing_quantity_step":"10","_links":{"self":[{"href":"https:\/\/agoravape.com\/es\/wp-json\/wp\/v2\/product\/24338","targetHints":{"allow":["GET"]}}],"collection":[{"href":"https:\/\/agoravape.com\/es\/wp-json\/wp\/v2\/product"}],"about":[{"href":"https:\/\/agoravape.com\/es\/wp-json\/wp\/v2\/types\/product"}],"replies":[{"embeddable":true,"href":"https:\/\/agoravape.com\/es\/wp-json\/wp\/v2\/comments?post=24338"}],"version-history":[{"count":0,"href":"https:\/\/agoravape.com\/es\/wp-json\/wp\/v2\/product\/24338\/revisions"}],"wp:featuredmedia":[{"embeddable":true,"href":"https:\/\/agoravape.com\/es\/wp-json\/wp\/v2\/media\/24368"}],"wp:attachment":[{"href":"https:\/\/agoravape.com\/es\/wp-json\/wp\/v2\/media?parent=24338"}],"wp:term":[{"taxonomy":"product_brand","embeddable":true,"href":"https:\/\/agoravape.com\/es\/wp-json\/wp\/v2\/product_brand?post=24338"},{"taxonomy":"product_cat","embeddable":true,"href":"https:\/\/agoravape.com\/es\/wp-json\/wp\/v2\/product_cat?post=24338"},{"taxonomy":"product_tag","embeddable":true,"href":"https:\/\/agoravape.com\/es\/wp-json\/wp\/v2\/product_tag?post=24338"}],"curies":[{"name":"wp","href":"https:\/\/api.w.org\/{rel}","templated":true}]}}