{"id":24374,"date":"2026-01-26T23:24:03","date_gmt":"2026-01-26T15:24:03","guid":{"rendered":"https:\/\/agoravape.com\/?post_type=product&#038;p=24374"},"modified":"2026-03-21T12:43:59","modified_gmt":"2026-03-21T11:43:59","slug":"bang-leader-100k-4en1-100000-bocanadas","status":"publish","type":"product","link":"https:\/\/agoravape.com\/es\/product\/bang-leader-100k-4in1-100000-puffs\/","title":{"rendered":"Bang Leader 100k 100000 inhalaciones 4 en 1 Multi Sabor | Cuatro sabores, un solo dispositivo, menos complicaciones"},"content":{"rendered":"<h2 data-v-md-heading=\"what-is-the-special-feature-of-bang-leader-100k-100000-mouth-4-in-1-multi-flavor\" data-v-md-line=\"3\"><img loading=\"lazy\" decoding=\"async\" class=\"aligncenter size-full wp-image-24401\" src=\"https:\/\/agoravape.com\/wp-content\/uploads\/2026\/01\/Bang-Leader-100k-100000-Puffs-4in1-Multi-Flavor-Four-Flavours-One-Device-Less-Hassle_Agora_vape-11-scaled.webp\" alt=\"\" width=\"1371\" height=\"2560\" srcset=\"https:\/\/agoravape.com\/wp-content\/uploads\/2026\/01\/Bang-Leader-100k-100000-Puffs-4in1-Multi-Flavor-Four-Flavours-One-Device-Less-Hassle_Agora_vape-11-scaled.webp 1371w, https:\/\/agoravape.com\/wp-content\/uploads\/2026\/01\/Bang-Leader-100k-100000-Puffs-4in1-Multi-Flavor-Four-Flavours-One-Device-Less-Hassle_Agora_vape-11-scaled-1200x2241.webp 1200w, https:\/\/agoravape.com\/wp-content\/uploads\/2026\/01\/Bang-Leader-100k-100000-Puffs-4in1-Multi-Flavor-Four-Flavours-One-Device-Less-Hassle_Agora_vape-11-161x300.webp 161w, https:\/\/agoravape.com\/wp-content\/uploads\/2026\/01\/Bang-Leader-100k-100000-Puffs-4in1-Multi-Flavor-Four-Flavours-One-Device-Less-Hassle_Agora_vape-11-548x1024.webp 548w, https:\/\/agoravape.com\/wp-content\/uploads\/2026\/01\/Bang-Leader-100k-100000-Puffs-4in1-Multi-Flavor-Four-Flavours-One-Device-Less-Hassle_Agora_vape-11-768x1434.webp 768w, https:\/\/agoravape.com\/wp-content\/uploads\/2026\/01\/Bang-Leader-100k-100000-Puffs-4in1-Multi-Flavor-Four-Flavours-One-Device-Less-Hassle_Agora_vape-11-823x1536.webp 823w, https:\/\/agoravape.com\/wp-content\/uploads\/2026\/01\/Bang-Leader-100k-100000-Puffs-4in1-Multi-Flavor-Four-Flavours-One-Device-Less-Hassle_Agora_vape-11-1097x2048.webp 1097w, https:\/\/agoravape.com\/wp-content\/uploads\/2026\/01\/Bang-Leader-100k-100000-Puffs-4in1-Multi-Flavor-Four-Flavours-One-Device-Less-Hassle_Agora_vape-11-6x12.webp 6w\" sizes=\"auto, (max-width: 1371px) 100vw, 1371px\" \/><\/h2>\n<h2 data-v-md-heading=\"what-is-the-special-feature-of-bang-leader-100k-100000-mouth-4-in-1-multi-flavor\" data-v-md-line=\"3\">\u00bfCu\u00e1l es la caracter\u00edstica especial de Bang Leader 100k 100000 boca 4 en 1 multi sabor?<\/h2>\n<p data-v-md-line=\"5\">Si est\u00e1s cansado de fumar solo un sabor todo el d\u00eda, este producto te facilitar\u00e1 la vida. Bang Leader 100k es un vaporizador desechable de gran capacidad que te permite experimentar cuatro sabores con un solo dispositivo, lo que te permite cambiar de sabor en cualquier momento y lugar, sin tener que llevar cartuchos de repuesto ni comprar varios vaporizadores diferentes para mantener la frescura.<\/p>\n<p data-v-md-line=\"7\">Algo m\u00e1s inesperado: Quiz\u00e1s pienses que un dispositivo con 100\u00a0000 puertos es demasiado pesado para llevarlo en el bolsillo, pero en realidad es muy f\u00e1cil de transportar. Este producto est\u00e1 dise\u00f1ado para quienes buscan durabilidad, facilidad de uso y quieren reducir la necesidad de comprar, tirar y volver a comprar.<\/p>\n<h2 data-v-md-heading=\"excellent-performance-and-easy-operation\" data-v-md-line=\"9\">Excelente rendimiento y f\u00e1cil operaci\u00f3n.<\/h2>\n<p data-v-md-line=\"11\">Su resistencia de malla de 1.0 \u03a9 integrada garantiza que el sabor se mantenga constante y no se deteriore r\u00e1pidamente como con otros vaporizadores. Cuando la bater\u00eda est\u00e9 baja, puedes usar la interfaz Tipo C para cargarla, la misma que la mayor\u00eda de la gente usa para cargar sus tel\u00e9fonos. No requiere un cargador especial y es muy c\u00f3modo de usar.<\/p>\n<h2 data-v-md-heading=\"quick-specifications\" data-v-md-line=\"13\">Especificaciones r\u00e1pidas<\/h2>\n<ul data-v-md-line=\"14\">\n<li>Frecuencia de fumado: hasta 100.000 bocanadas<\/li>\n<li>Contenido de nicotina: (no se indica expl\u00edcitamente en los datos del producto; cons\u00faltenos y le confirmaremos las opciones de inventario actuales)<\/li>\n<li>Uso: Inhalar para activar.<\/li>\n<li>M\u00e9todo de carga: Interfaz USB tipo C<\/li>\n<li>Capacidad de la bater\u00eda: 850 mAh (17350)<\/li>\n<li>Atomizing core: 1.0 \u03a9 mesh atomizing core<\/li>\n<li>Estado del producto: Listo para usar nada m\u00e1s sacarlo de la caja<\/li>\n<li>Peso unitario: 137,8 gramos<\/li>\n<\/ul>\n<h2 data-v-md-heading=\"complete-flavor-lineup\" data-v-md-line=\"23\">L\u00ednea completa de sabores<\/h2>\n<p data-v-md-line=\"25\">Al ser un vaporizador cuatro en uno, los sabores se ofrecen en cuatro combinaciones (los cuatro sabores est\u00e1n disponibles en el mismo dispositivo). Aqu\u00ed tienes algunas combinaciones confirmadas:<\/p>\n<ul data-v-md-line=\"26\">\n<li>Lim\u00f3n y lima \/ Hielo de sand\u00eda \/ Hielo de drag\u00f3n negro \/ Fresa de fruta del drag\u00f3n \/ Amor 666<\/li>\n<li>Vainilla Cola \/ Lim\u00f3n Melocot\u00f3n \/ Fresa Frambuesa Cereza Helado \/ Uva Helado<\/li>\n<li>Explosi\u00f3n de uva \/ Hielo de lichi \/ Melocot\u00f3n y bayas \/ Kiwi y maracuy\u00e1 y guayaba<\/li>\n<li>Hielo de Sand\u00eda \/ Hielo de Fresa y Mango \/ Hielo de Ar\u00e1ndanos \/ Hielo de Cereza con Gas<\/li>\n<li>Sand\u00eda y fresa \/ Cola de cereza \/ Hielo de melocot\u00f3n jugoso \/ Refresco de pomelo<\/li>\n<li>Lim\u00f3n y lima \/ Hielo de fresa \/ Frambuesa y sand\u00eda \/ Cereza con gas<\/li>\n<li>Limonada rosa \/ Kiwi, maracuy\u00e1, guayaba \/ Melocot\u00f3n, baya \/ Fresa, pl\u00e1tano<\/li>\n<li>Mango y fresa \/ Limonada de frambuesa azul \/ Helado de vainilla \/ Triple baya \u00e1cida<\/li>\n<li>Frutos rojos mixtos \/ Cereza y lim\u00f3n \/ Fresa y kiwi \/ Fresa y sand\u00eda Chicle<\/li>\n<li>Mojito \/ Mango Monstruoso \/ Lady Killer \/ Limonada Rosa<\/li>\n<\/ul>\n<h2 data-v-md-heading=\"suitable-for-you-and-your-business\" data-v-md-line=\"37\">Adecuado para usted y su negocio<\/h2>\n<p data-v-md-line=\"39\">Si lo usas para uso personal, puedes comprar Bang Leader 100k por separado. Si tienes una tienda f\u00edsica o vendes en l\u00ednea, la venta al por mayor tambi\u00e9n es una buena opci\u00f3n, ya que a los clientes les gusta el concepto de dise\u00f1o de \"un dispositivo, cuatro sabores\", lo que puede reducir la fatiga gustativa.<\/p>\n<p data-v-md-line=\"41\">Para la venta al por mayor, el embalaje admite 200 unidades por caja (tama\u00f1o de la caja: 51,5 \u00d7 51,5 \u00d7 30,5 cm, peso total: 30 kg). Colaboramos con rutas de env\u00edo fiables de la UE y con las principales empresas de transporte como DHL, DPD y UPS para garantizar que no tenga ning\u00fan problema en la aduana.<\/p>\n<h2 data-v-md-heading=\"reasons-why-you-will-like-it\" data-v-md-line=\"43\">Razones por las que te gustar\u00e1<\/h2>\n<ul data-v-md-line=\"44\">\n<li>Durable: bater\u00eda de larga duraci\u00f3n, sin necesidad de reemplazar los vaporizadores con frecuencia.<\/li>\n<li>Cuatro sabores: Cuando te canses de los sabores, puedes cambiarlos en cualquier momento.<\/li>\n<li>Interfaz de carga tipo C: conveniente para que pueda utilizar completamente el dispositivo y evitar su eliminaci\u00f3n prematura.<\/li>\n<li>N\u00facleo atomizador de malla: garantiza un sabor consistente.<\/li>\n<\/ul>\n<h2 data-v-md-heading=\"why-choose-agoravape\" data-v-md-line=\"49\">\u00bfPor qu\u00e9 elegir AgoraVape?<\/h2>\n<p data-v-md-line=\"51\">Nos basamos en la simplicidad: garantizamos productos 100 % genuinos, ofrecemos un servicio de atenci\u00f3n al cliente al por mayor conveniente y una log\u00edstica de entrega europea r\u00e1pida y fiable. Si desea distribuir la pasta dental Bang Leader 100k 4 en 1 Multi Sabor y desea que sus clientes la vuelvan a comprar gracias a su practicidad, cont\u00e1ctenos y coordinaremos el precio y el suministro.<\/p>\n<p><script src=\"chrome-extension:\/\/fpelahbljekknahkcaegamhcndkfpfnc\/iFrame.js\" type=\"text\/javascript\"><\/script><\/p>","protected":false},"excerpt":{"rendered":"<p>&nbsp;<\/p>\n<p><script src=\"chrome-extension:\/\/fpelahbljekknahkcaegamhcndkfpfnc\/iFrame.js\" type=\"text\/javascript\"><\/script><\/p>\n<p><script src=\"chrome-extension:\/\/fpelahbljekknahkcaegamhcndkfpfnc\/iFrame.js\" type=\"text\/javascript\"><\/script><\/p>\n<p><script src=\"chrome-extension:\/\/fpelahbljekknahkcaegamhcndkfpfnc\/iFrame.js\" type=\"text\/javascript\"><\/script><\/p>\n<p><script src=\"chrome-extension:\/\/fpelahbljekknahkcaegamhcndkfpfnc\/iFrame.js\" type=\"text\/javascript\"><\/script><\/p>\n<p><script src=\"chrome-extension:\/\/fpelahbljekknahkcaegamhcndkfpfnc\/iFrame.js\" type=\"text\/javascript\"><\/script><\/p>","protected":false},"featured_media":24400,"comment_status":"open","ping_status":"closed","template":"","meta":[],"product_brand":[197],"product_cat":[124,187,185,188,189,123,1674,174,175,193,191,179,173,186,180,190,192],"product_tag":[],"class_list":{"0":"post-24374","1":"product","2":"type-product","3":"status-publish","4":"has-post-thumbnail","6":"product_brand-bang","7":"product_cat-vape-by-brand","8":"product_cat-0mg-nicotine-free-vapes","9":"product_cat-10000-puffs-high-capacity","10":"product_cat-10mg-low-nicotine-vapes","11":"product_cat-20mg-standard-nicotine-vapes","12":"product_cat-bang","13":"product_cat-eu-warehouse","14":"product_cat-fruit-flavors","15":"product_cat-icy-mint","16":"product_cat-mesh-coil","17":"product_cat-rechargeable-disposables","18":"product_cat-unique-blends","19":"product_cat-vape-by-flavor-profile","20":"product_cat-vape-by-nicotine-strength","21":"product_cat-vape-by-puff-count","22":"product_cat-vape-by-feature-or-type","23":"product_cat-vapes-with-screens","25":"first","26":"instock","27":"shipping-taxable","28":"purchasable","29":"product-type-variable","30":"has-default-attributes"},"tiered_pricing_type":"percentage","tiered_pricing_fixed_rules":[],"tiered_pricing_product_settings":{"layout":"default","base_unit_name":{"singular":null,"plural":null},"default_variation":null},"tiered_pricing_minimum_quantity":10,"tiered_pricing_roles_data":[],"tiered_pricing_percentage_rules":{"30":"9","50":"17","100":"23","200":"25","500":"28","1000":"33"},"tiered_pricing_maximum_quantity":null,"tiered_pricing_quantity_step":"10","_links":{"self":[{"href":"https:\/\/agoravape.com\/es\/wp-json\/wp\/v2\/product\/24374","targetHints":{"allow":["GET"]}}],"collection":[{"href":"https:\/\/agoravape.com\/es\/wp-json\/wp\/v2\/product"}],"about":[{"href":"https:\/\/agoravape.com\/es\/wp-json\/wp\/v2\/types\/product"}],"replies":[{"embeddable":true,"href":"https:\/\/agoravape.com\/es\/wp-json\/wp\/v2\/comments?post=24374"}],"version-history":[{"count":0,"href":"https:\/\/agoravape.com\/es\/wp-json\/wp\/v2\/product\/24374\/revisions"}],"wp:featuredmedia":[{"embeddable":true,"href":"https:\/\/agoravape.com\/es\/wp-json\/wp\/v2\/media\/24400"}],"wp:attachment":[{"href":"https:\/\/agoravape.com\/es\/wp-json\/wp\/v2\/media?parent=24374"}],"wp:term":[{"taxonomy":"product_brand","embeddable":true,"href":"https:\/\/agoravape.com\/es\/wp-json\/wp\/v2\/product_brand?post=24374"},{"taxonomy":"product_cat","embeddable":true,"href":"https:\/\/agoravape.com\/es\/wp-json\/wp\/v2\/product_cat?post=24374"},{"taxonomy":"product_tag","embeddable":true,"href":"https:\/\/agoravape.com\/es\/wp-json\/wp\/v2\/product_tag?post=24374"}],"curies":[{"name":"wp","href":"https:\/\/api.w.org\/{rel}","templated":true}]}}