{"id":24466,"date":"2026-01-27T00:02:54","date_gmt":"2026-01-26T16:02:54","guid":{"rendered":"https:\/\/agoravape.com\/?post_type=product&#038;p=24466"},"modified":"2026-02-22T15:14:07","modified_gmt":"2026-02-22T14:14:07","slug":"bang-legend-140k-140000-bocanadas","status":"publish","type":"product","link":"https:\/\/agoravape.com\/es\/product\/bang-legend-140k-140000-puffs\/","title":{"rendered":"Bang Legend 140k, 140.000 caladas, vaporizador Triple Mix | Tres sabores en uno, duradero. Env\u00edo a la UE."},"content":{"rendered":"<h2 data-v-md-heading=\"what-is-special-about-bang-legend-140k-140000-triple-flavored-vapes\" data-v-md-line=\"3\"><img loading=\"lazy\" decoding=\"async\" class=\"aligncenter size-full wp-image-24491\" src=\"https:\/\/agoravape.com\/wp-content\/uploads\/2026\/01\/Bang-Legend-140k-140000-Puffs-Triple-Mix-Vape-Three-Flavours-in-One-Built-to-Last_Agora_vape-12-scaled.webp\" alt=\"\" width=\"1595\" height=\"2560\" srcset=\"https:\/\/agoravape.com\/wp-content\/uploads\/2026\/01\/Bang-Legend-140k-140000-Puffs-Triple-Mix-Vape-Three-Flavours-in-One-Built-to-Last_Agora_vape-12-scaled.webp 1595w, https:\/\/agoravape.com\/wp-content\/uploads\/2026\/01\/Bang-Legend-140k-140000-Puffs-Triple-Mix-Vape-Three-Flavours-in-One-Built-to-Last_Agora_vape-12-scaled-1200x1926.webp 1200w, https:\/\/agoravape.com\/wp-content\/uploads\/2026\/01\/Bang-Legend-140k-140000-Puffs-Triple-Mix-Vape-Three-Flavours-in-One-Built-to-Last_Agora_vape-12-187x300.webp 187w, https:\/\/agoravape.com\/wp-content\/uploads\/2026\/01\/Bang-Legend-140k-140000-Puffs-Triple-Mix-Vape-Three-Flavours-in-One-Built-to-Last_Agora_vape-12-638x1024.webp 638w, https:\/\/agoravape.com\/wp-content\/uploads\/2026\/01\/Bang-Legend-140k-140000-Puffs-Triple-Mix-Vape-Three-Flavours-in-One-Built-to-Last_Agora_vape-12-768x1233.webp 768w, https:\/\/agoravape.com\/wp-content\/uploads\/2026\/01\/Bang-Legend-140k-140000-Puffs-Triple-Mix-Vape-Three-Flavours-in-One-Built-to-Last_Agora_vape-12-957x1536.webp 957w, https:\/\/agoravape.com\/wp-content\/uploads\/2026\/01\/Bang-Legend-140k-140000-Puffs-Triple-Mix-Vape-Three-Flavours-in-One-Built-to-Last_Agora_vape-12-1276x2048.webp 1276w, https:\/\/agoravape.com\/wp-content\/uploads\/2026\/01\/Bang-Legend-140k-140000-Puffs-Triple-Mix-Vape-Three-Flavours-in-One-Built-to-Last_Agora_vape-12-7x12.webp 7w\" sizes=\"auto, (max-width: 1595px) 100vw, 1595px\" \/><\/h2>\n<h2 data-v-md-heading=\"what-is-special-about-bang-legend-140k-140000-triple-flavored-vapes\" data-v-md-line=\"3\">\u00bfQu\u00e9 tienen de especial los vapes de triple sabor Bang Legend 140K 140000?<\/h2>\n<p data-v-md-line=\"5\">Si est\u00e1s cansado de esos vapeos que solo duran un par de d\u00edas y luego se vuelven aburridos, entonces vale la pena probar este producto. El Bang Legend 140K est\u00e1 dise\u00f1ado para un uso prolongado, con una bater\u00eda de larga duraci\u00f3n de hasta 140\u00a0000 unidades y triple sabor para mantenerte fresco en todo momento.<\/p>\n<p data-v-md-line=\"7\">Quiz\u00e1s pienses que vapear tantas bocanadas es demasiado pesado. Pero en realidad, su control de peso es excelente y su dise\u00f1o es simple: reduce la necesidad de reemplazar el dispositivo, simplemente t\u00f3malo y sigue disfrutando de una experiencia de fumar suave.<\/p>\n<h2 data-v-md-heading=\"excellent-performance-and-easy-operation\" data-v-md-line=\"9\">Excelente rendimiento y f\u00e1cil operaci\u00f3n.<\/h2>\n<p data-v-md-line=\"11\">La filosof\u00eda de dise\u00f1o de Bang es concisa y clara. Este producto est\u00e1 equipado con un n\u00facleo atomizador de malla de 1.0 \u03a9, clave para mantener un sabor estable y evitar que se deteriore r\u00e1pidamente. Y como es recargable (interfaz tipo C), no tendr\u00e1s que preocuparte por quedarte sin bater\u00eda. Para cargarlo, simplemente usa el cable de datos que usas habitualmente para cargar tu tel\u00e9fono. \u00a1Listo!<\/p>\n<h2 data-v-md-heading=\"quick-specifications\" data-v-md-line=\"13\">Especificaciones r\u00e1pidas<\/h2>\n<ul data-v-md-line=\"14\">\n<li>Frecuencia de tabaquismo: hasta 140.000<\/li>\n<li>Bater\u00eda: 550 mAh (recargable)<\/li>\n<li>Atomizing core: 1.0 \u03a9 mesh atomizing core<\/li>\n<li>Uso: Activaci\u00f3n por inhalaci\u00f3n<\/li>\n<li>M\u00e9todo de carga: interfaz USB tipo C<\/li>\n<li>Status: Ready to use out of the box<\/li>\n<li>Peso: 110 gramos<\/li>\n<\/ul>\n<h2 data-v-md-heading=\"complete-flavor-lineup\" data-v-md-line=\"22\">L\u00ednea completa de sabores<\/h2>\n<p data-v-md-line=\"24\">Cada sabor es una mezcla triple de tres sabores:<\/p>\n<ul data-v-md-line=\"25\">\n<li>Helado de sand\u00eda \/ Lichi de fresa \/ Ositos de goma<\/li>\n<li>Helado de melocot\u00f3n \/ Sand\u00eda y ar\u00e1ndano \/ Helado de fresa y lim\u00f3n<\/li>\n<li>Hielo de uva \/ Mango y fresa \/ Frutos rojos mixtos<\/li>\n<li>Helado de ar\u00e1ndanos \/ Melocot\u00f3n, mango y sand\u00eda \/ Love66<\/li>\n<li>Ar\u00e1ndano Frambuesa \/ Kiwi Maracuy\u00e1 Guayaba \/ Pi\u00f1a Coco<\/li>\n<li>Fresa Sand\u00eda \/ Ar\u00e1ndano Melocot\u00f3n \/ Grosella Negra Pi\u00f1a Hielo<\/li>\n<li>Fresa Kiwi \/ Sand\u00eda Chicle \/ Ar\u00e1ndano Cereza<\/li>\n<li>Hielo de Drag\u00f3n Negro \/ Mamba de Fresa \/ Uva Frambuesa<\/li>\n<li>Mango Melocot\u00f3n \/ Ar\u00e1ndano Red Bull \/ Manzana Uva<\/li>\n<li>Triple Mango \/ Frambuesa Lim\u00f3n \/ Ar\u00e1ndano Uva<\/li>\n<li>Lim\u00f3n Lima \/ Aloe Mango Mel\u00f3n \/ Sand\u00eda Fruta del drag\u00f3n<\/li>\n<li>Helado de pl\u00e1tano \/ Helado de fresa \/ Helado de sand\u00eda y bayas<\/li>\n<\/ul>\n<h2 data-v-md-heading=\"for-you-and-your-business\" data-v-md-line=\"38\">For you and your business<\/h2>\n<p data-v-md-line=\"40\">Puedes comprar Bang Legend 140K por separado, pero si lo compras para una tienda f\u00edsica o en l\u00ednea, necesitar\u00e1s un embalaje de cart\u00f3n. Puedes elegir 100 unidades por caja o, si necesitas mayor capacidad, 200 unidades por caja.<\/p>\n<p data-v-md-line=\"42\">Brindamos servicios de entrega con derechos pagados (DDP) en toda Europa a trav\u00e9s de socios confiables como UPS, DPD y DHL, lo que le permite operar su negocio sin preocuparse por tarifas aduaneras inesperadas.<\/p>\n<p data-v-md-line=\"44\">Opciones de embalaje de cart\u00f3n (aplicables a la planificaci\u00f3n empresarial B2B):<\/p>\n<ul data-v-md-line=\"45\">\n<li>100 piezas: 12 kg -65 \u00d7 33,2 \u00d7 15,3 cm<\/li>\n<li>200 piezas: 24 kg -65 \u00d7 33,2 \u00d7 28,8 cm<\/li>\n<\/ul>\n<h2 data-v-md-heading=\"the-reason-why-you-will-like-it\" data-v-md-line=\"48\">The reason why you will like it<\/h2>\n<ul data-v-md-line=\"49\">\n<li>Llenado a granel: le permite continuar us\u00e1ndolo durante un per\u00edodo de tiempo m\u00e1s largo, reduce la cantidad de tiempos de reposici\u00f3n y ahorra tiempo y esfuerzo. -Triple Sabores Mixtos: Un dispositivo que evita que se aburra demasiado r\u00e1pido.<\/li>\n<li>Recargable (Tipo C): Aprovecha todo al m\u00e1ximo.<\/li>\n<li>N\u00facleo atomizador de malla: proporciona un sabor estable y puro durante mucho tiempo.<\/li>\n<\/ul>\n<h2 data-v-md-heading=\"why-choose-to-collaborate-with-agoravape\" data-v-md-line=\"53\">Why choose to collaborate with AgoraVape?<\/h2>\n<p data-v-md-line=\"55\">Solo vendemos productos 100% genuinos, sin lotes de origen desconocido y con una cadena de suministro estable y confiable. Si es un comprador corporativo, le ofrecemos precios al por mayor altamente competitivos, soporte t\u00e9cnico integral y servicios de entrega r\u00e1pidos y confiables para que pueda comprar f\u00e1cilmente los vapeadores Bang Legend 140k 140000 con triple sabor. \u00bfDesea vender productos que los clientes vuelvan a comprar? Cont\u00e1ctenos y estaremos encantados de atenderle.<\/p>\n<p><script src=\"chrome-extension:\/\/fpelahbljekknahkcaegamhcndkfpfnc\/iFrame.js\" type=\"text\/javascript\"><\/script><\/p>\n<p><script src=\"chrome-extension:\/\/fpelahbljekknahkcaegamhcndkfpfnc\/iFrame.js\" type=\"text\/javascript\"><\/script><\/p>","protected":false},"excerpt":{"rendered":"<p>&nbsp;<\/p>\n<p><script src=\"chrome-extension:\/\/fpelahbljekknahkcaegamhcndkfpfnc\/iFrame.js\" type=\"text\/javascript\"><\/script><\/p>\n<p><script src=\"chrome-extension:\/\/fpelahbljekknahkcaegamhcndkfpfnc\/iFrame.js\" type=\"text\/javascript\"><\/script><\/p>\n<p><script src=\"chrome-extension:\/\/fpelahbljekknahkcaegamhcndkfpfnc\/iFrame.js\" type=\"text\/javascript\"><\/script><\/p>\n<p><script src=\"chrome-extension:\/\/fpelahbljekknahkcaegamhcndkfpfnc\/iFrame.js\" type=\"text\/javascript\"><\/script><\/p>\n<p><script src=\"chrome-extension:\/\/fpelahbljekknahkcaegamhcndkfpfnc\/iFrame.js\" type=\"text\/javascript\"><\/script><\/p>\n<p><script src=\"chrome-extension:\/\/fpelahbljekknahkcaegamhcndkfpfnc\/iFrame.js\" type=\"text\/javascript\"><\/script><\/p>\n<p><script src=\"chrome-extension:\/\/fpelahbljekknahkcaegamhcndkfpfnc\/iFrame.js\" type=\"text\/javascript\"><\/script><\/p>\n<p><script src=\"chrome-extension:\/\/fpelahbljekknahkcaegamhcndkfpfnc\/iFrame.js\" type=\"text\/javascript\"><\/script><\/p>\n<p><script src=\"chrome-extension:\/\/fpelahbljekknahkcaegamhcndkfpfnc\/iFrame.js\" type=\"text\/javascript\"><\/script><\/p>\n<p><script src=\"chrome-extension:\/\/fpelahbljekknahkcaegamhcndkfpfnc\/iFrame.js\" type=\"text\/javascript\"><\/script><\/p>","protected":false},"featured_media":24490,"comment_status":"open","ping_status":"closed","template":"","meta":[],"product_brand":[197],"product_cat":[124,187,185,188,189,123,1674,174,175,193,191,179,173,186,180,190,192],"product_tag":[],"class_list":{"0":"post-24466","1":"product","2":"type-product","3":"status-publish","4":"has-post-thumbnail","6":"product_brand-bang","7":"product_cat-vape-by-brand","8":"product_cat-0mg-nicotine-free-vapes","9":"product_cat-10000-puffs-high-capacity","10":"product_cat-10mg-low-nicotine-vapes","11":"product_cat-20mg-standard-nicotine-vapes","12":"product_cat-bang","13":"product_cat-eu-warehouse","14":"product_cat-fruit-flavors","15":"product_cat-icy-mint","16":"product_cat-mesh-coil","17":"product_cat-rechargeable-disposables","18":"product_cat-unique-blends","19":"product_cat-vape-by-flavor-profile","20":"product_cat-vape-by-nicotine-strength","21":"product_cat-vape-by-puff-count","22":"product_cat-vape-by-feature-or-type","23":"product_cat-vapes-with-screens","25":"first","26":"instock","27":"shipping-taxable","28":"purchasable","29":"product-type-variable","30":"has-default-attributes"},"tiered_pricing_type":"percentage","tiered_pricing_fixed_rules":[],"tiered_pricing_product_settings":{"layout":"default","base_unit_name":{"singular":null,"plural":null},"default_variation":null},"tiered_pricing_minimum_quantity":10,"tiered_pricing_roles_data":[],"tiered_pricing_percentage_rules":{"30":"5","50":"8","100":"10","200":"14","500":"18","1000":"40"},"tiered_pricing_maximum_quantity":null,"tiered_pricing_quantity_step":"10","_links":{"self":[{"href":"https:\/\/agoravape.com\/es\/wp-json\/wp\/v2\/product\/24466","targetHints":{"allow":["GET"]}}],"collection":[{"href":"https:\/\/agoravape.com\/es\/wp-json\/wp\/v2\/product"}],"about":[{"href":"https:\/\/agoravape.com\/es\/wp-json\/wp\/v2\/types\/product"}],"replies":[{"embeddable":true,"href":"https:\/\/agoravape.com\/es\/wp-json\/wp\/v2\/comments?post=24466"}],"version-history":[{"count":0,"href":"https:\/\/agoravape.com\/es\/wp-json\/wp\/v2\/product\/24466\/revisions"}],"wp:featuredmedia":[{"embeddable":true,"href":"https:\/\/agoravape.com\/es\/wp-json\/wp\/v2\/media\/24490"}],"wp:attachment":[{"href":"https:\/\/agoravape.com\/es\/wp-json\/wp\/v2\/media?parent=24466"}],"wp:term":[{"taxonomy":"product_brand","embeddable":true,"href":"https:\/\/agoravape.com\/es\/wp-json\/wp\/v2\/product_brand?post=24466"},{"taxonomy":"product_cat","embeddable":true,"href":"https:\/\/agoravape.com\/es\/wp-json\/wp\/v2\/product_cat?post=24466"},{"taxonomy":"product_tag","embeddable":true,"href":"https:\/\/agoravape.com\/es\/wp-json\/wp\/v2\/product_tag?post=24466"}],"curies":[{"name":"wp","href":"https:\/\/api.w.org\/{rel}","templated":true}]}}