{"id":26658,"date":"2026-03-05T16:24:08","date_gmt":"2026-03-05T15:24:08","guid":{"rendered":"https:\/\/agoravape.com\/?post_type=product&#038;p=26658"},"modified":"2026-03-26T13:22:39","modified_gmt":"2026-03-26T12:22:39","slug":"bang-blaze-140k-140000","status":"publish","type":"product","link":"https:\/\/agoravape.com\/es\/product\/bang-blaze-140k-140000\/","title":{"rendered":"BANG Blaze 140K | Incre\u00edbles bocanadas, sabor inigualable"},"content":{"rendered":"<h2 data-v-md-heading=\"what-are-the-special-features-of-bang-blaze-140k-140000-disposable-vapes-with-mesh-coils\" data-v-md-line=\"3\">\u00bfCu\u00e1les son las caracter\u00edsticas especiales de los vapes desechables BANG Blaze 140K 140000 con resistencias de malla?<\/h2>\n<p data-v-md-line=\"5\">\u00bfSigues preocupado por tener que cambiar constantemente tus vaporizadores de corta duraci\u00f3n? Es hora de probar el vaporizador desechable BANG Blaze 140K, realmente duradero y resistente. Este potente vaporizador est\u00e1 dise\u00f1ado para usuarios habituales que buscan el m\u00e1ximo rendimiento y un sabor inigualable. En otras palabras, si buscas un vaporizador tan resistente y duradero como un maratonista, est\u00e1s en el lugar indicado.<\/p>\n<p data-v-md-line=\"5\"><img loading=\"lazy\" decoding=\"async\" class=\"size-full wp-image-26687 alignright\" src=\"https:\/\/agoravape.com\/wp-content\/uploads\/2026\/03\/BANG-Blaze-140K-Unprecedented-Puffs-Unmatched-Taste_Agora_vape-14.webp\" alt=\"\" width=\"247\" height=\"247\" srcset=\"https:\/\/agoravape.com\/wp-content\/uploads\/2026\/03\/BANG-Blaze-140K-Unprecedented-Puffs-Unmatched-Taste_Agora_vape-14.webp 247w, https:\/\/agoravape.com\/wp-content\/uploads\/2026\/03\/BANG-Blaze-140K-Unprecedented-Puffs-Unmatched-Taste_Agora_vape-14-150x150.webp 150w, https:\/\/agoravape.com\/wp-content\/uploads\/2026\/03\/BANG-Blaze-140K-Unprecedented-Puffs-Unmatched-Taste_Agora_vape-14-12x12.webp 12w\" sizes=\"auto, (max-width: 247px) 100vw, 247px\" \/><\/p>\n<h2 data-v-md-heading=\"excellent-performance-simple-and-easy-to-use\" data-v-md-line=\"7\">Excelente rendimiento, simple y f\u00e1cil de usar.<\/h2>\n<p data-v-md-line=\"9\">El BANG Blaze 140K utiliza una resistencia de malla de 1.0 \u03a9 para garantizar un sabor consistente y rico en cada bocado, brind\u00e1ndote una experiencia de sabor sin precedentes. Si la bater\u00eda empieza a agotarse, no te preocupes. Simplemente usa la interfaz Tipo C para cargar, que probablemente sea la misma que usas para cargar tu tel\u00e9fono. Todo sali\u00f3 a la perfecci\u00f3n y el sabor intenso perdur\u00f3.<\/p>\n<h2 data-v-md-heading=\"quick-specifications\" data-v-md-line=\"11\">Especificaciones r\u00e1pidas<\/h2>\n<ul data-v-md-line=\"12\">\n<li>Frecuencia de fumado: hasta 140.000 bocanadas<\/li>\n<li>Contenido de nicotina: M\u00faltiples opciones interesantes, a\u00fan no reveladas en su totalidad<\/li>\n<li>Uso: Simplemente inhale para activar.<\/li>\n<li>M\u00e9todo de carga: conveniente interfaz USB tipo C<\/li>\n<li>Status: Ready to use out of the box<\/li>\n<\/ul>\n<h2 data-v-md-heading=\"complete-flavor-lineup\" data-v-md-line=\"18\">L\u00ednea completa de sabores<\/h2>\n<ol data-v-md-line=\"19\">\n<li>Helado de sand\u00eda \/ Lichi de fresa \/ Ositos de goma<\/li>\n<li>Helado de melocot\u00f3n \/ Sand\u00eda y ar\u00e1ndano \/ Helado de fresa y lim\u00f3n<\/li>\n<li>Hielo de uva \/ Mango y fresa \/ Frutos rojos mixtos<\/li>\n<li>Helado de ar\u00e1ndanos \/ Melocot\u00f3n, mango y sand\u00eda \/ Love66<\/li>\n<li>Ar\u00e1ndano Frambuesa \/ Kiwi Maracuy\u00e1 Guayaba \/ Pi\u00f1a Coco<\/li>\n<li>Fresa Sand\u00eda \/ Ar\u00e1ndano Melocot\u00f3n \/ Grosella Negra Pi\u00f1a Hielo<\/li>\n<li>Fresa Kiwi \/ Sand\u00eda Chicle \/ Ar\u00e1ndano Cereza<\/li>\n<li>Hielo de Drag\u00f3n Negro \/ Mamba de Fresa \/ Uva Frambuesa<\/li>\n<li>Mango Melocot\u00f3n \/ Ar\u00e1ndano Red Bull \/ Manzana Uva<\/li>\n<li>Triple Mango \/ Frambuesa Lim\u00f3n \/ Ar\u00e1ndano Uva<\/li>\n<li>Lim\u00f3n Lima \/ Aloe Mango Mel\u00f3n \/ Sand\u00eda Fruta del drag\u00f3n<\/li>\n<li>Helado de pl\u00e1tano \/ Helado de fresa \/ Helado de sand\u00eda y bayas<\/li>\n<\/ol>\n<h2 data-v-md-heading=\"tailored-for-you-and-your-business\" data-v-md-line=\"32\">Dise\u00f1ado para usted y su negocio<\/h2>\n<p data-v-md-line=\"34\">Ya sea para uso personal o para abastecer su tienda de vapeo, el BANG Blaze 140K puede satisfacer todas sus necesidades. Este dispositivo se puede comprar por separado o al por mayor, y la cantidad suficiente es suficiente para el crecimiento pr\u00f3spero de su negocio. Adem\u00e1s, ofrecemos servicios de env\u00edo con derechos pagados (DDP) y colaboramos con empresas de mensajer\u00eda de confianza como UPS, DPD y DHL. Olv\u00eddese de los tr\u00e1mites aduaneros: todo se realiza sin problemas.<\/p>\n<h2 data-v-md-heading=\"the-reason-why-you-will-like-it\" data-v-md-line=\"36\">The reason why you will like it<\/h2>\n<ul data-v-md-line=\"37\">\n<li>Duradero: duradero y de larga duraci\u00f3n, no es necesario visitar con frecuencia las tiendas de vapeo.<\/li>\n<li>Selecci\u00f3n de nicotina: Concentraci\u00f3n de nicotina cuidadosamente seleccionada para satisfacer diversas necesidades, desde usuarios principiantes hasta experimentados.<\/li>\n<li>Recargable: Aseg\u00farate de aprovechar al m\u00e1ximo tu dinero; cada bocado vale la pena. \u00bfNo es una opci\u00f3n con una excelente relaci\u00f3n calidad-precio?<\/li>\n<li>Atomizador de malla: Cada bocado ofrece un sabor consistente, rico y tentador. Solo prob\u00e1ndolo en persona se puede creer en su exquisitez.<\/li>\n<\/ul>\n<h2 data-v-md-heading=\"why-choose-to-collaborate-with-agoravape\" data-v-md-line=\"42\">Why choose to collaborate with AgoraVape?<\/h2>\n<p data-v-md-line=\"44\">AgoraVape es conocido por su garant\u00eda de producto genuino. Al colaborar con nosotros, puede estar seguro de que todo lo que ofrecemos es 100% genuino. Ofrecemos precios al por mayor altamente competitivos, atenci\u00f3n al cliente profesional y una log\u00edstica de entrega r\u00e1pida y confiable, superando siempre sus expectativas. Al elegir el vaporizador desechable BANG Blaze 140K con n\u00facleo atomizador de malla bucal de 140000, no solo vende un producto, sino tambi\u00e9n una opci\u00f3n confiable. A sus clientes les encantar\u00e1. \u00a1Cont\u00e1ctenos de inmediato y comience su camino al \u00e9xito!<\/p>\n<p><script src=\"chrome-extension:\/\/fpelahbljekknahkcaegamhcndkfpfnc\/iFrame.js\" type=\"text\/javascript\"><\/script><\/p>\n<p><script src=\"chrome-extension:\/\/fpelahbljekknahkcaegamhcndkfpfnc\/iFrame.js\" type=\"text\/javascript\"><\/script><\/p>\n<p><script src=\"chrome-extension:\/\/fpelahbljekknahkcaegamhcndkfpfnc\/iFrame.js\" type=\"text\/javascript\"><\/script><\/p>\n<p><script src=\"chrome-extension:\/\/fpelahbljekknahkcaegamhcndkfpfnc\/iFrame.js\" type=\"text\/javascript\"><\/script><\/p>\n<p><script src=\"chrome-extension:\/\/fpelahbljekknahkcaegamhcndkfpfnc\/iFrame.js\" type=\"text\/javascript\"><\/script><\/p>\n<p><script src=\"chrome-extension:\/\/fpelahbljekknahkcaegamhcndkfpfnc\/iFrame.js\" type=\"text\/javascript\"><\/script><\/p>\n<p><script src=\"chrome-extension:\/\/fpelahbljekknahkcaegamhcndkfpfnc\/iFrame.js\" type=\"text\/javascript\"><\/script><\/p>","protected":false},"excerpt":{"rendered":"<p>&nbsp;<\/p>\n<p><script src=\"chrome-extension:\/\/fpelahbljekknahkcaegamhcndkfpfnc\/iFrame.js\" type=\"text\/javascript\"><\/script><\/p>\n<p><script src=\"chrome-extension:\/\/fpelahbljekknahkcaegamhcndkfpfnc\/iFrame.js\" type=\"text\/javascript\"><\/script><\/p>\n<p><script src=\"chrome-extension:\/\/fpelahbljekknahkcaegamhcndkfpfnc\/iFrame.js\" type=\"text\/javascript\"><\/script><\/p>\n<p><script src=\"chrome-extension:\/\/fpelahbljekknahkcaegamhcndkfpfnc\/iFrame.js\" type=\"text\/javascript\"><\/script><\/p>\n<p><script src=\"chrome-extension:\/\/fpelahbljekknahkcaegamhcndkfpfnc\/iFrame.js\" type=\"text\/javascript\"><\/script><\/p>\n<p><script src=\"chrome-extension:\/\/fpelahbljekknahkcaegamhcndkfpfnc\/iFrame.js\" type=\"text\/javascript\"><\/script><\/p>\n<p><script src=\"chrome-extension:\/\/fpelahbljekknahkcaegamhcndkfpfnc\/iFrame.js\" type=\"text\/javascript\"><\/script><\/p>\n<p><script src=\"chrome-extension:\/\/fpelahbljekknahkcaegamhcndkfpfnc\/iFrame.js\" type=\"text\/javascript\"><\/script><\/p>\n<p><script src=\"chrome-extension:\/\/fpelahbljekknahkcaegamhcndkfpfnc\/iFrame.js\" type=\"text\/javascript\"><\/script><\/p>\n<p><script src=\"chrome-extension:\/\/fpelahbljekknahkcaegamhcndkfpfnc\/iFrame.js\" type=\"text\/javascript\"><\/script><\/p>\n<p><script src=\"chrome-extension:\/\/fpelahbljekknahkcaegamhcndkfpfnc\/iFrame.js\" type=\"text\/javascript\"><\/script><\/p>\n<p><script src=\"chrome-extension:\/\/fpelahbljekknahkcaegamhcndkfpfnc\/iFrame.js\" type=\"text\/javascript\"><\/script><\/p>\n<p><script src=\"chrome-extension:\/\/fpelahbljekknahkcaegamhcndkfpfnc\/iFrame.js\" type=\"text\/javascript\"><\/script><\/p>\n<p><script src=\"chrome-extension:\/\/fpelahbljekknahkcaegamhcndkfpfnc\/iFrame.js\" type=\"text\/javascript\"><\/script><\/p>\n<p><script src=\"chrome-extension:\/\/fpelahbljekknahkcaegamhcndkfpfnc\/iFrame.js\" type=\"text\/javascript\"><\/script><\/p>\n<p><script src=\"chrome-extension:\/\/fpelahbljekknahkcaegamhcndkfpfnc\/iFrame.js\" type=\"text\/javascript\"><\/script><\/p>\n<p><script src=\"chrome-extension:\/\/fpelahbljekknahkcaegamhcndkfpfnc\/iFrame.js\" type=\"text\/javascript\"><\/script><\/p>\n<p><script src=\"chrome-extension:\/\/fpelahbljekknahkcaegamhcndkfpfnc\/iFrame.js\" type=\"text\/javascript\"><\/script><\/p>\n<p><script src=\"chrome-extension:\/\/fpelahbljekknahkcaegamhcndkfpfnc\/iFrame.js\" type=\"text\/javascript\"><\/script><\/p>\n<p><script src=\"chrome-extension:\/\/fpelahbljekknahkcaegamhcndkfpfnc\/iFrame.js\" type=\"text\/javascript\"><\/script><\/p>\n<p><script src=\"chrome-extension:\/\/fpelahbljekknahkcaegamhcndkfpfnc\/iFrame.js\" type=\"text\/javascript\"><\/script><\/p>\n<p><script src=\"chrome-extension:\/\/fpelahbljekknahkcaegamhcndkfpfnc\/iFrame.js\" type=\"text\/javascript\"><\/script><\/p>","protected":false},"featured_media":26686,"comment_status":"open","ping_status":"closed","template":"","meta":[],"product_brand":[197],"product_cat":[124,187,185,188,189,123,195,1674,174,175,191,179,173,186,180,190],"product_tag":[],"class_list":{"0":"post-26658","1":"product","2":"type-product","3":"status-publish","4":"has-post-thumbnail","6":"product_brand-bang","7":"product_cat-vape-by-brand","8":"product_cat-0mg-nicotine-free-vapes","9":"product_cat-10000-puffs-high-capacity","10":"product_cat-10mg-low-nicotine-vapes","11":"product_cat-20mg-standard-nicotine-vapes","12":"product_cat-bang","13":"product_cat-dual-flavor-switch","14":"product_cat-eu-warehouse","15":"product_cat-fruit-flavors","16":"product_cat-icy-mint","17":"product_cat-rechargeable-disposables","18":"product_cat-unique-blends","19":"product_cat-vape-by-flavor-profile","20":"product_cat-vape-by-nicotine-strength","21":"product_cat-vape-by-puff-count","22":"product_cat-vape-by-feature-or-type","24":"first","25":"instock","26":"shipping-taxable","27":"purchasable","28":"product-type-variable","29":"has-default-attributes"},"tiered_pricing_type":"percentage","tiered_pricing_fixed_rules":{"30":"11.55","60":"9.84","100":"8.13","200":"7.27","1000":"6.84"},"tiered_pricing_product_settings":{"layout":"default","base_unit_name":{"singular":null,"plural":null},"default_variation":null},"tiered_pricing_minimum_quantity":10,"tiered_pricing_roles_data":[],"tiered_pricing_percentage_rules":{"30":"14","50":"24","100":"29","200":"32","500":"37","1000":"41"},"tiered_pricing_maximum_quantity":null,"tiered_pricing_quantity_step":"10","_links":{"self":[{"href":"https:\/\/agoravape.com\/es\/wp-json\/wp\/v2\/product\/26658","targetHints":{"allow":["GET"]}}],"collection":[{"href":"https:\/\/agoravape.com\/es\/wp-json\/wp\/v2\/product"}],"about":[{"href":"https:\/\/agoravape.com\/es\/wp-json\/wp\/v2\/types\/product"}],"replies":[{"embeddable":true,"href":"https:\/\/agoravape.com\/es\/wp-json\/wp\/v2\/comments?post=26658"}],"version-history":[{"count":0,"href":"https:\/\/agoravape.com\/es\/wp-json\/wp\/v2\/product\/26658\/revisions"}],"wp:featuredmedia":[{"embeddable":true,"href":"https:\/\/agoravape.com\/es\/wp-json\/wp\/v2\/media\/26686"}],"wp:attachment":[{"href":"https:\/\/agoravape.com\/es\/wp-json\/wp\/v2\/media?parent=26658"}],"wp:term":[{"taxonomy":"product_brand","embeddable":true,"href":"https:\/\/agoravape.com\/es\/wp-json\/wp\/v2\/product_brand?post=26658"},{"taxonomy":"product_cat","embeddable":true,"href":"https:\/\/agoravape.com\/es\/wp-json\/wp\/v2\/product_cat?post=26658"},{"taxonomy":"product_tag","embeddable":true,"href":"https:\/\/agoravape.com\/es\/wp-json\/wp\/v2\/product_tag?post=26658"}],"curies":[{"name":"wp","href":"https:\/\/api.w.org\/{rel}","templated":true}]}}