{"id":26772,"date":"2026-03-06T03:05:12","date_gmt":"2026-03-06T02:05:12","guid":{"rendered":"https:\/\/agoravape.com\/?post_type=product&#038;p=26772"},"modified":"2026-03-26T13:22:38","modified_gmt":"2026-03-26T12:22:38","slug":"bang-king-8in1-200k-200000","status":"publish","type":"product","link":"https:\/\/agoravape.com\/es\/product\/bang-king-8in1-200k-200000\/","title":{"rendered":"BANG King 8IN1 200K | A Symphony of Flavours in a Single Device"},"content":{"rendered":"<h2 data-v-md-heading=\"introduction-to-bang-king-8in1-200k-200000-mesh-coil-disposable-vape\" data-v-md-line=\"3\"><img loading=\"lazy\" decoding=\"async\" class=\"aligncenter size-full wp-image-26787\" src=\"https:\/\/agoravape.com\/wp-content\/uploads\/2026\/03\/BANG-King-8IN1-200K-A-Symphony-of-Flavours-in-a-Single-Device_Agora_vape-2-scaled.webp\" alt=\"\" width=\"2560\" height=\"1439\" srcset=\"https:\/\/agoravape.com\/wp-content\/uploads\/2026\/03\/BANG-King-8IN1-200K-A-Symphony-of-Flavours-in-a-Single-Device_Agora_vape-2-scaled.webp 2560w, https:\/\/agoravape.com\/wp-content\/uploads\/2026\/03\/BANG-King-8IN1-200K-A-Symphony-of-Flavours-in-a-Single-Device_Agora_vape-2-300x169.webp 300w, https:\/\/agoravape.com\/wp-content\/uploads\/2026\/03\/BANG-King-8IN1-200K-A-Symphony-of-Flavours-in-a-Single-Device_Agora_vape-2-1024x576.webp 1024w, https:\/\/agoravape.com\/wp-content\/uploads\/2026\/03\/BANG-King-8IN1-200K-A-Symphony-of-Flavours-in-a-Single-Device_Agora_vape-2-768x432.webp 768w, https:\/\/agoravape.com\/wp-content\/uploads\/2026\/03\/BANG-King-8IN1-200K-A-Symphony-of-Flavours-in-a-Single-Device_Agora_vape-2-1536x864.webp 1536w, https:\/\/agoravape.com\/wp-content\/uploads\/2026\/03\/BANG-King-8IN1-200K-A-Symphony-of-Flavours-in-a-Single-Device_Agora_vape-2-2048x1152.webp 2048w, https:\/\/agoravape.com\/wp-content\/uploads\/2026\/03\/BANG-King-8IN1-200K-A-Symphony-of-Flavours-in-a-Single-Device_Agora_vape-2-18x10.webp 18w, https:\/\/agoravape.com\/wp-content\/uploads\/2026\/03\/BANG-King-8IN1-200K-A-Symphony-of-Flavours-in-a-Single-Device_Agora_vape-2-1200x675.webp 1200w\" sizes=\"auto, (max-width: 2560px) 100vw, 2560px\" \/><\/h2>\n<h2 data-v-md-heading=\"introduction-to-bang-king-8in1-200k-200000-mesh-coil-disposable-vape\" data-v-md-line=\"3\"><img loading=\"lazy\" decoding=\"async\" class=\"aligncenter size-full wp-image-26786\" src=\"https:\/\/agoravape.com\/wp-content\/uploads\/2026\/03\/BANG-King-8IN1-200K-A-Symphony-of-Flavours-in-a-Single-Device_Agora_vape-1.webp\" alt=\"\" width=\"1920\" height=\"1152\" srcset=\"https:\/\/agoravape.com\/wp-content\/uploads\/2026\/03\/BANG-King-8IN1-200K-A-Symphony-of-Flavours-in-a-Single-Device_Agora_vape-1.webp 1920w, https:\/\/agoravape.com\/wp-content\/uploads\/2026\/03\/BANG-King-8IN1-200K-A-Symphony-of-Flavours-in-a-Single-Device_Agora_vape-1-300x180.webp 300w, https:\/\/agoravape.com\/wp-content\/uploads\/2026\/03\/BANG-King-8IN1-200K-A-Symphony-of-Flavours-in-a-Single-Device_Agora_vape-1-1024x614.webp 1024w, https:\/\/agoravape.com\/wp-content\/uploads\/2026\/03\/BANG-King-8IN1-200K-A-Symphony-of-Flavours-in-a-Single-Device_Agora_vape-1-768x461.webp 768w, https:\/\/agoravape.com\/wp-content\/uploads\/2026\/03\/BANG-King-8IN1-200K-A-Symphony-of-Flavours-in-a-Single-Device_Agora_vape-1-1536x922.webp 1536w, https:\/\/agoravape.com\/wp-content\/uploads\/2026\/03\/BANG-King-8IN1-200K-A-Symphony-of-Flavours-in-a-Single-Device_Agora_vape-1-18x12.webp 18w, https:\/\/agoravape.com\/wp-content\/uploads\/2026\/03\/BANG-King-8IN1-200K-A-Symphony-of-Flavours-in-a-Single-Device_Agora_vape-1-1200x720.webp 1200w\" sizes=\"auto, (max-width: 1920px) 100vw, 1920px\" \/><\/h2>\n<h2 data-v-md-heading=\"introduction-to-bang-king-8in1-200k-200000-mesh-coil-disposable-vape\" data-v-md-line=\"3\"><img loading=\"lazy\" decoding=\"async\" class=\"aligncenter size-full wp-image-26800\" src=\"https:\/\/agoravape.com\/wp-content\/uploads\/2026\/03\/BANG-King-8IN1-200K-A-Symphony-of-Flavours-in-a-Single-Device_Agora_vape-15-scaled.webp\" alt=\"\" width=\"1595\" height=\"2560\" srcset=\"https:\/\/agoravape.com\/wp-content\/uploads\/2026\/03\/BANG-King-8IN1-200K-A-Symphony-of-Flavours-in-a-Single-Device_Agora_vape-15-scaled.webp 1595w, https:\/\/agoravape.com\/wp-content\/uploads\/2026\/03\/BANG-King-8IN1-200K-A-Symphony-of-Flavours-in-a-Single-Device_Agora_vape-15-187x300.webp 187w, https:\/\/agoravape.com\/wp-content\/uploads\/2026\/03\/BANG-King-8IN1-200K-A-Symphony-of-Flavours-in-a-Single-Device_Agora_vape-15-638x1024.webp 638w, https:\/\/agoravape.com\/wp-content\/uploads\/2026\/03\/BANG-King-8IN1-200K-A-Symphony-of-Flavours-in-a-Single-Device_Agora_vape-15-768x1233.webp 768w, https:\/\/agoravape.com\/wp-content\/uploads\/2026\/03\/BANG-King-8IN1-200K-A-Symphony-of-Flavours-in-a-Single-Device_Agora_vape-15-957x1536.webp 957w, https:\/\/agoravape.com\/wp-content\/uploads\/2026\/03\/BANG-King-8IN1-200K-A-Symphony-of-Flavours-in-a-Single-Device_Agora_vape-15-1276x2048.webp 1276w, https:\/\/agoravape.com\/wp-content\/uploads\/2026\/03\/BANG-King-8IN1-200K-A-Symphony-of-Flavours-in-a-Single-Device_Agora_vape-15-7x12.webp 7w, https:\/\/agoravape.com\/wp-content\/uploads\/2026\/03\/BANG-King-8IN1-200K-A-Symphony-of-Flavours-in-a-Single-Device_Agora_vape-15-1200x1926.webp 1200w\" sizes=\"auto, (max-width: 1595px) 100vw, 1595px\" \/><\/h2>\n<h2 data-v-md-heading=\"introduction-to-bang-king-8in1-200k-200000-mesh-coil-disposable-vape\" data-v-md-line=\"3\">Introduction to BANG King 8IN1 200K 200000 Mesh Coil Disposable Vape<\/h2>\n<p data-v-md-line=\"5\">Imagine being caught between strawberry mango and peach watermelon flavors, experiencing the amazing 200000 bite experience brought by BANG King 8IN1 200K. That\u2019s right, this vape is durable, not only has a long battery life, but also has up to 12 sets of 4 flavor combinations, easy to switch, and stunning. Specially designed for vape enthusiasts who pursue diverse experiences and brands who want to leave a lasting impression on customers, this vape is a must-have for you to carry or place on shelves.<\/p>\n<h2 data-v-md-heading=\"excellent-performance-easy-to-use\" data-v-md-line=\"7\">Excellent performance, easy to use<\/h2>\n<p data-v-md-line=\"9\">The BANG King 8IN1 200K is equipped with a 650mAh battery and efficiently charged through a Type-C interface. Its 1.0 \u03a9 mesh atomizing core ensures clear, smooth, and consistent inhalation every time. It is easy and convenient to use, and charging is also super convenient. It can be used right out of the box.<\/p>\n<h2 data-v-md-heading=\"product-highlights\" data-v-md-line=\"11\">Product Highlights<\/h2>\n<ul data-v-md-line=\"12\">\n<li>Up to 200000 servings: This is not just a number, but also a journey for you to experience delicious food.<\/li>\n<li>Nicotine concentration selection: Your experience, your preference. This device can adjust the nicotine concentration according to your needs.<\/li>\n<li>Easy to use: Simply activate by inhaling, it\u2019s that simple.<\/li>\n<li>Charging: Use the Type-C USB port that you may be charging your phone to quickly and conveniently charge it.<\/li>\n<li>Status: Ready to use, enjoy right out of the box.<\/li>\n<\/ul>\n<h2 data-v-md-heading=\"taste-journey\" data-v-md-line=\"18\">Taste Journey<\/h2>\n<p data-v-md-line=\"20\">Experience the thrilling journey brought by the following tempting flavor combinations:<\/p>\n<ul data-v-md-line=\"21\">\n<li>Blue Razz Ice \/ Peach Ice \/ Grape Ice \/ Mango Ice<\/li>\n<li>Peach Mango Watermelon \/ Red Bull \/ Strawberry Red Bull \/ Strawberry Kiwi<\/li>\n<li>Strawberry Mango \/ Strawberry Ice Cream \/ Banana Ice \/ Strawberry Lychee<\/li>\n<li>Double Apple \/ Mango Peach \/ Strawberry Watermelon \/ Strawberry Vanilla Coke<\/li>\n<li>Black Dragon Ice \/ Love 66 \/ Mr Blue \/ Strawberry Lemonade<\/li>\n<li>Kiwi Passion Fruit Guava \/ Gummy Bear \/ Rainbow Candy \/ Cotton Candy<\/li>\n<li>Watermelon Ice \/ Lemon &amp; Mint \/ Strawberry Ice \/ Blue Razz Cherry<\/li>\n<li>Triple Berry \/ Tropical Fruit \/ Strawberry Banana \/ Pink Lemonade<\/li>\n<li>Triple Melon \/ Blueberry Ice \/ Cherry Bomb \/ Pineapple Coconut<\/li>\n<li>Watermelon Bubblegum \/ Blueberries Raspberries \/ Raspberry Watermelon \/ Watermelon Blueberry<\/li>\n<li>Cool Mint \/ Peach Cherry \/ Peach Berry Lemon \/ Kiwi Watermelon Ice<\/li>\n<li>Fizzy Lemon &amp; Lime \/ Apple Mojito \/ Pineapple Ice \/ Cola Ice<\/li>\n<\/ul>\n<h2 data-v-md-heading=\"personal-and-commercial-use\" data-v-md-line=\"34\">Personal and commercial use<\/h2>\n<p data-v-md-line=\"36\">El vaporizador desechable BANG King 8 en 1 con 200.000 resistencias de malla es una excelente opci\u00f3n para usuarios individuales, pero \u00bfsab\u00edas que tambi\u00e9n es apto para uso comercial? Cada caja contiene 120 unidades, con un pr\u00e1ctico embalaje y env\u00edo directo, lo que satisface las necesidades de pedidos al por mayor. Adem\u00e1s, colaboramos con socios reconocidos como UPS, DPD y DHL para ofrecer servicios de env\u00edo DDP confiables despu\u00e9s de impuestos, para que no tengas que preocuparte por problemas aduaneros inesperados.<\/p>\n<h2 data-v-md-heading=\"advantages-that-you-will-enjoy\" data-v-md-line=\"38\">Ventajas que disfrutar\u00e1s<\/h2>\n<ul data-v-md-line=\"39\">\n<li>Duradero y de larga duraci\u00f3n: con una duraci\u00f3n de bater\u00eda de 200000 unidades, no necesita recargar su e-l\u00edquido con frecuencia.<\/li>\n<li>Varias concentraciones de nicotina para elegir: elija la concentraci\u00f3n de nicotina que se adapte a sus preferencias personales.<\/li>\n<li>Recargable: El dise\u00f1o recargable te permite utilizar todo el e-l\u00edquido que compres.<\/li>\n<li>Sabor rico: gracias al n\u00facleo atomizador de malla, siempre podr\u00e1 experimentar un sabor rico y consistente en todo momento.<\/li>\n<\/ul>\n<h2 data-v-md-heading=\"collaborate-with-agoravape\" data-v-md-line=\"44\">Colabora con AgoraVape<\/h2>\n<p data-v-md-line=\"46\">Somos uno de los principales distribuidores de vaporizadores de Europa y ofrecemos productos 100 % genuinos. Elige el vaporizador desechable BANG King 8IN1 200K con resistencia de malla de 200.000 puertos y disfruta de excelentes precios al por mayor, un servicio de atenci\u00f3n al cliente exclusivo y entregas r\u00e1pidas y fiables. Enamora a tus clientes y crea un producto que los vuelva locos. Cr\u00e9enos, sin duda apreciar\u00e1n tu elecci\u00f3n. \u00a1Cont\u00e1ctanos de inmediato!<\/p>\n<p><script src=\"chrome-extension:\/\/fpelahbljekknahkcaegamhcndkfpfnc\/iFrame.js\" type=\"text\/javascript\"><\/script><\/p>","protected":false},"excerpt":{"rendered":"<p>&nbsp;<\/p>\n<p><script src=\"chrome-extension:\/\/fpelahbljekknahkcaegamhcndkfpfnc\/iFrame.js\" type=\"text\/javascript\"><\/script><\/p>\n<p><script src=\"chrome-extension:\/\/fpelahbljekknahkcaegamhcndkfpfnc\/iFrame.js\" type=\"text\/javascript\"><\/script><\/p>\n<p><script src=\"chrome-extension:\/\/fpelahbljekknahkcaegamhcndkfpfnc\/iFrame.js\" type=\"text\/javascript\"><\/script><\/p>\n<p><script src=\"chrome-extension:\/\/fpelahbljekknahkcaegamhcndkfpfnc\/iFrame.js\" type=\"text\/javascript\"><\/script><\/p>\n<p><script src=\"chrome-extension:\/\/fpelahbljekknahkcaegamhcndkfpfnc\/iFrame.js\" type=\"text\/javascript\"><\/script><\/p>\n<p><script src=\"chrome-extension:\/\/fpelahbljekknahkcaegamhcndkfpfnc\/iFrame.js\" type=\"text\/javascript\"><\/script><\/p>\n<p><script src=\"chrome-extension:\/\/fpelahbljekknahkcaegamhcndkfpfnc\/iFrame.js\" type=\"text\/javascript\"><\/script><\/p>\n<p><script src=\"chrome-extension:\/\/fpelahbljekknahkcaegamhcndkfpfnc\/iFrame.js\" type=\"text\/javascript\"><\/script><\/p>\n<p><script src=\"chrome-extension:\/\/fpelahbljekknahkcaegamhcndkfpfnc\/iFrame.js\" type=\"text\/javascript\"><\/script><\/p>\n<p><script src=\"chrome-extension:\/\/fpelahbljekknahkcaegamhcndkfpfnc\/iFrame.js\" type=\"text\/javascript\"><\/script><\/p>\n<p><script src=\"chrome-extension:\/\/fpelahbljekknahkcaegamhcndkfpfnc\/iFrame.js\" type=\"text\/javascript\"><\/script><\/p>\n<p><script src=\"chrome-extension:\/\/fpelahbljekknahkcaegamhcndkfpfnc\/iFrame.js\" type=\"text\/javascript\"><\/script><\/p>","protected":false},"featured_media":26798,"comment_status":"open","ping_status":"closed","template":"","meta":[],"product_brand":[231,197],"product_cat":[124,187,185,188,189,123,158,195,174,175,193,191,179,173,186,180,190,192],"product_tag":[],"class_list":{"0":"post-26772","1":"product","2":"type-product","3":"status-publish","4":"has-post-thumbnail","6":"product_brand-bang-box","7":"product_brand-bang","8":"product_cat-vape-by-brand","9":"product_cat-0mg-nicotine-free-vapes","10":"product_cat-10000-puffs-high-capacity","11":"product_cat-10mg-low-nicotine-vapes","12":"product_cat-20mg-standard-nicotine-vapes","13":"product_cat-bang","14":"product_cat-bang-box","15":"product_cat-dual-flavor-switch","16":"product_cat-fruit-flavors","17":"product_cat-icy-mint","18":"product_cat-mesh-coil","19":"product_cat-rechargeable-disposables","20":"product_cat-unique-blends","21":"product_cat-vape-by-flavor-profile","22":"product_cat-vape-by-nicotine-strength","23":"product_cat-vape-by-puff-count","24":"product_cat-vape-by-feature-or-type","25":"product_cat-vapes-with-screens","27":"first","28":"instock","29":"shipping-taxable","30":"purchasable","31":"product-type-variable","32":"has-default-attributes"},"tiered_pricing_type":"percentage","tiered_pricing_fixed_rules":[],"tiered_pricing_product_settings":{"layout":"default","base_unit_name":{"singular":null,"plural":null},"default_variation":null},"tiered_pricing_minimum_quantity":10,"tiered_pricing_roles_data":[],"tiered_pricing_percentage_rules":{"30":"29","50":"34","100":"40","200":"44","500":"47","1000":"49"},"tiered_pricing_maximum_quantity":null,"tiered_pricing_quantity_step":"10","_links":{"self":[{"href":"https:\/\/agoravape.com\/es\/wp-json\/wp\/v2\/product\/26772","targetHints":{"allow":["GET"]}}],"collection":[{"href":"https:\/\/agoravape.com\/es\/wp-json\/wp\/v2\/product"}],"about":[{"href":"https:\/\/agoravape.com\/es\/wp-json\/wp\/v2\/types\/product"}],"replies":[{"embeddable":true,"href":"https:\/\/agoravape.com\/es\/wp-json\/wp\/v2\/comments?post=26772"}],"version-history":[{"count":0,"href":"https:\/\/agoravape.com\/es\/wp-json\/wp\/v2\/product\/26772\/revisions"}],"wp:featuredmedia":[{"embeddable":true,"href":"https:\/\/agoravape.com\/es\/wp-json\/wp\/v2\/media\/26798"}],"wp:attachment":[{"href":"https:\/\/agoravape.com\/es\/wp-json\/wp\/v2\/media?parent=26772"}],"wp:term":[{"taxonomy":"product_brand","embeddable":true,"href":"https:\/\/agoravape.com\/es\/wp-json\/wp\/v2\/product_brand?post=26772"},{"taxonomy":"product_cat","embeddable":true,"href":"https:\/\/agoravape.com\/es\/wp-json\/wp\/v2\/product_cat?post=26772"},{"taxonomy":"product_tag","embeddable":true,"href":"https:\/\/agoravape.com\/es\/wp-json\/wp\/v2\/product_tag?post=26772"}],"curies":[{"name":"wp","href":"https:\/\/api.w.org\/{rel}","templated":true}]}}