{"id":27251,"date":"2026-03-08T06:52:24","date_gmt":"2026-03-08T05:52:24","guid":{"rendered":"https:\/\/agoravape.com\/?post_type=product&#038;p=27251"},"modified":"2026-03-26T13:22:39","modified_gmt":"2026-03-26T12:22:39","slug":"bang-king-250k-250000","status":"publish","type":"product","link":"https:\/\/agoravape.com\/es\/product\/bang-king-250k-250000\/","title":{"rendered":"BANG King 250K 250000 Puffs 4in1 Mesh Coil Disposable Vape | Four Flavours, One Device That Actually Lasts"},"content":{"rendered":"<h2 data-v-md-heading=\"what-is-the-special-feature-of-bang-king-250k-250000-mouth-4-in-1-mesh-coil-disposable-vape\" data-v-md-line=\"3\"><img loading=\"lazy\" decoding=\"async\" class=\"size-full wp-image-27275 alignright\" src=\"https:\/\/agoravape.com\/wp-content\/uploads\/2026\/03\/BANG-King-250K-250000-Puffs-4in1-Mesh-Coil-Disposable-Vape-Four-Flavours-One-Device-That-Actually-Lasts_Agora_vape-11-scaled.webp\" alt=\"\" width=\"1032\" height=\"2560\" srcset=\"https:\/\/agoravape.com\/wp-content\/uploads\/2026\/03\/BANG-King-250K-250000-Puffs-4in1-Mesh-Coil-Disposable-Vape-Four-Flavours-One-Device-That-Actually-Lasts_Agora_vape-11-scaled.webp 1032w, https:\/\/agoravape.com\/wp-content\/uploads\/2026\/03\/BANG-King-250K-250000-Puffs-4in1-Mesh-Coil-Disposable-Vape-Four-Flavours-One-Device-That-Actually-Lasts_Agora_vape-11-121x300.webp 121w, https:\/\/agoravape.com\/wp-content\/uploads\/2026\/03\/BANG-King-250K-250000-Puffs-4in1-Mesh-Coil-Disposable-Vape-Four-Flavours-One-Device-That-Actually-Lasts_Agora_vape-11-413x1024.webp 413w, https:\/\/agoravape.com\/wp-content\/uploads\/2026\/03\/BANG-King-250K-250000-Puffs-4in1-Mesh-Coil-Disposable-Vape-Four-Flavours-One-Device-That-Actually-Lasts_Agora_vape-11-768x1904.webp 768w, https:\/\/agoravape.com\/wp-content\/uploads\/2026\/03\/BANG-King-250K-250000-Puffs-4in1-Mesh-Coil-Disposable-Vape-Four-Flavours-One-Device-That-Actually-Lasts_Agora_vape-11-619x1536.webp 619w, https:\/\/agoravape.com\/wp-content\/uploads\/2026\/03\/BANG-King-250K-250000-Puffs-4in1-Mesh-Coil-Disposable-Vape-Four-Flavours-One-Device-That-Actually-Lasts_Agora_vape-11-826x2048.webp 826w, https:\/\/agoravape.com\/wp-content\/uploads\/2026\/03\/BANG-King-250K-250000-Puffs-4in1-Mesh-Coil-Disposable-Vape-Four-Flavours-One-Device-That-Actually-Lasts_Agora_vape-11-5x12.webp 5w, https:\/\/agoravape.com\/wp-content\/uploads\/2026\/03\/BANG-King-250K-250000-Puffs-4in1-Mesh-Coil-Disposable-Vape-Four-Flavours-One-Device-That-Actually-Lasts_Agora_vape-11-1200x2976.webp 1200w\" sizes=\"auto, (max-width: 1032px) 100vw, 1032px\" \/><\/h2>\n<h2 data-v-md-heading=\"what-is-the-special-feature-of-bang-king-250k-250000-mouth-4-in-1-mesh-coil-disposable-vape\" data-v-md-line=\"3\">What is the special feature of BANG King 250K 250000 mouth 4-in-1 mesh coil disposable vape?<\/h2>\n<p data-v-md-line=\"5\">If you\u2019re tired of those vapes that run out of battery soon, then you must take a look at this one. The BANG King 250K is not an ordinary disposable vape that exaggerates but fails to fulfill its promises. It is designed specifically for users who pursue reliability, do not require frequent replacement, and can truly achieve its amazing 250000 port battery life.<\/p>\n<p data-v-md-line=\"7\">You may think this is impossible. you \u2018re right. But the key is that this device is equipped with four independent 15ml e-liquid compartments, each with its own mesh coil. A total of 60 milliliters of e-liquid, that\u2019s why it has such a large capacity. Whether you are a heavy user or a backup e-liquid user who prefers long-lasting battery life, this product is perfect for those who just want to easily enjoy the delicious vape experience.<\/p>\n<h2 data-v-md-heading=\"excellent-performance-and-easy-operation\" data-v-md-line=\"9\">Excelente rendimiento y f\u00e1cil operaci\u00f3n.<\/h2>\n<p data-v-md-line=\"11\">El secreto de este producto reside en su n\u00facleo atomizador de malla. Las cuatro c\u00e1maras de atomizaci\u00f3n est\u00e1n equipadas con n\u00facleos de malla independientes de 1.0 \u03a9, lo que significa que cada bocado es tan delicioso como el primero. No sentir\u00e1 un sabor a quemado ni se volver\u00e1 m\u00e1s ligero a la mitad. Puede cambiar entre cuatro sabores diferentes en cualquier momento y el dispositivo funciona sin problemas. Cuando la bater\u00eda de 650 mAh est\u00e9 baja, solo necesita usar el cable de datos tipo C que puede usar para cargar su tel\u00e9fono. Muy pr\u00e1ctico.<\/p>\n<p data-v-md-line=\"13\">Quiz\u00e1s pienses que tener tantos vaporizadores ser\u00eda voluminoso e inc\u00f3modo de llevar. Pero te sorprender\u00e1 su ligereza. Con solo 130 gramos, cabe f\u00e1cilmente en tu bolsillo sin ninguna molestia. Ah\u00ed reside su belleza.<\/p>\n<h2 data-v-md-heading=\"quick-specifications\" data-v-md-line=\"15\">Especificaciones r\u00e1pidas<\/h2>\n<ul data-v-md-line=\"16\">\n<li>N\u00famero de puertos: hasta 250000 puertos<\/li>\n<li>Capacidad de e-l\u00edquido: Capacidad total 60 ml (4 compartimentos de e-l\u00edquido de 15 ml)<\/li>\n<li>Sistema de bobinas: 4 bobinas de malla de 1,0 \u03a9<\/li>\n<li>Battery: 650mAh rechargeable battery<\/li>\n<li>M\u00e9todo de carga: Interfaz USB tipo C<\/li>\n<li>Peso: 130g<\/li>\n<li>M\u00e9todo de activaci\u00f3n: Activaci\u00f3n por inhalaci\u00f3n (simplemente inhalar)<\/li>\n<li>Status: Ready to use out of the box<\/li>\n<\/ul>\n<h2 data-v-md-heading=\"complete-flavor-lineup\" data-v-md-line=\"25\">L\u00ednea completa de sabores<\/h2>\n<p data-v-md-line=\"27\">Puede elegir entre 10 combinaciones de sabores diferentes, cada una con cuatro sabores diferentes en un solo dispositivo:<\/p>\n<ul data-v-md-line=\"28\">\n<li>Lemon Lime \/ Watermelon Ice \/ Black Ice Dragon Fruit Strawberry \/ Love66<\/li>\n<li>Lim\u00f3n y lima \/ Hielo de fresa \/ Frambuesa y sand\u00eda \/ Cereza con gas<\/li>\n<li>Vainilla Cola \/ Lim\u00f3n Melocot\u00f3n \/ Fresa Frambuesa Cereza Helado \/ Uva Helado<\/li>\n<li>Limonada rosa \/ Kiwi, maracuy\u00e1, guayaba \/ Melocot\u00f3n, baya \/ Fresa, pl\u00e1tano<\/li>\n<li>Explosi\u00f3n de uva \/ Hielo de lichi \/ Melocot\u00f3n y bayas \/ Kiwi y maracuy\u00e1 y guayaba<\/li>\n<li>Mango y fresa \/ Limonada de frambuesa azul \/ Helado de vainilla \/ Triple baya \u00e1cida<\/li>\n<li>Hielo de Sand\u00eda \/ Hielo de Fresa y Mango \/ Hielo de Ar\u00e1ndanos \/ Hielo de Cereza con Gas<\/li>\n<li>Frutos rojos mixtos \/ Cereza y lim\u00f3n \/ Fresa y kiwi \/ Fresa y sand\u00eda Chicle<\/li>\n<li>Sand\u00eda y fresa \/ Cola de cereza \/ Hielo de melocot\u00f3n jugoso \/ Refresco de pomelo<\/li>\n<li>Mojito \/ Mango Monstruoso \/ Lady Killer \/ Limonada Rosa<\/li>\n<\/ul>\n<h2 data-v-md-heading=\"tailored-for-you-and-your-business\" data-v-md-line=\"39\">Dise\u00f1ado para usted y su negocio<\/h2>\n<p data-v-md-line=\"41\">Hemos lanzado un solo art\u00edculo de BANG King 250K para que lo compres. Si tienes un negocio, tambi\u00e9n puedes comprarlo al por mayor. Se vende en paquetes de 200 unidades por caja, ideal para tiendas que buscan productos especiales.<\/p>\n<p data-v-md-line=\"43\">Para los compradores europeos, los siguientes puntos son cruciales: colaboramos con socios de confianza como UPS, DPD y DHL para ofrecer servicios de env\u00edo con IVA incluido. No tendr\u00e1 que preocuparse por aranceles aduaneros adicionales ni gastos inesperados. Su pedido se entregar\u00e1 en un plazo de 10 a 15 d\u00edas y podr\u00e1 realizar un seguimiento durante todo el proceso. Solo vendemos productos 100 % genuinos que han sido rigurosamente verificados. Esta tranquilidad es mucho m\u00e1s valiosa que comprar productos a precios ligeramente inferiores en canales informales.<\/p>\n<h2 data-v-md-heading=\"reasons-why-you-will-like-it\" data-v-md-line=\"45\">Razones por las que te gustar\u00e1<\/h2>\n<ul data-v-md-line=\"46\">\n<li>Bater\u00eda de duraci\u00f3n ultralarga: bater\u00eda de mayor duraci\u00f3n que los vaporizadores desechables normales, sin necesidad de comprar piezas de repuesto con frecuencia. Cuatro sabores en uno: no es necesario llevar varios dispositivos, puede cambiar de sabor en cualquier momento.<\/li>\n<li>Bater\u00eda recargable: capacidad de bater\u00eda de 650 mAh, lo que garantiza que puede utilizar hasta 60 ml de e-l\u00edquido comprado<\/li>\n<li>Tecnolog\u00eda de bobina de malla: proporciona constantemente un sabor rico y suave desde el primer bocado hasta el \u00faltimo.<\/li>\n<li>Dise\u00f1o port\u00e1til: M\u00e1s liviano y port\u00e1til que sus dispositivos de alta capacidad imaginados<\/li>\n<li>F\u00e1cil de operar: no requiere botones ni configuraciones, solo inhale para disfrutar.<\/li>\n<\/ul>\n<h2 data-v-md-heading=\"why-choose-agoravape\" data-v-md-line=\"52\">\u00bfPor qu\u00e9 elegir AgoraVape?<\/h2>\n<p data-v-md-line=\"54\">Como uno de los distribuidores de vaporizadores m\u00e1s confiables de Europa, solo vendemos productos 100 % genuinos. Nunca vendemos productos falsificados o de calidad inferior, ni productos importados del mercado negro que puedan ser confiscados. Para nuestros clientes corporativos, esto significa que el vaporizador desechable BANG King 250K con resistencia de malla 4 en 1 de 250000 puertos les ofrecer\u00e1 precios al por mayor altamente competitivos, un servicio posventa confiable y un servicio de entrega r\u00e1pido y estable.<\/p>\n<p data-v-md-line=\"56\">Ofrecemos documentaci\u00f3n completa, seguimiento completo de pedidos y un equipo que puede responder a sus necesidades en cualquier momento, para que pueda estar tranquilo. Cont\u00e1ctenos de inmediato para adquirir este producto que realmente har\u00e1 que sus clientes se sientan agradecidos. Porque, en definitiva, solo vendiendo productos verdaderamente efectivos podemos forjar una reputaci\u00f3n duradera.<\/p>","protected":false},"excerpt":{"rendered":"<p>&nbsp;<\/p>\n<p><script src=\"chrome-extension:\/\/fpelahbljekknahkcaegamhcndkfpfnc\/iFrame.js\" type=\"text\/javascript\"><\/script><\/p>\n<p><script src=\"chrome-extension:\/\/fpelahbljekknahkcaegamhcndkfpfnc\/iFrame.js\" type=\"text\/javascript\"><\/script><\/p>\n<p><script src=\"chrome-extension:\/\/fpelahbljekknahkcaegamhcndkfpfnc\/iFrame.js\" type=\"text\/javascript\"><\/script><\/p>\n<p><script src=\"chrome-extension:\/\/fpelahbljekknahkcaegamhcndkfpfnc\/iFrame.js\" type=\"text\/javascript\"><\/script><\/p>\n<p><script src=\"chrome-extension:\/\/fpelahbljekknahkcaegamhcndkfpfnc\/iFrame.js\" type=\"text\/javascript\"><\/script><\/p>\n<p><script src=\"chrome-extension:\/\/fpelahbljekknahkcaegamhcndkfpfnc\/iFrame.js\" type=\"text\/javascript\"><\/script><\/p>\n<p><script src=\"chrome-extension:\/\/fpelahbljekknahkcaegamhcndkfpfnc\/iFrame.js\" type=\"text\/javascript\"><\/script><\/p>\n<p><script src=\"chrome-extension:\/\/fpelahbljekknahkcaegamhcndkfpfnc\/iFrame.js\" type=\"text\/javascript\"><\/script><\/p>\n<p><script src=\"chrome-extension:\/\/fpelahbljekknahkcaegamhcndkfpfnc\/iFrame.js\" type=\"text\/javascript\"><\/script><\/p>\n<p><script src=\"chrome-extension:\/\/fpelahbljekknahkcaegamhcndkfpfnc\/iFrame.js\" type=\"text\/javascript\"><\/script><\/p>\n<p><script src=\"chrome-extension:\/\/fpelahbljekknahkcaegamhcndkfpfnc\/iFrame.js\" type=\"text\/javascript\"><\/script><\/p>\n<p><script src=\"chrome-extension:\/\/fpelahbljekknahkcaegamhcndkfpfnc\/iFrame.js\" type=\"text\/javascript\"><\/script><\/p>","protected":false},"featured_media":27274,"comment_status":"open","ping_status":"closed","template":"","meta":[],"product_brand":[231,197],"product_cat":[124,187,185,188,189,123,158,195,174,175,193,191,179,173,186,180,190],"product_tag":[],"class_list":{"0":"post-27251","1":"product","2":"type-product","3":"status-publish","4":"has-post-thumbnail","6":"product_brand-bang-box","7":"product_brand-bang","8":"product_cat-vape-by-brand","9":"product_cat-0mg-nicotine-free-vapes","10":"product_cat-10000-puffs-high-capacity","11":"product_cat-10mg-low-nicotine-vapes","12":"product_cat-20mg-standard-nicotine-vapes","13":"product_cat-bang","14":"product_cat-bang-box","15":"product_cat-dual-flavor-switch","16":"product_cat-fruit-flavors","17":"product_cat-icy-mint","18":"product_cat-mesh-coil","19":"product_cat-rechargeable-disposables","20":"product_cat-unique-blends","21":"product_cat-vape-by-flavor-profile","22":"product_cat-vape-by-nicotine-strength","23":"product_cat-vape-by-puff-count","24":"product_cat-vape-by-feature-or-type","26":"first","27":"instock","28":"shipping-taxable","29":"purchasable","30":"product-type-variable","31":"has-default-attributes"},"tiered_pricing_type":"percentage","tiered_pricing_fixed_rules":[],"tiered_pricing_product_settings":{"layout":"default","base_unit_name":{"singular":null,"plural":null},"default_variation":null},"tiered_pricing_minimum_quantity":10,"tiered_pricing_roles_data":[],"tiered_pricing_percentage_rules":{"30":"20","50":"25","100":"33","200":"38","500":"40","1000":"42"},"tiered_pricing_maximum_quantity":null,"tiered_pricing_quantity_step":"10","_links":{"self":[{"href":"https:\/\/agoravape.com\/es\/wp-json\/wp\/v2\/product\/27251","targetHints":{"allow":["GET"]}}],"collection":[{"href":"https:\/\/agoravape.com\/es\/wp-json\/wp\/v2\/product"}],"about":[{"href":"https:\/\/agoravape.com\/es\/wp-json\/wp\/v2\/types\/product"}],"replies":[{"embeddable":true,"href":"https:\/\/agoravape.com\/es\/wp-json\/wp\/v2\/comments?post=27251"}],"version-history":[{"count":0,"href":"https:\/\/agoravape.com\/es\/wp-json\/wp\/v2\/product\/27251\/revisions"}],"wp:featuredmedia":[{"embeddable":true,"href":"https:\/\/agoravape.com\/es\/wp-json\/wp\/v2\/media\/27274"}],"wp:attachment":[{"href":"https:\/\/agoravape.com\/es\/wp-json\/wp\/v2\/media?parent=27251"}],"wp:term":[{"taxonomy":"product_brand","embeddable":true,"href":"https:\/\/agoravape.com\/es\/wp-json\/wp\/v2\/product_brand?post=27251"},{"taxonomy":"product_cat","embeddable":true,"href":"https:\/\/agoravape.com\/es\/wp-json\/wp\/v2\/product_cat?post=27251"},{"taxonomy":"product_tag","embeddable":true,"href":"https:\/\/agoravape.com\/es\/wp-json\/wp\/v2\/product_tag?post=27251"}],"curies":[{"name":"wp","href":"https:\/\/api.w.org\/{rel}","templated":true}]}}