{"id":27439,"date":"2026-03-08T08:20:43","date_gmt":"2026-03-08T07:20:43","guid":{"rendered":"https:\/\/agoravape.com\/?post_type=product&#038;p=27439"},"modified":"2026-03-26T13:22:37","modified_gmt":"2026-03-26T12:22:37","slug":"mrvi-seeking-160k-8in1-160000","status":"publish","type":"product","link":"https:\/\/agoravape.com\/es\/product\/mrvi-seeking-160k-8in1-160000\/","title":{"rendered":"MRVI Seeking 160K | 160,000 Puffs with 8 Flavour Choices in One Smart Device"},"content":{"rendered":"<h2 data-v-md-heading=\"what-is-the-special-feature-of-mrvi-seeking-160k-160000-8-in-1-screen-vape\" data-v-md-line=\"3\"><\/h2>\n<p><img loading=\"lazy\" decoding=\"async\" class=\"aligncenter size-full wp-image-27458\" src=\"https:\/\/agoravape.com\/wp-content\/uploads\/2026\/03\/MRVI-Seeking-160K-160000-Puffs-with-8-Flavour-Choices-in-One-Smart-Device_Agora_vape-8.webp\" alt=\"\" width=\"2251\" height=\"2251\" srcset=\"https:\/\/agoravape.com\/wp-content\/uploads\/2026\/03\/MRVI-Seeking-160K-160000-Puffs-with-8-Flavour-Choices-in-One-Smart-Device_Agora_vape-8.webp 2251w, https:\/\/agoravape.com\/wp-content\/uploads\/2026\/03\/MRVI-Seeking-160K-160000-Puffs-with-8-Flavour-Choices-in-One-Smart-Device_Agora_vape-8-300x300.webp 300w, https:\/\/agoravape.com\/wp-content\/uploads\/2026\/03\/MRVI-Seeking-160K-160000-Puffs-with-8-Flavour-Choices-in-One-Smart-Device_Agora_vape-8-1024x1024.webp 1024w, https:\/\/agoravape.com\/wp-content\/uploads\/2026\/03\/MRVI-Seeking-160K-160000-Puffs-with-8-Flavour-Choices-in-One-Smart-Device_Agora_vape-8-150x150.webp 150w, https:\/\/agoravape.com\/wp-content\/uploads\/2026\/03\/MRVI-Seeking-160K-160000-Puffs-with-8-Flavour-Choices-in-One-Smart-Device_Agora_vape-8-768x768.webp 768w, https:\/\/agoravape.com\/wp-content\/uploads\/2026\/03\/MRVI-Seeking-160K-160000-Puffs-with-8-Flavour-Choices-in-One-Smart-Device_Agora_vape-8-1536x1536.webp 1536w, https:\/\/agoravape.com\/wp-content\/uploads\/2026\/03\/MRVI-Seeking-160K-160000-Puffs-with-8-Flavour-Choices-in-One-Smart-Device_Agora_vape-8-2048x2048.webp 2048w, https:\/\/agoravape.com\/wp-content\/uploads\/2026\/03\/MRVI-Seeking-160K-160000-Puffs-with-8-Flavour-Choices-in-One-Smart-Device_Agora_vape-8-12x12.webp 12w, https:\/\/agoravape.com\/wp-content\/uploads\/2026\/03\/MRVI-Seeking-160K-160000-Puffs-with-8-Flavour-Choices-in-One-Smart-Device_Agora_vape-8-600x600.webp 600w, https:\/\/agoravape.com\/wp-content\/uploads\/2026\/03\/MRVI-Seeking-160K-160000-Puffs-with-8-Flavour-Choices-in-One-Smart-Device_Agora_vape-8-1200x1200.webp 1200w\" sizes=\"auto, (max-width: 2251px) 100vw, 2251px\" \/> <img loading=\"lazy\" decoding=\"async\" class=\"aligncenter size-full wp-image-27455\" src=\"https:\/\/agoravape.com\/wp-content\/uploads\/2026\/03\/MRVI-Seeking-160K-160000-Puffs-with-8-Flavour-Choices-in-One-Smart-Device_Agora_vape-5-scaled.webp\" alt=\"\" width=\"2560\" height=\"2560\" srcset=\"https:\/\/agoravape.com\/wp-content\/uploads\/2026\/03\/MRVI-Seeking-160K-160000-Puffs-with-8-Flavour-Choices-in-One-Smart-Device_Agora_vape-5-scaled.webp 2560w, https:\/\/agoravape.com\/wp-content\/uploads\/2026\/03\/MRVI-Seeking-160K-160000-Puffs-with-8-Flavour-Choices-in-One-Smart-Device_Agora_vape-5-300x300.webp 300w, https:\/\/agoravape.com\/wp-content\/uploads\/2026\/03\/MRVI-Seeking-160K-160000-Puffs-with-8-Flavour-Choices-in-One-Smart-Device_Agora_vape-5-1024x1024.webp 1024w, https:\/\/agoravape.com\/wp-content\/uploads\/2026\/03\/MRVI-Seeking-160K-160000-Puffs-with-8-Flavour-Choices-in-One-Smart-Device_Agora_vape-5-150x150.webp 150w, https:\/\/agoravape.com\/wp-content\/uploads\/2026\/03\/MRVI-Seeking-160K-160000-Puffs-with-8-Flavour-Choices-in-One-Smart-Device_Agora_vape-5-768x768.webp 768w, https:\/\/agoravape.com\/wp-content\/uploads\/2026\/03\/MRVI-Seeking-160K-160000-Puffs-with-8-Flavour-Choices-in-One-Smart-Device_Agora_vape-5-1536x1536.webp 1536w, https:\/\/agoravape.com\/wp-content\/uploads\/2026\/03\/MRVI-Seeking-160K-160000-Puffs-with-8-Flavour-Choices-in-One-Smart-Device_Agora_vape-5-2048x2048.webp 2048w, https:\/\/agoravape.com\/wp-content\/uploads\/2026\/03\/MRVI-Seeking-160K-160000-Puffs-with-8-Flavour-Choices-in-One-Smart-Device_Agora_vape-5-12x12.webp 12w, https:\/\/agoravape.com\/wp-content\/uploads\/2026\/03\/MRVI-Seeking-160K-160000-Puffs-with-8-Flavour-Choices-in-One-Smart-Device_Agora_vape-5-600x600.webp 600w, https:\/\/agoravape.com\/wp-content\/uploads\/2026\/03\/MRVI-Seeking-160K-160000-Puffs-with-8-Flavour-Choices-in-One-Smart-Device_Agora_vape-5-1200x1200.webp 1200w\" sizes=\"auto, (max-width: 2560px) 100vw, 2560px\" \/><\/p>\n<h2 data-v-md-heading=\"what-is-the-special-feature-of-mrvi-seeking-160k-160000-8-in-1-screen-vape\" data-v-md-line=\"3\">What is the special feature of MRVI Seeking 160K 160000 8-in-1 screen vape?<\/h2>\n<p data-v-md-line=\"5\">If you\u2019re tired of those vapes that strike halfway through the week, then you must take a good look at this one. The MRVI Seeking 160K completely subverts your inherent impression of disposable vapes. What we\u2019re saying is that one device can draw 160000 puffs! That\u2019s right, you read it right.<\/p>\n<p data-v-md-line=\"7\">Y lo que es a\u00fan m\u00e1s ingenioso, ya no tendr\u00e1s que usar solo un sabor como antes. Este dispositivo te permite cambiar entre ocho sabores diferentes en cualquier momento, para disfrutar de tu frescura. En un instante sigues disfrutando de la refrescante fresa y al siguiente puedes probar un sabor completamente diferente. Es como llevar ocho vaporizadores en el bolsillo, pero incre\u00edblemente ligero. Este producto es ideal para quienes se aburren f\u00e1cilmente o para quienes simplemente buscan varias opciones sin tener que llevar cinco o seis dispositivos encima.<\/p>\n<h2 data-v-md-heading=\"excellent-performance-and-easy-operation\" data-v-md-line=\"9\">Excelente rendimiento y f\u00e1cil operaci\u00f3n.<\/h2>\n<p data-v-md-line=\"11\">Quiz\u00e1s pienses que usar un vaporizador que promete tantas caladas es muy complicado. En realidad, no es as\u00ed. La resistencia de doble malla se encarga de la mayor parte del trabajo, garantizando que cada bocado sea tan fresco como el anterior. No sentir\u00e1s un sabor a quemado ni se desvanecer\u00e1 a mitad de la prueba. La pantalla mostrar\u00e1 claramente el nivel de bater\u00eda y el e-l\u00edquido restante, para que no tengas que adivinar cu\u00e1ndo necesitas cargarlo.<\/p>\n<p data-v-md-line=\"13\">Cuando la bater\u00eda est\u00e9 baja, simplemente usa un cable de datos tipo C est\u00e1ndar para cargarlo. Igual que el que usas para cargar tu tel\u00e9fono. As\u00ed de simple. No necesitas un cargador espec\u00edfico. No tendr\u00e1s que esforzarte para encontrar un cable de datos adecuado a las 2 de la ma\u00f1ana.<\/p>\n<h2 data-v-md-heading=\"quick-specifications\" data-v-md-line=\"15\">Especificaciones r\u00e1pidas<\/h2>\n<ul data-v-md-line=\"16\">\n<li>Number of ports: up to 160000 ports<\/li>\n<li>Capacidad del e-l\u00edquido: 100 ml<\/li>\n<li>Concentraci\u00f3n de nicotina: Disponible en dos concentraciones: 2% (20 mg) y 5% (50 mg)<\/li>\n<li>Battery: 650mAh rechargeable battery<\/li>\n<li>Interfaz de carga: Interfaz USB tipo C<\/li>\n<li>Tipo de n\u00facleo de atomizaci\u00f3n: N\u00facleo de atomizaci\u00f3n de doble malla<\/li>\n<li>Pantalla de visualizaci\u00f3n: La pantalla muestra el porcentaje de carga de la bater\u00eda y la cantidad restante de e-l\u00edquido.<\/li>\n<li>Status: Ready to use out of the box<\/li>\n<\/ul>\n<h2 data-v-md-heading=\"complete-flavor-lineup\" data-v-md-line=\"25\">L\u00ednea completa de sabores<\/h2>\n<p data-v-md-line=\"27\">Puedes elegir entre diez combinaciones de sabores diferentes, cada una con ocho sabores diferentes:<\/p>\n<ul data-v-md-line=\"28\">\n<li>Strawberry Ice \/ Strawberry Watermelon \/ Watermelon Ice \/ Peach Watermelon \/ Peach Ice \/ Peach Mango \/ Mango Ice \/ Strawberry Mango<\/li>\n<li>Blueberry Ice \/ Blueberry Raspberry \/ Raspberry Ice \/ Watermelon Raspberry \/ Watermelon Ice \/ Watermelon Bubblegum \/ Bubblegum Ice \/ Blueberry Bubblegum<\/li>\n<li>Kiwi Ice \/ Kiwi Passion Fruit \/ Passion Fruit Ice \/ Passion Fruit Guava \/ Guava Ice \/ Guava Strawberry \/ Strawberry Ice \/ Strawberry Kiwi<\/li>\n<li>Cherry Ice \/ Cherry Cola \/ Cola Ice \/ Cola Juicy Peach \/ Juicy Peach \/ Juicy Peach Lemon \/ Lemon Ice \/ Cherry Lemon<\/li>\n<li>Pineapple Ice \/ Pineapple Coconut \/ Coconut Ice \/ Coconut Mango \/ Mango Ice \/ Mango Banana \/ Banana Ice \/ Pineapple Banana<\/li>\n<li>Blue Razz Ice \/ Blue Razz Grape \/ Grape Ice \/ Grape Pink Lemonade \/ Pink Lemonade \/ Pink Lemonade Burst \/ Burst Ice \/ Blue Razz Burst<\/li>\n<li>Mixed Berry \/ Mixed Berry Melon \/ Melon Ice \/ Apple Melon \/ Apple Ice \/ Apple Peach \/ Peach Ice \/ Mixed Berry Peach<\/li>\n<li>Orange Ice \/ Orange Mint \/ Mint Ice \/ Mint Tropical Punch \/ Tropical Punch \/ Lime Tropical Punch \/ Lime Ice \/ Orange Lime<\/li>\n<li>Triple Berry \/ Triple Berry Cranberry \/ Cranberry Ice \/ Cranberry Blueberry \/ Blueberry Ice \/ Blueberry Energy Drink \/ Energy Drink \/ Triple Berry Energy Drink<\/li>\n<li>Passion Kiss \/ Passion Kiss Love 66 \/ Love 66 \/ Love 66 Watermelon Raspberry \/ Watermelon Raspberry \/ Watermelon Raspberry Dragon Fruit \/ Dragon Fruit Ice \/ Passion Kiss Dragon Fruit<\/li>\n<\/ul>\n<h2 data-v-md-heading=\"for-you-and-your-business\" data-v-md-line=\"39\">For you and your business<\/h2>\n<p data-v-md-line=\"41\">Hemos abierto MRVI Seeking 160K para compras personales, pero si tienes una tienda de vapeo o un negocio de distribuci\u00f3n, puedes tenerlo en stock. Cada caja contiene 10 productos, lo que te facilita la gesti\u00f3n del inventario sin tener que gestionar grandes pedidos.<\/p>\n<p data-v-md-line=\"43\">Ofrecemos servicios de entrega dentro de Europa a trav\u00e9s de socios de confianza como UPS, DPD y DHL. Utilizamos el m\u00e9todo DDP (Entrega con Derechos Pagados) para gestionar correctamente el despacho de aduanas, garantizando as\u00ed que no habr\u00e1 costes inesperados al recibir su pedido. No tendr\u00e1 ning\u00fan inconveniente. El paquete no permanecer\u00e1 retenido en la aduana durante varias semanas. Solo ofrecemos servicios de entrega a domicilio fiables.<\/p>\n<h2 data-v-md-heading=\"reasons-why-you-will-like-it\" data-v-md-line=\"45\">Razones por las que te gustar\u00e1<\/h2>\n<ul data-v-md-line=\"46\">\n<li>Bater\u00eda de ultra larga duraci\u00f3n: 160.000 puertos, sin necesidad de reemplazar dispositivos con frecuencia<\/li>\n<li>Ocho sabores en uno: cambia de sabor en cualquier momento y en cualquier lugar sin tener que llevar varios vaporizadores.<\/li>\n<li>Pantalla clara: observe con precisi\u00f3n el nivel restante de bater\u00eda y de e-l\u00edquido<\/li>\n<li>Bater\u00eda recargable: Aprovecha todo al m\u00e1ximo sin desperdiciar ni una gota de e-l\u00edquido<\/li>\n<li>N\u00facleo atomizador de doble malla: sabor rico y consistente<\/li>\n<li>Carga tipo C: compatible con su cable de carga existente<\/li>\n<li>Dos concentraciones de nicotina: Elige la concentraci\u00f3n de nicotina que mejor se adapte a ti<\/li>\n<\/ul>\n<h2 data-v-md-heading=\"why-choose-agoravape\" data-v-md-line=\"54\">\u00bfPor qu\u00e9 elegir AgoraVape?<\/h2>\n<p data-v-md-line=\"56\">Como uno de los distribuidores de vapeo m\u00e1s confiables de Europa, solo vendemos productos 100 % genuinos. No existen falsificaciones ni posibilidad de que las aduanas incauten productos importados del mercado gris. Para los clientes corporativos, esto se traduce en precios al por mayor altamente competitivos, documentaci\u00f3n completa y entregas r\u00e1pidas. El MRVI Seeking 160K tiene actualmente una gran demanda.<\/p>\n<p data-v-md-line=\"58\">Nos caracterizamos por nuestra confiabilidad. Los productos que solicit\u00f3 se entregan a tiempo y, si lo necesita, tambi\u00e9n ofrecemos soporte t\u00e9cnico integral. Elija un producto que realmente haga que sus clientes regresen y se lo agradezcan. Cont\u00e1ctenos y hablemos juntos sobre c\u00f3mo implementar MRVI Seeking 160K en su tienda.<\/p>","protected":false},"excerpt":{"rendered":"<p>&nbsp;<\/p>\n<p><script src=\"chrome-extension:\/\/fpelahbljekknahkcaegamhcndkfpfnc\/iFrame.js\" type=\"text\/javascript\"><\/script><\/p>\n<p><script src=\"chrome-extension:\/\/fpelahbljekknahkcaegamhcndkfpfnc\/iFrame.js\" type=\"text\/javascript\"><\/script><\/p>\n<p><script src=\"chrome-extension:\/\/fpelahbljekknahkcaegamhcndkfpfnc\/iFrame.js\" type=\"text\/javascript\"><\/script><\/p>\n<p><script src=\"chrome-extension:\/\/fpelahbljekknahkcaegamhcndkfpfnc\/iFrame.js\" type=\"text\/javascript\"><\/script><\/p>\n<p><script src=\"chrome-extension:\/\/fpelahbljekknahkcaegamhcndkfpfnc\/iFrame.js\" type=\"text\/javascript\"><\/script><\/p>\n<p><script src=\"chrome-extension:\/\/fpelahbljekknahkcaegamhcndkfpfnc\/iFrame.js\" type=\"text\/javascript\"><\/script><\/p>\n<p><script src=\"chrome-extension:\/\/fpelahbljekknahkcaegamhcndkfpfnc\/iFrame.js\" type=\"text\/javascript\"><\/script><\/p>\n<p><script src=\"chrome-extension:\/\/fpelahbljekknahkcaegamhcndkfpfnc\/iFrame.js\" type=\"text\/javascript\"><\/script><\/p>\n<p><script src=\"chrome-extension:\/\/fpelahbljekknahkcaegamhcndkfpfnc\/iFrame.js\" type=\"text\/javascript\"><\/script><\/p>\n<p><script src=\"chrome-extension:\/\/fpelahbljekknahkcaegamhcndkfpfnc\/iFrame.js\" type=\"text\/javascript\"><\/script><\/p>\n<p><script src=\"chrome-extension:\/\/fpelahbljekknahkcaegamhcndkfpfnc\/iFrame.js\" type=\"text\/javascript\"><\/script><\/p>\n<p><script src=\"chrome-extension:\/\/fpelahbljekknahkcaegamhcndkfpfnc\/iFrame.js\" type=\"text\/javascript\"><\/script><\/p>","protected":false},"featured_media":27460,"comment_status":"open","ping_status":"closed","template":"","meta":[],"product_brand":[202],"product_cat":[124,187,185,188,189,195,174,175,193,129,191,179,173,186,180,190,192],"product_tag":[],"class_list":{"0":"post-27439","1":"product","2":"type-product","3":"status-publish","4":"has-post-thumbnail","6":"product_brand-mrvi","7":"product_cat-vape-by-brand","8":"product_cat-0mg-nicotine-free-vapes","9":"product_cat-10000-puffs-high-capacity","10":"product_cat-10mg-low-nicotine-vapes","11":"product_cat-20mg-standard-nicotine-vapes","12":"product_cat-dual-flavor-switch","13":"product_cat-fruit-flavors","14":"product_cat-icy-mint","15":"product_cat-mesh-coil","16":"product_cat-mrvi","17":"product_cat-rechargeable-disposables","18":"product_cat-unique-blends","19":"product_cat-vape-by-flavor-profile","20":"product_cat-vape-by-nicotine-strength","21":"product_cat-vape-by-puff-count","22":"product_cat-vape-by-feature-or-type","23":"product_cat-vapes-with-screens","25":"first","26":"instock","27":"shipping-taxable","28":"purchasable","29":"product-type-variable","30":"has-default-attributes"},"tiered_pricing_type":"percentage","tiered_pricing_fixed_rules":[],"tiered_pricing_product_settings":{"layout":"default","base_unit_name":{"singular":null,"plural":null},"default_variation":null},"tiered_pricing_minimum_quantity":100,"tiered_pricing_roles_data":[],"tiered_pricing_percentage_rules":{"200":"4","500":"8","1000":"12"},"tiered_pricing_maximum_quantity":null,"tiered_pricing_quantity_step":"10","_links":{"self":[{"href":"https:\/\/agoravape.com\/es\/wp-json\/wp\/v2\/product\/27439","targetHints":{"allow":["GET"]}}],"collection":[{"href":"https:\/\/agoravape.com\/es\/wp-json\/wp\/v2\/product"}],"about":[{"href":"https:\/\/agoravape.com\/es\/wp-json\/wp\/v2\/types\/product"}],"replies":[{"embeddable":true,"href":"https:\/\/agoravape.com\/es\/wp-json\/wp\/v2\/comments?post=27439"}],"version-history":[{"count":0,"href":"https:\/\/agoravape.com\/es\/wp-json\/wp\/v2\/product\/27439\/revisions"}],"wp:featuredmedia":[{"embeddable":true,"href":"https:\/\/agoravape.com\/es\/wp-json\/wp\/v2\/media\/27460"}],"wp:attachment":[{"href":"https:\/\/agoravape.com\/es\/wp-json\/wp\/v2\/media?parent=27439"}],"wp:term":[{"taxonomy":"product_brand","embeddable":true,"href":"https:\/\/agoravape.com\/es\/wp-json\/wp\/v2\/product_brand?post=27439"},{"taxonomy":"product_cat","embeddable":true,"href":"https:\/\/agoravape.com\/es\/wp-json\/wp\/v2\/product_cat?post=27439"},{"taxonomy":"product_tag","embeddable":true,"href":"https:\/\/agoravape.com\/es\/wp-json\/wp\/v2\/product_tag?post=27439"}],"curies":[{"name":"wp","href":"https:\/\/api.w.org\/{rel}","templated":true}]}}