{"id":108,"date":"2022-12-01T13:33:43","date_gmt":"2022-12-01T13:33:43","guid":{"rendered":"http:\/\/dummy.xtemos.com\/woodmart2\/mega-electronics-elementor\/?page_id=108"},"modified":"2022-12-01T13:33:43","modified_gmt":"2022-12-01T13:33:43","slug":"comparer","status":"publish","type":"page","link":"https:\/\/agoravape.com\/fr\/compare\/","title":{"rendered":"Comparer"},"content":{"rendered":"<div data-elementor-type=\"wp-page\" data-elementor-id=\"108\" class=\"elementor elementor-108\">\n\t\t\t\t\t\t<section class=\"wd-negative-gap elementor-section elementor-top-section elementor-element elementor-element-3888c4a elementor-section-boxed elementor-section-height-default elementor-section-height-default\" data-id=\"3888c4a\" data-element_type=\"section\" data-e-type=\"section\">\n\t\t\t\t\t\t<div class=\"elementor-container elementor-column-gap-default\">\n\t\t\t\t\t<div class=\"elementor-column elementor-col-100 elementor-top-column elementor-element elementor-element-a3b54d3\" data-id=\"a3b54d3\" data-element_type=\"column\" data-e-type=\"column\">\n\t\t\t<div class=\"elementor-widget-wrap elementor-element-populated\">\n\t\t\t\t\t\t<div class=\"elementor-element elementor-element-4183600 elementor-widget elementor-widget-wd_compare\" data-id=\"4183600\" data-element_type=\"widget\" data-e-type=\"widget\" data-widget_type=\"wd_compare.default\">\n\t\t\t\t<div class=\"elementor-widget-container\">\n\t\t\t\t\t\t\t<div class=\"wd-empty-block wd-empty-compare\">\n\t\t\t<h2 class=\"wd-empty-block-title\">\n\t\t\t\tLa liste de comparaison est vide.\t\t\t<\/h2>\n\t\t\t\t\t\t\t<p class=\"wd-empty-block-text\">\n\t\t\t\t\tAucun produit n'a \u00e9t\u00e9 ajout\u00e9 \u00e0 la liste de comparaison. Vous devez ajouter des produits pour les comparer. Vous trouverez de nombreux produits int\u00e9ressants sur notre page \"Shop\".\t\t\t\t<\/p>\n\t\t\t\t\t\t<a class=\"button btn btn-accent wd-empty-block-btn\" href=\"https:\/\/agoravape.com\/fr\/shop\/\">\n\t\t\t\tRetourner \u00e0 la boutique\t\t\t<\/a>\n\t\t<\/div>\n\t\t\t\t\t\t<\/div>\n\t\t\t\t<\/div>\n\t\t\t\t\t<\/div>\n\t\t<\/div>\n\t\t\t\t\t<\/div>\n\t\t<\/section>\n\t\t\t\t<\/div>","protected":false},"excerpt":{"rendered":"<p>Supprimer AOC Q24P2Q \u00a3280.00 Ajouter au panier Supprimer AOC AGON AG493UCX Not\u00e9 5.00 sur 5 en fonction de 1 client<\/p>","protected":false},"author":2,"featured_media":0,"parent":0,"menu_order":0,"comment_status":"closed","ping_status":"closed","template":"","meta":{"footnotes":""},"class_list":["post-108","page","type-page","status-publish","hentry"],"_links":{"self":[{"href":"https:\/\/agoravape.com\/fr\/wp-json\/wp\/v2\/pages\/108","targetHints":{"allow":["GET"]}}],"collection":[{"href":"https:\/\/agoravape.com\/fr\/wp-json\/wp\/v2\/pages"}],"about":[{"href":"https:\/\/agoravape.com\/fr\/wp-json\/wp\/v2\/types\/page"}],"author":[{"embeddable":true,"href":"https:\/\/agoravape.com\/fr\/wp-json\/wp\/v2\/users\/2"}],"replies":[{"embeddable":true,"href":"https:\/\/agoravape.com\/fr\/wp-json\/wp\/v2\/comments?post=108"}],"version-history":[{"count":0,"href":"https:\/\/agoravape.com\/fr\/wp-json\/wp\/v2\/pages\/108\/revisions"}],"wp:attachment":[{"href":"https:\/\/agoravape.com\/fr\/wp-json\/wp\/v2\/media?parent=108"}],"curies":[{"name":"wp","href":"https:\/\/api.w.org\/{rel}","templated":true}]}}