{"id":118,"date":"2022-12-01T13:36:28","date_gmt":"2022-12-01T13:36:28","guid":{"rendered":"http:\/\/dummy.xtemos.com\/woodmart2\/mega-electronics-elementor\/?page_id=118"},"modified":"2022-12-01T13:36:28","modified_gmt":"2022-12-01T13:36:28","slug":"liste-de-souhaits","status":"publish","type":"page","link":"https:\/\/agoravape.com\/fr\/wishlist\/","title":{"rendered":"Liste de souhaits"},"content":{"rendered":"<div data-elementor-type=\"wp-page\" data-elementor-id=\"118\" class=\"elementor elementor-118\">\n\t\t\t\t\t\t<section class=\"wd-negative-gap elementor-section elementor-top-section elementor-element elementor-element-f8863df elementor-section-boxed elementor-section-height-default elementor-section-height-default\" data-id=\"f8863df\" data-element_type=\"section\" data-e-type=\"section\">\n\t\t\t\t\t\t<div class=\"elementor-container elementor-column-gap-default\">\n\t\t\t\t\t<div class=\"elementor-column elementor-col-100 elementor-top-column elementor-element elementor-element-521f086\" data-id=\"521f086\" data-element_type=\"column\" data-e-type=\"column\">\n\t\t\t<div class=\"elementor-widget-wrap elementor-element-populated\">\n\t\t\t\t\t\t<div class=\"elementor-element elementor-element-e2ed285 elementor-widget elementor-widget-wd_wishlist\" data-id=\"e2ed285\" data-element_type=\"widget\" data-e-type=\"widget\" data-widget_type=\"wd_wishlist.default\">\n\t\t\t\t<div class=\"elementor-widget-container\">\n\t\t\t\t\t\t\t\n\t\t\n\n\t\t\t\t<div class=\"\" >\n\t\t\t\t\t\t<div class=\"wd-wishlist-content\">\n\t\t\t\t\t\t\t\t\t\n\t\t<div class=\"wd-empty-block wd-empty-wishlist\">\n\n\t\t<h2 class=\"wd-empty-block-title\">\n\t\t\tThis wishlist is empty.\t\t<\/h2>\n\n\t\t\t\t\t<p class=\"wd-empty-block-text\">\n\t\t\t\tVous n'avez pas encore de produits dans votre liste de souhaits. Vous trouverez de nombreux produits int\u00e9ressants sur notre page \"Shop\".\t\t\t<\/p>\n\t\t\n\t\t\n\t\t\t\t\t<a class=\"button btn btn-accent wd-empty-block-btn\" href=\"https:\/\/agoravape.com\/fr\/shop\/\">\n\t\t\t\tRetourner \u00e0 la boutique\t\t\t<\/a>\n\t\t\n\t\t\t\t\t<\/div>\n\t\t\t\t\t\t\t\t\t\t\t<\/div>\n\t\t\t\t<\/div>\n\t\t\t\t\t\t<\/div>\n\t\t\t\t<\/div>\n\t\t\t\t\t<\/div>\n\t\t<\/div>\n\t\t\t\t\t<\/div>\n\t\t<\/section>\n\t\t\t\t<\/div>","protected":false},"excerpt":{"rendered":"<p>Mon compte Tableau de bord Commandes T\u00e9l\u00e9chargements Adresses D\u00e9tails du compte Liste de souhaits D\u00e9connexion Votre liste de souhaits Partager : Supprimer S\u00e9lectionner tout D\u00e9s\u00e9lectionner tout<\/p>","protected":false},"author":2,"featured_media":0,"parent":0,"menu_order":0,"comment_status":"closed","ping_status":"closed","template":"","meta":{"footnotes":""},"class_list":["post-118","page","type-page","status-publish","hentry"],"_links":{"self":[{"href":"https:\/\/agoravape.com\/fr\/wp-json\/wp\/v2\/pages\/118","targetHints":{"allow":["GET"]}}],"collection":[{"href":"https:\/\/agoravape.com\/fr\/wp-json\/wp\/v2\/pages"}],"about":[{"href":"https:\/\/agoravape.com\/fr\/wp-json\/wp\/v2\/types\/page"}],"author":[{"embeddable":true,"href":"https:\/\/agoravape.com\/fr\/wp-json\/wp\/v2\/users\/2"}],"replies":[{"embeddable":true,"href":"https:\/\/agoravape.com\/fr\/wp-json\/wp\/v2\/comments?post=118"}],"version-history":[{"count":0,"href":"https:\/\/agoravape.com\/fr\/wp-json\/wp\/v2\/pages\/118\/revisions"}],"wp:attachment":[{"href":"https:\/\/agoravape.com\/fr\/wp-json\/wp\/v2\/media?parent=118"}],"curies":[{"name":"wp","href":"https:\/\/api.w.org\/{rel}","templated":true}]}}