{"id":18671,"date":"2025-10-22T21:52:12","date_gmt":"2025-10-22T13:52:12","guid":{"rendered":"https:\/\/green-grasshopper-921422.hostingersite.com\/?page_id=18671"},"modified":"2025-10-23T22:14:58","modified_gmt":"2025-10-23T14:14:58","slug":"a-propos-de-nous","status":"publish","type":"page","link":"https:\/\/agoravape.com\/fr\/about-us\/","title":{"rendered":"About Us"},"content":{"rendered":"<div data-elementor-type=\"wp-page\" data-elementor-id=\"18671\" class=\"elementor elementor-18671\">\n\t\t\t\t<div class=\"wd-negative-gap elementor-element elementor-element-f1aa532 e-flex e-con-boxed e-con e-parent\" data-id=\"f1aa532\" data-element_type=\"container\" data-e-type=\"container\">\n\t\t\t\t\t<div class=\"e-con-inner\">\n\t\t\t\t<div class=\"elementor-element elementor-element-bac86b3 wd-el-breadcrumbs text-left elementor-widget elementor-widget-wd_wc_breadcrumb\" data-id=\"bac86b3\" data-element_type=\"widget\" data-e-type=\"widget\" data-widget_type=\"wd_wc_breadcrumb.default\">\n\t\t\t\t<div class=\"elementor-widget-container\">\n\t\t\t\t\t<nav class=\"wd-breadcrumbs woocommerce-breadcrumb\" aria-label=\"chapelure\">\t\t\t\t<span class=\"wd-last\">\n\t\t\t\t\tMaison\t\t\t\t<\/span>\n\t\t\t<\/nav>\t\t\t\t<\/div>\n\t\t\t\t<\/div>\n\t\t\t\t\t<\/div>\n\t\t\t\t<\/div>\n\t\t\t\t<section class=\"wd-negative-gap elementor-section elementor-top-section elementor-element elementor-element-406b757d wd-section-stretch elementor-section-content-middle elementor-section-boxed elementor-section-height-default elementor-section-height-default\" data-id=\"406b757d\" data-element_type=\"section\" data-e-type=\"section\" data-settings=\"{&quot;background_background&quot;:&quot;classic&quot;}\">\n\t\t\t\t\t\t\t<div class=\"elementor-background-overlay\"><\/div>\n\t\t\t\t\t\t\t<div class=\"elementor-container elementor-column-gap-no\">\n\t\t\t\t\t<div class=\"elementor-column elementor-col-50 elementor-top-column elementor-element elementor-element-4a42ef81\" data-id=\"4a42ef81\" data-element_type=\"column\" data-e-type=\"column\" data-settings=\"{&quot;background_background&quot;:&quot;classic&quot;}\">\n\t\t\t<div class=\"elementor-widget-wrap elementor-element-populated\">\n\t\t\t\t\t\t<section class=\"wd-negative-gap elementor-section elementor-inner-section elementor-element elementor-element-737d0425 elementor-section-boxed elementor-section-height-default elementor-section-height-default\" data-id=\"737d0425\" data-element_type=\"section\" data-e-type=\"section\" data-settings=\"{&quot;background_background&quot;:&quot;classic&quot;}\">\n\t\t\t\t\t\t<div class=\"elementor-container elementor-column-gap-default\">\n\t\t\t\t\t<div class=\"elementor-column elementor-col-100 elementor-inner-column elementor-element elementor-element-30e317dc\" data-id=\"30e317dc\" data-element_type=\"column\" data-e-type=\"column\">\n\t\t\t<div class=\"elementor-widget-wrap elementor-element-populated\">\n\t\t\t\t\t\t<div class=\"elementor-element elementor-element-6a04663d wd-width-100 elementor-widget elementor-widget-wd_title\" data-id=\"6a04663d\" data-element_type=\"widget\" data-e-type=\"widget\" data-widget_type=\"wd_title.default\">\n\t\t\t\t<div class=\"elementor-widget-container\">\n\t\t\t\t\t\t\t<div class=\"title-wrapper wd-set-mb reset-last-child wd-title-color-default wd-title-style-default wd-title-size-default text-left\">\n\n\t\t\t\n\t\t\t<div class=\"liner-continer\">\n\t\t\t\t<h4 class=\"woodmart-title-container title wd-fontsize-l\">About Us<\/h4> \n\t\t\t\t\t\t\t<\/div>\n\n\t\t\t\t\t<\/div>\n\t\t\t\t\t\t<\/div>\n\t\t\t\t<\/div>\n\t\t\t\t<div class=\"elementor-element elementor-element-3f926e7b elementor-widget elementor-widget-wd_text_block\" data-id=\"3f926e7b\" data-element_type=\"widget\" data-e-type=\"widget\" data-widget_type=\"wd_text_block.default\">\n\t\t\t\t<div class=\"elementor-widget-container\">\n\t\t\t\t\t\t\t<div class=\"wd-text-block reset-last-child text-left\">\n\t\t\t\n\t\t\t<p>Bienvenue chez AgoraVape, votre premi\u00e8re destination en ligne pour les produits de vapotage jetables. S'appuyant sur plus d'une d\u00e9cennie d'exp\u00e9rience dans l'industrie de l'e-cigarette, nous nous sommes \u00e9tablis en tant que leader de confiance, offrant nos services \u00e0 la fois \u00e0 des clients individuels et \u00e0 des partenaires grossistes dans le monde entier.<\/p><p>Notre mission est d'\u00eatre l'ultime plateforme d'achat unique pour le march\u00e9 de la vape jetable. Nous sommes d\u00e9termin\u00e9s \u00e0 \u00e9lever les normes du secteur en combinant une s\u00e9lection de produits vaste et diversifi\u00e9e avec un engagement ferme en faveur de la qualit\u00e9 et de la satisfaction des clients. En nous appuyant sur notre vaste exp\u00e9rience en mati\u00e8re de conception, de fabrication et de distribution mondiale d'e-cigarettes, nous proposons des produits innovants qui offrent des performances durables et des ar\u00f4mes riches et satisfaisants.<\/p><p>Chez AgoraVape, nous sommes fiers d'offrir une vari\u00e9t\u00e9 in\u00e9gal\u00e9e de marques populaires, avec des options qui conviennent \u00e0 toutes les pr\u00e9f\u00e9rences. Notre collection couvre un large \u00e9ventail de tailles de bouff\u00e9es, de concentrations de nicotine et de centaines d'ar\u00f4mes. Que vous recherchiez un appareil compact et portable ou un mod\u00e8le plus grand et de grande capacit\u00e9, vous le trouverez ici.<\/p><p>Nous nous engageons \u00e0 fournir une exp\u00e9rience d'achat transparente et des prix comp\u00e9titifs, en particulier pour nos clients grossistes qui souhaitent passer des commandes en gros. Notre \u00e9quipe professionnelle d'assistance \u00e0 la client\u00e8le est toujours pr\u00eate \u00e0 vous aider, afin de garantir un processus fluide et satisfaisant, de la navigation \u00e0 la livraison.<\/p>\n\t\t\t\t\t<\/div>\n\t\t\t\t\t\t<\/div>\n\t\t\t\t<\/div>\n\t\t\t\t<div class=\"elementor-element elementor-element-6ec283ae elementor-widget elementor-widget-wd_text_block\" data-id=\"6ec283ae\" data-element_type=\"widget\" data-e-type=\"widget\" data-widget_type=\"wd_text_block.default\">\n\t\t\t\t<div class=\"elementor-widget-container\">\n\t\t\t\t\t\t\t<div class=\"wd-text-block reset-last-child text-left\">\n\t\t\t\n\t\t\t<p>D\u00e9couvrez la diff\u00e9rence AgoraVape. Nous vous invitons \u00e0 explorer notre vaste s\u00e9lection et \u00e0 rejoindre notre communaut\u00e9 croissante de clients satisfaits. Faites-nous confiance pour \u00eatre votre partenaire fiable pour tous vos besoins en mati\u00e8re de vapotage.<\/p>\n\t\t\t\t\t<\/div>\n\t\t\t\t\t\t<\/div>\n\t\t\t\t<\/div>\n\t\t\t\t<div class=\"elementor-element elementor-element-f445c8c elementor-widget__width-auto elementor-widget elementor-widget-wd_social_buttons\" data-id=\"f445c8c\" data-element_type=\"widget\" data-e-type=\"widget\" data-widget_type=\"wd_social_buttons.default\">\n\t\t\t\t<div class=\"elementor-widget-container\">\n\t\t\t\t\t\t\t\t<div\n\t\t\t\t\t\tclass=\"wd-social-icons wd-style-bordered wd-size-small social-share wd-shape-circle color-scheme-dark text-left\">\n\t\t\t\t\n\t\t\t\t\n\t\t\t\t\t\t\t\t\t<a rel=\"nofollow noopener noreferrer\" href=\"https:\/\/www.facebook.com\/sharer\/sharer.php?u=https:\/\/agoravape.com\/fr\/about-us\/\" target=\"_blank\" class=\"wd-social-icon social-facebook\" aria-label=\"Lien social Facebook\">\n\t\t\t\t\t\t<span class=\"wd-icon\"><\/span>\n\t\t\t\t\t\t\t\t\t\t\t<\/a>\n\t\t\t\t\n\t\t\t\t\t\t\t\t\t<a rel=\"nofollow noopener noreferrer\" href=\"https:\/\/x.com\/share?url=https:\/\/agoravape.com\/fr\/about-us\/\" target=\"_blank\" class=\"wd-social-icon social-twitter\" aria-label=\"X lien social\">\n\t\t\t\t\t\t<span class=\"wd-icon\"><\/span>\n\t\t\t\t\t\t\t\t\t\t\t<\/a>\n\t\t\t\t\n\t\t\t\t\n\t\t\t\t\n\t\t\t\t\n\t\t\t\t\n\t\t\t\t\n\t\t\t\t\t\t\t\t\t<a rel=\"nofollow noopener noreferrer\" href=\"https:\/\/pinterest.com\/pin\/create\/button\/?url=https:\/\/agoravape.com\/fr\/about-us\/&#038;media=https:\/\/agoravape.com\/wp-content\/uploads\/2025\/10\/IQTE-2400-Puffs-Four-in-One-Multi-Flavor-Vape_Agora_vape-3.webp&#038;description=About%20Us\" target=\"_blank\" class=\"wd-social-icon social-pinterest\" aria-label=\"Lien social Pinterest\">\n\t\t\t\t\t\t<span class=\"wd-icon\"><\/span>\n\t\t\t\t\t\t\t\t\t\t\t<\/a>\n\t\t\t\t\n\t\t\t\t\n\t\t\t\t\t\t\t\t\t<a rel=\"nofollow noopener noreferrer\" href=\"https:\/\/www.linkedin.com\/shareArticle?mini=true&#038;url=https:\/\/agoravape.com\/fr\/about-us\/\" target=\"_blank\" class=\"wd-social-icon social-linkedin\" aria-label=\"Lien social Linkedin\">\n\t\t\t\t\t\t<span class=\"wd-icon\"><\/span>\n\t\t\t\t\t\t\t\t\t\t\t<\/a>\n\t\t\t\t\n\t\t\t\t\n\t\t\t\t\n\t\t\t\t\n\t\t\t\t\n\t\t\t\t\n\t\t\t\t\n\t\t\t\t\n\t\t\t\t\n\t\t\t\t\n\t\t\t\t\n\t\t\t\t\n\t\t\t\t\n\t\t\t\t\n\t\t\t\t\n\t\t\t\t\t\t\t\t\t<a rel=\"nofollow noopener noreferrer\" href=\"https:\/\/telegram.me\/share\/url?url=https:\/\/agoravape.com\/fr\/about-us\/\" target=\"_blank\" class=\"wd-social-icon social-tg\" aria-label=\"Lien social Telegram\">\n\t\t\t\t\t\t<span class=\"wd-icon\"><\/span>\n\t\t\t\t\t\t\t\t\t\t\t<\/a>\n\t\t\t\t\n\t\t\t\t\n\t\t\t<\/div>\n\n\t\t\t\t\t\t<\/div>\n\t\t\t\t<\/div>\n\t\t\t\t\t<\/div>\n\t\t<\/div>\n\t\t\t\t\t<\/div>\n\t\t<\/section>\n\t\t\t\t\t<\/div>\n\t\t<\/div>\n\t\t\t\t<div class=\"elementor-column elementor-col-50 elementor-top-column elementor-element elementor-element-7c04a333\" data-id=\"7c04a333\" data-element_type=\"column\" data-e-type=\"column\">\n\t\t\t<div class=\"elementor-widget-wrap elementor-element-populated\">\n\t\t\t\t\t\t<div class=\"elementor-element elementor-element-5e1f769d elementor-widget elementor-widget-wd_image_or_svg\" data-id=\"5e1f769d\" data-element_type=\"widget\" data-e-type=\"widget\" data-widget_type=\"wd_image_or_svg.default\">\n\t\t\t\t<div class=\"elementor-widget-container\">\n\t\t\t\t\t\n\t\t<div class=\"wd-image text-center\">\n\t\t\t\t\t\t\t\t<img loading=\"lazy\" decoding=\"async\" width=\"580\" height=\"500\" src=\"https:\/\/agoravape.com\/wp-content\/uploads\/2025\/10\/about-agora-vape.jpg\" class=\"attachment-full size-full\" alt=\"\" srcset=\"https:\/\/agoravape.com\/wp-content\/uploads\/2025\/10\/about-agora-vape.jpg 580w, https:\/\/agoravape.com\/wp-content\/uploads\/2025\/10\/about-agora-vape-300x259.jpg 300w\" sizes=\"auto, (max-width: 580px) 100vw, 580px\" \/>\t\t\t\t\t<\/div>\n\n\t\t\t\t\t\t<\/div>\n\t\t\t\t<\/div>\n\t\t\t\t\t<\/div>\n\t\t<\/div>\n\t\t\t\t\t<\/div>\n\t\t<\/section>\n\t\t\t\t<\/div>","protected":false},"excerpt":{"rendered":"<p>\u9996\u9875 About Us Welcome to AgoraVape, your premier online destination for disposable vape products. Drawing on over a decade of<\/p>","protected":false},"author":2,"featured_media":18600,"parent":0,"menu_order":0,"comment_status":"closed","ping_status":"closed","template":"elementor_header_footer","meta":{"footnotes":""},"class_list":["post-18671","page","type-page","status-publish","has-post-thumbnail","hentry"],"_links":{"self":[{"href":"https:\/\/agoravape.com\/fr\/wp-json\/wp\/v2\/pages\/18671","targetHints":{"allow":["GET"]}}],"collection":[{"href":"https:\/\/agoravape.com\/fr\/wp-json\/wp\/v2\/pages"}],"about":[{"href":"https:\/\/agoravape.com\/fr\/wp-json\/wp\/v2\/types\/page"}],"author":[{"embeddable":true,"href":"https:\/\/agoravape.com\/fr\/wp-json\/wp\/v2\/users\/2"}],"replies":[{"embeddable":true,"href":"https:\/\/agoravape.com\/fr\/wp-json\/wp\/v2\/comments?post=18671"}],"version-history":[{"count":0,"href":"https:\/\/agoravape.com\/fr\/wp-json\/wp\/v2\/pages\/18671\/revisions"}],"wp:featuredmedia":[{"embeddable":true,"href":"https:\/\/agoravape.com\/fr\/wp-json\/wp\/v2\/media\/18600"}],"wp:attachment":[{"href":"https:\/\/agoravape.com\/fr\/wp-json\/wp\/v2\/media?parent=18671"}],"curies":[{"name":"wp","href":"https:\/\/api.w.org\/{rel}","templated":true}]}}