{"id":10852,"date":"2025-10-01T09:29:35","date_gmt":"2025-10-01T01:29:35","guid":{"rendered":"https:\/\/green-grasshopper-921422.hostingersite.com\/?post_type=product&#038;p=10852"},"modified":"2026-01-19T22:09:32","modified_gmt":"2026-01-19T14:09:32","slug":"iqte-50000-puffs-rechargeable-vape","status":"publish","type":"product","link":"https:\/\/agoravape.com\/fr\/product\/iqte-50000-puffs-rechargeable-vape\/","title":{"rendered":"IQTE 50000 Puffs Rechargeable Disposable Vape | Big Capacity, Simple Charging"},"content":{"rendered":"<h2 data-v-md-heading=\"so-what-about-iqte-50000-rechargeable-disposable-vapes\" data-v-md-line=\"3\"><img loading=\"lazy\" decoding=\"async\" class=\"aligncenter size-full wp-image-18613\" src=\"https:\/\/agoravape.com\/wp-content\/uploads\/2025\/10\/IQTE-50000-Puffs-Rechargeable-Disposable_Agora_vape-6.webp\" alt=\"\" width=\"2560\" height=\"1785\" srcset=\"https:\/\/agoravape.com\/wp-content\/uploads\/2025\/10\/IQTE-50000-Puffs-Rechargeable-Disposable_Agora_vape-6.webp 2560w, https:\/\/agoravape.com\/wp-content\/uploads\/2025\/10\/IQTE-50000-Puffs-Rechargeable-Disposable_Agora_vape-6-1200x837.webp 1200w, https:\/\/agoravape.com\/wp-content\/uploads\/2025\/10\/IQTE-50000-Puffs-Rechargeable-Disposable_Agora_vape-6-300x209.webp 300w, https:\/\/agoravape.com\/wp-content\/uploads\/2025\/10\/IQTE-50000-Puffs-Rechargeable-Disposable_Agora_vape-6-1024x714.webp 1024w, https:\/\/agoravape.com\/wp-content\/uploads\/2025\/10\/IQTE-50000-Puffs-Rechargeable-Disposable_Agora_vape-6-768x536.webp 768w, https:\/\/agoravape.com\/wp-content\/uploads\/2025\/10\/IQTE-50000-Puffs-Rechargeable-Disposable_Agora_vape-6-1536x1071.webp 1536w, https:\/\/agoravape.com\/wp-content\/uploads\/2025\/10\/IQTE-50000-Puffs-Rechargeable-Disposable_Agora_vape-6-2048x1428.webp 2048w\" sizes=\"auto, (max-width: 2560px) 100vw, 2560px\" \/><\/h2>\n<h2 data-v-md-heading=\"so-what-about-iqte-50000-rechargeable-disposable-vapes\" data-v-md-line=\"3\">Qu\u2019en est-il des cigarettes \u00e9lectroniques jetables rechargeables IQTE 50000\u00a0?<\/h2>\n<p data-v-md-line=\"4\">Si vous en avez assez de changer de cigarette \u00e9lectronique jetable tous les deux ou trois jours, ce produit vous simplifiera la vie. L'IQTE 50000 est \u00e9quip\u00e9 d'une batterie rechargeable pouvant contenir jusqu'\u00e0 50\u00a0000 recharges, vous permettant ainsi de profiter pleinement de votre e-liquide.<\/p>\n<p data-v-md-line=\"6\">Si vous recherchez une cigarette \u00e9lectronique fiable et durable, rechargeable avec un c\u00e2ble de t\u00e9l\u00e9phone portable, ce produit est fait pour vous. Facile \u00e0 utiliser et \u00e0 transporter, il garantit une saveur constante \u00e0 chaque utilisation.<\/p>\n<h2 data-v-md-heading=\"excellent-performance-without-any-complexity\" data-v-md-line=\"8\">Excellentes performances sans aucune complexit\u00e9<\/h2>\n<p data-v-md-line=\"9\">Le noyau atomiseur interne a \u00e9t\u00e9 soigneusement optimis\u00e9 pour garantir une saveur pure et stable du d\u00e9but \u00e0 la fin. Au bout de trois jours, aucune odeur de br\u00fbl\u00e9 n'\u00e9tait perceptible, et m\u00eame \u00e0 mi-utilisation, la batterie n'a pas faibli. Lorsque sa charge est faible, elle se recharge via le port USB-C. Vous pensez peut-\u00eatre que les cigarettes \u00e9lectroniques rechargeables sont compliqu\u00e9es, mais ce mod\u00e8le est vraiment simple d'utilisation\u00a0: il suffit de brancher et c'est parti\u00a0!<\/p>\n<h2 data-v-md-heading=\"specification-overview\" data-v-md-line=\"11\">Aper\u00e7u des sp\u00e9cifications<\/h2>\n<ul data-v-md-line=\"12\">\n<li>Fr\u00e9quence d'aspiration : jusqu'\u00e0 50\u00a0000 fois<\/li>\n<li>Teneur en nicotine\u00a0: 2\u00a0% et 5\u00a0% en option<\/li>\n<li>Principe de fonctionnement : Activation par inhalation<\/li>\n<li>Charging: Standard Type-C USB interface<\/li>\n<li>\u00c9tat : Pr\u00eat \u00e0 l'emploi d\u00e8s la sortie de l'emballage<\/li>\n<li>Capacit\u00e9 du r\u00e9servoir d'e-liquide : 50 millilitres<\/li>\n<li>Capacit\u00e9 de la batterie : batterie rechargeable de 800 mAh<\/li>\n<\/ul>\n<h2 data-v-md-heading=\"full-range-of-flavors\" data-v-md-line=\"20\">Full range of flavors<\/h2>\n<ul data-v-md-line=\"21\">\n<li>Glace \u00e0 la past\u00e8que<\/li>\n<li>Glace \u00e0 la fraise<\/li>\n<li>Blue Rink Ice<\/li>\n<li>Glace au menthol<\/li>\n<li>Citron et citron vert<\/li>\n<li>Plus de saveurs au choix<\/li>\n<\/ul>\n<h2 data-v-md-heading=\"for-you-for-your-business\" data-v-md-line=\"28\">Pour vous, pour votre entreprise<\/h2>\n<p data-v-md-line=\"29\">Vous pouvez choisir <a class=\"wpil_keyword_link\" title=\"IQTE\" href=\"https:\/\/agoravape.com\/fr\/vape-par-marque\/iqte\/\" data-wpil-keyword-link=\"linked\" data-wpil-monitor-id=\"110\">IQTE<\/a> Cigarettes \u00e9lectroniques rechargeables jetables (50\u00a0000 bouff\u00e9es) pour usage personnel ou pour votre magasin. Conditionnement en gros par cartons de 200 unit\u00e9s. Poids brut du carton\u00a0: 19\u00a0kg. Dimensions\u00a0: 510\u00a0\u00d7\u00a0293\u00a0\u00d7\u00a0260\u00a0mm, pour un stockage et un transport optimaux.<\/p>\n<p data-v-md-line=\"31\">Nous proposons des options de livraison DDP (TTC) via des partenaires de confiance tels que UPS, DPD et DHL pour vos exp\u00e9ditions en Europe. Votre commande sera d\u00e9douan\u00e9e et suivie afin d'\u00e9viter tout impr\u00e9vu au niveau des douanes.<\/p>\n<h2 data-v-md-heading=\"why-do-you-like-it\" data-v-md-line=\"33\">Pourquoi l'aimes-tu ?<\/h2>\n<ul data-v-md-line=\"34\">\n<li>Grande capacit\u00e9 de vaporisation\u00a0: autonomie prolong\u00e9e de la batterie, vous n\u2019avez pas besoin de remplacer fr\u00e9quemment les cigarettes \u00e9lectroniques.<\/li>\n<li>Nicotine content selection: Choose 2% or 5% according to your preference.<\/li>\n<li>Rechargeable : Vous pouvez utiliser tous les e-liquides achet\u00e9s.<\/li>\n<li>Performances stables de la bobine : Elle peut fournir un go\u00fbt riche et stable \u00e0 chaque utilisation.<\/li>\n<li>Interface Type-C pratique\u00a0: rechargez votre appareil \u00e0 l\u2019aide de votre c\u00e2ble de donn\u00e9es existant.<\/li>\n<\/ul>\n<h2 data-v-md-heading=\"why-choose-to-collaborate-with-agoravape\" data-v-md-line=\"40\">Pourquoi choisir de collaborer avec AgoraVape ?<\/h2>\n<p data-v-md-line=\"41\">Nous ne vendons que des produits authentiques 100% et nous n'avons aucun doute \u00e0 ce sujet. Si vous achetez <a class=\"wpil_keyword_link\" href=\"https:\/\/agoravape.com\/fr\/marque\/iqte\/\" target=\"_blank\" rel=\"noopener\" title=\"IQTE\" data-wpil-keyword-link=\"linked\" data-wpil-monitor-id=\"7177\">IQTE<\/a> 50000 rechargeable disposable vapes wholesale, vous b\u00e9n\u00e9ficierez de prix r\u00e9duits, d'une r\u00e9ponse rapide et d'un service de livraison rapide et fiable. Contactez-nous pour acheter des produits que vos clients aiment vraiment.<\/p>\n<p>&nbsp;<\/p>","protected":false},"excerpt":{"rendered":"<p>L'IQTE 50000 offre jusqu'\u00e0 50 000 bouff\u00e9es pour une long\u00e9vit\u00e9 ultime. Cette recharge jetable vous permet de profiter de chaque goutte d'e-liquide avec une saveur constante et propre. Il est dot\u00e9 d'une recharge Type-C simple et est disponible en 2% ou 5% nicotine. Votre vape fiable et sans souci est l\u00e0.<\/p>","protected":false},"featured_media":18608,"comment_status":"open","ping_status":"closed","template":"","meta":[],"product_brand":[198],"product_cat":[124,185,189,1641,174,175,125,191,180,190],"product_tag":[],"class_list":{"0":"post-10852","1":"product","2":"type-product","3":"status-publish","4":"has-post-thumbnail","6":"product_brand-iqte","7":"product_cat-vape-by-brand","8":"product_cat-10000-puffs-high-capacity","9":"product_cat-20mg-standard-nicotine-vapes","10":"product_cat-50000-puffs","11":"product_cat-fruit-flavors","12":"product_cat-icy-mint","13":"product_cat-iqte","14":"product_cat-rechargeable-disposables","15":"product_cat-vape-by-puff-count","16":"product_cat-vape-by-feature-or-type","18":"first","19":"onbackorder","20":"shipping-taxable","21":"purchasable","22":"product-type-variable","23":"has-default-attributes"},"tiered_pricing_type":"percentage","tiered_pricing_fixed_rules":[],"tiered_pricing_product_settings":{"layout":"default","base_unit_name":{"singular":null,"plural":null},"default_variation":null},"tiered_pricing_minimum_quantity":10,"tiered_pricing_roles_data":[],"tiered_pricing_percentage_rules":{"30":"29","50":"35","100":"40","200":"44","500":"47","1000":"49"},"tiered_pricing_maximum_quantity":null,"tiered_pricing_quantity_step":"10","_links":{"self":[{"href":"https:\/\/agoravape.com\/fr\/wp-json\/wp\/v2\/product\/10852","targetHints":{"allow":["GET"]}}],"collection":[{"href":"https:\/\/agoravape.com\/fr\/wp-json\/wp\/v2\/product"}],"about":[{"href":"https:\/\/agoravape.com\/fr\/wp-json\/wp\/v2\/types\/product"}],"replies":[{"embeddable":true,"href":"https:\/\/agoravape.com\/fr\/wp-json\/wp\/v2\/comments?post=10852"}],"version-history":[{"count":5,"href":"https:\/\/agoravape.com\/fr\/wp-json\/wp\/v2\/product\/10852\/revisions"}],"predecessor-version":[{"id":29829,"href":"https:\/\/agoravape.com\/fr\/wp-json\/wp\/v2\/product\/10852\/revisions\/29829"}],"wp:featuredmedia":[{"embeddable":true,"href":"https:\/\/agoravape.com\/fr\/wp-json\/wp\/v2\/media\/18608"}],"wp:attachment":[{"href":"https:\/\/agoravape.com\/fr\/wp-json\/wp\/v2\/media?parent=10852"}],"wp:term":[{"taxonomy":"product_brand","embeddable":true,"href":"https:\/\/agoravape.com\/fr\/wp-json\/wp\/v2\/product_brand?post=10852"},{"taxonomy":"product_cat","embeddable":true,"href":"https:\/\/agoravape.com\/fr\/wp-json\/wp\/v2\/product_cat?post=10852"},{"taxonomy":"product_tag","embeddable":true,"href":"https:\/\/agoravape.com\/fr\/wp-json\/wp\/v2\/product_tag?post=10852"}],"curies":[{"name":"wp","href":"https:\/\/api.w.org\/{rel}","templated":true}]}}