{"id":11078,"date":"2025-10-04T18:26:57","date_gmt":"2025-10-04T10:26:57","guid":{"rendered":"https:\/\/green-grasshopper-921422.hostingersite.com\/?post_type=product&#038;p=11078"},"modified":"2026-01-19T22:09:25","modified_gmt":"2026-01-19T14:09:25","slug":"crystal-mary-3in1-65000-puffs-vape","status":"publish","type":"product","link":"https:\/\/agoravape.com\/fr\/product\/crystal-mary-3in1-65000-puffs-vape\/","title":{"rendered":"Vaporisateur Crystal Mary 3-en-1, 65\u00a0000 bouff\u00e9es | Trois saveurs, longue dur\u00e9e et pratique"},"content":{"rendered":"<h2 data-v-md-heading=\"what-s-so-special-about-crystal-mary-s-three-in-one-65000-pack-electronic-cigarette\" data-v-md-line=\"3\">Qu'est-ce qui rend le pack de vape 3 en 1 de Crystal Mary de 65 000 si sp\u00e9cial ?<\/h2>\n<p data-v-md-line=\"4\">Si vous n'aimez pas utiliser toujours la m\u00eame saveur, ce produit pourrait bien changer vos habitudes. La cigarette \u00e9lectronique Crystal Mary 3 en 1 vous permet de varier les saveurs avec un seul appareil, pour une exp\u00e9rience toujours renouvel\u00e9e sans avoir \u00e0 transporter trois cigarettes \u00e9lectroniques.<\/p>\n<p data-v-md-line=\"6\">Con\u00e7u pour les utilisateurs recherchant une exp\u00e9rience durable, ce vaporisateur est d'une simplicit\u00e9 d'utilisation d\u00e9concertante. Fini les manipulations fastidieuses et les menus compliqu\u00e9s\u00a0: choisissez votre saveur pr\u00e9f\u00e9r\u00e9e et savourez-la en toute simplicit\u00e9. Contrairement aux vaporisateurs multi-saveurs \u00e0 grande capacit\u00e9 qui peuvent para\u00eetre encombrants, celui-ci permet un changement de saveur rapide et intuitif.<\/p>\n<h2 data-v-md-heading=\"excellent-performance-easy-and-convenient\" data-v-md-line=\"8\">Excellentes performances, facile et pratique<\/h2>\n<p data-v-md-line=\"9\">Au c\u0153ur du vaporisateur 3 en 1 Crystal Mary se trouve la r\u00e9sistance mesh, qui garantit une saveur constante \u00e0 chaque bouff\u00e9e. Le go\u00fbt reste net et intense, m\u00eame apr\u00e8s plusieurs utilisations. Lorsque la batterie est faible, vous pouvez la recharger via l'interface USB-C. Utilisez simplement le c\u00e2ble de votre t\u00e9l\u00e9phone. Simple et pratique.<\/p>\n<h2 data-v-md-heading=\"specification-introduction\" data-v-md-line=\"11\">Introduction aux sp\u00e9cifications<\/h2>\n<ul data-v-md-line=\"12\">\n<li>Fr\u00e9quence d'aspiration : jusqu'\u00e0 65\u00a0000 fois<\/li>\n<li>Teneur en nicotine\u00a0: 2\u00a0% ou 5\u00a0% (au choix)<\/li>\n<li>Principe de fonctionnement : Facile \u00e0 utiliser, sans boutons, l'appareil est dot\u00e9 d'un interrupteur de go\u00fbt int\u00e9gr\u00e9.<\/li>\n<li>Charging: Standard Type-C USB interface<\/li>\n<li>\u00c9tat : Pr\u00eat \u00e0 l'emploi d\u00e8s la sortie de l'emballage<\/li>\n<\/ul>\n<h2 data-v-md-heading=\"full-flavor-series\" data-v-md-line=\"18\">S\u00e9rie compl\u00e8te de saveurs<\/h2>\n<p data-v-md-line=\"19\">Chaque appareil est livr\u00e9 avec 3 ensembles de saveurs s\u00e9lectionn\u00e9s\u00a0:<\/p>\n<ul data-v-md-line=\"20\">\n<li>Strawberry Vanilla Cola\/Blueberry Raspberry\/Lemon Lime<\/li>\n<li>Cassis\/Eau citronn\u00e9e rose\/Fruit de la passion \u00e0 la mangue<\/li>\n<li>Glace \u00e0 la past\u00e8que\/bonbons acidul\u00e9s\/kiwi \u00e0 la fraise<\/li>\n<li>Cr\u00e8me glac\u00e9e \u00e0 la past\u00e8que\/Cr\u00e8me glac\u00e9e \u00e0 la fraise\/Triple melon<\/li>\n<li>Glace \u00e0 la fraise, \u00e0 la framboise, \u00e0 la cerise et au raisin<\/li>\n<li>Glace \u00e0 la pomme verte\/past\u00e8que \u00e0 la fraise\/p\u00eache citronn\u00e9e<\/li>\n<li>Smoothie citron-lime\/fraise-past\u00e8que\/myrtille<\/li>\n<li>Smoothie aux myrtilles \/ Framboise et past\u00e8que \/ Citron vert<\/li>\n<li>Smoothie myrtille-framboise\/fraise-mangue acidul\u00e9e\/citron cola<\/li>\n<li>Boisson rafra\u00eechissante framboise-past\u00e8que\/mangue acidul\u00e9e-ananas\/fraise-kiwi<\/li>\n<\/ul>\n<h2 data-v-md-heading=\"for-you-and-for-your-business-as-well\" data-v-md-line=\"31\">Pour vous, et pour votre entreprise \u00e9galement<\/h2>\n<p data-v-md-line=\"32\">Si vous recherchez une cigarette \u00e9lectronique offrant une saveur durable et personnalisable, et facile \u00e0 recharger, n'h\u00e9sitez pas \u00e0 en acheter une. Que vous souhaitiez approvisionner votre magasin ou cr\u00e9er une collection en ligne, nous proposons la vente en gros. Conditionnement\u00a0: bo\u00eetes de 10 ou 200\u00a0pi\u00e8ces pour une gestion simplifi\u00e9e de vos stocks.<\/p>\n<p data-v-md-line=\"34\">Nous travaillons avec des partenaires de confiance tels que UPS, DPD et DHL pour utiliser le transport DDP (Droits de douane acquitt\u00e9s \u00e0 la livraison), afin que les droits de douane puissent \u00eatre trait\u00e9s \u00e0 l'avance et qu'il n'y ait aucun probl\u00e8me lors de l'arriv\u00e9e du colis en douane.<\/p>\n<p data-v-md-line=\"36\">D\u00e9claration de conformit\u00e9\u00a0: Les cigarettes \u00e9lectroniques de gros calibre et celles contenant 5\u00a0% de nicotine ne sont pas conformes \u00e0 la directive europ\u00e9enne sur les produits du tabac (DPT) sur de nombreux march\u00e9s de l\u2019UE. Nous livrons uniquement dans les r\u00e9gions autoris\u00e9es. Si vous recherchez des alternatives conformes \u00e0 la DPT pour la vente au d\u00e9tail dans l\u2019UE, veuillez contacter notre \u00e9quipe.<\/p>\n<h2 data-v-md-heading=\"why-do-you-like-it\" data-v-md-line=\"38\">Pourquoi l'aimes-tu ?<\/h2>\n<ul data-v-md-line=\"39\">\n<li>Aspiration massive : moins de recharges et moins d'achats r\u00e9p\u00e9t\u00e9s.<\/li>\n<li>Triple changement de saveur : Changez de saveur \u00e0 tout moment selon vos envies.<\/li>\n<li>Rechargeable : le chargement de type C vous permet d'utiliser le e-liquide efficacement.<\/li>\n<li>R\u00e9sistance mesh : Un rendu constant du d\u00e9but \u00e0 la fin, avec une saveur riche et douce.<\/li>\n<\/ul>\n<h2 data-v-md-heading=\"why-collaborate-with-agoravape\" data-v-md-line=\"44\">Pourquoi collaborer avec AgoraVape ?<\/h2>\n<p data-v-md-line=\"45\">Nous ne proposons que des produits 100 % authentiques et assumons l'enti\u00e8re responsabilit\u00e9 des produits que nous vendons. Pour les professionnels, cela signifie que le s\u00e9lecteur de saveurs 3 en 1 de Crystal Mary (65\u00a0000 e-liquides) offre des prix de gros avantageux, un service client r\u00e9actif et une livraison DDP rapide. N'h\u00e9sitez pas \u00e0 nous contacter pour discuter des solutions permettant \u00e0 vos clients de b\u00e9n\u00e9ficier d'un choix flexible et durable.<\/p>\n<p data-v-md-line=\"45\"><img loading=\"lazy\" decoding=\"async\" class=\"aligncenter size-full wp-image-11080\" src=\"https:\/\/agoravape.com\/wp-content\/uploads\/2025\/10\/Crystal-Mary-3-in-1-65000-Puffs-Flavor-Switch-Vape-2.webp\" alt=\"\" width=\"1523\" height=\"2444\" srcset=\"https:\/\/agoravape.com\/wp-content\/uploads\/2025\/10\/Crystal-Mary-3-in-1-65000-Puffs-Flavor-Switch-Vape-2.webp 1523w, https:\/\/agoravape.com\/wp-content\/uploads\/2025\/10\/Crystal-Mary-3-in-1-65000-Puffs-Flavor-Switch-Vape-2-1200x1926.webp 1200w, https:\/\/agoravape.com\/wp-content\/uploads\/2025\/10\/Crystal-Mary-3-in-1-65000-Puffs-Flavor-Switch-Vape-2-187x300.webp 187w, https:\/\/agoravape.com\/wp-content\/uploads\/2025\/10\/Crystal-Mary-3-in-1-65000-Puffs-Flavor-Switch-Vape-2-638x1024.webp 638w, https:\/\/agoravape.com\/wp-content\/uploads\/2025\/10\/Crystal-Mary-3-in-1-65000-Puffs-Flavor-Switch-Vape-2-768x1232.webp 768w, https:\/\/agoravape.com\/wp-content\/uploads\/2025\/10\/Crystal-Mary-3-in-1-65000-Puffs-Flavor-Switch-Vape-2-957x1536.webp 957w, https:\/\/agoravape.com\/wp-content\/uploads\/2025\/10\/Crystal-Mary-3-in-1-65000-Puffs-Flavor-Switch-Vape-2-1276x2048.webp 1276w\" sizes=\"auto, (max-width: 1523px) 100vw, 1523px\" \/><\/p>\n<p><script src=\"chrome-extension:\/\/fpelahbljekknahkcaegamhcndkfpfnc\/iFrame.js\" type=\"text\/javascript\"><\/script><\/p>\n<p><script src=\"chrome-extension:\/\/fpelahbljekknahkcaegamhcndkfpfnc\/iFrame.js\" type=\"text\/javascript\"><\/script><\/p>\n<p><script src=\"chrome-extension:\/\/fpelahbljekknahkcaegamhcndkfpfnc\/iFrame.js\" type=\"text\/javascript\"><\/script><\/p>\n<p><script src=\"chrome-extension:\/\/fpelahbljekknahkcaegamhcndkfpfnc\/iFrame.js\" type=\"text\/javascript\"><\/script><\/p>\n<p><script src=\"chrome-extension:\/\/fpelahbljekknahkcaegamhcndkfpfnc\/iFrame.js\" type=\"text\/javascript\"><\/script><\/p>\n<p><script src=\"chrome-extension:\/\/fpelahbljekknahkcaegamhcndkfpfnc\/iFrame.js\" type=\"text\/javascript\"><\/script><\/p>\n<p><script src=\"chrome-extension:\/\/fpelahbljekknahkcaegamhcndkfpfnc\/iFrame.js\" type=\"text\/javascript\"><\/script><\/p>\n<p><script src=\"chrome-extension:\/\/fpelahbljekknahkcaegamhcndkfpfnc\/iFrame.js\" type=\"text\/javascript\"><\/script><\/p>\n<p><script src=\"chrome-extension:\/\/fpelahbljekknahkcaegamhcndkfpfnc\/iFrame.js\" type=\"text\/javascript\"><\/script><\/p>\n<p><script src=\"chrome-extension:\/\/fpelahbljekknahkcaegamhcndkfpfnc\/iFrame.js\" type=\"text\/javascript\"><\/script><\/p>\n<p><script src=\"chrome-extension:\/\/fpelahbljekknahkcaegamhcndkfpfnc\/iFrame.js\" type=\"text\/javascript\"><\/script><\/p>","protected":false},"excerpt":{"rendered":"<p>Fatigu\u00e9 d'une seule saveur ? La vape Crystal Mary 3-en-1 vous permet de passer d'un go\u00fbt \u00e0 l'autre dans un seul appareil. Appr\u00e9ciez jusqu'\u00e0 65 000 bouff\u00e9es avec une saveur constante gr\u00e2ce \u00e0 une bobine en maille. Simple, sans bouton et rechargeable via Type-C pour une commodit\u00e9 durable. Votre ultime aventure gustative.<\/p>\n<p><script src=\"chrome-extension:\/\/fpelahbljekknahkcaegamhcndkfpfnc\/iFrame.js\" type=\"text\/javascript\"><\/script><\/p>\n<p><script src=\"chrome-extension:\/\/fpelahbljekknahkcaegamhcndkfpfnc\/iFrame.js\" type=\"text\/javascript\"><\/script><\/p>","protected":false},"featured_media":11079,"comment_status":"open","ping_status":"closed","template":"","meta":[],"product_brand":[199],"product_cat":[124,185,189,176,126,177,195,174,175,193,191,173,186,180,190],"product_tag":[],"class_list":{"0":"post-11078","1":"product","2":"type-product","3":"status-publish","4":"has-post-thumbnail","6":"product_brand-crystal-mary","7":"product_cat-vape-by-brand","8":"product_cat-10000-puffs-high-capacity","9":"product_cat-20mg-standard-nicotine-vapes","10":"product_cat-beverage","11":"product_cat-crystal-mary","12":"product_cat-dessert-sweets","13":"product_cat-dual-flavor-switch","14":"product_cat-fruit-flavors","15":"product_cat-icy-mint","16":"product_cat-mesh-coil","17":"product_cat-rechargeable-disposables","18":"product_cat-vape-by-flavor-profile","19":"product_cat-vape-by-nicotine-strength","20":"product_cat-vape-by-puff-count","21":"product_cat-vape-by-feature-or-type","23":"first","24":"onbackorder","25":"shipping-taxable","26":"purchasable","27":"product-type-variable","28":"has-default-attributes"},"tiered_pricing_type":"percentage","tiered_pricing_fixed_rules":[],"tiered_pricing_product_settings":{"layout":"default","base_unit_name":{"singular":null,"plural":null},"default_variation":null},"tiered_pricing_minimum_quantity":10,"tiered_pricing_roles_data":[],"tiered_pricing_percentage_rules":{"30":"29","50":"35","100":"40","200":"44","500":"47","1000":"49"},"tiered_pricing_maximum_quantity":null,"tiered_pricing_quantity_step":"10","_links":{"self":[{"href":"https:\/\/agoravape.com\/fr\/wp-json\/wp\/v2\/product\/11078","targetHints":{"allow":["GET"]}}],"collection":[{"href":"https:\/\/agoravape.com\/fr\/wp-json\/wp\/v2\/product"}],"about":[{"href":"https:\/\/agoravape.com\/fr\/wp-json\/wp\/v2\/types\/product"}],"replies":[{"embeddable":true,"href":"https:\/\/agoravape.com\/fr\/wp-json\/wp\/v2\/comments?post=11078"}],"version-history":[{"count":0,"href":"https:\/\/agoravape.com\/fr\/wp-json\/wp\/v2\/product\/11078\/revisions"}],"wp:featuredmedia":[{"embeddable":true,"href":"https:\/\/agoravape.com\/fr\/wp-json\/wp\/v2\/media\/11079"}],"wp:attachment":[{"href":"https:\/\/agoravape.com\/fr\/wp-json\/wp\/v2\/media?parent=11078"}],"wp:term":[{"taxonomy":"product_brand","embeddable":true,"href":"https:\/\/agoravape.com\/fr\/wp-json\/wp\/v2\/product_brand?post=11078"},{"taxonomy":"product_cat","embeddable":true,"href":"https:\/\/agoravape.com\/fr\/wp-json\/wp\/v2\/product_cat?post=11078"},{"taxonomy":"product_tag","embeddable":true,"href":"https:\/\/agoravape.com\/fr\/wp-json\/wp\/v2\/product_tag?post=11078"}],"curies":[{"name":"wp","href":"https:\/\/api.w.org\/{rel}","templated":true}]}}