{"id":11109,"date":"2025-10-04T21:27:48","date_gmt":"2025-10-04T13:27:48","guid":{"rendered":"https:\/\/green-grasshopper-921422.hostingersite.com\/?post_type=product&#038;p=11109"},"modified":"2026-01-19T22:09:19","modified_gmt":"2026-01-19T14:09:19","slug":"crystal-mary-groove-50k-touch-screen-vape","status":"publish","type":"product","link":"https:\/\/agoravape.com\/fr\/product\/crystal-mary-groove-50k-touch-screen-vape\/","title":{"rendered":"Vapeur Crystal Mary Groove 50K \u00e0 \u00e9cran tactile intelligent | Cr\u00e9ez facilement une saveur durable"},"content":{"rendered":"<h2 data-v-md-heading=\"what-are-the-advantages-of-crystal-mary-groove-50k-suction-smart-touchscreen-electronic-cigarette\" data-v-md-line=\"3\">Quels sont les avantages de la cigarette \u00e9lectronique Crystal Mary Groove 50K \u00e0 aspiration et \u00e9cran tactile intelligent\u00a0?<\/h2>\n<p data-v-md-line=\"4\">Si vous en avez assez de changer de cigarette \u00e9lectronique jetable tous les deux ou trois jours, ce produit vous simplifiera la vie. La Crystal Mary Groove poss\u00e8de une puissance d'aspiration allant jusqu'\u00e0 50\u00a0000 bouff\u00e9es et est \u00e9quip\u00e9e d'un \u00e9cran tactile intelligent, vous permettant de personnaliser votre exp\u00e9rience de vapotage.<\/p>\n<p data-v-md-line=\"6\">Il convient \u00e0 tous ceux qui recherchent une utilisation durable sans effort. Il offre une saveur pure, une vapeur stable et une prise en main facile. On pourrait croire qu'un vaporisateur avec une telle puissance d'aspiration est encombrant, mais il est en r\u00e9alit\u00e9 simple et facile \u00e0 utiliser, pour une exp\u00e9rience rafra\u00eechissante.<\/p>\n<h2 data-v-md-heading=\"excellent-performance-easy-and-convenient\" data-v-md-line=\"8\">Excellentes performances, facile et pratique<\/h2>\n<p data-v-md-line=\"9\">La double r\u00e9sistance assure une cuisson homog\u00e8ne, pour des bouch\u00e9es toujours aussi savoureuses. Lorsque la batterie est faible, vous pouvez la recharger via USB-C. Le c\u00e2ble utilis\u00e9 est probablement le m\u00eame que celui de votre t\u00e9l\u00e9phone\u00a0; vous n'aurez donc pas besoin de chercher un accessoire sp\u00e9cifique.<\/p>\n<h2 data-v-md-heading=\"specification-overview\" data-v-md-line=\"11\">Aper\u00e7u des sp\u00e9cifications<\/h2>\n<ul data-v-md-line=\"12\">\n<li>Fr\u00e9quence d'aspiration : jusqu'\u00e0 50\u00a0000 fois<\/li>\n<li>Teneur en nicotine : 50 milligrammes par millilitre<\/li>\n<li>Principe de fonctionnement\u00a0: L\u2019\u00e9cran tactile permet de r\u00e9gler les niveaux de nicotine et de glace. Il suffit d\u2019inhaler pour activer la cigarette \u00e9lectronique.<\/li>\n<li>Charging: Standard Type-C USB interface<\/li>\n<li>\u00c9tat : Pr\u00eat \u00e0 l'emploi d\u00e8s le d\u00e9ballage<\/li>\n<\/ul>\n<h2 data-v-md-heading=\"full-range-of-flavors\" data-v-md-line=\"18\">Full range of flavors<\/h2>\n<ul data-v-md-line=\"19\">\n<li>Smoothie aux myrtilles<\/li>\n<li>Monnaie de Miami<\/li>\n<li>Smoothie \u00e0 la past\u00e8que<\/li>\n<li>Popcorn \u00e0 la fraise<\/li>\n<li>Smoothie \u00e0 la pomme verte<\/li>\n<li>Mangue acidul\u00e9e Ananas<\/li>\n<li>sucre citronn\u00e9<\/li>\n<li>Smoothie banane-caramel<\/li>\n<li>Sucre explosif acidul\u00e9<\/li>\n<li>Fraise kiwi rafra\u00eechissant<\/li>\n<\/ul>\n<h2 data-v-md-heading=\"for-you-and-your-business\" data-v-md-line=\"30\">Pour vous et votre entreprise<\/h2>\n<p data-v-md-line=\"31\">S'approvisionner est tr\u00e8s simple. Choisissez simplement votre saveur. Si vous constituez un stock pour votre magasin, nous pouvons \u00e9galement r\u00e9pondre \u00e0 vos besoins. Les cartouches Crystal Mary Groove 50K sont disponibles en paquets de 5 d'une seule saveur ou en paquets de 10 saveurs assorties.<\/p>\n<p data-v-md-line=\"33\">Nous proposons des services de livraison DDP fiables via UPS, DPD et DHL, avec possibilit\u00e9 d'exp\u00e9dition dans toute l'Europe. Les droits de douane peuvent \u00eatre calcul\u00e9s \u00e0 l'avance afin d'\u00e9viter tout probl\u00e8me. La disponibilit\u00e9 et la concentration de nicotine peuvent varier selon les pays et les r\u00e9gions. Veuillez consulter la r\u00e9glementation locale ou contacter notre \u00e9quipe.<\/p>\n<h2 data-v-md-heading=\"why-do-you-like-it\" data-v-md-line=\"35\">Pourquoi l'aimes-tu ?<\/h2>\n<ul data-v-md-line=\"36\">\n<li>Aspiration massive : une capacit\u00e9 allant jusqu'\u00e0 50 000 litres signifie moins de commandes r\u00e9p\u00e9t\u00e9es et moins de tracas.<\/li>\n<li>S\u00e9lection de la nicotine\u00a0: L\u2019appareil est dot\u00e9 d\u2019une fonction de r\u00e9glage int\u00e9gr\u00e9e qui vous permet d\u2019ajuster la concentration avec pr\u00e9cision selon vos besoins.<\/li>\n<li>Rechargeable : le chargement USB-C vous permet d'utiliser jusqu'\u00e0 la derni\u00e8re goutte d'e-liquide.<\/li>\n<li>R\u00e9sistance en mesh : La r\u00e9sistance en mesh double couche assure un go\u00fbt constant et une fum\u00e9e douce.<\/li>\n<\/ul>\n<h2 data-v-md-heading=\"why-collaborate-with-agoravape\" data-v-md-line=\"41\">Pourquoi collaborer avec AgoraVape ?<\/h2>\n<p data-v-md-line=\"42\">Nous ne vendons que des produits 100 % authentiques et nous en assumons l'enti\u00e8re responsabilit\u00e9. Les entreprises qui ach\u00e8tent les cigarettes \u00e9lectroniques Crystal Mary Groove 50K \u00e0 \u00e9cran tactile intelligent b\u00e9n\u00e9ficient de tarifs de gros avantageux, d'une assistance r\u00e9active et d'une livraison rapide et fiable. Vous recherchez un appareil qui g\u00e9n\u00e8re un taux de retour client \u00e9lev\u00e9\u00a0? Contactez-nous, nous serons ravis de vous aider.<\/p>\n<p data-v-md-line=\"42\"><img loading=\"lazy\" decoding=\"async\" class=\"aligncenter size-full wp-image-11122\" src=\"https:\/\/agoravape.com\/wp-content\/uploads\/2025\/10\/CRYSTAL-MARY-CM-Groove-50000.webp\" alt=\"\" width=\"1400\" height=\"935\" srcset=\"https:\/\/agoravape.com\/wp-content\/uploads\/2025\/10\/CRYSTAL-MARY-CM-Groove-50000.webp 1400w, https:\/\/agoravape.com\/wp-content\/uploads\/2025\/10\/CRYSTAL-MARY-CM-Groove-50000-1200x801.webp 1200w, https:\/\/agoravape.com\/wp-content\/uploads\/2025\/10\/CRYSTAL-MARY-CM-Groove-50000-300x200.webp 300w, https:\/\/agoravape.com\/wp-content\/uploads\/2025\/10\/CRYSTAL-MARY-CM-Groove-50000-1024x684.webp 1024w, https:\/\/agoravape.com\/wp-content\/uploads\/2025\/10\/CRYSTAL-MARY-CM-Groove-50000-768x513.webp 768w\" sizes=\"auto, (max-width: 1400px) 100vw, 1400px\" \/><\/p>","protected":false},"excerpt":{"rendered":"<p>Voici le Crystal Mary Groove 50K. Obtenez jusqu'\u00e0 50 000 bouff\u00e9es avec cette vape intelligente. Utilisez l'\u00e9cran tactile intuitif pour personnaliser les niveaux de nicotine et de glace afin d'obtenir un r\u00e9sultat parfait. Les doubles bobines en maille offrent une saveur riche et homog\u00e8ne. Rechargeable via Type-C pour une exp\u00e9rience durable et simplifi\u00e9e.<\/p>","protected":false},"featured_media":11121,"comment_status":"open","ping_status":"closed","template":"","meta":[],"product_brand":[199],"product_cat":[124,185,1641,126,177,174,175,193,191,173,180,190,192],"product_tag":[],"class_list":{"0":"post-11109","1":"product","2":"type-product","3":"status-publish","4":"has-post-thumbnail","6":"product_brand-crystal-mary","7":"product_cat-vape-by-brand","8":"product_cat-10000-puffs-high-capacity","9":"product_cat-50000-puffs","10":"product_cat-crystal-mary","11":"product_cat-dessert-sweets","12":"product_cat-fruit-flavors","13":"product_cat-icy-mint","14":"product_cat-mesh-coil","15":"product_cat-rechargeable-disposables","16":"product_cat-vape-by-flavor-profile","17":"product_cat-vape-by-puff-count","18":"product_cat-vape-by-feature-or-type","19":"product_cat-vapes-with-screens","21":"first","22":"onbackorder","23":"shipping-taxable","24":"purchasable","25":"product-type-variable","26":"has-default-attributes"},"tiered_pricing_type":"percentage","tiered_pricing_fixed_rules":[],"tiered_pricing_product_settings":{"layout":"default","base_unit_name":{"singular":null,"plural":null},"default_variation":null},"tiered_pricing_minimum_quantity":10,"tiered_pricing_roles_data":[],"tiered_pricing_percentage_rules":{"30":"29","50":"35","100":"40","200":"44","500":"47","1000":"49"},"tiered_pricing_maximum_quantity":null,"tiered_pricing_quantity_step":"10","_links":{"self":[{"href":"https:\/\/agoravape.com\/fr\/wp-json\/wp\/v2\/product\/11109","targetHints":{"allow":["GET"]}}],"collection":[{"href":"https:\/\/agoravape.com\/fr\/wp-json\/wp\/v2\/product"}],"about":[{"href":"https:\/\/agoravape.com\/fr\/wp-json\/wp\/v2\/types\/product"}],"replies":[{"embeddable":true,"href":"https:\/\/agoravape.com\/fr\/wp-json\/wp\/v2\/comments?post=11109"}],"version-history":[{"count":0,"href":"https:\/\/agoravape.com\/fr\/wp-json\/wp\/v2\/product\/11109\/revisions"}],"wp:featuredmedia":[{"embeddable":true,"href":"https:\/\/agoravape.com\/fr\/wp-json\/wp\/v2\/media\/11121"}],"wp:attachment":[{"href":"https:\/\/agoravape.com\/fr\/wp-json\/wp\/v2\/media?parent=11109"}],"wp:term":[{"taxonomy":"product_brand","embeddable":true,"href":"https:\/\/agoravape.com\/fr\/wp-json\/wp\/v2\/product_brand?post=11109"},{"taxonomy":"product_cat","embeddable":true,"href":"https:\/\/agoravape.com\/fr\/wp-json\/wp\/v2\/product_cat?post=11109"},{"taxonomy":"product_tag","embeddable":true,"href":"https:\/\/agoravape.com\/fr\/wp-json\/wp\/v2\/product_tag?post=11109"}],"curies":[{"name":"wp","href":"https:\/\/api.w.org\/{rel}","templated":true}]}}