{"id":11146,"date":"2025-10-05T10:23:12","date_gmt":"2025-10-05T02:23:12","guid":{"rendered":"https:\/\/green-grasshopper-921422.hostingersite.com\/?post_type=product&#038;p=11146"},"modified":"2026-01-19T22:09:13","modified_gmt":"2026-01-19T14:09:13","slug":"crystal-mary-pulsex-20mg-20000-bouffees-vape","status":"publish","type":"product","link":"https:\/\/agoravape.com\/fr\/product\/crystal-mary-pulsex-20mg-20000-puffs-vape\/","title":{"rendered":"Cigarette \u00e9lectronique Crystal Mary PulsEX 20\u00a0000 bouff\u00e9es, 20\u00a0mg de nicotine | Grande capacit\u00e9, saveur constante"},"content":{"rendered":"<h2 data-v-md-heading=\"what-is-the-charm-of-crystal-mary-pulsex-20000-pack-20mg-nicotine-e-cigarette\" data-v-md-line=\"3\">Quel est le charme du pack de 20000 de cigarettes \u00e9lectroniques Crystal Mary Pulsex \u00e0 20 mg de nicotine ?<\/h2>\n<p data-v-md-line=\"4\">Si vous en avez assez des cigarettes \u00e9lectroniques jetables qui se vident avant m\u00eame d'\u00eatre utilis\u00e9es, ce produit va tout changer. La Crystal Mary PulsEX offre jusqu'\u00e0 20\u00a0000 bouff\u00e9es et un dosage de nicotine de 20\u00a0mg pour une exp\u00e9rience douce. Son utilisation est simple et sans effort.<\/p>\n<p data-v-md-line=\"6\">Si vous recherchez une vape douce et durable, sans vous soucier des r\u00e9sistances ni des r\u00e9glages, ce produit est fait pour vous. M\u00eame apr\u00e8s de nombreuses bouff\u00e9es, la saveur s'att\u00e9nue in\u00e9vitablement, mais la double r\u00e9sistance mesh assure une saveur stable de la premi\u00e8re \u00e0 la derni\u00e8re bouff\u00e9e.<\/p>\n<h2 data-v-md-heading=\"excellent-performance-easy-and-convenient\" data-v-md-line=\"8\">Excellentes performances, facile et pratique<\/h2>\n<p data-v-md-line=\"9\">\u00c0 l'int\u00e9rieur, des r\u00e9sistances \u00e0 double mesh assurent une chauffe rapide et uniforme, garantissant une saveur pure \u00e0 chaque bouff\u00e9e. Lorsque la batterie est faible, inutile de jeter l'appareil\u00a0: il suffit de le brancher. Le port USB-C utilise le m\u00eame c\u00e2ble que la plupart des t\u00e9l\u00e9phones portables, pour une utilisation encore plus pratique.<\/p>\n<h2 data-v-md-heading=\"specification-introduction\" data-v-md-line=\"11\">Introduction aux sp\u00e9cifications<\/h2>\n<ul data-v-md-line=\"12\">\n<li>Fr\u00e9quence d'aspiration : jusqu'\u00e0 20\u00a0000 fois<\/li>\n<li>Nicotine : 20 mg (sel de nicotine)<\/li>\n<li>E-liquid capacity: 18 milliliters<\/li>\n<li>Noyau atomiseur : double maille<\/li>\n<li>Batterie : batterie rechargeable de 820 mAh<\/li>\n<li>Principe de fonctionnement : S'active en une seule bouff\u00e9e<\/li>\n<li>Charging: Standard Type-C USB interface<\/li>\n<li>\u00c9tat : Pr\u00eat \u00e0 l'emploi d\u00e8s le d\u00e9ballage<\/li>\n<\/ul>\n<h2 data-v-md-heading=\"full-range-of-flavors\" data-v-md-line=\"21\">Full range of flavors<\/h2>\n<ul data-v-md-line=\"22\">\n<li>Saveur myrtille framboise acidul\u00e9e<\/li>\n<li>Saveur \u00e9trange de fraise<\/li>\n<li>Smoothie \u00e0 l'ananas<\/li>\n<li>Myrtilles, framboises, saveur citron<\/li>\n<li>Smoothie \u00e0 la past\u00e8que<\/li>\n<li>kiwi, fruit de la passion, saveur de goyave<\/li>\n<li>Smoothie \u00e0 la p\u00eache<\/li>\n<li>saveur smoothie aux myrtilles<\/li>\n<li>Saveur de sucre arc-en-ciel<\/li>\n<li>Smoothie \u00e0 la banane<\/li>\n<\/ul>\n<h2 data-v-md-heading=\"to-create-for-you-and-your-business\" data-v-md-line=\"33\">Pour cr\u00e9er pour vous et votre entreprise<\/h2>\n<p data-v-md-line=\"34\">Vous pouvez en acheter un pour un usage quotidien ou garnir vos \u00e9tag\u00e8res avec nos produits les plus vendus. Nous proposons des bo\u00eetes de 5 pi\u00e8ces par saveur en gros, vous permettant ainsi de cr\u00e9er facilement un assortiment \u00e9quilibr\u00e9 sans vous ruiner.<\/p>\n<p data-v-md-line=\"36\">Nous collaborons avec des partenaires de confiance tels que UPS, DPD et DHL pour vous proposer un service de livraison DDP, vous \u00e9vitant ainsi les tracas li\u00e9s aux formalit\u00e9s douani\u00e8res et les probl\u00e8mes \u00e0 la r\u00e9ception de votre colis. La disponibilit\u00e9 des produits pouvant varier selon les pays et les r\u00e9gions, veuillez vous renseigner aupr\u00e8s des autorit\u00e9s comp\u00e9tentes avant de passer commande.<\/p>\n<h2 data-v-md-heading=\"why-do-you-like-it\" data-v-md-line=\"38\">Pourquoi l'aimes-tu ?<\/h2>\n<ul data-v-md-line=\"39\">\n<li>Grande capacit\u00e9 d'aspiration : durable et r\u00e9sistante, ne n\u00e9cessite pas de remplacement fr\u00e9quent.<\/li>\n<li>20 mg de nicotine : La concentration de toute la gamme d'e-liquides est uniforme.<\/li>\n<li>Rechargeable : Un seul paiement suffit pour utiliser tous les e-liquides.<\/li>\n<li>R\u00e9sistance mesh : Elle permet d'obtenir un go\u00fbt riche et stable \u00e0 chaque utilisation.<\/li>\n<li>Chargement de type C\u00a0: utilisez un c\u00e2ble standard pour recharger rapidement.<\/li>\n<\/ul>\n<h2 data-v-md-heading=\"why-choose-to-collaborate-with-agoravape\" data-v-md-line=\"45\">Pourquoi choisir de collaborer avec AgoraVape ?<\/h2>\n<p data-v-md-line=\"46\">Nous ne vendons que des produits 100 % authentiques, sans le moindre doute. En tant que distributeur de cigarettes \u00e9lectroniques de confiance en Europe, nous vous proposons des prix de gros avantageux, un service client r\u00e9actif et une livraison DDP rapide pour les e-liquides Crystal Mary PulsEX (20\u00a0000 bouff\u00e9es de nicotine \u00e0 20\u00a0mg). N'h\u00e9sitez pas \u00e0 nous contacter pour d\u00e9couvrir comment proposer \u00e0 vos clients un produit de qualit\u00e9 qui les fid\u00e9lisera.<\/p>\n<p><img loading=\"lazy\" decoding=\"async\" class=\"aligncenter size-full wp-image-11170\" src=\"https:\/\/agoravape.com\/wp-content\/uploads\/2025\/10\/crystal-mary-vape.webp\" alt=\"\" width=\"1400\" height=\"650\" srcset=\"https:\/\/agoravape.com\/wp-content\/uploads\/2025\/10\/crystal-mary-vape.webp 1400w, https:\/\/agoravape.com\/wp-content\/uploads\/2025\/10\/crystal-mary-vape-1200x557.webp 1200w, https:\/\/agoravape.com\/wp-content\/uploads\/2025\/10\/crystal-mary-vape-300x139.webp 300w, https:\/\/agoravape.com\/wp-content\/uploads\/2025\/10\/crystal-mary-vape-1024x475.webp 1024w, https:\/\/agoravape.com\/wp-content\/uploads\/2025\/10\/crystal-mary-vape-768x357.webp 768w\" sizes=\"auto, (max-width: 1400px) 100vw, 1400px\" \/><\/p>","protected":false},"excerpt":{"rendered":"<p>Profitez de jusqu'\u00e0 20 000 bouff\u00e9es avec le Crystal Mary PulseX. Cette cigarette \u00e9lectronique haute capacit\u00e9 d\u00e9livre une dose constante de 20 mg de nicotine et une saveur riche du d\u00e9but \u00e0 la fin, gr\u00e2ce \u00e0 une double r\u00e9sistance mesh. Elle est simple, rechargeable via Type-C et con\u00e7ue pour durer. Pas de chichis, juste une saveur longue dur\u00e9e.<\/p>","protected":false},"featured_media":11171,"comment_status":"open","ping_status":"closed","template":"","meta":[],"product_brand":[199],"product_cat":[124,185,1636,189,126,174,175,193,191,173,180,190],"product_tag":[],"class_list":{"0":"post-11146","1":"product","2":"type-product","3":"status-publish","4":"has-post-thumbnail","6":"product_brand-crystal-mary","7":"product_cat-vape-by-brand","8":"product_cat-10000-puffs-high-capacity","9":"product_cat-20000-puffs","10":"product_cat-20mg-standard-nicotine-vapes","11":"product_cat-crystal-mary","12":"product_cat-fruit-flavors","13":"product_cat-icy-mint","14":"product_cat-mesh-coil","15":"product_cat-rechargeable-disposables","16":"product_cat-vape-by-flavor-profile","17":"product_cat-vape-by-puff-count","18":"product_cat-vape-by-feature-or-type","20":"first","21":"onbackorder","22":"shipping-taxable","23":"purchasable","24":"product-type-variable","25":"has-default-attributes"},"tiered_pricing_type":"percentage","tiered_pricing_fixed_rules":[],"tiered_pricing_product_settings":{"layout":"default","base_unit_name":{"singular":null,"plural":null},"default_variation":null},"tiered_pricing_minimum_quantity":10,"tiered_pricing_roles_data":[],"tiered_pricing_percentage_rules":{"30":"29","50":"35","100":"40","200":"44","500":"47","1000":"49"},"tiered_pricing_maximum_quantity":null,"tiered_pricing_quantity_step":"10","_links":{"self":[{"href":"https:\/\/agoravape.com\/fr\/wp-json\/wp\/v2\/product\/11146","targetHints":{"allow":["GET"]}}],"collection":[{"href":"https:\/\/agoravape.com\/fr\/wp-json\/wp\/v2\/product"}],"about":[{"href":"https:\/\/agoravape.com\/fr\/wp-json\/wp\/v2\/types\/product"}],"replies":[{"embeddable":true,"href":"https:\/\/agoravape.com\/fr\/wp-json\/wp\/v2\/comments?post=11146"}],"version-history":[{"count":0,"href":"https:\/\/agoravape.com\/fr\/wp-json\/wp\/v2\/product\/11146\/revisions"}],"wp:featuredmedia":[{"embeddable":true,"href":"https:\/\/agoravape.com\/fr\/wp-json\/wp\/v2\/media\/11171"}],"wp:attachment":[{"href":"https:\/\/agoravape.com\/fr\/wp-json\/wp\/v2\/media?parent=11146"}],"wp:term":[{"taxonomy":"product_brand","embeddable":true,"href":"https:\/\/agoravape.com\/fr\/wp-json\/wp\/v2\/product_brand?post=11146"},{"taxonomy":"product_cat","embeddable":true,"href":"https:\/\/agoravape.com\/fr\/wp-json\/wp\/v2\/product_cat?post=11146"},{"taxonomy":"product_tag","embeddable":true,"href":"https:\/\/agoravape.com\/fr\/wp-json\/wp\/v2\/product_tag?post=11146"}],"curies":[{"name":"wp","href":"https:\/\/api.w.org\/{rel}","templated":true}]}}