{"id":11193,"date":"2025-10-05T11:44:25","date_gmt":"2025-10-05T03:44:25","guid":{"rendered":"https:\/\/green-grasshopper-921422.hostingersite.com\/?post_type=product&#038;p=11193"},"modified":"2026-01-19T22:09:06","modified_gmt":"2026-01-19T14:09:06","slug":"crystal-mary-space-rocket-20000-puffs-vape","status":"publish","type":"product","link":"https:\/\/agoravape.com\/fr\/product\/crystal-mary-space-rocket-20000-puffs-vape\/","title":{"rendered":"Vaporisateur Crystal Mary Space Rocket Dual Mode 20000 Port | Grande capacit\u00e9, facile \u00e0 utiliser"},"content":{"rendered":"<h2 data-v-md-heading=\"what-are-the-advantages-of-crystal-mary-space-rocket-dual-mode-20000-puff-vapes\" data-v-md-line=\"3\">Quels sont les avantages des vaporisateurs Crystal Mary Space Rocket \u00e0 double mode et 20\u00a0000 bouff\u00e9es\u00a0?<\/h2>\n<p data-v-md-line=\"4\">Si vous en avez assez de changer de cigarette \u00e9lectronique tous les deux ou trois jours, ce produit vous simplifiera la vie. La cigarette \u00e9lectronique Crystal Mary, inspir\u00e9e des fus\u00e9es spatiales, offre une autonomie exceptionnelle et permet de basculer facilement entre le mode standard et le mode am\u00e9lior\u00e9. Le mode standard est optimis\u00e9 pour une dur\u00e9e de vie prolong\u00e9e de la batterie. Le mode am\u00e9lior\u00e9 offre une exp\u00e9rience plus intense, mais consomme davantage de vapeur.<\/p>\n<p data-v-md-line=\"6\">Il convient \u00e0 tous ceux qui recherchent une saveur riche sans effort. Pas besoin de menu ni de r\u00e9glages compliqu\u00e9s. Choisissez votre mode et savourez pleinement. C'est tout.<\/p>\n<h2 data-v-md-heading=\"excellent-performance-easy-and-convenient\" data-v-md-line=\"8\">Excellentes performances, facile et pratique<\/h2>\n<p data-v-md-line=\"9\">Conception \u00e0 double grille pour une utilisation simplifi\u00e9e. Les r\u00e9sistances de 0,4 \u03a9 et 0,8 \u03a9 fonctionnent de concert pour garantir une saveur pure et constante du d\u00e9but \u00e0 la fin. La batterie se d\u00e9charge plus lentement et la vapeur est plus douce. Lorsque la batterie est faible, vous pouvez la recharger via l'interface USB-C, avec le m\u00eame c\u00e2ble que celui de votre t\u00e9l\u00e9phone. Facile \u00e0 utiliser.<\/p>\n<h2 data-v-md-heading=\"specification-introduction\" data-v-md-line=\"11\">Introduction aux sp\u00e9cifications<\/h2>\n<ul data-v-md-line=\"12\">\n<li>Fr\u00e9quence d'aspiration : jusqu'\u00e0 20\u00a0000 fois en mode normal et jusqu'\u00e0 12\u00a0000 fois en mode am\u00e9lior\u00e9<\/li>\n<li>Capacit\u00e9 du r\u00e9servoir d'e-liquide : 25 millilitres<\/li>\n<li>Noyau d'atomisation\u00a0: double grille 0,4\u00a0\u03a9 + 0,8\u00a0\u03a9<\/li>\n<li>Batterie : batterie rechargeable de 650 mAh<\/li>\n<li>Nicotine\u00a0: Le fabricant n\u2019a pas pr\u00e9cis\u00e9 la concentration. Veuillez consulter les options du produit ou contacter notre \u00e9quipe pour conna\u00eetre la disponibilit\u00e9 actuelle.<\/li>\n<li>Principe de fonctionnement\u00a0: appareil \u00e0 double mode. Il suffit de basculer entre les modes sans r\u00e9glages complexes pour commencer \u00e0 l\u2019utiliser.<\/li>\n<li>Charging: Standard Type-C USB interface<\/li>\n<li>\u00c9tat : Pr\u00eat \u00e0 l'emploi d\u00e8s la sortie de l'emballage<\/li>\n<\/ul>\n<h2 data-v-md-heading=\"full-range-of-flavors\" data-v-md-line=\"21\">Full range of flavors<\/h2>\n<ul data-v-md-line=\"22\">\n<li>Saveur myrtille framboise acidul\u00e9e<\/li>\n<li>Saveur \u00e9trange de fraise<\/li>\n<li>Smoothie \u00e0 l'ananas<\/li>\n<li>Myrtilles, framboises, saveur citron<\/li>\n<li>Smoothie \u00e0 la past\u00e8que<\/li>\n<li>kiwi, fruit de la passion, saveur de goyave<\/li>\n<li>Smoothie \u00e0 la p\u00eache<\/li>\n<li>Smoothie aux myrtilles<\/li>\n<li>Saveur de sucre arc-en-ciel<\/li>\n<li>Smoothie \u00e0 la banane<\/li>\n<\/ul>\n<h2 data-v-md-heading=\"for-you-and-for-your-business-as-well\" data-v-md-line=\"33\">Pour vous, et pour votre entreprise \u00e9galement<\/h2>\n<p data-v-md-line=\"34\">Vous pouvez en acheter un pour vous ou faire des r\u00e9serves pour votre magasin. Crystal Mary Space Rocket propose des commandes en gros par bo\u00eetes, contenant 10 unit\u00e9s de chaque saveur. Faciles \u00e0 r\u00e9f\u00e9rencer et \u00e0 vendre.<\/p>\n<p data-v-md-line=\"36\">Nous collaborons avec des partenaires fiables comme UPS, DPD et DHL pour assurer la livraison DDP, ce qui permet de traiter les droits de douane \u00e0 l'avance. Ainsi, aucun incident ne surviendra au niveau des douanes et vous pourrez justifier les retards aupr\u00e8s de vos clients.<\/p>\n<h2 data-v-md-heading=\"why-do-you-like-it\" data-v-md-line=\"38\">Pourquoi l'aimes-tu ?<\/h2>\n<ul data-v-md-line=\"39\">\n<li>Big Mouth Count : Choisissez un appareil durable et r\u00e9sistant pour une consommation plus sereine.<\/li>\n<li>Choix du taux de nicotine\u00a0: Les options varient selon les march\u00e9s\u00a0; choisissez celle qui vous convient le mieux.<\/li>\n<li>Rechargeable : l'interface Type-C vous permet de l'utiliser jusqu'\u00e0 \u00e9puisement du e-liquide.<\/li>\n<li>R\u00e9sistance \u00e0 mailles : Les doubles r\u00e9sistances \u00e0 mailles assurent une saveur stable et une aspiration douce.<\/li>\n<\/ul>\n<h2 data-v-md-heading=\"why-choose-to-collaborate-with-agoravape\" data-v-md-line=\"44\">Pourquoi choisir de collaborer avec AgoraVape ?<\/h2>\n<p data-v-md-line=\"45\">Nous ne proposons que des produits 100 % authentiques et nous y croyons fermement. Les acheteurs en gros qui ach\u00e8tent le pack de 20\u00a0000 cigarettes \u00e9lectroniques Crystal Mary Space Rocket double mode b\u00e9n\u00e9ficient de remises, d'une assistance r\u00e9active et d'une livraison DDP rapide en Europe. N'h\u00e9sitez pas \u00e0 nous contacter pour cr\u00e9er un produit \u00e0 succ\u00e8s qui fid\u00e9lisera votre client\u00e8le.<\/p>\n<p data-v-md-line=\"45\"><img loading=\"lazy\" decoding=\"async\" class=\"aligncenter size-full wp-image-11226\" src=\"https:\/\/agoravape.com\/wp-content\/uploads\/2025\/10\/CM-Space-Rocket-vape.webp\" alt=\"\" width=\"1400\" height=\"813\" srcset=\"https:\/\/agoravape.com\/wp-content\/uploads\/2025\/10\/CM-Space-Rocket-vape.webp 1400w, https:\/\/agoravape.com\/wp-content\/uploads\/2025\/10\/CM-Space-Rocket-vape-1200x697.webp 1200w, https:\/\/agoravape.com\/wp-content\/uploads\/2025\/10\/CM-Space-Rocket-vape-300x174.webp 300w, https:\/\/agoravape.com\/wp-content\/uploads\/2025\/10\/CM-Space-Rocket-vape-1024x595.webp 1024w, https:\/\/agoravape.com\/wp-content\/uploads\/2025\/10\/CM-Space-Rocket-vape-768x446.webp 768w\" sizes=\"auto, (max-width: 1400px) 100vw, 1400px\" \/><\/p>","protected":false},"excerpt":{"rendered":"<p>Vous en avez assez d'\u00e9changer vos vapes ? La Crystal Mary Space Rocket offre jusqu'\u00e0 20 000 bouff\u00e9es. Basculez entre le mode r\u00e9gulier longue dur\u00e9e et le mode Boost puissant. Les doubles bobines en maille offrent une saveur pure et constante. Simple, puissant et rechargeable en Type-C pour une exp\u00e9rience durable.<\/p>","protected":false},"featured_media":11216,"comment_status":"open","ping_status":"closed","template":"","meta":[],"product_brand":[199],"product_cat":[124,185,1636,126,174,175,193,191,173,186,180,190],"product_tag":[],"class_list":{"0":"post-11193","1":"product","2":"type-product","3":"status-publish","4":"has-post-thumbnail","6":"product_brand-crystal-mary","7":"product_cat-vape-by-brand","8":"product_cat-10000-puffs-high-capacity","9":"product_cat-20000-puffs","10":"product_cat-crystal-mary","11":"product_cat-fruit-flavors","12":"product_cat-icy-mint","13":"product_cat-mesh-coil","14":"product_cat-rechargeable-disposables","15":"product_cat-vape-by-flavor-profile","16":"product_cat-vape-by-nicotine-strength","17":"product_cat-vape-by-puff-count","18":"product_cat-vape-by-feature-or-type","20":"first","21":"onbackorder","22":"shipping-taxable","23":"purchasable","24":"product-type-variable","25":"has-default-attributes"},"tiered_pricing_type":"percentage","tiered_pricing_fixed_rules":[],"tiered_pricing_product_settings":{"layout":"default","base_unit_name":{"singular":null,"plural":null},"default_variation":null},"tiered_pricing_minimum_quantity":10,"tiered_pricing_roles_data":[],"tiered_pricing_percentage_rules":{"30":"29","50":"35","100":"40","200":"44","500":"47","1000":"49"},"tiered_pricing_maximum_quantity":null,"tiered_pricing_quantity_step":"10","_links":{"self":[{"href":"https:\/\/agoravape.com\/fr\/wp-json\/wp\/v2\/product\/11193","targetHints":{"allow":["GET"]}}],"collection":[{"href":"https:\/\/agoravape.com\/fr\/wp-json\/wp\/v2\/product"}],"about":[{"href":"https:\/\/agoravape.com\/fr\/wp-json\/wp\/v2\/types\/product"}],"replies":[{"embeddable":true,"href":"https:\/\/agoravape.com\/fr\/wp-json\/wp\/v2\/comments?post=11193"}],"version-history":[{"count":0,"href":"https:\/\/agoravape.com\/fr\/wp-json\/wp\/v2\/product\/11193\/revisions"}],"wp:featuredmedia":[{"embeddable":true,"href":"https:\/\/agoravape.com\/fr\/wp-json\/wp\/v2\/media\/11216"}],"wp:attachment":[{"href":"https:\/\/agoravape.com\/fr\/wp-json\/wp\/v2\/media?parent=11193"}],"wp:term":[{"taxonomy":"product_brand","embeddable":true,"href":"https:\/\/agoravape.com\/fr\/wp-json\/wp\/v2\/product_brand?post=11193"},{"taxonomy":"product_cat","embeddable":true,"href":"https:\/\/agoravape.com\/fr\/wp-json\/wp\/v2\/product_cat?post=11193"},{"taxonomy":"product_tag","embeddable":true,"href":"https:\/\/agoravape.com\/fr\/wp-json\/wp\/v2\/product_tag?post=11193"}],"curies":[{"name":"wp","href":"https:\/\/api.w.org\/{rel}","templated":true}]}}