{"id":11274,"date":"2025-10-05T16:49:05","date_gmt":"2025-10-05T08:49:05","guid":{"rendered":"https:\/\/green-grasshopper-921422.hostingersite.com\/?post_type=product&#038;p=11274"},"modified":"2026-01-19T22:08:55","modified_gmt":"2026-01-19T14:08:55","slug":"bood-pulse-pro-50000-puffs-vape","status":"publish","type":"product","link":"https:\/\/agoravape.com\/fr\/product\/bood-pulse-pro-50000-puffs-vape\/","title":{"rendered":"Bood Pulse Pro 50000 Port | Large Capacity and Convenient, Equipped with Mesh Coil and Type-C Charging Interface"},"content":{"rendered":"<h2 data-v-md-heading=\"what-are-the-advantages-of-the-bood-pulse-pro-50000-puff-high-capacity-vape\" data-v-md-line=\"3\">Quels sont les avantages du vaporisateur haute capacit\u00e9 Bood Pulse Pro 50000 bouff\u00e9es\u00a0?<\/h2>\n<p data-v-md-line=\"4\">Si vous en avez assez de changer de e-liquide jetable tous les deux ou trois jours, ce produit pourrait vous int\u00e9resser. Le Bood Pulse Pro est \u00e9quip\u00e9 d'un r\u00e9servoir d'huile de grande capacit\u00e9 et d'une batterie rechargeable, vous permettant de l'utiliser longtemps sans avoir \u00e0 remplacer fr\u00e9quemment la batterie.<\/p>\n<p data-v-md-line=\"6\">Si vous recherchez une cigarette \u00e9lectronique \u00e0 aspiration simple et facile \u00e0 utiliser, offrant une restitution constante des saveurs, ce produit est id\u00e9al. Une capacit\u00e9 de 50\u00a0000\u00a0mAh peut para\u00eetre impressionnante, mais c'est pr\u00e9cis\u00e9ment sa capacit\u00e9 de 38\u00a0ml d'e-liquide et ses r\u00e9sistances mesh qui lui conf\u00e8rent une telle autonomie. L'autonomie r\u00e9elle d\u00e9pendra de votre utilisation\u00a0; elle n'est donc pas illimit\u00e9e.<\/p>\n<h2 data-v-md-heading=\"excellent-performance-no-need-for-complex-operations\" data-v-md-line=\"8\">Excellentes performances, aucune op\u00e9ration complexe requise<\/h2>\n<p data-v-md-line=\"9\">Le Pulse Pro est dot\u00e9 d'un atomiseur \u00e0 mailles pour une vapeur douce et des saveurs pures. Pas besoin de boutons ni de menus, une simple aspiration suffit. Pour recharger la batterie, utilisez un c\u00e2ble USB-C (semblable \u00e0 celui de votre t\u00e9l\u00e9phone). C'est simple comme bonjour.<\/p>\n<h2 data-v-md-heading=\"specification-introduction\" data-v-md-line=\"11\">Introduction aux sp\u00e9cifications<\/h2>\n<ul data-v-md-line=\"12\">\n<li>Fr\u00e9quence d'aspiration : jusqu'\u00e0 50\u00a0000 fois<\/li>\n<li>Capacit\u00e9 du r\u00e9servoir d'e-liquide : 38 millilitres<\/li>\n<li>Teneur en nicotine : 0 %, 2 % ou 5 % (la disponibilit\u00e9 peut varier selon le march\u00e9)<\/li>\n<li>Bobine : Bobine Mesh<\/li>\n<li>Batterie : 850 mAh<\/li>\n<li>Principe de fonctionnement : Activation par inhalation<\/li>\n<li>Charging: Standard Type-C USB interface<\/li>\n<li>\u00c9tat : Pr\u00eat \u00e0 l'emploi d\u00e8s le d\u00e9ballage<\/li>\n<\/ul>\n<h2 data-v-md-heading=\"full-range-of-flavors\" data-v-md-line=\"21\">Full range of flavors<\/h2>\n<ul data-v-md-line=\"22\">\n<li>Saveur melon, ananas, orange<\/li>\n<li>Saveur myrtille framboise acidul\u00e9e<\/li>\n<li>Saveur \u00e9trange de past\u00e8que<\/li>\n<li>Saveur myrtille et past\u00e8que<\/li>\n<li>Saveur glace \u00e0 la m\u00fbre<\/li>\n<li>Saveur triple melon<\/li>\n<li>Saveur glace \u00e0 la fraise<\/li>\n<li>saveur glace \u00e0 la fraise et \u00e0 la past\u00e8que<\/li>\n<li>Eau aromatis\u00e9e au double citron<\/li>\n<li>Ar\u00f4mes de raisin, canneberge, myrtille et framboise<\/li>\n<\/ul>\n<h2 data-v-md-heading=\"to-create-for-you-and-your-business\" data-v-md-line=\"33\">Pour cr\u00e9er pour vous et votre entreprise<\/h2>\n<p data-v-md-line=\"34\">Vous pouvez acheter une seule unit\u00e9 pour votre usage personnel ou vous approvisionner pour la revente. Le carton de vente en gros contient 180 pi\u00e8ces, mesurant 54 \u00d7 38,5 \u00d7 27 centim\u00e8tres et pesant 22,5 kilogrammes. Cela facilite la planification de l'espace de stockage et des frais d'exp\u00e9dition.<\/p>\n<p data-v-md-line=\"36\">Comprenez rapidement la r\u00e9glementation. Gr\u00e2ce \u00e0 sa grande capacit\u00e9 d'e-liquide et \u00e0 sa teneur optionnelle en nicotine de 5 %, cet appareil d\u00e9passe la limite fix\u00e9e par la directive europ\u00e9enne TPD pour les cigarettes \u00e9lectroniques jetables. Veuillez v\u00e9rifier la l\u00e9gislation locale avant toute mise en vente ou achat. Nous livrons uniquement sur les march\u00e9s autorisant ces sp\u00e9cifications. Pour les destinations autoris\u00e9es, nous proposons une livraison DDP (droits acquitt\u00e9s) avec nos partenaires UPS, DPD et DHL, vous \u00e9vitant ainsi toute mauvaise surprise \u00e0 la douane.<\/p>\n<h2 data-v-md-heading=\"why-do-you-like-it\" data-v-md-line=\"38\">Pourquoi l'aimes-tu ?<\/h2>\n<ul data-v-md-line=\"39\">\n<li>Aspiration massive : dur\u00e9e d'utilisation prolong\u00e9e, vous n'aurez donc pas besoin d'en acheter fr\u00e9quemment de nouveaux.<\/li>\n<li>S\u00e9lection du taux de nicotine\u00a0: Choisissez 0\u00a0%, 2\u00a0% ou 5\u00a0% en fonction de vos habitudes de vapotage.<\/li>\n<li>Rechargeable : Vous pouvez utiliser la totalit\u00e9 des 38 millilitres d'e-liquide au lieu de jeter un appareil partiellement utilis\u00e9.<\/li>\n<li>Noyau d'atomiseur en mesh : Fum\u00e9e et saveur constantes.<\/li>\n<li>Facile d'utilisation : il suffit d'inhaler et d'utiliser, sans avoir \u00e0 r\u00e9gler les boutons ou les param\u00e8tres.<\/li>\n<\/ul>\n<h2 data-v-md-heading=\"why-collaborate-with-agoravape\" data-v-md-line=\"45\">Pourquoi collaborer avec AgoraVape ?<\/h2>\n<p data-v-md-line=\"46\">Nous sommes l'un des distributeurs de cigarettes \u00e9lectroniques les plus fiables d'Europe et ne vendons que des produits 100 % authentiques. Les clients professionnels qui ach\u00e8tent <a class=\"wpil_keyword_link\" title=\"BOOD\" href=\"https:\/\/agoravape.com\/fr\/marque\/bood\/\" data-wpil-keyword-link=\"linked\" data-wpil-monitor-id=\"103\">Message<\/a> Les vaporisateurs grande capacit\u00e9 Pulse Pro 50000 b\u00e9n\u00e9ficient de prix de gros avantageux, d'une assistance fiable et d'une livraison rapide et s\u00e9curis\u00e9e. Si vous souhaitez acqu\u00e9rir un vaporisateur grande capacit\u00e9 et durable qui plaira assur\u00e9ment \u00e0 vos clients, n'h\u00e9sitez pas \u00e0 nous contacter.<\/p>\n<p data-v-md-line=\"46\"><img loading=\"lazy\" decoding=\"async\" class=\"aligncenter size-full wp-image-11289\" src=\"https:\/\/agoravape.com\/wp-content\/uploads\/2025\/10\/Boodpro_final.webp\" alt=\"\" width=\"1280\" height=\"892\" srcset=\"https:\/\/agoravape.com\/wp-content\/uploads\/2025\/10\/Boodpro_final.webp 1280w, https:\/\/agoravape.com\/wp-content\/uploads\/2025\/10\/Boodpro_final-1200x836.webp 1200w, https:\/\/agoravape.com\/wp-content\/uploads\/2025\/10\/Boodpro_final-300x209.webp 300w, https:\/\/agoravape.com\/wp-content\/uploads\/2025\/10\/Boodpro_final-1024x714.webp 1024w, https:\/\/agoravape.com\/wp-content\/uploads\/2025\/10\/Boodpro_final-768x535.webp 768w\" sizes=\"auto, (max-width: 1280px) 100vw, 1280px\" \/><\/p>","protected":false},"excerpt":{"rendered":"<p>Faites l'exp\u00e9rience d'une commodit\u00e9 durable avec le Bood Pulse Pro. Obtenez jusqu'\u00e0 50 000 bouff\u00e9es gr\u00e2ce \u00e0 une \u00e9norme capacit\u00e9 de 38 ml et \u00e0 une batterie rechargeable de type C. Son mesh coil assure une saveur douce et constante dans un design simple, activ\u00e9 par le tirage. Le vapotage longue dur\u00e9e et haute performance en toute simplicit\u00e9.<\/p>","protected":false},"featured_media":11286,"comment_status":"open","ping_status":"closed","template":"","meta":[],"product_brand":[200],"product_cat":[124,187,185,189,1641,127,174,175,193,191,173,186,180,190],"product_tag":[],"class_list":{"0":"post-11274","1":"product","2":"type-product","3":"status-publish","4":"has-post-thumbnail","6":"product_brand-bood","7":"product_cat-vape-by-brand","8":"product_cat-0mg-nicotine-free-vapes","9":"product_cat-10000-puffs-high-capacity","10":"product_cat-20mg-standard-nicotine-vapes","11":"product_cat-50000-puffs","12":"product_cat-bood","13":"product_cat-fruit-flavors","14":"product_cat-icy-mint","15":"product_cat-mesh-coil","16":"product_cat-rechargeable-disposables","17":"product_cat-vape-by-flavor-profile","18":"product_cat-vape-by-nicotine-strength","19":"product_cat-vape-by-puff-count","20":"product_cat-vape-by-feature-or-type","22":"first","23":"onbackorder","24":"shipping-taxable","25":"purchasable","26":"product-type-variable","27":"has-default-attributes"},"tiered_pricing_type":"percentage","tiered_pricing_fixed_rules":[],"tiered_pricing_product_settings":{"layout":"default","base_unit_name":{"singular":null,"plural":null},"default_variation":null},"tiered_pricing_minimum_quantity":10,"tiered_pricing_roles_data":[],"tiered_pricing_percentage_rules":{"100":"40","200":"44","500":"47","1000":"49"},"tiered_pricing_maximum_quantity":null,"tiered_pricing_quantity_step":"10","_links":{"self":[{"href":"https:\/\/agoravape.com\/fr\/wp-json\/wp\/v2\/product\/11274","targetHints":{"allow":["GET"]}}],"collection":[{"href":"https:\/\/agoravape.com\/fr\/wp-json\/wp\/v2\/product"}],"about":[{"href":"https:\/\/agoravape.com\/fr\/wp-json\/wp\/v2\/types\/product"}],"replies":[{"embeddable":true,"href":"https:\/\/agoravape.com\/fr\/wp-json\/wp\/v2\/comments?post=11274"}],"version-history":[{"count":0,"href":"https:\/\/agoravape.com\/fr\/wp-json\/wp\/v2\/product\/11274\/revisions"}],"wp:featuredmedia":[{"embeddable":true,"href":"https:\/\/agoravape.com\/fr\/wp-json\/wp\/v2\/media\/11286"}],"wp:attachment":[{"href":"https:\/\/agoravape.com\/fr\/wp-json\/wp\/v2\/media?parent=11274"}],"wp:term":[{"taxonomy":"product_brand","embeddable":true,"href":"https:\/\/agoravape.com\/fr\/wp-json\/wp\/v2\/product_brand?post=11274"},{"taxonomy":"product_cat","embeddable":true,"href":"https:\/\/agoravape.com\/fr\/wp-json\/wp\/v2\/product_cat?post=11274"},{"taxonomy":"product_tag","embeddable":true,"href":"https:\/\/agoravape.com\/fr\/wp-json\/wp\/v2\/product_tag?post=11274"}],"curies":[{"name":"wp","href":"https:\/\/api.w.org\/{rel}","templated":true}]}}