{"id":11309,"date":"2025-10-05T21:01:03","date_gmt":"2025-10-05T13:01:03","guid":{"rendered":"https:\/\/green-grasshopper-921422.hostingersite.com\/?post_type=product&#038;p=11309"},"modified":"2026-01-30T17:39:31","modified_gmt":"2026-01-30T09:39:31","slug":"randm-fumot-tornado-20000-puffs-vape","status":"publish","type":"product","link":"https:\/\/agoravape.com\/fr\/product\/randm-fumot-tornado-20000-puffs-vape\/","title":{"rendered":"RandM Fumot Tornado 20000 Port Digital Vape | Large Capacity, Convenient Display"},"content":{"rendered":"<h2 data-v-md-heading=\"what-is-the-randm-fumot-tornado-20000-port-digital-vape-like\" data-v-md-line=\"3\">\u00c0 quoi ressemble le vaporisateur num\u00e9rique RandM Fumot Tornado 20000 ?<\/h2>\n<p data-v-md-line=\"4\">Si vous en avez assez des cigarettes \u00e9lectroniques jetables qui se vident en deux semaines, ce produit pourrait vous int\u00e9resser. La RandM Fumot Tornado offre une capacit\u00e9 de 20\u00a0000\u00a0bits et est \u00e9quip\u00e9e d'un \u00e9cran num\u00e9rique clair affichant les niveaux de batterie et d'e-liquide. Plus besoin de deviner\u00a0: simple et pratique.<\/p>\n<p data-v-md-line=\"6\">Elle convient \u00e0 tous ceux qui recherchent une cigarette \u00e9lectronique offrant une excellente restitution des saveurs et une performance stable, tout en conservant une longue autonomie. Vous pourriez penser qu'une cigarette \u00e9lectronique de grande capacit\u00e9 est encombrante, mais vous serez surpris de sa facilit\u00e9 de transport au quotidien.<\/p>\n<h2 data-v-md-heading=\"excellent-performance-easy-and-convenient\" data-v-md-line=\"8\">Excellentes performances, facile et pratique<\/h2>\n<p data-v-md-line=\"9\">Les r\u00e9sistances \u00e0 double mesh garantissent une saveur constante de la premi\u00e8re \u00e0 la derni\u00e8re bouff\u00e9e. L'\u00e9cran permet de v\u00e9rifier pr\u00e9cis\u00e9ment le niveau de batterie restant et de tout contr\u00f4ler. Lorsque la batterie est faible, vous pouvez utiliser le m\u00eame c\u00e2ble de donn\u00e9es que votre t\u00e9l\u00e9phone pour la recharger via USB-C. La batterie de 850 mAh assure une alimentation continue, tandis que le r\u00e9servoir d'huile de 20 ml permet une vape prolong\u00e9e.<\/p>\n<h2 data-v-md-heading=\"specification-introduction\" data-v-md-line=\"11\">Introduction aux sp\u00e9cifications<\/h2>\n<ul data-v-md-line=\"12\">\n<li>Fr\u00e9quence d'aspiration : jusqu'\u00e0 20\u00a0000 fois<\/li>\n<li>Teneur en nicotine : 0 %, 2 %, 3 %, 5 %<\/li>\n<li>Principe de fonctionnement : S'active en une seule bouff\u00e9e<\/li>\n<li>Charging: Standard Type-C USB interface<\/li>\n<li>\u00c9tat : Pr\u00eat \u00e0 l'emploi d\u00e8s la sortie de l'emballage<\/li>\n<\/ul>\n<h2 data-v-md-heading=\"full-range-of-flavors\" data-v-md-line=\"18\">Full range of flavors<\/h2>\n<ul data-v-md-line=\"19\">\n<li>Bonbons durs \u00e0 la myrtille et \u00e0 la framboise<\/li>\n<li>Myrtille<\/li>\n<li>fraise kiwi<\/li>\n<li>Bonbons arc-en-ciel<\/li>\n<li>glace \u00e0 la fraise<\/li>\n<li>Glace \u00e0 la poire<\/li>\n<li>barbe \u00e0 papa<\/li>\n<li>Bonbons aux haricots \u00e0 c\u0153ur tendre<\/li>\n<li>Eau citronn\u00e9e au concombre<\/li>\n<li>Lait de coco \u00e0 l'ananas<\/li>\n<li>M\u00fbre<\/li>\n<li>Glace \u00e0 la past\u00e8que<\/li>\n<li>Strawberry watermelon<\/li>\n<li>baies m\u00e9lang\u00e9es<\/li>\n<li>Litchi Melon<\/li>\n<li>Cerise et citron vert<\/li>\n<li>Ananas, citron vert, pomme<\/li>\n<li>G\u00e2teau \u00e0 la banane<\/li>\n<li>Mr. Blue<\/li>\n<li>Cerise<\/li>\n<li>Myrtilles et framboises<\/li>\n<li>Cherry Cola<\/li>\n<li>Kiwi, fruit de la passion, goyave<\/li>\n<li>Glace \u00e0 la fraise<\/li>\n<li>Glace \u00e0 la fraise, framboise et cerise<\/li>\n<li>Baies de cerise<\/li>\n<li>Myrtilles et baies acides<\/li>\n<li>oursons g\u00e9lifi\u00e9s aux myrtilles<\/li>\n<li>Menthe fra\u00eeche<\/li>\n<li>Blue Rink Ice<\/li>\n<li>Glace de cactus<\/li>\n<li>Raisins rouges et citron vert<\/li>\n<li>Cola Citron<\/li>\n<li>Pommes de cassis<\/li>\n<li>kiwi cactus<\/li>\n<li>Glace Coca-Cola<\/li>\n<li>Red Bull \u00e0 la fraise<\/li>\n<li>past\u00e8que framboise<\/li>\n<li>Citron et citron vert<\/li>\n<\/ul>\n<h2 data-v-md-heading=\"for-you-and-for-your-business-as-well\" data-v-md-line=\"59\">Pour vous, et pour votre entreprise \u00e9galement<\/h2>\n<p data-v-md-line=\"60\">Vous pouvez acheter <a class=\"wpil_keyword_link\" title=\"RandM\" href=\"https:\/\/agoravape.com\/fr\/vape-par-marque\/randm\/\" data-wpil-keyword-link=\"linked\" data-wpil-monitor-id=\"102\">RandM<\/a> Faites-vous plaisir avec 20\u00a0000 cartouches Fumot Tornado, ou ajoutez-les \u00e0 votre stock. Nous proposons des cartons de 160 unit\u00e9s en gros pour vous aider \u00e0 approvisionner vos rayons.<\/p>\n<p data-v-md-line=\"62\">Nous exp\u00e9dions par des partenaires de confiance comme UPS, DPD et DHL en DDP apr\u00e8s paiement des taxes, \u00e9vitant ainsi tout probl\u00e8me de douane. Livraison rapide et suivi clair pour plus de simplicit\u00e9.<\/p>\n<h2 data-v-md-heading=\"why-do-you-like-it\" data-v-md-line=\"64\">Pourquoi l'aimes-tu ?<\/h2>\n<ul data-v-md-line=\"65\">\n<li>Aspiration puissante : La dur\u00e9e d'aspiration est plus longue, vous n'aurez donc pas besoin d'en acheter de nouveaux fr\u00e9quemment.<\/li>\n<li>S\u00e9lection de la nicotine\u00a0: Choisissez la concentration de nicotine qui vous convient.<\/li>\n<li>Rechargeable : Vous pouvez utiliser tous les e-liquides achet\u00e9s.<\/li>\n<li>R\u00e9sistance mesh : Profitez d'une exp\u00e9rience stable et savoureuse \u00e0 chaque fois.<\/li>\n<li>\u00c9cran num\u00e9rique\u00a0: le niveau de batterie et d\u2019e-liquide est clairement visible en un coup d\u2019\u0153il, pour ne jamais rien manquer.<\/li>\n<\/ul>\n<h2 data-v-md-heading=\"why-collaborate-with-agoravape\" data-v-md-line=\"71\">Pourquoi collaborer avec AgoraVape ?<\/h2>\n<p data-v-md-line=\"72\">Nous sommes l'un des distributeurs de cigarettes \u00e9lectroniques les plus fiables d'Europe et nous ne vendons que des produits 100 % authentiques. Pour les professionnels, cela se traduit par des prix de gros, un service client irr\u00e9prochable et une livraison rapide et fiable des cigarettes \u00e9lectroniques RandM Fumot Tornado 20000 \u00e0 \u00e9cran num\u00e9rique. Contactez-nous pour proposer \u00e0 vos clients un produit d'une fiabilit\u00e9 absolue.<\/p>","protected":false},"excerpt":{"rendered":"<p>Enjoy up to 20,000 puffs with the RandM Fumot Tornado. Its clear digital screen shows real-time battery and e-liquid levels, so you\u2019re always in control. This Type-C rechargeable vape uses a dual mesh coil for consistent, rich flavor. Choose from multiple nicotine strengths (0% to 5%).<\/p>","protected":false},"featured_media":11359,"comment_status":"open","ping_status":"closed","template":"","meta":[],"product_brand":[201],"product_cat":[124,187,185,1636,189,176,177,174,175,193,128,191,179,173,186,180,190,192],"product_tag":[],"class_list":{"0":"post-11309","1":"product","2":"type-product","3":"status-publish","4":"has-post-thumbnail","6":"product_brand-randm","7":"product_cat-vape-by-brand","8":"product_cat-0mg-nicotine-free-vapes","9":"product_cat-10000-puffs-high-capacity","10":"product_cat-20000-puffs","11":"product_cat-20mg-standard-nicotine-vapes","12":"product_cat-beverage","13":"product_cat-dessert-sweets","14":"product_cat-fruit-flavors","15":"product_cat-icy-mint","16":"product_cat-mesh-coil","17":"product_cat-randm","18":"product_cat-rechargeable-disposables","19":"product_cat-unique-blends","20":"product_cat-vape-by-flavor-profile","21":"product_cat-vape-by-nicotine-strength","22":"product_cat-vape-by-puff-count","23":"product_cat-vape-by-feature-or-type","24":"product_cat-vapes-with-screens","26":"first","27":"instock","28":"shipping-taxable","29":"purchasable","30":"product-type-variable","31":"has-default-attributes"},"tiered_pricing_type":"percentage","tiered_pricing_fixed_rules":[],"tiered_pricing_product_settings":{"layout":"default","base_unit_name":{"singular":null,"plural":null},"default_variation":null},"tiered_pricing_minimum_quantity":10,"tiered_pricing_roles_data":[],"tiered_pricing_percentage_rules":{"30":"29","50":"35","100":"40","200":"44","500":"47","1000":"49"},"tiered_pricing_maximum_quantity":null,"tiered_pricing_quantity_step":"10","_links":{"self":[{"href":"https:\/\/agoravape.com\/fr\/wp-json\/wp\/v2\/product\/11309","targetHints":{"allow":["GET"]}}],"collection":[{"href":"https:\/\/agoravape.com\/fr\/wp-json\/wp\/v2\/product"}],"about":[{"href":"https:\/\/agoravape.com\/fr\/wp-json\/wp\/v2\/types\/product"}],"replies":[{"embeddable":true,"href":"https:\/\/agoravape.com\/fr\/wp-json\/wp\/v2\/comments?post=11309"}],"version-history":[{"count":0,"href":"https:\/\/agoravape.com\/fr\/wp-json\/wp\/v2\/product\/11309\/revisions"}],"wp:featuredmedia":[{"embeddable":true,"href":"https:\/\/agoravape.com\/fr\/wp-json\/wp\/v2\/media\/11359"}],"wp:attachment":[{"href":"https:\/\/agoravape.com\/fr\/wp-json\/wp\/v2\/media?parent=11309"}],"wp:term":[{"taxonomy":"product_brand","embeddable":true,"href":"https:\/\/agoravape.com\/fr\/wp-json\/wp\/v2\/product_brand?post=11309"},{"taxonomy":"product_cat","embeddable":true,"href":"https:\/\/agoravape.com\/fr\/wp-json\/wp\/v2\/product_cat?post=11309"},{"taxonomy":"product_tag","embeddable":true,"href":"https:\/\/agoravape.com\/fr\/wp-json\/wp\/v2\/product_tag?post=11309"}],"curies":[{"name":"wp","href":"https:\/\/api.w.org\/{rel}","templated":true}]}}