{"id":11401,"date":"2025-10-07T09:39:46","date_gmt":"2025-10-07T01:39:46","guid":{"rendered":"https:\/\/green-grasshopper-921422.hostingersite.com\/?post_type=product&#038;p=11401"},"modified":"2026-02-14T17:27:40","modified_gmt":"2026-02-14T16:27:40","slug":"randm-fumot-digital-box-12000-puffs","status":"publish","type":"product","link":"https:\/\/agoravape.com\/fr\/product\/randm-fumot-digital-box-12000-puffs\/","title":{"rendered":"RandM Fumot Digital Box 12000 Puff Vape | Large Puff Counting with Convenient Digital Display"},"content":{"rendered":"<h2 data-v-md-heading=\"what-is-the-randm-fumot-digital-box-12000-puff-vape\" data-v-md-line=\"3\">Qu'est-ce que le RandM Fumot Digital Box 12000 Puff Vape ?<\/h2>\n<p data-v-md-line=\"4\">Si vous en avez assez de gaspiller vos cigarettes \u00e9lectroniques, ne cherchez plus. La box num\u00e9rique RandM Fumot offre jusqu'\u00e0 12\u00a0000 bouff\u00e9es et affiche le niveau de batterie et de liquide sur un \u00e9cran num\u00e9rique clair. Fini les mauvaises surprises\u00a0!<\/p>\n<p data-v-md-line=\"6\">Si vous recherchez une cigarette \u00e9lectronique simple, durable, savoureuse et efficace, c'est le produit id\u00e9al. Vous inhalez la vapeur. Lorsque la batterie est faible, vous pouvez la recharger. Voil\u00e0 !<\/p>\n<h2 data-v-md-heading=\"excellent-performance-without-any-complications\" data-v-md-line=\"8\">Excellentes performances sans aucune complication<\/h2>\n<p data-v-md-line=\"9\">Une r\u00e9sistance mesh de 0,8 \u03a9 assure une saveur constante du d\u00e9but \u00e0 la fin. Son rev\u00eatement est tr\u00e8s doux au toucher et la vapeur est dense et agr\u00e9able au toucher. La batterie se recharge via un c\u00e2ble USB-C, compatible avec la plupart des t\u00e9l\u00e9phones portables\u00a0; vous n'aurez donc pas besoin de chercher un c\u00e2ble sp\u00e9cifique. L'\u00e9cran num\u00e9rique affiche le niveau de batterie et le niveau d'e-liquide, pour une utilisation quotidienne simplifi\u00e9e.<\/p>\n<h2 data-v-md-heading=\"quick-specifications\" data-v-md-line=\"11\">Sp\u00e9cifications rapides<\/h2>\n<p data-v-md-line=\"12\"><strong>Quantit\u00e9 de bouff\u00e9es :<\/strong>\u00a0Maximum de 12 000 bouff\u00e9es<br \/>\n<strong>Nicotine:<\/strong>\u00a0Disponible en 0 %, 2 %, 3 % et 5 %<br \/>\n<strong>Principe de fonctionnement :<\/strong>\u00a0Il suffit d'inspirer pour activer<br \/>\n<strong>Charging:<\/strong>\u00a0Port USB Type-C standard<br \/>\n<strong>Statut:<\/strong>\u00a0Pr\u00eat \u00e0 l'emploi d\u00e8s sa sortie de l'emballage<\/p>\n<h2 data-v-md-heading=\"full-flavor-lineup\" data-v-md-line=\"18\">Gamme compl\u00e8te de saveurs<\/h2>\n<ul data-v-md-line=\"19\">\n<li>Menthe fra\u00eeche<\/li>\n<li>Glace \u00e0 la past\u00e8que<\/li>\n<li>Glace au raisin<\/li>\n<li>Myrtilles et framboises<\/li>\n<li>Strawberry watermelon<\/li>\n<li>Fraise et banane<\/li>\n<li>Glace \u00e0 la mangue<\/li>\n<li>baies m\u00e9lang\u00e9es<\/li>\n<li>Cherry Cola<\/li>\n<li>Kiwi et goyave<\/li>\n<li>De plus, 49 autres saveurs de produits sont disponibles.<\/li>\n<\/ul>\n<h2 data-v-md-heading=\"for-you-and-your-business\" data-v-md-line=\"31\">Pour vous et votre entreprise<\/h2>\n<p data-v-md-line=\"32\">Vous pouvez choisir <a class=\"wpil_keyword_link\" title=\"RandM\" href=\"https:\/\/agoravape.com\/fr\/vape-par-marque\/randm\/\" data-wpil-keyword-link=\"linked\" data-wpil-monitor-id=\"101\">RandM<\/a> Fumot Digital Box 12000 Bubble Smoke, id\u00e9al pour un usage personnel ou pour votre magasin. Disponible en cartons de 200 unit\u00e9s en gros, pour un r\u00e9approvisionnement simplifi\u00e9. Livraison dans toute l'UE via DDP avec des partenaires de confiance comme UPS, DPD et DHL\u00a0: les frais de douane sont pr\u00e9-calcul\u00e9s et vous n'aurez aucune mauvaise surprise.<\/p>\n<p data-v-md-line=\"34\">Si vous commercialisez vos produits dans diff\u00e9rents pays, il est important de v\u00e9rifier la r\u00e9glementation locale concernant la concentration de nicotine et les formes jetables. Notre \u00e9quipe peut vous recommander les produits les plus vendus et les solutions de conformit\u00e9.<\/p>\n<h2 data-v-md-heading=\"why-do-you-like-it\" data-v-md-line=\"36\">Pourquoi l'aimes-tu ?<\/h2>\n<p data-v-md-line=\"37\"><strong>Beaucoup de bouff\u00e9es :<\/strong>\u00a0Il dure plus longtemps, vous n'aurez donc pas besoin d'en acheter de nouveaux souvent.<br \/>\n<strong>S\u00e9lection de la nicotine :<\/strong>\u00a0Choisissez le dosage appropri\u00e9 \u00e0 votre utilisation de la cigarette \u00e9lectronique.<br \/>\n<strong>Rechargeable :<\/strong>\u00a0Vous pouvez utiliser la totalit\u00e9 des e-liquides que vous avez achet\u00e9s au lieu de remplir la moiti\u00e9 d'une canette.<br \/>\n<strong>Bobine \u00e0 mailles :<\/strong>\u00a0Le go\u00fbt de chaque cigarette est net et constant, et pas seulement des premi\u00e8res.<br \/>\n<strong>Affichage num\u00e9rique\u00a0:<\/strong>\u00a0Vous pouvez facilement visualiser d'un coup d'\u0153il les niveaux de la batterie et du liquide \u00e9lectronique, ce qui vous aide \u00e0 planifier votre journ\u00e9e de travail.<br \/>\n<strong>Recharge de type C\u00a0:<\/strong>\u00a0Un seul c\u00e2ble, la vie simplifi\u00e9e.<br \/>\n<strong>Pas de loterie des boutons :<\/strong>\u00a0Inhaler l'activation pour commencer.<\/p>\n<h2 data-v-md-heading=\"why-choose-to-collaborate-with-agoravape\" data-v-md-line=\"45\">Pourquoi choisir de collaborer avec AgoraVape ?<\/h2>\n<p data-v-md-line=\"46\">Nous ne vendons que du mat\u00e9riel 100 % authentique et nous assurons un suivi rigoureux. Pour nos clients professionnels, nous proposons des prix de gros avantageux, un service client r\u00e9actif et une livraison rapide DDP en UE pour la cigarette \u00e9lectronique RandM Fumot Digital Box 12\u00a0000 bouff\u00e9es. Contactez-nous pour acheter un produit jetable fiable \u00e0 forte production de vapeur pour vos clients.<\/p>","protected":false},"excerpt":{"rendered":"<p>Profitez de jusqu'\u00e0 12 000 bouff\u00e9es avec la bo\u00eete num\u00e9rique RandM Fumot. Son \u00e9cran num\u00e9rique clair affiche les niveaux d'e-liquide et de batterie, plus besoin de deviner. Une r\u00e9sistance mesh garantit une saveur constante du d\u00e9but \u00e0 la fin, et elle est facilement rechargeable avec un c\u00e2ble Type-C standard. Simple, durable et fiable.<\/p>","protected":false},"featured_media":11541,"comment_status":"open","ping_status":"closed","template":"","meta":[],"product_brand":[201],"product_cat":[124,187,185,1634,189,176,177,1674,174,175,193,128,191,178,179,173,186,180,190,192],"product_tag":[],"class_list":{"0":"post-11401","1":"product","2":"type-product","3":"status-publish","4":"has-post-thumbnail","6":"product_brand-randm","7":"product_cat-vape-by-brand","8":"product_cat-0mg-nicotine-free-vapes","9":"product_cat-10000-puffs-high-capacity","10":"product_cat-12000-puffs","11":"product_cat-20mg-standard-nicotine-vapes","12":"product_cat-beverage","13":"product_cat-dessert-sweets","14":"product_cat-eu-warehouse","15":"product_cat-fruit-flavors","16":"product_cat-icy-mint","17":"product_cat-mesh-coil","18":"product_cat-randm","19":"product_cat-rechargeable-disposables","20":"product_cat-tobacco","21":"product_cat-unique-blends","22":"product_cat-vape-by-flavor-profile","23":"product_cat-vape-by-nicotine-strength","24":"product_cat-vape-by-puff-count","25":"product_cat-vape-by-feature-or-type","26":"product_cat-vapes-with-screens","28":"first","29":"instock","30":"shipping-taxable","31":"purchasable","32":"product-type-variable","33":"has-default-attributes"},"tiered_pricing_type":"percentage","tiered_pricing_fixed_rules":[],"tiered_pricing_product_settings":{"layout":"default","base_unit_name":{"singular":null,"plural":null},"default_variation":null},"tiered_pricing_minimum_quantity":10,"tiered_pricing_roles_data":[],"tiered_pricing_percentage_rules":{"30":"29","50":"35","100":"40","200":"44","500":"47","1000":"49"},"tiered_pricing_maximum_quantity":null,"tiered_pricing_quantity_step":"10","_links":{"self":[{"href":"https:\/\/agoravape.com\/fr\/wp-json\/wp\/v2\/product\/11401","targetHints":{"allow":["GET"]}}],"collection":[{"href":"https:\/\/agoravape.com\/fr\/wp-json\/wp\/v2\/product"}],"about":[{"href":"https:\/\/agoravape.com\/fr\/wp-json\/wp\/v2\/types\/product"}],"replies":[{"embeddable":true,"href":"https:\/\/agoravape.com\/fr\/wp-json\/wp\/v2\/comments?post=11401"}],"version-history":[{"count":0,"href":"https:\/\/agoravape.com\/fr\/wp-json\/wp\/v2\/product\/11401\/revisions"}],"wp:featuredmedia":[{"embeddable":true,"href":"https:\/\/agoravape.com\/fr\/wp-json\/wp\/v2\/media\/11541"}],"wp:attachment":[{"href":"https:\/\/agoravape.com\/fr\/wp-json\/wp\/v2\/media?parent=11401"}],"wp:term":[{"taxonomy":"product_brand","embeddable":true,"href":"https:\/\/agoravape.com\/fr\/wp-json\/wp\/v2\/product_brand?post=11401"},{"taxonomy":"product_cat","embeddable":true,"href":"https:\/\/agoravape.com\/fr\/wp-json\/wp\/v2\/product_cat?post=11401"},{"taxonomy":"product_tag","embeddable":true,"href":"https:\/\/agoravape.com\/fr\/wp-json\/wp\/v2\/product_tag?post=11401"}],"curies":[{"name":"wp","href":"https:\/\/api.w.org\/{rel}","templated":true}]}}