{"id":11876,"date":"2025-10-08T16:13:37","date_gmt":"2025-10-08T08:13:37","guid":{"rendered":"https:\/\/green-grasshopper-921422.hostingersite.com\/?post_type=product&#038;p=11876"},"modified":"2026-03-26T13:22:26","modified_gmt":"2026-03-26T12:22:26","slug":"mrvi-twins-32000-puffs-dual-flavor-vape","status":"publish","type":"product","link":"https:\/\/agoravape.com\/fr\/product\/mrvi-twins-32000-puffs-dual-flavor-vape\/","title":{"rendered":"MRVI Twins 32000 Vape jetable double saveur | Deux saveurs, grandes bouff\u00e9es, facile \u00e0 manipuler."},"content":{"rendered":"<h2 data-v-md-heading=\"what-are-the-special-features-of-mrvi-twins-32000-dual-flavored-disposable-vape\" data-v-md-line=\"3\"><img loading=\"lazy\" decoding=\"async\" class=\"aligncenter size-full wp-image-11894\" src=\"https:\/\/agoravape.com\/wp-content\/uploads\/2025\/10\/mrvi-32k-puffs_Agora_vape-scaled.webp\" alt=\"\" width=\"2560\" height=\"1707\" srcset=\"https:\/\/agoravape.com\/wp-content\/uploads\/2025\/10\/mrvi-32k-puffs_Agora_vape-scaled.webp 2560w, https:\/\/agoravape.com\/wp-content\/uploads\/2025\/10\/mrvi-32k-puffs_Agora_vape-scaled-1200x800.webp 1200w, https:\/\/agoravape.com\/wp-content\/uploads\/2025\/10\/mrvi-32k-puffs_Agora_vape-300x200.webp 300w, https:\/\/agoravape.com\/wp-content\/uploads\/2025\/10\/mrvi-32k-puffs_Agora_vape-1024x683.webp 1024w, https:\/\/agoravape.com\/wp-content\/uploads\/2025\/10\/mrvi-32k-puffs_Agora_vape-768x512.webp 768w, https:\/\/agoravape.com\/wp-content\/uploads\/2025\/10\/mrvi-32k-puffs_Agora_vape-1536x1024.webp 1536w, https:\/\/agoravape.com\/wp-content\/uploads\/2025\/10\/mrvi-32k-puffs_Agora_vape-2048x1366.webp 2048w\" sizes=\"auto, (max-width: 2560px) 100vw, 2560px\" \/><\/h2>\n<h2 data-v-md-heading=\"what-are-the-special-features-of-mrvi-twins-32000-dual-flavored-disposable-vape\" data-v-md-line=\"3\">Quelles sont les caract\u00e9ristiques particuli\u00e8res de la cigarette \u00e9lectronique jetable \u00e0 double saveur MRVI Twins 32000\u00a0?<\/h2>\n<p data-v-md-line=\"4\">Si vous en avez assez des cigarettes \u00e9lectroniques jetables qui se cassent au bout de quelques jours, ce produit pourrait vous int\u00e9resser. La MRVI Twins offre jusqu'\u00e0 32\u00a0000 bouff\u00e9es et combine deux saveurs dans un seul appareil, vous permettant de changer facilement de saveur sans avoir besoin d'une deuxi\u00e8me cigarette \u00e9lectronique. Elle est con\u00e7ue pour ceux qui recherchent une saveur durable et une utilisation simple (aucun r\u00e9glage n\u00e9cessaire, facile et pratique).<\/p>\n<p data-v-md-line=\"6\">Malgr\u00e9 sa large ouverture, il reste agr\u00e9able \u00e0 tenir en main et se glisse facilement dans une poche. Il offre une vapeur stable et une recharge pratique\u00a0; vous pouvez donc l'utiliser et en profiter pleinement.<\/p>\n<h2 data-v-md-heading=\"excellent-performance-easy-and-convenient\" data-v-md-line=\"8\">Excellentes performances, facile et pratique<\/h2>\n<p data-v-md-line=\"9\">La double r\u00e9sistance mesh est au c\u0153ur du Twins, pour une saveur aussi intense qu'\u00e0 la premi\u00e8re bouff\u00e9e. La r\u00e9sistance mesh chauffe uniform\u00e9ment, vous permettant de savourer un go\u00fbt pur et riche du d\u00e9but \u00e0 la fin. Lorsque la batterie est faible, vous pouvez la recharger via l'interface USB-C, avec un c\u00e2ble aussi simple que celui de votre t\u00e9l\u00e9phone.<\/p>\n<h2 data-v-md-heading=\"specification-introduction\" data-v-md-line=\"11\">Introduction aux sp\u00e9cifications<\/h2>\n<p data-v-md-line=\"12\"><strong>Fr\u00e9quence d'aspiration<\/strong>: jusqu'\u00e0 32 000 fois<br \/>\n<strong>Teneur en nicotine<\/strong>2 % et 5 % en option<br \/>\n<strong>Principe de fonctionnement<\/strong>Activez-vous en une seule bouff\u00e9e.<br \/>\n<strong>Chargement<\/strong>Interface USB Type-C standard<br \/>\n<strong>Statut<\/strong>Pr\u00eat \u00e0 l'emploi d\u00e8s sa sortie de l'emballage<\/p>\n<h2 data-v-md-heading=\"multiple-flavor-options\" data-v-md-line=\"18\">Plusieurs options de saveurs<\/h2>\n<ul data-v-md-line=\"19\">\n<li>Glace \u00e0 l'ananas\/Glace au raisin<\/li>\n<li>Glace \u00e0 la banane\/fraises-kiwi<\/li>\n<li>Smoothie \u00e0 la mangue \/ soda \u00e0 la cr\u00e8me d'orange<\/li>\n<li>Glace \u00e0 la p\u00eache\/Red Bull<\/li>\n<li>Glace \u00e0 la myrtille\/Glace \u00e0 la pomme rouge<\/li>\n<li>Past\u00e8que \u00e0 la menthe\/fruits rouges m\u00e9lang\u00e9s<\/li>\n<li>Glace \u00e0 la fraise\/Bonbon arc-en-ciel<\/li>\n<li>Soda \u00e0 la cerise\/Glace aux myrtilles<\/li>\n<li>Fraise Past\u00e8que\/Canneberge Raisin<\/li>\n<li>Triple melon\/soda glac\u00e9<\/li>\n<\/ul>\n<h2 data-v-md-heading=\"for-you-and-your-business\" data-v-md-line=\"30\">Pour vous et votre entreprise<\/h2>\n<p data-v-md-line=\"31\">Vous pouvez acheter les MRVI Twins 32000 \u00e0 l'unit\u00e9 pour votre usage personnel ou vous approvisionner pour proposer des services de vente en gros \u00e0 votre magasin. Le conditionnement en gros comprend 10 unit\u00e9s par bo\u00eete, soit 160 unit\u00e9s par bo\u00eete, ce qui simplifie grandement la gestion des stocks. Si vous souhaitez obtenir des informations compl\u00e9mentaires sur le carton d'emballage, nous sommes \u00e0 votre disposition.<\/p>\n<p data-v-md-line=\"33\">Nous exp\u00e9dions vos commandes via des transporteurs de confiance tels que UPS, DPD et DHL en DDP (droits acquitt\u00e9s) afin de garantir des d\u00e9lais de livraison pr\u00e9visibles et d'\u00e9viter les probl\u00e8mes de douane en Europe. La teneur et la concentration en nicotine peuvent varier selon les pays et les r\u00e9gions\u00a0; veuillez donc v\u00e9rifier la r\u00e9glementation locale avant de passer commande.<\/p>\n<h2 data-v-md-heading=\"why-do-you-like-it\" data-v-md-line=\"35\">Pourquoi l'aimes-tu ?<\/h2>\n<p data-v-md-line=\"36\"><strong>Fumer beaucoup<\/strong>Durables et r\u00e9sistantes, plus besoin d'acheter fr\u00e9quemment de nouvelles cigarettes.<br \/>\n<strong>S\u00e9lection de nicotine<\/strong>Vous pouvez choisir la concentration qui vous convient.<br \/>\n<strong>Rechargeable<\/strong>: signifie que vous pouvez utiliser tous les e-liquides achet\u00e9s.<br \/>\n<strong>Bobine en maille<\/strong>Il offre un go\u00fbt riche et constant \u00e0 chaque fois.<\/p>\n<h2 data-v-md-heading=\"why-choose-to-collaborate-with-agoravape\" data-v-md-line=\"41\">Pourquoi choisir de collaborer avec AgoraVape ?<\/h2>\n<p data-v-md-line=\"42\">Nous ne vendons que du mat\u00e9riel 100 % authentique et garantissons la qualit\u00e9 des produits exp\u00e9di\u00e9s. Pour les clients professionnels, cela signifie que la cigarette \u00e9lectronique MRVI Twins 32000 \u00e0 double saveur b\u00e9n\u00e9ficie de prix de gros tr\u00e8s comp\u00e9titifs, d'un support fiable et d'une logistique rapide et s\u00fbre. N'h\u00e9sitez pas \u00e0 nous contacter pour d\u00e9couvrir comment acqu\u00e9rir un appareil r\u00e9pondant aux besoins de vos clients, offrant une saveur riche, une longue autonomie et une utilisation quotidienne simplifi\u00e9e.<\/p>","protected":false},"excerpt":{"rendered":"<p>&nbsp;<\/p>","protected":false},"featured_media":11886,"comment_status":"open","ping_status":"closed","template":"","meta":[],"product_brand":[202],"product_cat":[124,185,189,176,195,174,175,193,129,191,173,186,180,190],"product_tag":[],"class_list":{"0":"post-11876","1":"product","2":"type-product","3":"status-publish","4":"has-post-thumbnail","6":"product_brand-mrvi","7":"product_cat-vape-by-brand","8":"product_cat-10000-puffs-high-capacity","9":"product_cat-20mg-standard-nicotine-vapes","10":"product_cat-beverage","11":"product_cat-dual-flavor-switch","12":"product_cat-fruit-flavors","13":"product_cat-icy-mint","14":"product_cat-mesh-coil","15":"product_cat-mrvi","16":"product_cat-rechargeable-disposables","17":"product_cat-vape-by-flavor-profile","18":"product_cat-vape-by-nicotine-strength","19":"product_cat-vape-by-puff-count","20":"product_cat-vape-by-feature-or-type","22":"first","23":"instock","24":"shipping-taxable","25":"purchasable","26":"product-type-variable","27":"has-default-attributes"},"tiered_pricing_type":"percentage","tiered_pricing_fixed_rules":[],"tiered_pricing_product_settings":{"layout":"default","base_unit_name":{"singular":null,"plural":null},"default_variation":null},"tiered_pricing_minimum_quantity":10,"tiered_pricing_roles_data":[],"tiered_pricing_percentage_rules":{"30":"29","50":"35","100":"40","200":"44","500":"47","1000":"49"},"tiered_pricing_maximum_quantity":null,"tiered_pricing_quantity_step":"10","_links":{"self":[{"href":"https:\/\/agoravape.com\/fr\/wp-json\/wp\/v2\/product\/11876","targetHints":{"allow":["GET"]}}],"collection":[{"href":"https:\/\/agoravape.com\/fr\/wp-json\/wp\/v2\/product"}],"about":[{"href":"https:\/\/agoravape.com\/fr\/wp-json\/wp\/v2\/types\/product"}],"replies":[{"embeddable":true,"href":"https:\/\/agoravape.com\/fr\/wp-json\/wp\/v2\/comments?post=11876"}],"version-history":[{"count":0,"href":"https:\/\/agoravape.com\/fr\/wp-json\/wp\/v2\/product\/11876\/revisions"}],"wp:featuredmedia":[{"embeddable":true,"href":"https:\/\/agoravape.com\/fr\/wp-json\/wp\/v2\/media\/11886"}],"wp:attachment":[{"href":"https:\/\/agoravape.com\/fr\/wp-json\/wp\/v2\/media?parent=11876"}],"wp:term":[{"taxonomy":"product_brand","embeddable":true,"href":"https:\/\/agoravape.com\/fr\/wp-json\/wp\/v2\/product_brand?post=11876"},{"taxonomy":"product_cat","embeddable":true,"href":"https:\/\/agoravape.com\/fr\/wp-json\/wp\/v2\/product_cat?post=11876"},{"taxonomy":"product_tag","embeddable":true,"href":"https:\/\/agoravape.com\/fr\/wp-json\/wp\/v2\/product_tag?post=11876"}],"curies":[{"name":"wp","href":"https:\/\/api.w.org\/{rel}","templated":true}]}}