{"id":11954,"date":"2025-10-08T20:53:04","date_gmt":"2025-10-08T12:53:04","guid":{"rendered":"https:\/\/green-grasshopper-921422.hostingersite.com\/?post_type=product&#038;p=11954"},"modified":"2026-03-21T12:43:57","modified_gmt":"2026-03-21T11:43:57","slug":"mrvi-puffing-15k-puffs-vape-with-screen","status":"publish","type":"product","link":"https:\/\/agoravape.com\/fr\/product\/mrvi-puffing-15k-puffs-vape-with-screen\/","title":{"rendered":"Vapeur MRVI Puffing 15K Dual Mesh avec \u00e9cran | Saveur longue dur\u00e9e, affichage pratique"},"content":{"rendered":"<h2 data-v-md-heading=\"what-is-the-mrvi-puffing-15k-dual-eye-vape-with-screen\" data-v-md-line=\"3\">Qu'est-ce que le vaporisateur MRVI Puffing 15K \u00e0 double \u0153il avec \u00e9cran ?<\/h2>\n<p data-v-md-line=\"4\">Si vous recherchez une cigarette \u00e9lectronique qui vous permette de vapoter au quotidien et qui offre une saveur durable, ce mod\u00e8le est sans aucun doute le meilleur choix. La MRVI Puffing 15K est \u00e9quip\u00e9e d'un atomiseur de grande capacit\u00e9 (25 ml) et d'une r\u00e9sistance \u00e0 double \u0153illet, vous assurant une inhalation nette et pr\u00e9cise jusqu'\u00e0 la derni\u00e8re goutte.<\/p>\n<p data-v-md-line=\"6\">Elle est \u00e9galement dot\u00e9e d'un \u00e9cran int\u00e9gr\u00e9 simple qui affiche en un coup d'\u0153il le niveau d'e-liquide et la charge de la batterie. On pourrait penser qu'utiliser une cigarette \u00e9lectronique avec \u00e9cran serait compliqu\u00e9, mais celle-ci est tr\u00e8s simple. Elle est m\u00eame fournie avec une dragonne pour faciliter son transport.<\/p>\n<h2 data-v-md-heading=\"excellent-performance-easy-and-convenient\" data-v-md-line=\"8\">Excellentes performances, facile et pratique<\/h2>\n<p data-v-md-line=\"9\">Gr\u00e2ce \u00e0 sa double r\u00e9sistance, la chauffe est rapide et homog\u00e8ne, pour une texture parfaite de la premi\u00e8re \u00e0 la derni\u00e8re bouff\u00e9e. La batterie de 750 mAh est rechargeable, vous permettant de profiter de 25 ml d'e-liquide sans gaspillage. En cas de batterie faible, connectez-vous via un c\u00e2ble USB-C standard. L'\u00e9cran affichera le niveau d'e-liquide restant et le niveau de batterie, pour une utilisation simplifi\u00e9e.<\/p>\n<h2 data-v-md-heading=\"specification-overview\" data-v-md-line=\"11\">Aper\u00e7u des sp\u00e9cifications<\/h2>\n<ul data-v-md-line=\"12\">\n<li>Fr\u00e9quence d'aspiration : jusqu'\u00e0 15\u00a0000 fois<\/li>\n<li>Teneur en nicotine\u00a0: 2\u00a0% et 5\u00a0% (la quantit\u00e9 exacte d\u00e9pend de la r\u00e9glementation locale)<\/li>\n<li>Principe de fonctionnement : Activation par inhalation<\/li>\n<li>Charging: Standard Type-C USB interface<\/li>\n<li>\u00c9tat : Pr\u00eat \u00e0 l'emploi d\u00e8s la sortie de l'emballage<\/li>\n<\/ul>\n<h2 data-v-md-heading=\"multiple-flavor-options\" data-v-md-line=\"18\">Plusieurs options de saveurs<\/h2>\n<ul data-v-md-line=\"19\">\n<li>Smoothie aux myrtilles<\/li>\n<li>Milkshake \u00e0 la banane<\/li>\n<li>Strawberry watermelon<\/li>\n<li>Cr\u00e8me glac\u00e9e au melon miel<\/li>\n<li>Smoothie aux pommes rouges<\/li>\n<li>P\u00eache et mangue<\/li>\n<li>Chewing-gum \u00e0 la myrtille<\/li>\n<li>Smoothie \u00e0 la past\u00e8que<\/li>\n<li>Smoothie \u00e0 l'ananas<\/li>\n<li>boue explosive rose<\/li>\n<\/ul>\n<h2 data-v-md-heading=\"for-you-and-for-your-business-as-well\" data-v-md-line=\"30\">Pour vous, et pour votre entreprise \u00e9galement<\/h2>\n<p data-v-md-line=\"31\">Vous achetez pour vous-m\u00eame\u00a0? C\u2019est simple et pratique. Choisissez la saveur et la concentration pour commencer \u00e0 utiliser. Vous constituez un stock pour votre magasin\u00a0? Nous proposons des options extensibles. MRVI Puffing 15K est disponible en gros par cartons de 10\u00a0paquets et par cartons de 160\u00a0paquets. Nous collaborons avec des partenaires comme UPS, DPD et DHL pour exp\u00e9dier en Europe via DDP, ce qui permet de traiter les droits de douane \u00e0 l\u2019avance et d\u2019\u00e9viter les mauvaises surprises.<\/p>\n<h2 data-v-md-heading=\"why-do-you-like-it\" data-v-md-line=\"33\">Pourquoi l'aimes-tu ?<\/h2>\n<ul data-v-md-line=\"34\">\n<li>Grande capacit\u00e9 d'aspiration : jusqu'\u00e0 15 000 aspirations, ce qui signifie moins de recharges et de commandes r\u00e9p\u00e9t\u00e9es.<\/li>\n<li>La teneur en nicotine peut \u00eatre choisie entre 2 % et 5 % afin de r\u00e9pondre aux diff\u00e9rentes pr\u00e9f\u00e9rences et aux exigences du march\u00e9.<\/li>\n<li>Rechargeable : Utilisez tout le e-liquide que vous avez achet\u00e9.<\/li>\n<li>R\u00e9sistance \u00e0 mailles : La r\u00e9sistance \u00e0 mailles double couche assure un go\u00fbt constant et une exp\u00e9rience d'aspiration satisfaisante.<\/li>\n<li>Informations \u00e0 l'\u00e9cran\u00a0: V\u00e9rifiez en un coup d'\u0153il le niveau de la batterie et du e-liquide.<\/li>\n<\/ul>\n<h2 data-v-md-heading=\"why-choose-to-collaborate-with-agoravape\" data-v-md-line=\"40\">Pourquoi choisir de collaborer avec AgoraVape ?<\/h2>\n<p data-v-md-line=\"41\">Nous ne proposons que des produits 100 % authentiques provenant de sources fiables. Nos op\u00e9rations au sein de l'UE sont ax\u00e9es sur la conformit\u00e9, notamment \u00e0 la directive TPD2 (le cas \u00e9ch\u00e9ant) et \u00e0 la v\u00e9rification de l'\u00e2ge lors du paiement. B\u00e9n\u00e9ficiez de paiements s\u00e9curis\u00e9s, de factures claires et d'une livraison tra\u00e7able dans toute l'Europe. Besoin d'aide pour choisir vos saveurs ou g\u00e9rer vos stocks\u00a0? Notre \u00e9quipe est toujours pr\u00eate \u00e0 vous apporter une assistance rapide et des conseils avis\u00e9s. Contactez-nous d\u00e8s maintenant pour commander le vaporisateur MRVI Puffing 15K Puffs Dual Mesh (avec grille) et offrez \u00e0 vos clients des produits fiables et appr\u00e9ci\u00e9s.<\/p>","protected":false},"excerpt":{"rendered":"<p>Qu'est-ce que la vape MRVI Puffing 15K dual eye avec \u00e9cran ? Si vous voulez une vape qui peut \u00eatre utilis\u00e9e<\/p>","protected":false},"featured_media":11977,"comment_status":"open","ping_status":"closed","template":"","meta":[],"product_brand":[202],"product_cat":[124,185,1635,189,177,174,175,193,129,191,173,186,180,190,192],"product_tag":[],"class_list":{"0":"post-11954","1":"product","2":"type-product","3":"status-publish","4":"has-post-thumbnail","6":"product_brand-mrvi","7":"product_cat-vape-by-brand","8":"product_cat-10000-puffs-high-capacity","9":"product_cat-15000-puffs","10":"product_cat-20mg-standard-nicotine-vapes","11":"product_cat-dessert-sweets","12":"product_cat-fruit-flavors","13":"product_cat-icy-mint","14":"product_cat-mesh-coil","15":"product_cat-mrvi","16":"product_cat-rechargeable-disposables","17":"product_cat-vape-by-flavor-profile","18":"product_cat-vape-by-nicotine-strength","19":"product_cat-vape-by-puff-count","20":"product_cat-vape-by-feature-or-type","21":"product_cat-vapes-with-screens","23":"first","24":"instock","25":"shipping-taxable","26":"purchasable","27":"product-type-variable","28":"has-default-attributes"},"tiered_pricing_type":"percentage","tiered_pricing_fixed_rules":[],"tiered_pricing_product_settings":{"layout":"default","base_unit_name":{"singular":null,"plural":null},"default_variation":null},"tiered_pricing_minimum_quantity":10,"tiered_pricing_roles_data":[],"tiered_pricing_percentage_rules":{"30":"29","50":"35","100":"40","200":"44","500":"47","1000":"49"},"tiered_pricing_maximum_quantity":null,"tiered_pricing_quantity_step":"10","_links":{"self":[{"href":"https:\/\/agoravape.com\/fr\/wp-json\/wp\/v2\/product\/11954","targetHints":{"allow":["GET"]}}],"collection":[{"href":"https:\/\/agoravape.com\/fr\/wp-json\/wp\/v2\/product"}],"about":[{"href":"https:\/\/agoravape.com\/fr\/wp-json\/wp\/v2\/types\/product"}],"replies":[{"embeddable":true,"href":"https:\/\/agoravape.com\/fr\/wp-json\/wp\/v2\/comments?post=11954"}],"version-history":[{"count":0,"href":"https:\/\/agoravape.com\/fr\/wp-json\/wp\/v2\/product\/11954\/revisions"}],"wp:featuredmedia":[{"embeddable":true,"href":"https:\/\/agoravape.com\/fr\/wp-json\/wp\/v2\/media\/11977"}],"wp:attachment":[{"href":"https:\/\/agoravape.com\/fr\/wp-json\/wp\/v2\/media?parent=11954"}],"wp:term":[{"taxonomy":"product_brand","embeddable":true,"href":"https:\/\/agoravape.com\/fr\/wp-json\/wp\/v2\/product_brand?post=11954"},{"taxonomy":"product_cat","embeddable":true,"href":"https:\/\/agoravape.com\/fr\/wp-json\/wp\/v2\/product_cat?post=11954"},{"taxonomy":"product_tag","embeddable":true,"href":"https:\/\/agoravape.com\/fr\/wp-json\/wp\/v2\/product_tag?post=11954"}],"curies":[{"name":"wp","href":"https:\/\/api.w.org\/{rel}","templated":true}]}}