{"id":12022,"date":"2025-10-09T10:44:23","date_gmt":"2025-10-09T02:44:23","guid":{"rendered":"https:\/\/green-grasshopper-921422.hostingersite.com\/?post_type=product&#038;p=12022"},"modified":"2026-01-19T22:08:48","modified_gmt":"2026-01-19T14:08:48","slug":"fizzy-nova-plus-40000-puffs-led-vape","status":"publish","type":"product","link":"https:\/\/agoravape.com\/fr\/product\/fizzy-nova-plus-40000-puffs-led-vape\/","title":{"rendered":"FIZZY Nova Plus 40\u00a0000 bouch\u00e9es | Go\u00fbt longue dur\u00e9e, avec \u00e9cran LED intelligent"},"content":{"rendered":"<h2 data-v-md-heading=\"what-about-the-fizzy-nova-plus-40000-port-led-screen-vape\" data-v-md-line=\"3\"><img loading=\"lazy\" decoding=\"async\" class=\"aligncenter size-full wp-image-12076\" src=\"https:\/\/agoravape.com\/wp-content\/uploads\/2025\/10\/fizzy-40000plus_Agora_vape.webp\" alt=\"\" width=\"2121\" height=\"1321\" srcset=\"https:\/\/agoravape.com\/wp-content\/uploads\/2025\/10\/fizzy-40000plus_Agora_vape.webp 2121w, https:\/\/agoravape.com\/wp-content\/uploads\/2025\/10\/fizzy-40000plus_Agora_vape-1200x747.webp 1200w, https:\/\/agoravape.com\/wp-content\/uploads\/2025\/10\/fizzy-40000plus_Agora_vape-300x187.webp 300w, https:\/\/agoravape.com\/wp-content\/uploads\/2025\/10\/fizzy-40000plus_Agora_vape-1024x638.webp 1024w, https:\/\/agoravape.com\/wp-content\/uploads\/2025\/10\/fizzy-40000plus_Agora_vape-768x478.webp 768w, https:\/\/agoravape.com\/wp-content\/uploads\/2025\/10\/fizzy-40000plus_Agora_vape-1536x957.webp 1536w, https:\/\/agoravape.com\/wp-content\/uploads\/2025\/10\/fizzy-40000plus_Agora_vape-2048x1276.webp 2048w\" sizes=\"auto, (max-width: 2121px) 100vw, 2121px\" \/><\/h2>\n<h2 data-v-md-heading=\"what-about-the-fizzy-nova-plus-40000-port-led-screen-vape\" data-v-md-line=\"3\">Qu'en est-il du vaporisateur FIZZY Nova Plus 40000 avec \u00e9cran LED ?<\/h2>\n<p data-v-md-line=\"4\">Si vous en avez assez de changer de cigarette \u00e9lectronique jetable tous les deux ou trois jours, ce produit peut changer vos habitudes. La FIZZY Nova Plus offre une capacit\u00e9 de 40\u00a0000 e-liquides et est \u00e9quip\u00e9e d'un \u00e9cran LED simple d'utilisation, vous permettant de contr\u00f4ler le fonctionnement de vos cigarettes \u00e9lectroniques \u00e0 tout moment. Plus besoin de deviner, tout est clair en un coup d'\u0153il.<\/p>\n<p data-v-md-line=\"6\">Il convient \u00e0 tous ceux qui recherchent durabilit\u00e9, saveur stable et une utilisation sans souci. Il combine les performances d'une r\u00e9sistance mesh et la praticit\u00e9 d'une interface USB-C. Robuste et compact, il se glisse facilement dans une poche. Malgr\u00e9 son aspect imposant, ce produit durable est \u00e9tonnamment facile \u00e0 utiliser au quotidien.<\/p>\n<h2 data-v-md-heading=\"excellent-performance-easy-and-convenient\" data-v-md-line=\"8\">Excellentes performances, facile et pratique<\/h2>\n<p data-v-md-line=\"9\">Le c\u0153ur du Nova Plus est une r\u00e9sistance \u00e0 mesh qui garantit une saveur pure et onctueuse \u00e0 chaque inhalation, de la fra\u00eecheur \u00e0 la persistance aromatique. Son \u00e9cran LED affiche l'\u00e9tat de la batterie en permanence, facilitant ainsi la planification des recharges. Lorsque la batterie est faible, elle se recharge via son port USB-C. Ce port est compatible avec les c\u00e2bles de charge standard de votre t\u00e9l\u00e9phone\u00a0; inutile donc de chercher un c\u00e2ble sp\u00e9cifique.<\/p>\n<h2 data-v-md-heading=\"specification-introduction\" data-v-md-line=\"11\">Introduction aux sp\u00e9cifications<\/h2>\n<ul data-v-md-line=\"12\">\n<li>Fr\u00e9quence d'aspiration : jusqu'\u00e0 40\u00a0000 fois<\/li>\n<li>Nicotine : 2 % et 5 % en option (la quantit\u00e9 exacte d\u00e9pend de la r\u00e9glementation locale)<\/li>\n<li>Principe de fonctionnement : Activation par inhalation<\/li>\n<li>Charging: Standard Type-C USB interface<\/li>\n<li>\u00c9tat : Pr\u00eat \u00e0 l'emploi d\u00e8s la sortie de l'emballage<\/li>\n<li>Capacit\u00e9 du r\u00e9servoir d'e-liquide : 40 millilitres<\/li>\n<li>Batterie : 850 mAh<\/li>\n<li>Bobine : Bobine Mesh<\/li>\n<li>Dimensions et poids\u00a0: 52,5 \u00d7 24,5 \u00d7 104,3 millim\u00e8tres, 120 grammes<\/li>\n<\/ul>\n<h2 data-v-md-heading=\"full-range-of-flavors\" data-v-md-line=\"22\">Full range of flavors<\/h2>\n<ul data-v-md-line=\"23\">\n<li>Smoothie aux fraises<\/li>\n<li>Myrtille et noix de coco<\/li>\n<li>fraise kiwi<\/li>\n<li>Smoothie aux myrtilles<\/li>\n<li>Smoothie \u00e0 la past\u00e8que<\/li>\n<li>Taomang Watermelon<\/li>\n<li>Kiwi, fruit de la passion, goyave<\/li>\n<li>Raspberry Lemon<\/li>\n<li>Triple Berry<\/li>\n<li>Sable glac\u00e9 \u00e0 la p\u00eache<\/li>\n<li>Citron vert raisin<\/li>\n<li>Eau citronn\u00e9e aux myrtilles<\/li>\n<\/ul>\n<h2 data-v-md-heading=\"for-you-for-your-business\" data-v-md-line=\"36\">Pour vous, pour votre entreprise<\/h2>\n<p data-v-md-line=\"37\">Vous pouvez acheter s\u00e9par\u00e9ment le vaporisateur FIZZY Nova Plus 40000 avec \u00e9cran LED pour un usage personnel. Si vous achetez pour des boutiques physiques ou en ligne, nous proposons \u00e9galement des options de vente en gros. Vous pouvez choisir un carton moyen de 10 unit\u00e9s ou un grand carton de 180 unit\u00e9s pour adapter votre commande \u00e0 vos besoins.<\/p>\n<p data-v-md-line=\"39\">Nous proposons la livraison DDP via des partenaires de confiance tels que UPS, DPD et DHL, vous garantissant ainsi des prix transparents et \u00e9vitant les probl\u00e8mes douaniers impr\u00e9vus sur les itin\u00e9raires \u00e9ligibles. Information de conformit\u00e9\u00a0: Ce dispositif contient 40\u00a0ml d\u2019e-liquide, d\u00e9passant la limite de 2\u00a0ml fix\u00e9e par la directive europ\u00e9enne TPD. Veuillez v\u00e9rifier la r\u00e9glementation en vigueur dans votre pays avant de passer commande. L\u2019option \u00e0 2\u00a0% de nicotine est conforme \u00e0 la r\u00e9glementation europ\u00e9enne. L\u2019option \u00e0 5\u00a0% de nicotine est adapt\u00e9e aux march\u00e9s autorisant l\u2019utilisation d\u2019e-liquides plus concentr\u00e9s.<\/p>\n<h2 data-v-md-heading=\"why-do-you-like-it\" data-v-md-line=\"41\">Pourquoi l'aimes-tu ?<\/h2>\n<ul data-v-md-line=\"42\">\n<li>Plusieurs bouff\u00e9es : Durable et longue dur\u00e9e, plus besoin d'acheter fr\u00e9quemment de nouvelles cigarettes.<\/li>\n<li>S\u00e9lection du taux de nicotine\u00a0: Choisissez le taux de nicotine qui correspond \u00e0 vos go\u00fbts et au march\u00e9.<\/li>\n<li>Rechargeable : Utilisez tout le e-liquide achet\u00e9 en une seule fois.<\/li>\n<li>Noyau d'atomiseur en mesh : offre une exp\u00e9rience d'aspiration stable et riche \u00e0 chaque utilisation.<\/li>\n<li>\u00c9cran LED : \u00e9tat clair en un coup d'\u0153il<\/li>\n<\/ul>\n<h2 data-v-md-heading=\"why-collaborate-with-agoravape\" data-v-md-line=\"48\">Pourquoi collaborer avec AgoraVape ?<\/h2>\n<p data-v-md-line=\"49\">Nous ne vendons que des produits 100 % authentiques, sans aucun doute. Les clients B2B qui ach\u00e8tent les cigarettes \u00e9lectroniques FIZZY Nova Plus 40000 \u00e0 \u00e9cran LED b\u00e9n\u00e9ficient de prix de gros avantageux, d'une assistance rapide et fiable, ainsi que d'une livraison tout aussi rapide et fiable. Si vous souhaitez acqu\u00e9rir un produit de confiance, pl\u00e9biscit\u00e9 par nos clients fid\u00e8les, n'h\u00e9sitez pas \u00e0 nous contacter.<\/p>\n<p><script src=\"chrome-extension:\/\/fpelahbljekknahkcaegamhcndkfpfnc\/iFrame.js\" type=\"text\/javascript\"><\/script><\/p>\n<p><script src=\"chrome-extension:\/\/fpelahbljekknahkcaegamhcndkfpfnc\/iFrame.js\" type=\"text\/javascript\"><\/script><\/p>\n<p><script src=\"chrome-extension:\/\/fpelahbljekknahkcaegamhcndkfpfnc\/iFrame.js\" type=\"text\/javascript\"><\/script><\/p>","protected":false},"excerpt":{"rendered":"<p>&nbsp;<\/p>\n<p><script src=\"chrome-extension:\/\/fpelahbljekknahkcaegamhcndkfpfnc\/iFrame.js\" type=\"text\/javascript\"><\/script><\/p>","protected":false},"featured_media":12075,"comment_status":"open","ping_status":"closed","template":"","meta":[],"product_brand":[203],"product_cat":[124,185,189,1639,176,130,174,175,193,191,173,186,180,190,192],"product_tag":[],"class_list":{"0":"post-12022","1":"product","2":"type-product","3":"status-publish","4":"has-post-thumbnail","6":"product_brand-fizzy","7":"product_cat-vape-by-brand","8":"product_cat-10000-puffs-high-capacity","9":"product_cat-20mg-standard-nicotine-vapes","10":"product_cat-40000-puffs","11":"product_cat-beverage","12":"product_cat-fizzy","13":"product_cat-fruit-flavors","14":"product_cat-icy-mint","15":"product_cat-mesh-coil","16":"product_cat-rechargeable-disposables","17":"product_cat-vape-by-flavor-profile","18":"product_cat-vape-by-nicotine-strength","19":"product_cat-vape-by-puff-count","20":"product_cat-vape-by-feature-or-type","21":"product_cat-vapes-with-screens","23":"first","24":"onbackorder","25":"shipping-taxable","26":"purchasable","27":"product-type-variable","28":"has-default-attributes"},"tiered_pricing_type":"percentage","tiered_pricing_fixed_rules":[],"tiered_pricing_product_settings":{"layout":"default","base_unit_name":{"singular":null,"plural":null},"default_variation":null},"tiered_pricing_minimum_quantity":10,"tiered_pricing_roles_data":[],"tiered_pricing_percentage_rules":{"50":"35","100":"40","200":"44","500":"47","1000":"49"},"tiered_pricing_maximum_quantity":null,"tiered_pricing_quantity_step":"10","_links":{"self":[{"href":"https:\/\/agoravape.com\/fr\/wp-json\/wp\/v2\/product\/12022","targetHints":{"allow":["GET"]}}],"collection":[{"href":"https:\/\/agoravape.com\/fr\/wp-json\/wp\/v2\/product"}],"about":[{"href":"https:\/\/agoravape.com\/fr\/wp-json\/wp\/v2\/types\/product"}],"replies":[{"embeddable":true,"href":"https:\/\/agoravape.com\/fr\/wp-json\/wp\/v2\/comments?post=12022"}],"version-history":[{"count":0,"href":"https:\/\/agoravape.com\/fr\/wp-json\/wp\/v2\/product\/12022\/revisions"}],"wp:featuredmedia":[{"embeddable":true,"href":"https:\/\/agoravape.com\/fr\/wp-json\/wp\/v2\/media\/12075"}],"wp:attachment":[{"href":"https:\/\/agoravape.com\/fr\/wp-json\/wp\/v2\/media?parent=12022"}],"wp:term":[{"taxonomy":"product_brand","embeddable":true,"href":"https:\/\/agoravape.com\/fr\/wp-json\/wp\/v2\/product_brand?post=12022"},{"taxonomy":"product_cat","embeddable":true,"href":"https:\/\/agoravape.com\/fr\/wp-json\/wp\/v2\/product_cat?post=12022"},{"taxonomy":"product_tag","embeddable":true,"href":"https:\/\/agoravape.com\/fr\/wp-json\/wp\/v2\/product_tag?post=12022"}],"curies":[{"name":"wp","href":"https:\/\/api.w.org\/{rel}","templated":true}]}}