{"id":12105,"date":"2025-10-09T14:03:05","date_gmt":"2025-10-09T06:03:05","guid":{"rendered":"https:\/\/green-grasshopper-921422.hostingersite.com\/?post_type=product&#038;p=12105"},"modified":"2026-01-13T01:09:17","modified_gmt":"2026-01-12T17:09:17","slug":"fizzy-twins-50000-puffs-dual-flavor-vape","status":"publish","type":"product","link":"https:\/\/agoravape.com\/fr\/product\/fizzy-twins-50000-puffs-dual-flavor-vape\/","title":{"rendered":"FIZZY Twins 50000, cigarette \u00e9lectronique deux-en-un \u00e0 double saveur | Deux saveurs, un seul appareil, durable et longue dur\u00e9e"},"content":{"rendered":"<h2 data-v-md-heading=\"what-are-the-special-features-of-fizzy-twins-50000-two-in-one-dual-flavor-vapes\" data-v-md-line=\"3\">Quelles sont les caract\u00e9ristiques particuli\u00e8res des vaporisateurs FIZZY Twins 50000 deux en un \u00e0 double saveur ?<\/h2>\n<p data-v-md-line=\"4\">Si vous en avez assez des cigarettes \u00e9lectroniques jetables qui consomment trop d'\u00e9nergie, ce produit vous offrira une v\u00e9ritable bouff\u00e9e d'air frais. FIZZY Twins int\u00e8gre deux saveurs dans un appareil rechargeable, vous permettant de passer facilement de l'une \u00e0 l'autre sans changer de cigarette \u00e9lectronique.<\/p>\n<p data-v-md-line=\"6\">Elle convient \u00e0 tous ceux qui recherchent une longue autonomie et une utilisation simple. Choisissez votre saveur pr\u00e9f\u00e9r\u00e9e et c'est parti\u00a0! Vous pourriez penser qu'un appareil avec une telle autonomie serait encombrant, mais son prix est tr\u00e8s abordable et vous surprendra agr\u00e9ablement.<\/p>\n<h2 data-v-md-heading=\"excellent-performance-easy-and-convenient\" data-v-md-line=\"8\">Excellentes performances, facile et pratique<\/h2>\n<p data-v-md-line=\"9\">Les r\u00e9sistances \u00e0 double mesh assurent une vapeur dense et un go\u00fbt pur, pour une exp\u00e9rience aussi savoureuse de la premi\u00e8re \u00e0 la centi\u00e8me bouff\u00e9e. Dot\u00e9 d'une interface de charge USB-C pratique, il vous permet de recharger facilement votre t\u00e9l\u00e9phone avec un c\u00e2ble. L'\u00e9cran LED affiche les informations n\u00e9cessaires en un coup d'\u0153il, vous \u00e9vitant ainsi de deviner quand recharger.<\/p>\n<h2 data-v-md-heading=\"specification-introduction\" data-v-md-line=\"11\">Introduction aux sp\u00e9cifications<\/h2>\n<ul data-v-md-line=\"12\">\n<li>Fr\u00e9quence d'aspiration : jusqu'\u00e0 50\u00a0000 fois<\/li>\n<li>Teneur en nicotine\u00a0: L\u2019approvisionnement varie selon le march\u00e9 et les exigences r\u00e9glementaires. Veuillez nous contacter pour conna\u00eetre la teneur en nicotine actuellement disponible dans votre pays ou r\u00e9gion.<\/li>\n<li>Principe de fonctionnement\u00a0: activation par aspiration. Sans boutons.<\/li>\n<li>Chargement : interface USB Type-C<\/li>\n<li>\u00c9tat : Pr\u00eat \u00e0 l'emploi d\u00e8s la sortie de l'emballage<\/li>\n<li>Capacit\u00e9 du r\u00e9servoir d'e-liquide : deux compartiments de stockage, totalisant 50 millilitres (un seul compartiment de stockage de 25 millilitres)<\/li>\n<li>Noyau atomiseur : double maille<\/li>\n<li>Batterie : batterie rechargeable de 850 mAh<\/li>\n<li>\u00c9cran d'affichage : \u00e9cran LED<\/li>\n<li>Dimensions et poids\u00a0: 65 \u00d7 30 \u00d7 135 millim\u00e8tres, environ 150 grammes<\/li>\n<\/ul>\n<h2 data-v-md-heading=\"full-range-of-flavors\" data-v-md-line=\"23\">Full range of flavors<\/h2>\n<ul data-v-md-line=\"24\">\n<li>Glace \u00e0 la past\u00e8que\/Kiwi \u00e0 la fraise<\/li>\n<li>Fraise, kiwi, grenade\/Red Bull<\/li>\n<li>Glace \u00e0 la myrtille, \u00e0 la noix de coco et au raisin<\/li>\n<li>Jus de myrtille, eau citronn\u00e9e\/Triple melon<\/li>\n<li>Glace \u00e0 la fraise, \u00e0 la past\u00e8que et aux myrtilles<\/li>\n<li>P\u00eache Mangue Past\u00e8que\/Fraise Banane<\/li>\n<li>framboise past\u00e8que\/kiwi fruit de la passion goyave<\/li>\n<li>Ananas, p\u00eache, fruit de la passion\/myrtille, framboise<\/li>\n<li>Glace \u00e0 la past\u00e8que\/citron vert<\/li>\n<li>Glace aux fruits rouges et \u00e0 la p\u00eache<\/li>\n<li>Glace \u00e0 la fraise\/Soda \u00e0 la cerise<\/li>\n<li>Eau citronn\u00e9e \u00e0 la framboise\/Glace \u00e0 la fraise<\/li>\n<\/ul>\n<h2 data-v-md-heading=\"for-you-and-for-your-business-as-well\" data-v-md-line=\"37\">Pour vous, et pour votre entreprise \u00e9galement<\/h2>\n<p data-v-md-line=\"38\">Vous pouvez choisir les FIZZY Twins pour votre usage personnel ou les ajouter \u00e0 votre boutique. Nous proposons des services de vente en gros \u00e0 partir de 10 bo\u00eetes moyennes et 120 grandes bo\u00eetes. Nous collaborons avec des partenaires de confiance tels que UPS, DPD et DHL pour l'exp\u00e9dition en DDP (rendu droits acquitt\u00e9s), ce qui permet de r\u00e9gler les droits de douane \u00e0 l'avance et d'\u00e9viter ainsi toute mauvaise surprise.<\/p>\n<p data-v-md-line=\"40\">Avis de conformit\u00e9\u00a0: Ce dispositif contient 50\u00a0millilitres d\u2019e-liquide, d\u00e9passant ainsi la limite de 2\u00a0millilitres fix\u00e9e par la directive europ\u00e9enne sur les produits toxiques (TPD) et les r\u00e9glementations similaires au Royaume-Uni. La r\u00e9glementation relative \u00e0 la vente au d\u00e9tail et \u00e0 l\u2019importation varie selon les pays et les r\u00e9gions\u00a0; veuillez donc vous renseigner aupr\u00e8s des autorit\u00e9s locales avant de passer commande.<\/p>\n<h2 data-v-md-heading=\"why-do-you-like-it\" data-v-md-line=\"42\">Pourquoi l'aimes-tu ?<\/h2>\n<ul data-v-md-line=\"43\">\n<li>Fumer massivement : r\u00e9duire le temps n\u00e9cessaire pour acheter des cartouches de remplacement<\/li>\n<li>Deux saveurs combin\u00e9es : inutile de changer d'appareil, vous pouvez passer d'une saveur \u00e0 l'autre \u00e0 tout moment.<\/li>\n<li>Rechargeable : Utilisez le e-liquide que vous avez achet\u00e9<\/li>\n<li>C\u0153ur d'atomisation \u00e0 mailles : vapeur continue et stable avec un go\u00fbt pur<\/li>\n<li>Interface Type-C, pratique et facile : rechargez facilement avec des c\u00e2bles standard.<\/li>\n<li>\u00c9cran LED : L'\u00e9tat est clair en un coup d'\u0153il, pas besoin de deviner<\/li>\n<\/ul>\n<h2 data-v-md-heading=\"to-be-honest-about-the-number-of-suctions\" data-v-md-line=\"50\">Pour \u00eatre honn\u00eate concernant le nombre d'aspirations<\/h2>\n<p data-v-md-line=\"51\">Le fabricant estime que l'autonomie peut atteindre 50\u00a0000 inhalations. L'efficacit\u00e9 r\u00e9elle d\u00e9pend de la dur\u00e9e et de la puissance de chaque inhalation. Plus les inhalations sont courtes et fr\u00e9quentes, plus le nombre d'inhalations est \u00e9lev\u00e9. Une utilisation prolong\u00e9e consommera davantage de e-liquide et de batterie.<\/p>\n<h2 data-v-md-heading=\"why-collaborate-with-agoravape\" data-v-md-line=\"53\">Pourquoi collaborer avec AgoraVape ?<\/h2>\n<p data-v-md-line=\"54\">Nous ne vendons que du mat\u00e9riel 100 % authentique et contr\u00f4lons rigoureusement notre cha\u00eene d'approvisionnement afin de vous garantir l'authenticit\u00e9 de nos produits. Pour les clients professionnels, b\u00e9n\u00e9ficiez de tarifs de gros avantageux, d'une assistance r\u00e9active et d'une livraison express DDP pour les vaporisateurs FIZZY Twins 50000, deux-en-un \u00e0 double saveur. Si vous recherchez un vaporisateur jetable double saveur durable et fiable, n'h\u00e9sitez pas \u00e0 nous contacter.<\/p>\n<p><script src=\"chrome-extension:\/\/fpelahbljekknahkcaegamhcndkfpfnc\/iFrame.js\" type=\"text\/javascript\"><\/script><\/p>","protected":false},"excerpt":{"rendered":"<p>What are the special features of FIZZY Twins 50000 two in one dual flavor vapes? If you are tired of<\/p>","protected":false},"featured_media":12133,"comment_status":"open","ping_status":"closed","template":"","meta":[],"product_brand":[203],"product_cat":[124,185,189,1641,176,195,130,174,175,193,191,173,186,180,190,192],"product_tag":[],"class_list":{"0":"post-12105","1":"product","2":"type-product","3":"status-publish","4":"has-post-thumbnail","6":"product_brand-fizzy","7":"product_cat-vape-by-brand","8":"product_cat-10000-puffs-high-capacity","9":"product_cat-20mg-standard-nicotine-vapes","10":"product_cat-50000-puffs","11":"product_cat-beverage","12":"product_cat-dual-flavor-switch","13":"product_cat-fizzy","14":"product_cat-fruit-flavors","15":"product_cat-icy-mint","16":"product_cat-mesh-coil","17":"product_cat-rechargeable-disposables","18":"product_cat-vape-by-flavor-profile","19":"product_cat-vape-by-nicotine-strength","20":"product_cat-vape-by-puff-count","21":"product_cat-vape-by-feature-or-type","22":"product_cat-vapes-with-screens","24":"first","25":"instock","26":"shipping-taxable","27":"purchasable","28":"product-type-variable","29":"has-default-attributes"},"tiered_pricing_type":"percentage","tiered_pricing_fixed_rules":[],"tiered_pricing_product_settings":{"layout":"default","base_unit_name":{"singular":null,"plural":null},"default_variation":null},"tiered_pricing_minimum_quantity":10,"tiered_pricing_roles_data":[],"tiered_pricing_percentage_rules":{"50":"35","100":"40","200":"44","500":"47","1000":"49"},"tiered_pricing_maximum_quantity":null,"tiered_pricing_quantity_step":"10","_links":{"self":[{"href":"https:\/\/agoravape.com\/fr\/wp-json\/wp\/v2\/product\/12105","targetHints":{"allow":["GET"]}}],"collection":[{"href":"https:\/\/agoravape.com\/fr\/wp-json\/wp\/v2\/product"}],"about":[{"href":"https:\/\/agoravape.com\/fr\/wp-json\/wp\/v2\/types\/product"}],"replies":[{"embeddable":true,"href":"https:\/\/agoravape.com\/fr\/wp-json\/wp\/v2\/comments?post=12105"}],"version-history":[{"count":0,"href":"https:\/\/agoravape.com\/fr\/wp-json\/wp\/v2\/product\/12105\/revisions"}],"wp:featuredmedia":[{"embeddable":true,"href":"https:\/\/agoravape.com\/fr\/wp-json\/wp\/v2\/media\/12133"}],"wp:attachment":[{"href":"https:\/\/agoravape.com\/fr\/wp-json\/wp\/v2\/media?parent=12105"}],"wp:term":[{"taxonomy":"product_brand","embeddable":true,"href":"https:\/\/agoravape.com\/fr\/wp-json\/wp\/v2\/product_brand?post=12105"},{"taxonomy":"product_cat","embeddable":true,"href":"https:\/\/agoravape.com\/fr\/wp-json\/wp\/v2\/product_cat?post=12105"},{"taxonomy":"product_tag","embeddable":true,"href":"https:\/\/agoravape.com\/fr\/wp-json\/wp\/v2\/product_tag?post=12105"}],"curies":[{"name":"wp","href":"https:\/\/api.w.org\/{rel}","templated":true}]}}