{"id":12151,"date":"2025-10-09T14:33:47","date_gmt":"2025-10-09T06:33:47","guid":{"rendered":"https:\/\/green-grasshopper-921422.hostingersite.com\/?post_type=product&#038;p=12151"},"modified":"2026-03-29T10:24:03","modified_gmt":"2026-03-29T08:24:03","slug":"fizzy-max-iii-60000-puffs-6in1-vape","status":"publish","type":"product","link":"https:\/\/agoravape.com\/fr\/product\/fizzy-max-iii-60000-puffs-6in1-vape\/","title":{"rendered":"FIZZY Max III 60000, cigarette \u00e9lectronique 6 en 1 | Six saveurs int\u00e9gr\u00e9es, facile \u00e0 utiliser"},"content":{"rendered":"<h2 data-v-md-heading=\"what-is-the-charm-of-the-fizzy-max-iii-60000-pack-six-in-one-vape\" data-v-md-line=\"3\"><img loading=\"lazy\" decoding=\"async\" class=\"aligncenter size-full wp-image-12203\" src=\"https:\/\/agoravape.com\/wp-content\/uploads\/2025\/10\/FIZZY-Max-III-60000-Puffs-6-in-1-Flavor-Vape_Agora_vape-39-scaled.webp\" alt=\"\" width=\"1168\" height=\"2560\" srcset=\"https:\/\/agoravape.com\/wp-content\/uploads\/2025\/10\/FIZZY-Max-III-60000-Puffs-6-in-1-Flavor-Vape_Agora_vape-39-scaled.webp 1168w, https:\/\/agoravape.com\/wp-content\/uploads\/2025\/10\/FIZZY-Max-III-60000-Puffs-6-in-1-Flavor-Vape_Agora_vape-39-137x300.webp 137w, https:\/\/agoravape.com\/wp-content\/uploads\/2025\/10\/FIZZY-Max-III-60000-Puffs-6-in-1-Flavor-Vape_Agora_vape-39-467x1024.webp 467w, https:\/\/agoravape.com\/wp-content\/uploads\/2025\/10\/FIZZY-Max-III-60000-Puffs-6-in-1-Flavor-Vape_Agora_vape-39-768x1684.webp 768w, https:\/\/agoravape.com\/wp-content\/uploads\/2025\/10\/FIZZY-Max-III-60000-Puffs-6-in-1-Flavor-Vape_Agora_vape-39-701x1536.webp 701w, https:\/\/agoravape.com\/wp-content\/uploads\/2025\/10\/FIZZY-Max-III-60000-Puffs-6-in-1-Flavor-Vape_Agora_vape-39-934x2048.webp 934w, https:\/\/agoravape.com\/wp-content\/uploads\/2025\/10\/FIZZY-Max-III-60000-Puffs-6-in-1-Flavor-Vape_Agora_vape-39-1200x2631.webp 1200w\" sizes=\"auto, (max-width: 1168px) 100vw, 1168px\" \/><\/h2>\n<h2 data-v-md-heading=\"what-is-the-charm-of-the-fizzy-max-iii-60000-pack-six-in-one-vape\" data-v-md-line=\"3\">Quel est le charme du pack FIZZY Max III 60000, un vaporisateur six en un ?<\/h2>\n<p data-v-md-line=\"4\">Si vous en avez assez de changer constamment d'appareil pour satisfaire vos envies, ce produit est fait pour vous. Le FIZZY Max III int\u00e8gre six compartiments \u00e0 e-liquide ind\u00e9pendants dans un seul appareil, offrant jusqu'\u00e0 60\u00a0000 bouff\u00e9es. Acc\u00e9dez facilement \u00e0 une vari\u00e9t\u00e9 de saveurs sans avoir \u00e0 fouiller dans vos poches remplies d'e-liquide jetable.<\/p>\n<p data-v-md-line=\"6\">Si vous recherchez une cigarette \u00e9lectronique durable, fiable, rechargeable \u00e0 tout moment et agr\u00e9able \u00e0 utiliser, alors ce mod\u00e8le est fait pour vous. Elle convient parfaitement \u00e0 un usage quotidien comme aux moments de d\u00e9tente du week-end. Avec ses 125 millim\u00e8tres de hauteur et son poids d'environ 160 grammes, elle se glisse facilement dans une poche de veste.<\/p>\n<h2 data-v-md-heading=\"excellent-performance-and-easy-operation\" data-v-md-line=\"8\">Excellentes performances et facilit\u00e9 d'utilisation<\/h2>\n<p data-v-md-line=\"9\">Le c\u0153ur atomiseur \u00e0 mailles assure une saveur constante de la premi\u00e8re \u00e0 la derni\u00e8re bouff\u00e9e. De plus, son interface de charge USB-C permet une recharge facile avec un c\u00e2ble de t\u00e9l\u00e9phone portable. L'\u00e9cran LED affiche en un coup d'\u0153il les derni\u00e8res informations, pour une utilisation simplifi\u00e9e.<\/p>\n<h2 data-v-md-heading=\"specification-overview\" data-v-md-line=\"11\">Aper\u00e7u des sp\u00e9cifications<\/h2>\n<ul data-v-md-line=\"12\">\n<li>Fr\u00e9quence d'aspiration : jusqu'\u00e0 60\u00a0000 fois<\/li>\n<li>Nicotine content: 2% or 5%<\/li>\n<li>Principe de fonctionnement : Activation par inhalation<\/li>\n<li>M\u00e9thode de chargement\u00a0: interface USB Type-C standard<\/li>\n<li>\u00c9tat : Pr\u00eat \u00e0 l'emploi d\u00e8s la sortie de l'emballage<\/li>\n<\/ul>\n<h2 data-v-md-heading=\"complete-flavor-series\" data-v-md-line=\"18\">Gamme compl\u00e8te de saveurs<\/h2>\n<p data-v-md-line=\"19\">Chaque appareil et chaque emballage contient six saveurs. Cette gamme propose les saveurs suivantes\u00a0:<\/p>\n<ul data-v-md-line=\"20\">\n<li>Fraise past\u00e8que\/Citron vert\/Myrtille noix de coco<\/li>\n<li>Glace \u00e0 la myrtille\/Soda \u00e0 la cerise\/Citron framboise<\/li>\n<li>Glace \u00e0 la past\u00e8que\/Cola vanille fraise\/M\u00e9lange de fruits rouges<\/li>\n<li>Fruit du dragon \u00e0 la fraise\/Red Bull\/Past\u00e8que \u00e0 la framboise<\/li>\n<li>Fraise Framboise\/Mangue P\u00eache\/Myrtille Past\u00e8que<\/li>\n<li>Fraise, raisin, myrtille, noix de coco, p\u00eache, citron<\/li>\n<li>Glace aux myrtilles, framboises, triple melon et fraises<\/li>\n<li>Fruits rouges m\u00e9lang\u00e9s\/kiwi, fruit de la passion, goyave\/fraise, past\u00e8que<\/li>\n<li>Glace \u00e0 la fraise et au kiwi\/\u00e0 la myrtille\/\u00e0 la past\u00e8que<\/li>\n<li>Glace aux myrtilles\/Fraise-kiwi\/Ananas acidul\u00e9-orange<\/li>\n<\/ul>\n<p data-v-md-line=\"31\">Remarque\u00a0: Les combinaisons de saveurs peuvent varier d\u2019un lot \u00e0 l\u2019autre. Chaque machine propose n\u00e9anmoins six saveurs diff\u00e9rentes.<\/p>\n<h2 data-v-md-heading=\"for-you-and-your-business\" data-v-md-line=\"33\">Pour vous et votre entreprise<\/h2>\n<p data-v-md-line=\"34\">Vous pouvez acheter FIZZY Max III en toute confiance, que ce soit pour votre usage personnel ou pour votre magasin. Le conditionnement en gros comprend 10 pi\u00e8ces par bo\u00eete moyenne et 120 pi\u00e8ces par grande bo\u00eete. Cela simplifie la commande et optimise le stockage.<\/p>\n<p data-v-md-line=\"36\">Nous faisons appel \u00e0 des partenaires de confiance comme UPS, DPD et DHL pour exp\u00e9dier les e-liquides vers la plupart des destinations europ\u00e9ennes en DDP (rendu droits acquitt\u00e9s). Les droits de douane sont donc d\u00e9j\u00e0 calcul\u00e9s et vous n'aurez aucun probl\u00e8me de douane impr\u00e9vu. Si vous commercialisez nos produits sur diff\u00e9rents march\u00e9s, veuillez consulter la r\u00e9glementation locale concernant les limites de nicotine, car de nombreux pays et r\u00e9gions de l'UE n'autorisent pas une teneur en nicotine sup\u00e9rieure \u00e0 5 %.<\/p>\n<h2 data-v-md-heading=\"why-do-you-like-it\" data-v-md-line=\"38\">Pourquoi l'aimes-tu ?<\/h2>\n<ul data-v-md-line=\"39\">\n<li>Aspiration massive : jusqu'\u00e0 60 000 op\u00e9rations d'aspiration signifient moins de commandes r\u00e9p\u00e9t\u00e9es et de visites en magasin en milieu de semaine.<\/li>\n<li>Options de teneur en nicotine\u00a0: 2\u00a0% ou 5\u00a0%, vous pouvez choisir la teneur en nicotine qui convient \u00e0 vos habitudes quotidiennes.<\/li>\n<li>Rechargeable : La charge de type C vous permet d'utiliser jusqu'\u00e0 la derni\u00e8re goutte d'e-liquide.<\/li>\n<li>R\u00e9sistance mesh : Texture lisse et homog\u00e8ne, vous permettant de conserver la saveur originale \u00e0 chaque inhalation.<\/li>\n<li>Six saveurs au choix\u00a0: changez facilement de saveur sans changer d\u2019appareil.<\/li>\n<\/ul>\n<h2 data-v-md-heading=\"why-choose-agoravape\" data-v-md-line=\"45\">Pourquoi choisir AgoraVape ?<\/h2>\n<p data-v-md-line=\"46\">Nous ne proposons que des produits 100 % authentiques et nous y croyons fermement. Pour les entreprises, cela signifie que les cigarettes \u00e9lectroniques FIZZY Max III 60000 six en un b\u00e9n\u00e9ficient de prix de gros avantageux, d'un service client r\u00e9actif et d'une livraison express. Contactez-nous pour r\u00e9server un appareil qui ravira vos clients.<\/p>\n<p><script src=\"chrome-extension:\/\/fpelahbljekknahkcaegamhcndkfpfnc\/iFrame.js\" type=\"text\/javascript\"><\/script><\/p>","protected":false},"excerpt":{"rendered":"<p>What is the charm of the FIZZY Max III 60000 pack six in one vape? If you are tired of<\/p>","protected":false},"featured_media":12165,"comment_status":"open","ping_status":"closed","template":"","meta":[],"product_brand":[203],"product_cat":[124,185,189,1642,176,195,130,174,175,193,191,173,186,180,190,192],"product_tag":[],"class_list":{"0":"post-12151","1":"product","2":"type-product","3":"status-publish","4":"has-post-thumbnail","6":"product_brand-fizzy","7":"product_cat-vape-by-brand","8":"product_cat-10000-puffs-high-capacity","9":"product_cat-20mg-standard-nicotine-vapes","10":"product_cat-60000-puffs","11":"product_cat-beverage","12":"product_cat-dual-flavor-switch","13":"product_cat-fizzy","14":"product_cat-fruit-flavors","15":"product_cat-icy-mint","16":"product_cat-mesh-coil","17":"product_cat-rechargeable-disposables","18":"product_cat-vape-by-flavor-profile","19":"product_cat-vape-by-nicotine-strength","20":"product_cat-vape-by-puff-count","21":"product_cat-vape-by-feature-or-type","22":"product_cat-vapes-with-screens","24":"first","25":"onbackorder","26":"shipping-taxable","27":"purchasable","28":"product-type-variable","29":"has-default-attributes"},"tiered_pricing_type":"percentage","tiered_pricing_fixed_rules":[],"tiered_pricing_product_settings":{"layout":"default","base_unit_name":{"singular":null,"plural":null},"default_variation":null},"tiered_pricing_minimum_quantity":10,"tiered_pricing_roles_data":[],"tiered_pricing_percentage_rules":{"50":"35","100":"40","200":"44","500":"47","1000":"49"},"tiered_pricing_maximum_quantity":null,"tiered_pricing_quantity_step":"10","_links":{"self":[{"href":"https:\/\/agoravape.com\/fr\/wp-json\/wp\/v2\/product\/12151","targetHints":{"allow":["GET"]}}],"collection":[{"href":"https:\/\/agoravape.com\/fr\/wp-json\/wp\/v2\/product"}],"about":[{"href":"https:\/\/agoravape.com\/fr\/wp-json\/wp\/v2\/types\/product"}],"replies":[{"embeddable":true,"href":"https:\/\/agoravape.com\/fr\/wp-json\/wp\/v2\/comments?post=12151"}],"version-history":[{"count":0,"href":"https:\/\/agoravape.com\/fr\/wp-json\/wp\/v2\/product\/12151\/revisions"}],"wp:featuredmedia":[{"embeddable":true,"href":"https:\/\/agoravape.com\/fr\/wp-json\/wp\/v2\/media\/12165"}],"wp:attachment":[{"href":"https:\/\/agoravape.com\/fr\/wp-json\/wp\/v2\/media?parent=12151"}],"wp:term":[{"taxonomy":"product_brand","embeddable":true,"href":"https:\/\/agoravape.com\/fr\/wp-json\/wp\/v2\/product_brand?post=12151"},{"taxonomy":"product_cat","embeddable":true,"href":"https:\/\/agoravape.com\/fr\/wp-json\/wp\/v2\/product_cat?post=12151"},{"taxonomy":"product_tag","embeddable":true,"href":"https:\/\/agoravape.com\/fr\/wp-json\/wp\/v2\/product_tag?post=12151"}],"curies":[{"name":"wp","href":"https:\/\/api.w.org\/{rel}","templated":true}]}}