{"id":12538,"date":"2025-10-10T09:29:18","date_gmt":"2025-10-10T01:29:18","guid":{"rendered":"https:\/\/green-grasshopper-921422.hostingersite.com\/?post_type=product&#038;p=12538"},"modified":"2026-03-26T13:22:25","modified_gmt":"2026-03-26T12:22:25","slug":"vapme-crystal-20000-puffs-dual-flavor-vape","status":"publish","type":"product","link":"https:\/\/agoravape.com\/fr\/product\/vapme-crystal-20000-puffs-dual-flavor-vape\/","title":{"rendered":"Vapme Crystal 20000 Puffs 2\u2011in\u20111 Dual Flavor Vape | Two Flavours, One Long\u2011Lasting Device"},"content":{"rendered":"<h2 data-v-md-heading=\"what-are-the-advantages-of-vapme-crystal-20000-in-one-dual-flavor-vape\" data-v-md-line=\"3\">Quels sont les avantages du Vapme Crystal 20000, un vaporisateur \u00e0 double saveur ?<\/h2>\n<p data-v-md-line=\"4\">Si vous en avez assez de changer constamment d'appareil \u00e0 cause d'un go\u00fbt fade ou d'une batterie faible, ce produit vous offrira une exp\u00e9rience in\u00e9dite. Le Vapme Crystal 20000 propose jusqu'\u00e0 20\u00a0000 bouff\u00e9es et deux saveurs dans un seul appareil, pour un plaisir sans avoir \u00e0 transporter une cigarette \u00e9lectronique de rechange.<\/p>\n<p data-v-md-line=\"6\">Si vous recherchez une cigarette \u00e9lectronique jetable fiable, savoureuse, rechargeable et facile \u00e0 utiliser, ce produit est fait pour vous. Fini les manipulations fastidieuses et les menus compliqu\u00e9s\u00a0! Prenez-la simplement en main et savourez un go\u00fbt constant de la premi\u00e8re \u00e0 la derni\u00e8re bouff\u00e9e.<\/p>\n<h2 data-v-md-heading=\"excellent-performance-easy-and-convenient\" data-v-md-line=\"8\">Excellentes performances, facile et pratique<\/h2>\n<p data-v-md-line=\"9\">La r\u00e9sistance mesh de 1,0 \u03a9 offre une puissance optimale. La chauffe est uniforme, pour une saveur toujours aussi intense. Lorsque la batterie est faible, branchez simplement le c\u00e2ble de donn\u00e9es USB-C, probablement identique \u00e0 celui utilis\u00e9 pour les t\u00e9l\u00e9phones portables. Simple et pratique. Vous pourriez penser qu'un appareil de cette taille serait encombrant, mais celui-ci est tr\u00e8s facile \u00e0 utiliser.<\/p>\n<h2 data-v-md-heading=\"specification-introduction\" data-v-md-line=\"11\">Introduction aux sp\u00e9cifications<\/h2>\n<ul data-v-md-line=\"12\">\n<li>Fr\u00e9quence d'aspiration : jusqu'\u00e0 20\u00a0000 fois<\/li>\n<li>Teneur en nicotine : 2 % (20 mg\/mL)<\/li>\n<li>Principe de fonctionnement : Activation par inhalation<\/li>\n<li>Chargement : interface USB Type-C<\/li>\n<li>E-liquid capacity: 20 milliliters<\/li>\n<li>Atomizing core: 1.0 \u03a9 mesh<\/li>\n<li>Batterie : batterie rechargeable de 700 mAh<\/li>\n<li>\u00c9tat : Pr\u00eat \u00e0 l'emploi d\u00e8s le d\u00e9ballage<\/li>\n<\/ul>\n<h2 data-v-md-heading=\"full-range-of-flavors\" data-v-md-line=\"21\">Full range of flavors<\/h2>\n<p data-v-md-line=\"22\">Voici les combinaisons de saveurs doubles confirm\u00e9es\u00a0:<\/p>\n<ul data-v-md-line=\"23\">\n<li>Glace aux myrtilles, aux framboises et \u00e0 la past\u00e8que<\/li>\n<li>Glace \u00e0 la fraise, \u00e0 la past\u00e8que et au melon fruit de la passion<\/li>\n<li>Eau glac\u00e9e \u00e0 la cerise et \u00e0 la myrtille<\/li>\n<li>Glace au raisin + Kiwi \u00e0 la fraise<\/li>\n<li>Fraise Banane + Double Pommes<\/li>\n<li>Glace aux fruits rouges + p\u00eache ananas<\/li>\n<li>Glace \u00e0 la fraise + glace past\u00e8que-kiwi<\/li>\n<li>Boisson \u00e9nergisante + cola cerise<\/li>\n<li>Sucre fraise framboise + glace \u00e0 la p\u00eache<\/li>\n<li>mangue fraise + kiwi + goyave fruit de la passion<\/li>\n<\/ul>\n<p data-v-md-line=\"34\">On y trouve des boissons fruit\u00e9es aux couleurs \u00e9clatantes, des gla\u00e7ons rafra\u00eechissants et une s\u00e9lection de p\u00e2tisseries d'antan. L'eau citronn\u00e9e \u00e0 la myrtille offre une saveur aigre-douce, tandis que le cola \u00e0 la cerise propose une exp\u00e9rience p\u00e9tillante m\u00ealant cola et cerises.<\/p>\n<h2 data-v-md-heading=\"for-you-and-for-your-business-as-well\" data-v-md-line=\"36\">Pour vous, et pour votre entreprise \u00e9galement<\/h2>\n<p data-v-md-line=\"37\">Vous pouvez choisir un gobelet pour vous-m\u00eame ou acheter des articles pour la vente en magasin. Nous proposons le vaporisateur Vapme Crystal 20000 (deux en un, double saveur) pour les particuliers et les professionnels. Les commandes en gros sont possibles, par carton de 160 unit\u00e9s.<\/p>\n<p data-v-md-line=\"39\">Nous proposons des services d'exp\u00e9dition europ\u00e9ens DDP (taxes acquitt\u00e9es) via des partenaires de confiance tels que UPS, DPD et DHL, ce qui vous permet d'\u00e9viter facilement et rapidement les probl\u00e8mes lors des contr\u00f4les douaniers.<\/p>\n<h2 data-v-md-heading=\"why-do-you-like-it\" data-v-md-line=\"41\">Pourquoi l'aimes-tu ?<\/h2>\n<ul data-v-md-line=\"42\">\n<li>Aspiration massive : jusqu'\u00e0 20 000 bouff\u00e9es, ce qui signifie moins de commandes r\u00e9p\u00e9t\u00e9es et plus de temps pour en profiter.<\/li>\n<li>S\u00e9lection du taux de nicotine\u00a0: 2\u00a0% de nicotine conviennent \u00e0 ceux qui pr\u00e9f\u00e8rent des exp\u00e9riences plus fortes et plus satisfaisantes.<\/li>\n<li>Rechargeable : Utilisez tout le e-liquide que vous achetez sans en gaspiller une goutte.<\/li>\n<li>R\u00e9sistance mesh : De la premi\u00e8re \u00e0 la derni\u00e8re bouch\u00e9e, le go\u00fbt reste constant et d'une douceur soyeuse.<\/li>\n<\/ul>\n<h2 data-v-md-heading=\"why-choose-to-collaborate-with-agoravape\" data-v-md-line=\"47\">Pourquoi choisir de collaborer avec AgoraVape ?<\/h2>\n<p data-v-md-line=\"48\">Nous ne vendons que des produits 100 % authentiques, aux sp\u00e9cifications claires et \u00e0 la tra\u00e7abilit\u00e9 irr\u00e9prochable. Nos clients professionnels b\u00e9n\u00e9ficient de prix de gros avantageux, d'une assistance r\u00e9active et d'une livraison \u00e0 domicile rapide (DDP) au sein de l'Union europ\u00e9enne pour l'achat de la cigarette \u00e9lectronique Vapme Crystal 20000 (deux en un, double saveur). Vous recherchez un appareil fiable qui fid\u00e9lise votre client\u00e8le\u00a0? Contactez-nous.<\/p>","protected":false},"excerpt":{"rendered":"<p>&nbsp;<\/p>\n<p><script src=\"chrome-extension:\/\/fpelahbljekknahkcaegamhcndkfpfnc\/iFrame.js\" type=\"text\/javascript\"><\/script><\/p>","protected":false},"featured_media":12571,"comment_status":"open","ping_status":"closed","template":"","meta":[],"product_brand":[204],"product_cat":[124,185,1636,189,176,177,195,1674,174,175,193,191,173,186,180,190,131],"product_tag":[],"class_list":{"0":"post-12538","1":"product","2":"type-product","3":"status-publish","4":"has-post-thumbnail","6":"product_brand-vapme","7":"product_cat-vape-by-brand","8":"product_cat-10000-puffs-high-capacity","9":"product_cat-20000-puffs","10":"product_cat-20mg-standard-nicotine-vapes","11":"product_cat-beverage","12":"product_cat-dessert-sweets","13":"product_cat-dual-flavor-switch","14":"product_cat-eu-warehouse","15":"product_cat-fruit-flavors","16":"product_cat-icy-mint","17":"product_cat-mesh-coil","18":"product_cat-rechargeable-disposables","19":"product_cat-vape-by-flavor-profile","20":"product_cat-vape-by-nicotine-strength","21":"product_cat-vape-by-puff-count","22":"product_cat-vape-by-feature-or-type","23":"product_cat-vapme","25":"first","26":"instock","27":"shipping-taxable","28":"purchasable","29":"product-type-variable","30":"has-default-attributes"},"tiered_pricing_type":"percentage","tiered_pricing_fixed_rules":[],"tiered_pricing_product_settings":{"layout":"default","base_unit_name":{"singular":null,"plural":null},"default_variation":null},"tiered_pricing_minimum_quantity":10,"tiered_pricing_roles_data":[],"tiered_pricing_percentage_rules":{"50":"35","100":"40","200":"44","500":"47","1000":"49"},"tiered_pricing_maximum_quantity":null,"tiered_pricing_quantity_step":"10","_links":{"self":[{"href":"https:\/\/agoravape.com\/fr\/wp-json\/wp\/v2\/product\/12538","targetHints":{"allow":["GET"]}}],"collection":[{"href":"https:\/\/agoravape.com\/fr\/wp-json\/wp\/v2\/product"}],"about":[{"href":"https:\/\/agoravape.com\/fr\/wp-json\/wp\/v2\/types\/product"}],"replies":[{"embeddable":true,"href":"https:\/\/agoravape.com\/fr\/wp-json\/wp\/v2\/comments?post=12538"}],"version-history":[{"count":0,"href":"https:\/\/agoravape.com\/fr\/wp-json\/wp\/v2\/product\/12538\/revisions"}],"wp:featuredmedia":[{"embeddable":true,"href":"https:\/\/agoravape.com\/fr\/wp-json\/wp\/v2\/media\/12571"}],"wp:attachment":[{"href":"https:\/\/agoravape.com\/fr\/wp-json\/wp\/v2\/media?parent=12538"}],"wp:term":[{"taxonomy":"product_brand","embeddable":true,"href":"https:\/\/agoravape.com\/fr\/wp-json\/wp\/v2\/product_brand?post=12538"},{"taxonomy":"product_cat","embeddable":true,"href":"https:\/\/agoravape.com\/fr\/wp-json\/wp\/v2\/product_cat?post=12538"},{"taxonomy":"product_tag","embeddable":true,"href":"https:\/\/agoravape.com\/fr\/wp-json\/wp\/v2\/product_tag?post=12538"}],"curies":[{"name":"wp","href":"https:\/\/api.w.org\/{rel}","templated":true}]}}