{"id":12594,"date":"2025-10-10T10:01:20","date_gmt":"2025-10-10T02:01:20","guid":{"rendered":"https:\/\/green-grasshopper-921422.hostingersite.com\/?post_type=product&#038;p=12594"},"modified":"2026-01-15T19:41:29","modified_gmt":"2026-01-15T11:41:29","slug":"vapme-shisha-narguile-15000-bouffees-dtl-vape","status":"publish","type":"product","link":"https:\/\/agoravape.com\/fr\/product\/vapme-shisha-hookah-15000-puffs-dtl-vape\/","title":{"rendered":"Vapme Shisha Hookah 15000 bouff\u00e9es DTL | Vapoter en toute simplicit\u00e9 gr\u00e2ce \u00e0 sa grande capacit\u00e9"},"content":{"rendered":"<h2 data-v-md-heading=\"what-are-the-advantages-of-vapme-shisha-hookah-15000-dtl-vapes\" data-v-md-line=\"3\"><img loading=\"lazy\" decoding=\"async\" class=\"aligncenter size-full wp-image-12616\" src=\"https:\/\/agoravape.com\/wp-content\/uploads\/2025\/10\/Vapme-Shisha-Hookah-15000-Puffs-DTL-Vape_Agora_vape-1-scaled.webp\" alt=\"\" width=\"2560\" height=\"1707\" srcset=\"https:\/\/agoravape.com\/wp-content\/uploads\/2025\/10\/Vapme-Shisha-Hookah-15000-Puffs-DTL-Vape_Agora_vape-1-scaled.webp 2560w, https:\/\/agoravape.com\/wp-content\/uploads\/2025\/10\/Vapme-Shisha-Hookah-15000-Puffs-DTL-Vape_Agora_vape-1-scaled-1200x800.webp 1200w\" sizes=\"auto, (max-width: 2560px) 100vw, 2560px\" \/><\/h2>\n<h2 data-v-md-heading=\"what-are-the-advantages-of-vapme-shisha-hookah-15000-dtl-vapes\" data-v-md-line=\"3\">Quels sont les avantages des cigarettes \u00e9lectroniques Vapme Shisha Hookah 15000 DTL ?<\/h2>\n<p data-v-md-line=\"4\">Si vous en avez assez de changer de e-liquide jetable tous les deux ou trois jours, ce produit vous simplifiera la vie. Le Vapme Shisha Hookah 15000 est un e-liquide jetable DTL haute capacit\u00e9, con\u00e7u pour une utilisation prolong\u00e9e, offrant une saveur stable et une utilisation sans tracas.<\/p>\n<p data-v-md-line=\"6\">Il convient \u00e0 tous ceux qui souhaitent profiter d'une vapeur de type narguil\u00e9, avec une inhalation facile et une saveur constante de la premi\u00e8re \u00e0 la derni\u00e8re bouff\u00e9e. Vous pourriez penser que la saveur de cette cigarette \u00e9lectronique s'att\u00e9nuera apr\u00e8s une semaine d'utilisation, mais la r\u00e9sistance mesh pr\u00e9serve sa puret\u00e9 et son intensit\u00e9.<\/p>\n<h2 data-v-md-heading=\"excellent-performance-worry-free\" data-v-md-line=\"8\">Excellentes performances, sans souci<\/h2>\n<p data-v-md-line=\"9\">Le Vapme est \u00e9quip\u00e9 d'une r\u00e9sistance mesh de 0,6 \u03a9 et de 25 ml d'e-liquide pr\u00e9-rempli, pour une vape douce et savoureuse \u00e0 chaque bouff\u00e9e. Sa batterie de 850 mAh se recharge via USB-C, vous permettant ainsi d'utiliser pleinement son autonomie sans gaspiller la moiti\u00e9 d'une bo\u00eete. Une fois la batterie d\u00e9charg\u00e9e, il vous suffit d'utiliser le m\u00eame c\u00e2ble de donn\u00e9es que votre t\u00e9l\u00e9phone pour la recharger. C'est simple comme bonjour.<\/p>\n<h2 data-v-md-heading=\"specification-introduction\" data-v-md-line=\"11\">Introduction aux sp\u00e9cifications<\/h2>\n<ul data-v-md-line=\"12\">\n<li>Fr\u00e9quence d'aspiration : jusqu'\u00e0 15\u00a0000 fois<\/li>\n<li>Teneur en nicotine : 0 % et 2 %<\/li>\n<li>M\u00e9thode de tabagisme : aspiration pulmonaire (DTL)<\/li>\n<li>Noyau d'atomisation : maille de 0,6 \u03a9<\/li>\n<li>Capacit\u00e9 du r\u00e9servoir d'e-liquide : 25 millilitres<\/li>\n<li>Battery: 850 mAh rechargeable battery<\/li>\n<li>Charging: Standard Type-C USB interface<\/li>\n<li>\u00c9tat : Pr\u00eat \u00e0 l'emploi d\u00e8s le d\u00e9ballage<\/li>\n<\/ul>\n<h2 data-v-md-heading=\"full-range-of-flavors\" data-v-md-line=\"21\">Full range of flavors<\/h2>\n<ul data-v-md-line=\"22\">\n<li>Myrtilles glac\u00e9es<\/li>\n<li>Kiwi, fruit de la passion, goyave<\/li>\n<li>Eau citronn\u00e9e aux myrtilles<\/li>\n<li>fraise kiwi<\/li>\n<li>baies m\u00e9lang\u00e9es<\/li>\n<li>Strawberry watermelon<\/li>\n<li>Glace au raisin<\/li>\n<li>Glace \u00e0 la past\u00e8que<\/li>\n<li>P\u00eache Mangue Ananas<\/li>\n<li>Glace \u00e0 la fraise<\/li>\n<li>Glace \u00e0 la p\u00eache<\/li>\n<li>Mangue et banane<\/li>\n<li>Baies de cerise<\/li>\n<li>Myrtilles et framboises<\/li>\n<li>Amour 66<\/li>\n<li>Vache past\u00e8que<\/li>\n<li>raisins fraise<\/li>\n<li>Bonbon fraise-framboise<\/li>\n<li>Mamba<\/li>\n<li>Watermelon cherry<\/li>\n<li>pommes congel\u00e9es<\/li>\n<li>Citron comme<\/li>\n<li>Glace au cassis<\/li>\n<li>Milkshake \u00e0 l'ananas<\/li>\n<\/ul>\n<h2 data-v-md-heading=\"for-you-and-for-your-business-as-well\" data-v-md-line=\"47\">Pour vous, et pour votre entreprise \u00e9galement<\/h2>\n<p data-v-md-line=\"48\">Si vous souhaitez une chicha jetable DTL durable offrant une saveur de chicha classique, la Vapme Shisha Hookah 15000 est disponible pour un usage personnel. Pour les revendeurs et les acheteurs, des cartons de 200 pi\u00e8ces sont propos\u00e9s en gros.<\/p>\n<p data-v-md-line=\"50\">Nous faisons appel \u00e0 des partenaires de confiance comme UPS, DPD et DHL pour exp\u00e9dier vos produits en Europe en DDP (Droits Promis aux Frais de Livraison). Les droits de douane sont ainsi calcul\u00e9s \u00e0 l'avance, ce qui \u00e9vite les mauvaises surprises. Si vous souhaitez sp\u00e9cifier un itin\u00e9raire ou effectuer des livraisons group\u00e9es pour diff\u00e9rents magasins, nous pouvons \u00e9galement nous en charger.<\/p>\n<p data-v-md-line=\"52\">D\u00e9claration de conformit\u00e9\u00a0: La capacit\u00e9 de ce dispositif est de 25\u00a0millilitres, d\u00e9passant la limite de 2\u00a0millilitres fix\u00e9e par la directive TPD pour les cigarettes \u00e9lectroniques pr\u00e9emball\u00e9es. Dans la plupart des pays et r\u00e9gions de l\u2019UE, ce produit n\u2019est g\u00e9n\u00e9ralement pas conforme \u00e0 la r\u00e9glementation TPD relative \u00e0 la vente au d\u00e9tail. Avant toute importation ou vente, veuillez v\u00e9rifier la r\u00e9glementation en vigueur dans votre pays.<\/p>\n<h2 data-v-md-heading=\"why-do-you-like-it\" data-v-md-line=\"54\">Pourquoi l'aimes-tu ?<\/h2>\n<ul data-v-md-line=\"55\">\n<li>Capacit\u00e9 ultra-large\u00a0: jusqu\u2019\u00e0 15\u00a0000 ports, ce qui signifie moins d\u2019achats r\u00e9p\u00e9t\u00e9s et de tracas.<\/li>\n<li>Choix du taux de nicotine\u00a0: choisissez 0\u00a0% ou 2\u00a0% selon votre pr\u00e9f\u00e9rence<\/li>\n<li>Rechargeable : chargement USB-C pour une recharge compl\u00e8te et facile de votre e-liquide.<\/li>\n<li>R\u00e9sistance mesh : Exp\u00e9rience d'inhalation directe douce et saveur constante<\/li>\n<\/ul>\n<h2 data-v-md-heading=\"why-choose-to-collaborate-with-agoravape\" data-v-md-line=\"60\">Pourquoi choisir de collaborer avec AgoraVape ?<\/h2>\n<p data-v-md-line=\"61\">Nous ne proposons que des produits 100 % authentiques provenant de circuits de distribution v\u00e9rifi\u00e9s, vous garantissant ainsi des achats de qualit\u00e9. Nos clients B2B b\u00e9n\u00e9ficient de prix de gros tr\u00e8s comp\u00e9titifs, d'une livraison DDP fiable en Europe et d'une assistance rapide assur\u00e9e par des experts connaissant parfaitement nos produits. Si vous souhaitez ajouter les produits de vapotage Vapme Shisha Hookah 15000 DTL \u00e0 votre gamme, contactez-nous sans plus attendre\u00a0; nous vous aiderons \u00e0 choisir la combinaison de saveurs la plus performante.<\/p>\n<p data-v-md-line=\"63\">Ce produit est r\u00e9serv\u00e9 aux personnes de 18 ans et plus.<\/p>","protected":false},"excerpt":{"rendered":"<p>Quels sont les avantages de Vapme Shisha Hookah 15000 DTL Vapes ? Si vous en avez assez de changer d'e-liquide jetable tous les quelques<\/p>","protected":false},"featured_media":12627,"comment_status":"open","ping_status":"closed","template":"","meta":[],"product_brand":[204],"product_cat":[124,187,185,1635,189,176,177,174,175,193,191,179,173,186,180,190,131],"product_tag":[],"class_list":{"0":"post-12594","1":"product","2":"type-product","3":"status-publish","4":"has-post-thumbnail","6":"product_brand-vapme","7":"product_cat-vape-by-brand","8":"product_cat-0mg-nicotine-free-vapes","9":"product_cat-10000-puffs-high-capacity","10":"product_cat-15000-puffs","11":"product_cat-20mg-standard-nicotine-vapes","12":"product_cat-beverage","13":"product_cat-dessert-sweets","14":"product_cat-fruit-flavors","15":"product_cat-icy-mint","16":"product_cat-mesh-coil","17":"product_cat-rechargeable-disposables","18":"product_cat-unique-blends","19":"product_cat-vape-by-flavor-profile","20":"product_cat-vape-by-nicotine-strength","21":"product_cat-vape-by-puff-count","22":"product_cat-vape-by-feature-or-type","23":"product_cat-vapme","25":"first","26":"instock","27":"shipping-taxable","28":"purchasable","29":"product-type-variable","30":"has-default-attributes"},"tiered_pricing_type":"percentage","tiered_pricing_fixed_rules":[],"tiered_pricing_product_settings":{"layout":"default","base_unit_name":{"singular":null,"plural":null},"default_variation":null},"tiered_pricing_minimum_quantity":10,"tiered_pricing_roles_data":[],"tiered_pricing_percentage_rules":{"50":"35","100":"40","200":"44","500":"47","1000":"49"},"tiered_pricing_maximum_quantity":null,"tiered_pricing_quantity_step":"10","_links":{"self":[{"href":"https:\/\/agoravape.com\/fr\/wp-json\/wp\/v2\/product\/12594","targetHints":{"allow":["GET"]}}],"collection":[{"href":"https:\/\/agoravape.com\/fr\/wp-json\/wp\/v2\/product"}],"about":[{"href":"https:\/\/agoravape.com\/fr\/wp-json\/wp\/v2\/types\/product"}],"replies":[{"embeddable":true,"href":"https:\/\/agoravape.com\/fr\/wp-json\/wp\/v2\/comments?post=12594"}],"version-history":[{"count":0,"href":"https:\/\/agoravape.com\/fr\/wp-json\/wp\/v2\/product\/12594\/revisions"}],"wp:featuredmedia":[{"embeddable":true,"href":"https:\/\/agoravape.com\/fr\/wp-json\/wp\/v2\/media\/12627"}],"wp:attachment":[{"href":"https:\/\/agoravape.com\/fr\/wp-json\/wp\/v2\/media?parent=12594"}],"wp:term":[{"taxonomy":"product_brand","embeddable":true,"href":"https:\/\/agoravape.com\/fr\/wp-json\/wp\/v2\/product_brand?post=12594"},{"taxonomy":"product_cat","embeddable":true,"href":"https:\/\/agoravape.com\/fr\/wp-json\/wp\/v2\/product_cat?post=12594"},{"taxonomy":"product_tag","embeddable":true,"href":"https:\/\/agoravape.com\/fr\/wp-json\/wp\/v2\/product_tag?post=12594"}],"curies":[{"name":"wp","href":"https:\/\/api.w.org\/{rel}","templated":true}]}}