{"id":12654,"date":"2025-10-10T10:30:53","date_gmt":"2025-10-10T02:30:53","guid":{"rendered":"https:\/\/green-grasshopper-921422.hostingersite.com\/?post_type=product&#038;p=12654"},"modified":"2026-03-26T13:22:25","modified_gmt":"2026-03-26T12:22:25","slug":"vapme-digital-12000-puffs-display-vape","status":"publish","type":"product","link":"https:\/\/agoravape.com\/fr\/product\/vapme-digital-12000-puffs-display-vape\/","title":{"rendered":"Vaporisateur num\u00e9rique Vapme 12\u00a0000 bouff\u00e9es avec affichage num\u00e9rique | Saveur longue dur\u00e9e, en toute simplicit\u00e9"},"content":{"rendered":"<h2 data-v-md-heading=\"what-are-the-highlights-of-vapme-digital-12000-digital-vapes\" data-v-md-line=\"3\">Quels sont les points forts des cigarettes \u00e9lectroniques num\u00e9riques Vapme Digital 12000\u00a0?<\/h2>\n<p data-v-md-line=\"4\">Si vous en avez assez des cigarettes \u00e9lectroniques jetables qui finissent \u00e0 la poubelle au bout de deux semaines, ce produit m\u00e9rite vraiment le d\u00e9tour. La Vapme Digital 12000 poss\u00e8de un r\u00e9servoir de 20 ml d'e-liquide, une batterie rechargeable de 850 mAh et un \u00e9cran num\u00e9rique clair affichant simultan\u00e9ment le niveau de batterie et d'e-liquide. Plus besoin de deviner, c'est simple et pratique.<\/p>\n<p data-v-md-line=\"6\">Si vous recherchez une cigarette \u00e9lectronique fiable, savoureuse et efficace, ce produit est fait pour vous. Selon votre consommation d'huile et votre utilisation quotidienne, vous pouvez obtenir jusqu'\u00e0 12\u00a0000 bouff\u00e9es. Malgr\u00e9 sa grande capacit\u00e9, ce produit est \u00e9tonnamment abordable.<\/p>\n<h2 data-v-md-heading=\"excellent-performance-easy-and-convenient\" data-v-md-line=\"8\">Excellentes performances, facile et pratique<\/h2>\n<p data-v-md-line=\"9\">Le Vapme Digital 12000 est dot\u00e9 d'une r\u00e9sistance mesh de 1,0 \u03a9 qui garantit une vapeur aussi savoureuse \u00e0 chaque bouff\u00e9e qu'\u00e0 la premi\u00e8re. Profitez d'une aspiration douce et d'une saveur constante sur toute la surface de l'atomiseur. Lorsque la batterie est faible, vous pouvez la recharger via l'interface USB-C \u00e0 l'aide d'un c\u00e2ble compatible avec les chargeurs de t\u00e9l\u00e9phone. Simple et pratique.<\/p>\n<h2 data-v-md-heading=\"specification-introduction\" data-v-md-line=\"11\">Introduction aux sp\u00e9cifications<\/h2>\n<ul data-v-md-line=\"12\">\n<li>Fr\u00e9quence d'aspiration : jusqu'\u00e0 12\u00a0000 fois<\/li>\n<li>Teneur en nicotine : 0 %, 2 %, 3 % ou 5 %<\/li>\n<li>Principe de fonctionnement : S'active en une seule bouff\u00e9e<\/li>\n<li>Charging: Standard Type-C USB interface<\/li>\n<li>\u00c9tat : Pr\u00eat \u00e0 l'emploi d\u00e8s la sortie de l'emballage<\/li>\n<\/ul>\n<h2 data-v-md-heading=\"full-range-of-flavors\" data-v-md-line=\"18\">Full range of flavors<\/h2>\n<ul data-v-md-line=\"19\">\n<li>Eau citronn\u00e9e aux myrtilles<\/li>\n<li>Strawberry watermelon<\/li>\n<li>Glace \u00e0 la past\u00e8que<\/li>\n<li>Glace \u00e0 la p\u00eache<\/li>\n<li>baies m\u00e9lang\u00e9es<\/li>\n<li>Mangue, p\u00eache, ananas<\/li>\n<li>Glace \u00e0 la fraise<\/li>\n<li>Cherry Cola<\/li>\n<li>Glace au raisin<\/li>\n<li>Myrtilles et framboises<\/li>\n<li>Glace \u00e0 la cerise<\/li>\n<li>glace fraise-kiwi<\/li>\n<li>Kiwi, fruit de la passion, goyave<\/li>\n<li>Tropical Fruit Binji<\/li>\n<li>Glace \u00e0 la fraise et \u00e0 la banane<\/li>\n<li>Glace aux pommes et aux baies<\/li>\n<li>Glace \u00e0 la fraise et au fruit du dragon<\/li>\n<li>Glace \u00e0 la p\u00eache et aux myrtilles<\/li>\n<li>Glace \u00e0 la p\u00eache et \u00e0 la mangue<\/li>\n<li>Glace au menthol<\/li>\n<\/ul>\n<h2 data-v-md-heading=\"for-you-and-your-business\" data-v-md-line=\"40\">Pour vous et votre entreprise<\/h2>\n<p data-v-md-line=\"41\">Vous pouvez acheter le pack Vapme Digital 12000 pour votre usage personnel ou pour approvisionner votre magasin. Conditionn\u00e9 en cartons de 200 pi\u00e8ces en gros, il vous permet de g\u00e9rer facilement vos stocks et de garantir un approvisionnement constant de vos rayons.<\/p>\n<p data-v-md-line=\"43\">Nous exp\u00e9dions vos commandes via des partenaires de confiance tels que UPS, DPD et DHL en DDP (livraison directe en douane) dans toute l'Europe. Votre commande sera ainsi livr\u00e9e rapidement et vous n'aurez aucun probl\u00e8me avec les douanes. La r\u00e9glementation concernant les cigarettes \u00e9lectroniques jetables de grande capacit\u00e9 varie selon les pays et les r\u00e9gions. Veuillez donc consulter la r\u00e9glementation en vigueur dans votre pays ou nous contacter pour obtenir des conseils avant de passer commande.<\/p>\n<h2 data-v-md-heading=\"why-do-you-like-it\" data-v-md-line=\"45\">Pourquoi l'aimes-tu ?<\/h2>\n<ul data-v-md-line=\"46\">\n<li>Aspiration massive : dur\u00e9e d'utilisation prolong\u00e9e, vous n'aurez donc pas besoin d'en acheter fr\u00e9quemment de nouveaux.<\/li>\n<li>S\u00e9lection de la nicotine\u00a0: Choisissez la concentration qui convient \u00e0 votre consommation quotidienne.<\/li>\n<li>Rechargeable: You use all purchased e-liquids.<\/li>\n<li>R\u00e9sistance en mesh : Offre un go\u00fbt constant et une aspiration douce \u00e0 chaque utilisation.<\/li>\n<li>\u00c9cran num\u00e9rique : Offre une vue claire de la batterie et du e-liquide, vous informant en permanence de l'\u00e9tat actuel.<\/li>\n<\/ul>\n<h2 data-v-md-heading=\"why-choose-agoravape\" data-v-md-line=\"52\">Pourquoi choisir AgoraVape ?<\/h2>\n<p data-v-md-line=\"53\">Nous ne vendons que des produits 100 % authentiques et garantissons la qualit\u00e9 de ceux exp\u00e9di\u00e9s. Nos clients professionnels b\u00e9n\u00e9ficient de prix de gros tr\u00e8s comp\u00e9titifs, d'un service client r\u00e9actif et d'une livraison rapide, tra\u00e7able et confidentielle. Nous proposons des modes de paiement s\u00e9curis\u00e9s et, en cas de probl\u00e8me, notre politique de retour simplifi\u00e9e facilite la gestion de votre commande.<\/p>\n<p data-v-md-line=\"55\">Vous souhaitez acheter Vapme Digital 12000 en ligne en Europe ou le proposer dans votre magasin\u00a0? Contactez-nous\u00a0: nous vous aiderons \u00e0 choisir la saveur et le taux de nicotine les plus adapt\u00e9s \u00e0 vos clients.<\/p>","protected":false},"excerpt":{"rendered":"<p>Quels sont les points forts des vapes num\u00e9riques Vapme Digital 12000 ? Si vous en avez assez des vapes jetables qui sont mises au rebut<\/p>","protected":false},"featured_media":12680,"comment_status":"open","ping_status":"closed","template":"","meta":[],"product_brand":[204],"product_cat":[124,187,185,1634,189,176,174,175,193,191,173,186,180,190,192,131],"product_tag":[],"class_list":{"0":"post-12654","1":"product","2":"type-product","3":"status-publish","4":"has-post-thumbnail","6":"product_brand-vapme","7":"product_cat-vape-by-brand","8":"product_cat-0mg-nicotine-free-vapes","9":"product_cat-10000-puffs-high-capacity","10":"product_cat-12000-puffs","11":"product_cat-20mg-standard-nicotine-vapes","12":"product_cat-beverage","13":"product_cat-fruit-flavors","14":"product_cat-icy-mint","15":"product_cat-mesh-coil","16":"product_cat-rechargeable-disposables","17":"product_cat-vape-by-flavor-profile","18":"product_cat-vape-by-nicotine-strength","19":"product_cat-vape-by-puff-count","20":"product_cat-vape-by-feature-or-type","21":"product_cat-vapes-with-screens","22":"product_cat-vapme","24":"first","25":"onbackorder","26":"shipping-taxable","27":"purchasable","28":"product-type-variable","29":"has-default-attributes"},"tiered_pricing_type":"percentage","tiered_pricing_fixed_rules":[],"tiered_pricing_product_settings":{"layout":"default","base_unit_name":{"singular":null,"plural":null},"default_variation":null},"tiered_pricing_minimum_quantity":10,"tiered_pricing_roles_data":[],"tiered_pricing_percentage_rules":{"50":"35","100":"40","200":"44","500":"47","1000":"49"},"tiered_pricing_maximum_quantity":null,"tiered_pricing_quantity_step":"10","_links":{"self":[{"href":"https:\/\/agoravape.com\/fr\/wp-json\/wp\/v2\/product\/12654","targetHints":{"allow":["GET"]}}],"collection":[{"href":"https:\/\/agoravape.com\/fr\/wp-json\/wp\/v2\/product"}],"about":[{"href":"https:\/\/agoravape.com\/fr\/wp-json\/wp\/v2\/types\/product"}],"replies":[{"embeddable":true,"href":"https:\/\/agoravape.com\/fr\/wp-json\/wp\/v2\/comments?post=12654"}],"version-history":[{"count":0,"href":"https:\/\/agoravape.com\/fr\/wp-json\/wp\/v2\/product\/12654\/revisions"}],"wp:featuredmedia":[{"embeddable":true,"href":"https:\/\/agoravape.com\/fr\/wp-json\/wp\/v2\/media\/12680"}],"wp:attachment":[{"href":"https:\/\/agoravape.com\/fr\/wp-json\/wp\/v2\/media?parent=12654"}],"wp:term":[{"taxonomy":"product_brand","embeddable":true,"href":"https:\/\/agoravape.com\/fr\/wp-json\/wp\/v2\/product_brand?post=12654"},{"taxonomy":"product_cat","embeddable":true,"href":"https:\/\/agoravape.com\/fr\/wp-json\/wp\/v2\/product_cat?post=12654"},{"taxonomy":"product_tag","embeddable":true,"href":"https:\/\/agoravape.com\/fr\/wp-json\/wp\/v2\/product_tag?post=12654"}],"curies":[{"name":"wp","href":"https:\/\/api.w.org\/{rel}","templated":true}]}}