{"id":12712,"date":"2025-10-10T11:23:40","date_gmt":"2025-10-10T03:23:40","guid":{"rendered":"https:\/\/green-grasshopper-921422.hostingersite.com\/?post_type=product&#038;p=12712"},"modified":"2026-03-26T13:22:25","modified_gmt":"2026-03-26T12:22:25","slug":"vapme-monster-16000-puffs-vape","status":"publish","type":"product","link":"https:\/\/agoravape.com\/fr\/product\/vapme-monster-16000-puffs-vape\/","title":{"rendered":"Vape Monster 16000 bouff\u00e9es, r\u00e9sistance Mesh, cigarette \u00e9lectronique jetable | Grandes bouff\u00e9es, saveur pure, utilisation sans tracas"},"content":{"rendered":"<h2 data-v-md-heading=\"what-about-the-vapme-monster-16000-mesh-coil-disposable-vape\" data-v-md-line=\"3\"><img loading=\"lazy\" decoding=\"async\" class=\"aligncenter size-full wp-image-12734\" src=\"https:\/\/agoravape.com\/wp-content\/uploads\/2025\/10\/Vapme-Monster-16000-Puffs-Mesh-Coil-Disposable-Vape_Agora_vape-1-scaled.webp\" alt=\"\" width=\"2560\" height=\"1937\" srcset=\"https:\/\/agoravape.com\/wp-content\/uploads\/2025\/10\/Vapme-Monster-16000-Puffs-Mesh-Coil-Disposable-Vape_Agora_vape-1-scaled.webp 2560w, https:\/\/agoravape.com\/wp-content\/uploads\/2025\/10\/Vapme-Monster-16000-Puffs-Mesh-Coil-Disposable-Vape_Agora_vape-1-scaled-1200x908.webp 1200w, https:\/\/agoravape.com\/wp-content\/uploads\/2025\/10\/Vapme-Monster-16000-Puffs-Mesh-Coil-Disposable-Vape_Agora_vape-1-300x227.webp 300w, https:\/\/agoravape.com\/wp-content\/uploads\/2025\/10\/Vapme-Monster-16000-Puffs-Mesh-Coil-Disposable-Vape_Agora_vape-1-1024x775.webp 1024w, https:\/\/agoravape.com\/wp-content\/uploads\/2025\/10\/Vapme-Monster-16000-Puffs-Mesh-Coil-Disposable-Vape_Agora_vape-1-768x581.webp 768w, https:\/\/agoravape.com\/wp-content\/uploads\/2025\/10\/Vapme-Monster-16000-Puffs-Mesh-Coil-Disposable-Vape_Agora_vape-1-1536x1162.webp 1536w, https:\/\/agoravape.com\/wp-content\/uploads\/2025\/10\/Vapme-Monster-16000-Puffs-Mesh-Coil-Disposable-Vape_Agora_vape-1-2048x1550.webp 2048w\" sizes=\"auto, (max-width: 2560px) 100vw, 2560px\" \/><\/h2>\n<h2 data-v-md-heading=\"what-about-the-vapme-monster-16000-mesh-coil-disposable-vape\" data-v-md-line=\"3\">Que pensez-vous de la cigarette \u00e9lectronique jetable Vapme Monster 16000 \u00e0 r\u00e9sistance mesh ?<\/h2>\n<p data-v-md-line=\"4\">Si vous en avez assez de changer de cigarette \u00e9lectronique tous les deux ou trois jours, alors cette cigarette \u00e9lectronique vous offrira une exp\u00e9rience rafra\u00eechissante. La Vapme Monster poss\u00e8de une autonomie longue dur\u00e9e et une texture douce qui ne s'use pas \u00e0 mi-chemin.<\/p>\n<p data-v-md-line=\"6\">Elle convient \u00e0 tous ceux qui recherchent une cigarette \u00e9lectronique jetable fiable et savoureuse, sans se soucier des r\u00e9glages. Il vous suffit de choisir la saveur et le taux de nicotine, et vous pouvez ensuite profiter d'une agr\u00e9able journ\u00e9e. Vous pourriez penser que plusieurs cigarettes \u00e9lectroniques seraient encombrantes, mais elles se glissent facilement dans une poche.<\/p>\n<h2 data-v-md-heading=\"excellent-performance-easy-and-convenient\" data-v-md-line=\"8\">Excellentes performances, facile et pratique<\/h2>\n<p data-v-md-line=\"9\">La r\u00e9sistance mesh de 0,8 \u03a9 assure une chauffe uniforme du e-liquide, pour une vape toujours aussi savoureuse. Si la batterie est faible, pas besoin de la jeter\u00a0: rechargez-la via le port USB-C et utilisez le m\u00eame c\u00e2ble de donn\u00e9es que votre t\u00e9l\u00e9phone. Simple et pratique.<\/p>\n<h2 data-v-md-heading=\"specification-introduction\" data-v-md-line=\"11\">Introduction aux sp\u00e9cifications<\/h2>\n<ul data-v-md-line=\"12\">\n<li>Fr\u00e9quence d'aspiration : jusqu'\u00e0 16\u00a0000 fois<\/li>\n<li>Teneur en nicotine : 0 %\/2 %\/3 %\/5 %<\/li>\n<li>Principe de fonctionnement : Activation par inhalation<\/li>\n<li>Charging: Standard Type-C USB interface<\/li>\n<li>Capacit\u00e9 du r\u00e9servoir d'e-liquide : 26 millilitres<\/li>\n<li>Noyau d'atomisation : maille de 0,8 \u03a9<\/li>\n<li>Battery: 850 mAh rechargeable battery<\/li>\n<li>\u00c9tat : Pr\u00eat \u00e0 l'emploi d\u00e8s le d\u00e9ballage<\/li>\n<\/ul>\n<h2 data-v-md-heading=\"full-range-of-flavors\" data-v-md-line=\"21\">Full range of flavors<\/h2>\n<ul data-v-md-line=\"22\">\n<li>Eau glac\u00e9e au citron et aux myrtilles<\/li>\n<li>Glace \u00e0 la p\u00eache<\/li>\n<li>Glace \u00e0 la past\u00e8que<\/li>\n<li>Myrtilles et framboises<\/li>\n<li>Glace \u00e0 la cerise<\/li>\n<li>Glace \u00e0 la fraise<\/li>\n<li>Strawberry watermelon<\/li>\n<li>baies m\u00e9lang\u00e9es<\/li>\n<li>fraise kiwi<\/li>\n<li>Kiwi, fruit de la passion, goyave<\/li>\n<li>Red Bull \u00e0 la myrtille<\/li>\n<li>P\u00eache, mangue, ananas<\/li>\n<\/ul>\n<h2 data-v-md-heading=\"for-you-and-your-business\" data-v-md-line=\"35\">Pour vous et votre entreprise<\/h2>\n<p data-v-md-line=\"36\">Faites-vous plaisir, c'est simple et pratique. Choisissez votre saveur et votre concentration pr\u00e9f\u00e9r\u00e9es pour une exp\u00e9rience de vapotage longue dur\u00e9e en toute simplicit\u00e9. Gr\u00e2ce \u00e0 sa batterie rechargeable, profitez pleinement de 26 ml d'e-liquide sans gaspillage.<\/p>\n<p data-v-md-line=\"38\">Vous g\u00e9rez un magasin physique ou une boutique en ligne\u00a0? Nous proposons des cartons de 200 unit\u00e9s en gros pour une gestion optimale de vos stocks. Nous collaborons avec des partenaires de confiance comme UPS, DPD et DHL pour une livraison DDP (droits de douane acquitt\u00e9s), permettant ainsi le traitement anticip\u00e9 des droits et taxes. Vous n'avez aucun souci \u00e0 vous faire concernant les probl\u00e8mes douaniers\u00a0: le transport en Europe est enti\u00e8rement tra\u00e7able. Veuillez vous renseigner sur la r\u00e9glementation locale avant toute revente.<\/p>\n<h2 data-v-md-heading=\"why-do-you-like-it\" data-v-md-line=\"40\">Pourquoi l'aimes-tu ?<\/h2>\n<ul data-v-md-line=\"41\">\n<li>Cycles d'aspiration multiples : Durable et r\u00e9sistant, ne n\u00e9cessite pas de remplacement fr\u00e9quent.<\/li>\n<li>Choix du taux de nicotine\u00a0: Choisissez une concentration de nicotine de 0\u00a0%, 2\u00a0%, 3\u00a0% ou 5\u00a0% en fonction de vos habitudes de vapotage.<\/li>\n<li>Rechargeable : Vous pouvez utiliser tous les e-liquides achet\u00e9s en une seule fois sans jeter les appareils \u00e0 moiti\u00e9 utilis\u00e9s.<\/li>\n<li>R\u00e9sistance mesh : De la premi\u00e8re \u00e0 la derni\u00e8re bouch\u00e9e, le go\u00fbt reste constant et onctueux.<\/li>\n<li>L'interface Type-C est pratique : vous pouvez recharger rapidement votre appareil \u00e0 l'aide de votre c\u00e2ble de donn\u00e9es existant.<\/li>\n<\/ul>\n<h2 data-v-md-heading=\"why-collaborate-with-agoravape\" data-v-md-line=\"47\">Pourquoi collaborer avec AgoraVape ?<\/h2>\n<p data-v-md-line=\"48\">Nous ne vendons que des produits 100 % authentiques et garantissons une livraison s\u00e9curis\u00e9e. Les clients B2B qui ach\u00e8tent des cigarettes \u00e9lectroniques jetables Vapme Monster 16000 \u00e0 r\u00e9sistance mesh b\u00e9n\u00e9ficient de prix de gros avantageux, d'un service client fiable et d'une logistique rapide et adapt\u00e9e \u00e0 l'UE. Vous souhaitez r\u00e9server une cigarette \u00e9lectronique jetable pour vos clients fid\u00e8les\u00a0? Contactez-nous et nous nous en chargerons.<\/p>\n<p data-v-md-line=\"50\">Remarque\u00a0: Le nombre de bouff\u00e9es par session peut varier selon votre m\u00e9thode de consommation et les conditions environnementales. Veuillez respecter la l\u00e9gislation locale et les restrictions d\u2019\u00e2ge.<\/p>","protected":false},"excerpt":{"rendered":"<p>What about the Vapme Monster 16000 mesh coil disposable vape? If you are tired of changing your vape every few<\/p>","protected":false},"featured_media":12745,"comment_status":"open","ping_status":"closed","template":"","meta":[],"product_brand":[204],"product_cat":[124,187,185,189,176,174,175,193,191,173,186,180,190,131],"product_tag":[],"class_list":{"0":"post-12712","1":"product","2":"type-product","3":"status-publish","4":"has-post-thumbnail","6":"product_brand-vapme","7":"product_cat-vape-by-brand","8":"product_cat-0mg-nicotine-free-vapes","9":"product_cat-10000-puffs-high-capacity","10":"product_cat-20mg-standard-nicotine-vapes","11":"product_cat-beverage","12":"product_cat-fruit-flavors","13":"product_cat-icy-mint","14":"product_cat-mesh-coil","15":"product_cat-rechargeable-disposables","16":"product_cat-vape-by-flavor-profile","17":"product_cat-vape-by-nicotine-strength","18":"product_cat-vape-by-puff-count","19":"product_cat-vape-by-feature-or-type","20":"product_cat-vapme","22":"first","23":"instock","24":"shipping-taxable","25":"purchasable","26":"product-type-variable","27":"has-default-attributes"},"tiered_pricing_type":"percentage","tiered_pricing_fixed_rules":[],"tiered_pricing_product_settings":{"layout":"default","base_unit_name":{"singular":null,"plural":null},"default_variation":null},"tiered_pricing_minimum_quantity":10,"tiered_pricing_roles_data":[],"tiered_pricing_percentage_rules":{"50":"35","100":"40","200":"44","500":"47","1000":"49"},"tiered_pricing_maximum_quantity":null,"tiered_pricing_quantity_step":"10","_links":{"self":[{"href":"https:\/\/agoravape.com\/fr\/wp-json\/wp\/v2\/product\/12712","targetHints":{"allow":["GET"]}}],"collection":[{"href":"https:\/\/agoravape.com\/fr\/wp-json\/wp\/v2\/product"}],"about":[{"href":"https:\/\/agoravape.com\/fr\/wp-json\/wp\/v2\/types\/product"}],"replies":[{"embeddable":true,"href":"https:\/\/agoravape.com\/fr\/wp-json\/wp\/v2\/comments?post=12712"}],"version-history":[{"count":0,"href":"https:\/\/agoravape.com\/fr\/wp-json\/wp\/v2\/product\/12712\/revisions"}],"wp:featuredmedia":[{"embeddable":true,"href":"https:\/\/agoravape.com\/fr\/wp-json\/wp\/v2\/media\/12745"}],"wp:attachment":[{"href":"https:\/\/agoravape.com\/fr\/wp-json\/wp\/v2\/media?parent=12712"}],"wp:term":[{"taxonomy":"product_brand","embeddable":true,"href":"https:\/\/agoravape.com\/fr\/wp-json\/wp\/v2\/product_brand?post=12712"},{"taxonomy":"product_cat","embeddable":true,"href":"https:\/\/agoravape.com\/fr\/wp-json\/wp\/v2\/product_cat?post=12712"},{"taxonomy":"product_tag","embeddable":true,"href":"https:\/\/agoravape.com\/fr\/wp-json\/wp\/v2\/product_tag?post=12712"}],"curies":[{"name":"wp","href":"https:\/\/api.w.org\/{rel}","templated":true}]}}