{"id":12858,"date":"2025-10-10T15:33:58","date_gmt":"2025-10-10T07:33:58","guid":{"rendered":"https:\/\/green-grasshopper-921422.hostingersite.com\/?post_type=product&#038;p=12858"},"modified":"2026-01-13T00:44:51","modified_gmt":"2026-01-12T16:44:51","slug":"atvs-15000-puffs-jetable-vape","status":"publish","type":"product","link":"https:\/\/agoravape.com\/fr\/product\/atvs-15000-puffs-disposable-vape\/","title":{"rendered":"ATVS Vape jetable \u00e0 r\u00e9sistance mesh 15000 bouff\u00e9es | Grande autonomie, saveur douce"},"content":{"rendered":"<h2 data-v-md-heading=\"what-are-the-special-features-of-atvs-15000-mesh-coil-disposable-vapes\" data-v-md-line=\"3\"><img loading=\"lazy\" decoding=\"async\" class=\"aligncenter size-full wp-image-12855\" src=\"https:\/\/agoravape.com\/wp-content\/uploads\/2025\/10\/ATVS-15000-Puffs-Mesh-Coil-Disposable-Vape_Agora_vape-1.webp\" alt=\"\" width=\"1000\" height=\"477\" srcset=\"https:\/\/agoravape.com\/wp-content\/uploads\/2025\/10\/ATVS-15000-Puffs-Mesh-Coil-Disposable-Vape_Agora_vape-1.webp 1000w, https:\/\/agoravape.com\/wp-content\/uploads\/2025\/10\/ATVS-15000-Puffs-Mesh-Coil-Disposable-Vape_Agora_vape-1-300x143.webp 300w, https:\/\/agoravape.com\/wp-content\/uploads\/2025\/10\/ATVS-15000-Puffs-Mesh-Coil-Disposable-Vape_Agora_vape-1-768x366.webp 768w\" sizes=\"auto, (max-width: 1000px) 100vw, 1000px\" \/><\/h2>\n<h2 data-v-md-heading=\"what-are-the-special-features-of-atvs-15000-mesh-coil-disposable-vapes\" data-v-md-line=\"3\">Quelles sont les caract\u00e9ristiques particuli\u00e8res des cigarettes \u00e9lectroniques jetables \u00e0 r\u00e9sistance mesh ATVS 15000\u00a0?<\/h2>\n<p data-v-md-line=\"4\">Si vous en avez assez de gaspiller des cigarettes \u00e9lectroniques jetables d\u00e8s que vous d\u00e9couvrez de nouvelles saveurs, ce produit va tout changer. L'ATVS est \u00e9quip\u00e9e de r\u00e9sistances mesh performantes pouvant supporter jusqu'\u00e0 15\u00a0000 bouff\u00e9es, vous garantissant ainsi une saveur pure et constante de la premi\u00e8re \u00e0 la derni\u00e8re utilisation.<\/p>\n<p data-v-md-line=\"6\">Il convient \u00e0 tous ceux qui recherchent la durabilit\u00e9 et une utilisation simple. Aucun menu, aucun bouton. C'est une cigarette \u00e9lectronique robuste et durable, offrant une excellente restitution des saveurs et facile \u00e0 transporter. Malgr\u00e9 sa grande capacit\u00e9, cette cigarette \u00e9lectronique compacte se glisse facilement dans une poche.<\/p>\n<h2 data-v-md-heading=\"excellent-performance-worry-free\" data-v-md-line=\"8\">Excellentes performances, sans souci<\/h2>\n<p data-v-md-line=\"9\">La r\u00e9sistance mesh est le point fort de ce produit. Elle chauffe uniform\u00e9ment, pr\u00e9servant ainsi la saveur et la constance de vos ar\u00f4mes. Savourez une bouff\u00e9e agr\u00e9able sans vous essouffler. Sa batterie int\u00e9gr\u00e9e est durable et facile \u00e0 recharger, m\u00eame lorsqu'elle est faible. Un seul appareil, un seul c\u00e2ble de connexion\u00a0: une utilisation simplifi\u00e9e.<\/p>\n<h2 data-v-md-heading=\"specification-introduction\" data-v-md-line=\"11\">Introduction aux sp\u00e9cifications<\/h2>\n<ul data-v-md-line=\"12\">\n<li>Fr\u00e9quence d'aspiration : jusqu'\u00e0 15\u00a0000 fois<\/li>\n<li>Teneur en nicotine\u00a0: non pr\u00e9cis\u00e9e par le fabricant. Veuillez nous contacter pour conna\u00eetre les concentrations de nicotine actuellement disponibles sur votre march\u00e9.<\/li>\n<li>Principe de fonctionnement : Conception jetable et conviviale, sans bouton.<\/li>\n<li>Recharge\u00a0: Il peut \u00eatre recharg\u00e9 via le port USB int\u00e9gr\u00e9. Le type d\u2019interface peut varier selon les lots.<\/li>\n<li>Capacit\u00e9 du r\u00e9servoir d'e-liquide : 15 millilitres<\/li>\n<li>Bobine : Maille, 0,9 \u03a9<\/li>\n<li>Batterie : 650 mAh (mod\u00e8le de batterie 13450)<\/li>\n<li>Mat\u00e9riau : Coque en polycarbonate<\/li>\n<li>Dimensions : 48 \u00d7 24,5 \u00d7 90 millim\u00e8tres<\/li>\n<li>Poids net : 95,5 grammes<\/li>\n<li>\u00c9tat : Pr\u00eat \u00e0 l'emploi d\u00e8s le d\u00e9ballage<\/li>\n<\/ul>\n<h2 data-v-md-heading=\"full-range-of-flavors\" data-v-md-line=\"24\">Full range of flavors<\/h2>\n<ul data-v-md-line=\"25\">\n<li>Glace \u00e0 la mangue<\/li>\n<li>Blue Rink Ice<\/li>\n<li>Glace \u00e0 la fraise et \u00e0 la past\u00e8que<\/li>\n<li>Glace au menthol<\/li>\n<li>Glace \u00e0 la past\u00e8que<\/li>\n<li>Glace aux fruits m\u00e9lang\u00e9s<\/li>\n<li>Glace \u00e0 la fraise<\/li>\n<li>Glace au raisin<\/li>\n<li>Glace \u00e0 la grenade<\/li>\n<li>Glace \u00e0 la p\u00eache<\/li>\n<li>Glace Coca-Cola<\/li>\n<\/ul>\n<h2 data-v-md-heading=\"for-you-and-for-your-business-as-well\" data-v-md-line=\"37\">Pour vous, et pour votre entreprise \u00e9galement<\/h2>\n<p data-v-md-line=\"38\">S'acheter pour soi-m\u00eame est tr\u00e8s simple. Choisissez votre parfum pr\u00e9f\u00e9r\u00e9 et savourez-le. Si vous tenez une boutique physique ou en ligne, vous pouvez acheter des cartons de 10 en gros pour une gestion optimale de vos stocks.<\/p>\n<p data-v-md-line=\"40\">Nous proposons des services DDP (TTC) fiables via nos partenaires UPS, DPD et DHL pour le transport de vos produits dans toute l'Europe. Vous pouvez ainsi suivre vos marchandises et \u00e9viter les probl\u00e8mes de douane. L'emballage est soign\u00e9 et notre \u00e9quipe vous accompagne dans toutes les d\u00e9marches administratives.<\/p>\n<h2 data-v-md-heading=\"why-do-you-like-it\" data-v-md-line=\"42\">Pourquoi l'aimes-tu ?<\/h2>\n<ul data-v-md-line=\"43\">\n<li>Grande capacit\u00e9 d'aspiration : jusqu'\u00e0 15 000 ports, ce qui signifie moins de remplacements et une rentabilit\u00e9 accrue.<\/li>\n<li>Noyau d'atomisation \u00e0 mailles : saveur riche et continue, sans manque d'e-liquide<\/li>\n<li>Rechargeable : Une fois compl\u00e8tement charg\u00e9e, chaque goutte d'e-liquide peut \u00eatre utilis\u00e9e.<\/li>\n<li>Portable : compact et robuste, avec une grande capacit\u00e9<\/li>\n<li>Facile \u00e0 utiliser : aucun bouton, aucun r\u00e9glage requis, utilisation simple<\/li>\n<\/ul>\n<h2 data-v-md-heading=\"why-choose-to-collaborate-with-agoravape\" data-v-md-line=\"49\">Pourquoi choisir de collaborer avec AgoraVape ?<\/h2>\n<p data-v-md-line=\"50\">Nous n'achetons que des produits ATVS 100 % authentiques afin de pr\u00e9server votre r\u00e9putation et celle de vos clients. Distributeur de cigarettes \u00e9lectroniques de confiance en Europe, nous proposons des prix de gros avantageux, un service client r\u00e9actif et une livraison DDP rapide et fiable. Nous respectons la r\u00e9glementation locale et les normes de v\u00e9rification d'\u00e2ge (le cas \u00e9ch\u00e9ant). Pr\u00eat \u00e0 acheter la cigarette \u00e9lectronique jetable ATVS 15000 \u00e0 r\u00e9sistance mesh\u00a0? Contactez-nous et nous vous indiquerons le prix, le choix de la saveur et la date de livraison.<\/p>","protected":false},"excerpt":{"rendered":"<p>&nbsp;<\/p>\n<p><script src=\"chrome-extension:\/\/fpelahbljekknahkcaegamhcndkfpfnc\/iFrame.js\" type=\"text\/javascript\"><\/script><\/p>","protected":false},"featured_media":12856,"comment_status":"open","ping_status":"closed","template":"","meta":[],"product_brand":[205],"product_cat":[124,185,1635,132,176,177,174,175,193,191,173,186,180,190],"product_tag":[],"class_list":{"0":"post-12858","1":"product","2":"type-product","3":"status-publish","4":"has-post-thumbnail","6":"product_brand-atvs","7":"product_cat-vape-by-brand","8":"product_cat-10000-puffs-high-capacity","9":"product_cat-15000-puffs","10":"product_cat-atvs","11":"product_cat-beverage","12":"product_cat-dessert-sweets","13":"product_cat-fruit-flavors","14":"product_cat-icy-mint","15":"product_cat-mesh-coil","16":"product_cat-rechargeable-disposables","17":"product_cat-vape-by-flavor-profile","18":"product_cat-vape-by-nicotine-strength","19":"product_cat-vape-by-puff-count","20":"product_cat-vape-by-feature-or-type","22":"first","23":"instock","24":"shipping-taxable","25":"purchasable","26":"product-type-variable","27":"has-default-attributes"},"tiered_pricing_type":"percentage","tiered_pricing_fixed_rules":[],"tiered_pricing_product_settings":{"layout":"default","base_unit_name":{"singular":null,"plural":null},"default_variation":null},"tiered_pricing_minimum_quantity":10,"tiered_pricing_roles_data":[],"tiered_pricing_percentage_rules":{"30":"29","50":"35","100":"40","200":"44","500":"47","1000":"49"},"tiered_pricing_maximum_quantity":null,"tiered_pricing_quantity_step":"10","_links":{"self":[{"href":"https:\/\/agoravape.com\/fr\/wp-json\/wp\/v2\/product\/12858","targetHints":{"allow":["GET"]}}],"collection":[{"href":"https:\/\/agoravape.com\/fr\/wp-json\/wp\/v2\/product"}],"about":[{"href":"https:\/\/agoravape.com\/fr\/wp-json\/wp\/v2\/types\/product"}],"replies":[{"embeddable":true,"href":"https:\/\/agoravape.com\/fr\/wp-json\/wp\/v2\/comments?post=12858"}],"version-history":[{"count":0,"href":"https:\/\/agoravape.com\/fr\/wp-json\/wp\/v2\/product\/12858\/revisions"}],"wp:featuredmedia":[{"embeddable":true,"href":"https:\/\/agoravape.com\/fr\/wp-json\/wp\/v2\/media\/12856"}],"wp:attachment":[{"href":"https:\/\/agoravape.com\/fr\/wp-json\/wp\/v2\/media?parent=12858"}],"wp:term":[{"taxonomy":"product_brand","embeddable":true,"href":"https:\/\/agoravape.com\/fr\/wp-json\/wp\/v2\/product_brand?post=12858"},{"taxonomy":"product_cat","embeddable":true,"href":"https:\/\/agoravape.com\/fr\/wp-json\/wp\/v2\/product_cat?post=12858"},{"taxonomy":"product_tag","embeddable":true,"href":"https:\/\/agoravape.com\/fr\/wp-json\/wp\/v2\/product_tag?post=12858"}],"curies":[{"name":"wp","href":"https:\/\/api.w.org\/{rel}","templated":true}]}}