{"id":13017,"date":"2025-10-10T17:10:24","date_gmt":"2025-10-10T09:10:24","guid":{"rendered":"https:\/\/green-grasshopper-921422.hostingersite.com\/?post_type=product&#038;p=13017"},"modified":"2026-03-14T16:22:43","modified_gmt":"2026-03-14T15:22:43","slug":"waspe-double-flavor-40000-puffs-vape","status":"publish","type":"product","link":"https:\/\/agoravape.com\/fr\/product\/waspe-double-flavor-40000-puffs-vape\/","title":{"rendered":"Waspe Double Saveur 40\u00a0000 bouff\u00e9es 2-en-1 avec LED | Deux saveurs en une. Con\u00e7ue pour durer."},"content":{"rendered":"<h2 data-v-md-heading=\"what-about-the-wasp-double-flavor-40000-mouth-2-in-1-led-vape\" data-v-md-line=\"3\"><img loading=\"lazy\" decoding=\"async\" class=\"aligncenter size-full wp-image-13045\" src=\"https:\/\/agoravape.com\/wp-content\/uploads\/2025\/10\/Waspe-Double-Flavor-40000-Puffs-2-in-1-LED-Vape_Agora_vape-16.webp\" alt=\"\" width=\"1920\" height=\"1080\" srcset=\"https:\/\/agoravape.com\/wp-content\/uploads\/2025\/10\/Waspe-Double-Flavor-40000-Puffs-2-in-1-LED-Vape_Agora_vape-16.webp 1920w, https:\/\/agoravape.com\/wp-content\/uploads\/2025\/10\/Waspe-Double-Flavor-40000-Puffs-2-in-1-LED-Vape_Agora_vape-16-1200x675.webp 1200w, https:\/\/agoravape.com\/wp-content\/uploads\/2025\/10\/Waspe-Double-Flavor-40000-Puffs-2-in-1-LED-Vape_Agora_vape-16-300x169.webp 300w, https:\/\/agoravape.com\/wp-content\/uploads\/2025\/10\/Waspe-Double-Flavor-40000-Puffs-2-in-1-LED-Vape_Agora_vape-16-1024x576.webp 1024w, https:\/\/agoravape.com\/wp-content\/uploads\/2025\/10\/Waspe-Double-Flavor-40000-Puffs-2-in-1-LED-Vape_Agora_vape-16-768x432.webp 768w, https:\/\/agoravape.com\/wp-content\/uploads\/2025\/10\/Waspe-Double-Flavor-40000-Puffs-2-in-1-LED-Vape_Agora_vape-16-1536x864.webp 1536w\" sizes=\"auto, (max-width: 1920px) 100vw, 1920px\" \/><\/h2>\n<h2 data-v-md-heading=\"what-about-the-wasp-double-flavor-40000-mouth-2-in-1-led-vape\" data-v-md-line=\"3\">Que pensez-vous du vaporisateur LED 2-en-1 Wasp Double Flavor 40000 Mouth ?<\/h2>\n<p data-v-md-line=\"4\">Si vous en avez assez de changer de cigarette \u00e9lectronique en milieu de semaine, ce produit est fait pour vous. Gr\u00e2ce \u00e0 sa double saveur, la Wasp combine deux ar\u00f4mes en un seul, vous permettant de passer facilement de l'un \u00e0 l'autre sans avoir \u00e0 transporter une deuxi\u00e8me cigarette \u00e9lectronique. Cette id\u00e9e simple simplifie votre exp\u00e9rience de vapotage quotidienne.<\/p>\n<p data-v-md-line=\"6\">On pourrait croire qu'une cigarette \u00e9lectronique avec autant de bouff\u00e9es serait encombrante, mais ce produit est \u00e9tonnamment l\u00e9ger. Il p\u00e8se environ 120 grammes et se glisse facilement dans une poche de veste. Si vous recherchez une cigarette \u00e9lectronique fiable, offrant une excellente restitution des saveurs et ne n\u00e9cessitant pas d'entretien particulier, c'est le choix id\u00e9al.<\/p>\n<h2 data-v-md-heading=\"excellent-performance-easy-and-convenient\" data-v-md-line=\"8\">Excellentes performances, facile et pratique<\/h2>\n<p data-v-md-line=\"9\">Ses deux r\u00e9sistances mesh de 0,9 \u03a9 int\u00e9gr\u00e9es garantissent une saveur constante de la premi\u00e8re \u00e0 la derni\u00e8re bouff\u00e9e. La r\u00e9sistance mesh chauffe uniform\u00e9ment, offrant ainsi une vapeur douce et savoureuse. Lorsque la batterie est faible, elle se recharge via l'interface USB-C, compatible avec le m\u00eame c\u00e2ble de donn\u00e9es que celui utilis\u00e9 pour votre t\u00e9l\u00e9phone. L'\u00e9cran LED affiche clairement le niveau de charge.<\/p>\n<h2 data-v-md-heading=\"specification-introduction\" data-v-md-line=\"11\">Introduction aux sp\u00e9cifications<\/h2>\n<ul data-v-md-line=\"12\">\n<li>Fr\u00e9quence d'aspiration : jusqu'\u00e0 40\u00a0000 fois<\/li>\n<li>Teneur en nicotine : 0 %, 2 % et 5 %<\/li>\n<li>Principe de fonctionnement : S'active en une seule bouff\u00e9e<\/li>\n<li>Charging: Standard Type-C USB interface<\/li>\n<li>\u00c9tat : Pr\u00eat \u00e0 l'emploi d\u00e8s le d\u00e9ballage<\/li>\n<\/ul>\n<h2 data-v-md-heading=\"full-range-of-flavors\" data-v-md-line=\"18\">Full range of flavors<\/h2>\n<ul data-v-md-line=\"19\">\n<li>Glace \u00e0 la past\u00e8que et citron vert<\/li>\n<li>Soda \u00e0 la cerise glac\u00e9 et guimauves aux myrtilles<\/li>\n<li>Fraise past\u00e8que et myrtille framboise<\/li>\n<li>Red Bull Ice et mangue-fraise<\/li>\n<li>P\u00eache glac\u00e9e et ananas mangue p\u00eache<\/li>\n<li>Glace au raisin et kiwi \u00e0 la fraise<\/li>\n<li>M\u00e9lange de baies et double glace \u00e0 la pomme<\/li>\n<li>limonade aux myrtilles et chewing-gum \u00e0 la past\u00e8que<\/li>\n<li>Fraise, framboise, cerise et amour 666<\/li>\n<li>Fraise, banane, ananas, glace \u00e0 la noix de coco<\/li>\n<li>Fraise, past\u00e8que, chewing-gum et fruits m\u00e9lang\u00e9s<\/li>\n<li>Glace Cherry Coke et bonbons fraise-framboise<\/li>\n<li>Saveur pomme verte, framboise, fraise<\/li>\n<li>Saveur p\u00eache, baies, past\u00e8que et mangue<\/li>\n<li>Smoothie aux myrtilles et smoothie Black Dragon<\/li>\n<li>Ar\u00f4mes de fraise, cerise, kiwi et fruit de la passion<\/li>\n<\/ul>\n<h2 data-v-md-heading=\"for-you-and-for-your-business-as-well\" data-v-md-line=\"36\">Pour vous, et pour votre entreprise \u00e9galement<\/h2>\n<p data-v-md-line=\"37\">Vous pouvez en acheter un pour votre usage personnel ou faire des r\u00e9serves pour votre magasin. Waspe double saveur, 10 pi\u00e8ces par bo\u00eete, 160 pi\u00e8ces par bo\u00eete. Cela simplifie la commande et la gestion des stocks.<\/p>\n<p data-v-md-line=\"39\">Nous exp\u00e9dions vos commandes via des partenaires de confiance tels que UPS, DPD et DHL, en franchise de droits acquitt\u00e9s (DDP), ce qui vous garantit des d\u00e9lais de livraison pr\u00e9visibles et vous \u00e9vite les mauvaises surprises en douane. En raison des r\u00e9glementations locales, la disponibilit\u00e9 des produits et la concentration de nicotine peuvent varier selon les pays et les r\u00e9gions.<\/p>\n<h2 data-v-md-heading=\"why-do-you-like-it\" data-v-md-line=\"41\">Pourquoi l'aimes-tu ?<\/h2>\n<ul data-v-md-line=\"42\">\n<li>Grande capacit\u00e9 d'aspiration : dur\u00e9e de vie prolong\u00e9e, vous n'aurez donc pas besoin d'en acheter de nouvelles fr\u00e9quemment.<\/li>\n<li>S\u00e9lection du taux de nicotine\u00a0: Choisissez le taux qui vous convient.<\/li>\n<li>Rechargeable: You use all purchased e-liquids.<\/li>\n<li>R\u00e9sistance mesh : Saveur constante, pour une exp\u00e9rience douce \u00e0 chaque utilisation.<\/li>\n<\/ul>\n<h2 data-v-md-heading=\"why-collaborate-with-agoravape\" data-v-md-line=\"47\">Pourquoi collaborer avec AgoraVape ?<\/h2>\n<p data-v-md-line=\"48\">Nous ne vendons que des produits authentiques 100% de marques fiables. Pour les acheteurs commerciaux, cela signifie des prix de gros \u00e9quitables, un support fiable et une livraison rapide et fiable pour les Waspe dual flavor 40000 mouth 2-in-1 LED vapes. Si vous souhaitez acheter des appareils que les clients r\u00e9guliers appr\u00e9cient, veuillez nous contacter.<\/p>","protected":false},"excerpt":{"rendered":"<p>Qu'en est-il de la vape Wasp Double Flavor 40000 Mouth 2-in-1 LED ? Si vous en avez assez de changer de vape en cours de semaine,<\/p>","protected":false},"featured_media":13047,"comment_status":"open","ping_status":"closed","template":"","meta":[],"product_brand":[206],"product_cat":[124,187,185,189,1639,176,177,195,174,175,193,191,173,186,180,190,192,133],"product_tag":[],"class_list":{"0":"post-13017","1":"product","2":"type-product","3":"status-publish","4":"has-post-thumbnail","6":"product_brand-waspe","7":"product_cat-vape-by-brand","8":"product_cat-0mg-nicotine-free-vapes","9":"product_cat-10000-puffs-high-capacity","10":"product_cat-20mg-standard-nicotine-vapes","11":"product_cat-40000-puffs","12":"product_cat-beverage","13":"product_cat-dessert-sweets","14":"product_cat-dual-flavor-switch","15":"product_cat-fruit-flavors","16":"product_cat-icy-mint","17":"product_cat-mesh-coil","18":"product_cat-rechargeable-disposables","19":"product_cat-vape-by-flavor-profile","20":"product_cat-vape-by-nicotine-strength","21":"product_cat-vape-by-puff-count","22":"product_cat-vape-by-feature-or-type","23":"product_cat-vapes-with-screens","24":"product_cat-waspe","26":"first","27":"instock","28":"shipping-taxable","29":"purchasable","30":"product-type-variable","31":"has-default-attributes"},"tiered_pricing_type":"percentage","tiered_pricing_fixed_rules":[],"tiered_pricing_product_settings":{"layout":"default","base_unit_name":{"singular":null,"plural":null},"default_variation":null},"tiered_pricing_minimum_quantity":10,"tiered_pricing_roles_data":[],"tiered_pricing_percentage_rules":{"50":"35","100":"40","200":"44","500":"47","1000":"49"},"tiered_pricing_maximum_quantity":null,"tiered_pricing_quantity_step":"10","_links":{"self":[{"href":"https:\/\/agoravape.com\/fr\/wp-json\/wp\/v2\/product\/13017","targetHints":{"allow":["GET"]}}],"collection":[{"href":"https:\/\/agoravape.com\/fr\/wp-json\/wp\/v2\/product"}],"about":[{"href":"https:\/\/agoravape.com\/fr\/wp-json\/wp\/v2\/types\/product"}],"replies":[{"embeddable":true,"href":"https:\/\/agoravape.com\/fr\/wp-json\/wp\/v2\/comments?post=13017"}],"version-history":[{"count":0,"href":"https:\/\/agoravape.com\/fr\/wp-json\/wp\/v2\/product\/13017\/revisions"}],"wp:featuredmedia":[{"embeddable":true,"href":"https:\/\/agoravape.com\/fr\/wp-json\/wp\/v2\/media\/13047"}],"wp:attachment":[{"href":"https:\/\/agoravape.com\/fr\/wp-json\/wp\/v2\/media?parent=13017"}],"wp:term":[{"taxonomy":"product_brand","embeddable":true,"href":"https:\/\/agoravape.com\/fr\/wp-json\/wp\/v2\/product_brand?post=13017"},{"taxonomy":"product_cat","embeddable":true,"href":"https:\/\/agoravape.com\/fr\/wp-json\/wp\/v2\/product_cat?post=13017"},{"taxonomy":"product_tag","embeddable":true,"href":"https:\/\/agoravape.com\/fr\/wp-json\/wp\/v2\/product_tag?post=13017"}],"curies":[{"name":"wp","href":"https:\/\/api.w.org\/{rel}","templated":true}]}}