{"id":13100,"date":"2025-10-10T20:32:14","date_gmt":"2025-10-10T12:32:14","guid":{"rendered":"https:\/\/green-grasshopper-921422.hostingersite.com\/?post_type=product&#038;p=13100"},"modified":"2026-03-26T13:22:23","modified_gmt":"2026-03-26T12:22:23","slug":"waspe-digital-box-12000-puffs-lcd-vape","status":"publish","type":"product","link":"https:\/\/agoravape.com\/fr\/product\/waspe-digital-box-12000-puffs-lcd-vape\/","title":{"rendered":"Waspe Digital Box 12000 bouff\u00e9es, vaporisateur avec \u00e9cran LCD | Saveur longue dur\u00e9e, utilisation simple"},"content":{"rendered":"<h2 data-v-md-heading=\"what-are-the-advantages-of-waspe-digital-box-12000-lcd-screen-vapes\" data-v-md-line=\"3\">Quels sont les avantages des vapes Waspe Digital Box 12000 \u00e0 \u00e9cran LCD ?<\/h2>\n<p data-v-md-line=\"4\">Si vous en avez assez des vapes jetables qui sont en rupture de stock au d\u00e9but de l'utilisation, ce produit rendra votre semaine beaucoup plus facile. La Waspe Digital Box est \u00e9quip\u00e9e d'une batterie rechargeable qui peut contenir jusqu'\u00e0 12 000 bouff\u00e9es, ce qui vous permet d'utiliser 20 millilitres d'e-liquide.<\/p>\n<p data-v-md-line=\"6\">Il est con\u00e7u pour ceux qui veulent profiter des vapes de mani\u00e8re fiable, d\u00e9licieuse et sans effort. Il suffit d'une bouff\u00e9e pour l'activer. L'\u00e9cran LCD vous permet de comprendre clairement la situation en un coup d'\u0153il, sans avoir \u00e0 vous soucier de la charge.<\/p>\n<h2 data-v-md-heading=\"excellent-performance-easy-and-convenient\" data-v-md-line=\"8\">Excellentes performances, facile et pratique<\/h2>\n<p data-v-md-line=\"9\">Le mesh coil est le c\u0153ur de cet appareil. C'est pourquoi chaque bouch\u00e9e est aussi d\u00e9licieuse que la premi\u00e8re. Lorsque la batterie est faible, vous pouvez utiliser le c\u00e2ble de donn\u00e9es Type-C qui peut d\u00e9j\u00e0 \u00eatre disponible sur votre t\u00e9l\u00e9phone pour connecter l'appareil. L'\u00e9cran affichera rapidement les mises \u00e0 jour d'\u00e9tat, ce qui vous permettra de tout contr\u00f4ler sans vous soucier des r\u00e9glages.<\/p>\n<h2 data-v-md-heading=\"specification-introduction\" data-v-md-line=\"11\">Introduction aux sp\u00e9cifications<\/h2>\n<ul data-v-md-line=\"12\">\n<li>Fr\u00e9quence d'aspiration : jusqu'\u00e0 12\u00a0000 fois<\/li>\n<li>Teneur en nicotine : 0 %, 2 %, 3 %, 5 %<\/li>\n<li>Principe de fonctionnement : S'active en une seule bouff\u00e9e<\/li>\n<li>M\u00e9thode de chargement\u00a0: interface USB Type-C standard<\/li>\n<li>\u00c9tat : Pr\u00eat \u00e0 l'emploi d\u00e8s la sortie de l'emballage<\/li>\n<li>E-liquid capacity: 20 milliliters<\/li>\n<li>Batterie : batterie rechargeable de 650 mAh<\/li>\n<li>Noyau d'atomisation : maille, 0,8 \u03a9<\/li>\n<li>\u00c9cran d'affichage : \u00e9cran LCD<\/li>\n<\/ul>\n<h2 data-v-md-heading=\"full-range-of-flavors\" data-v-md-line=\"22\">Full range of flavors<\/h2>\n<ul data-v-md-line=\"23\">\n<li>Glace \u00e0 la past\u00e8que<\/li>\n<li>Blue Rink Ice<\/li>\n<li>Glace au raisin<\/li>\n<li>Strawberry watermelon<\/li>\n<li>baies m\u00e9lang\u00e9es<\/li>\n<li>Beignets \u00e0 la fraise<\/li>\n<li>Myrtilles et framboises<\/li>\n<li>Fraise, framboise, cerise<\/li>\n<li>Past\u00e8que, mangue, p\u00eache<\/li>\n<li>Jus de poire au vin rouge<\/li>\n<\/ul>\n<h2 data-v-md-heading=\"to-create-for-you-and-your-business\" data-v-md-line=\"34\">Pour cr\u00e9er pour vous et votre entreprise<\/h2>\n<p data-v-md-line=\"35\">Laissez-moi en choisir une pour vous d\u00e8s aujourd'hui ! Si vous tenez un magasin, vous pouvez stocker des bo\u00eetes de gros de 10 unit\u00e9s et des bo\u00eetes ext\u00e9rieures de 200 unit\u00e9s. Chaque bo\u00eete a un poids brut de 18,5 kilogrammes et des dimensions de 690 \u00d7 313 \u00d7 220 millim\u00e8tres.<\/p>\n<p data-v-md-line=\"37\">Nous travaillons avec des partenaires de confiance tels que UPS, DPD et DHL pour fournir des services d'exp\u00e9dition DDP europ\u00e9ens complets, garantissant que vous ne rencontrerez pas d'accidents \u00e0 la douane. Le document est clair. Livraison rapide. De la commande \u00e0 la livraison \u00e0 domicile, toutes les op\u00e9rations sont claires en un coup d'\u0153il.<\/p>\n<h2 data-v-md-heading=\"why-do-you-like-it\" data-v-md-line=\"39\">Pourquoi l'aimes-tu ?<\/h2>\n<ul data-v-md-line=\"40\">\n<li>Plusieurs bouff\u00e9es : Durables et de longue dur\u00e9e, plus besoin d'acheter fr\u00e9quemment de nouvelles cigarettes.<\/li>\n<li>S\u00e9lection de la concentration de nicotine : Choisissez la concentration qui convient \u00e0 votre journ\u00e9e.<\/li>\n<li>Rechargeable : Vous serez \u00e0 court de e-liquide \u00e0 chaque fois que vous en ach\u00e8terez.<\/li>\n<li>Noyau de l'atomiseur en maille : De la premi\u00e8re \u00e0 la derni\u00e8re bouch\u00e9e, le go\u00fbt reste constant.<\/li>\n<li>\u00c9cran d'affichage LCD : L'\u00e9tat est clair en un coup d'\u0153il, tout est sous contr\u00f4le.<\/li>\n<\/ul>\n<h2 data-v-md-heading=\"why-choose-to-collaborate-with-agoravape\" data-v-md-line=\"46\">Pourquoi choisir de collaborer avec AgoraVape ?<\/h2>\n<p data-v-md-line=\"47\">Nous ne vendons que des produits authentiques 100% et nous n'avons aucun doute \u00e0 ce sujet. Les clients d'Enterprise qui ach\u00e8tent des vapes Waspe Digital Box 12000 LCD screen peuvent b\u00e9n\u00e9ficier de prix de gros r\u00e9duits, d'une assistance amicale et de services de livraison rapides et fiables. Vous souhaitez v\u00e9rifier l'authenticit\u00e9 de nos produits ou passer des commandes en gros ? Veuillez nous contacter et nous nous occuperons de l'inventaire pour vous afin d'assurer un taux de retour \u00e9lev\u00e9.<\/p>","protected":false},"excerpt":{"rendered":"<p>Quels sont les avantages des vapes Waspe Digital Box 12000 \u00e0 \u00e9cran LCD ? Si vous en avez assez des vapes jetables qui<\/p>","protected":false},"featured_media":13116,"comment_status":"open","ping_status":"closed","template":"","meta":[],"product_brand":[206],"product_cat":[124,187,185,1634,189,174,175,193,191,179,173,186,180,190,192,133],"product_tag":[],"class_list":{"0":"post-13100","1":"product","2":"type-product","3":"status-publish","4":"has-post-thumbnail","6":"product_brand-waspe","7":"product_cat-vape-by-brand","8":"product_cat-0mg-nicotine-free-vapes","9":"product_cat-10000-puffs-high-capacity","10":"product_cat-12000-puffs","11":"product_cat-20mg-standard-nicotine-vapes","12":"product_cat-fruit-flavors","13":"product_cat-icy-mint","14":"product_cat-mesh-coil","15":"product_cat-rechargeable-disposables","16":"product_cat-unique-blends","17":"product_cat-vape-by-flavor-profile","18":"product_cat-vape-by-nicotine-strength","19":"product_cat-vape-by-puff-count","20":"product_cat-vape-by-feature-or-type","21":"product_cat-vapes-with-screens","22":"product_cat-waspe","24":"first","25":"onbackorder","26":"shipping-taxable","27":"purchasable","28":"product-type-variable","29":"has-default-attributes"},"tiered_pricing_type":"percentage","tiered_pricing_fixed_rules":[],"tiered_pricing_product_settings":{"layout":"default","base_unit_name":{"singular":null,"plural":null},"default_variation":null},"tiered_pricing_minimum_quantity":10,"tiered_pricing_roles_data":[],"tiered_pricing_percentage_rules":{"50":"35","100":"40","200":"44","500":"47","1000":"49"},"tiered_pricing_maximum_quantity":null,"tiered_pricing_quantity_step":"10","_links":{"self":[{"href":"https:\/\/agoravape.com\/fr\/wp-json\/wp\/v2\/product\/13100","targetHints":{"allow":["GET"]}}],"collection":[{"href":"https:\/\/agoravape.com\/fr\/wp-json\/wp\/v2\/product"}],"about":[{"href":"https:\/\/agoravape.com\/fr\/wp-json\/wp\/v2\/types\/product"}],"replies":[{"embeddable":true,"href":"https:\/\/agoravape.com\/fr\/wp-json\/wp\/v2\/comments?post=13100"}],"version-history":[{"count":0,"href":"https:\/\/agoravape.com\/fr\/wp-json\/wp\/v2\/product\/13100\/revisions"}],"wp:featuredmedia":[{"embeddable":true,"href":"https:\/\/agoravape.com\/fr\/wp-json\/wp\/v2\/media\/13116"}],"wp:attachment":[{"href":"https:\/\/agoravape.com\/fr\/wp-json\/wp\/v2\/media?parent=13100"}],"wp:term":[{"taxonomy":"product_brand","embeddable":true,"href":"https:\/\/agoravape.com\/fr\/wp-json\/wp\/v2\/product_brand?post=13100"},{"taxonomy":"product_cat","embeddable":true,"href":"https:\/\/agoravape.com\/fr\/wp-json\/wp\/v2\/product_cat?post=13100"},{"taxonomy":"product_tag","embeddable":true,"href":"https:\/\/agoravape.com\/fr\/wp-json\/wp\/v2\/product_tag?post=13100"}],"curies":[{"name":"wp","href":"https:\/\/api.w.org\/{rel}","templated":true}]}}