{"id":13132,"date":"2025-10-10T21:13:29","date_gmt":"2025-10-10T13:13:29","guid":{"rendered":"https:\/\/green-grasshopper-921422.hostingersite.com\/?post_type=product&#038;p=13132"},"modified":"2026-02-14T17:16:39","modified_gmt":"2026-02-14T16:16:39","slug":"uzy-triple-flavors-60k-3in1-vape","status":"publish","type":"product","link":"https:\/\/agoravape.com\/fr\/product\/uzy-triple-flavors-60k-3in1-vape\/","title":{"rendered":"UZY Triple Saveurs 60\u00a0000 bouff\u00e9es, vaporisateur 3-en-1 avec \u00e9cran LED | Trois saveurs en une, con\u00e7u pour durer"},"content":{"rendered":"<h2 data-v-md-heading=\"what-about-the-uzy-three-in-one-led-screen-vape\" data-v-md-line=\"3\">Et que pensez-vous du vaporisateur UZY trois en un \u00e0 \u00e9cran LED\u00a0?<\/h2>\n<p data-v-md-line=\"4\">Si vous en avez assez des cartouches de cigarettes jetables qui se vident en quelques jours, ce produit pourrait vous int\u00e9resser. La cigarette \u00e9lectronique UZY 3 en 1 avec \u00e9cran LED combine trois saveurs diff\u00e9rentes, vous permettant de changer facilement de saveur sans changer de cigarette \u00e9lectronique.<\/p>\n<p data-v-md-line=\"6\">Il convient \u00e0 tous ceux qui souhaitent l'utiliser longtemps, facilement et confortablement. Une simple bouff\u00e9e suffit. L'\u00e9cran LED clair affiche les niveaux de batterie et d'e-liquide. Rechargez-le simplement via l'interface USB-C pour continuer \u00e0 l'utiliser. Facile \u00e0 utiliser.<\/p>\n<h2 data-v-md-heading=\"excellent-performance-easy-and-convenient\" data-v-md-line=\"8\">Excellentes performances, facile et pratique<\/h2>\n<p data-v-md-line=\"9\">\u00c0 l'int\u00e9rieur, des r\u00e9sistances \u00e0 double mesh garantissent une saveur constante de la premi\u00e8re \u00e0 la derni\u00e8re bouff\u00e9e. L'\u00e9cran LED permet de v\u00e9rifier facilement le niveau et l'\u00e9tat de la batterie en un coup d'\u0153il, sans avoir \u00e0 deviner. Pour la recharger, utilisez simplement le m\u00eame c\u00e2ble de donn\u00e9es USB-C que votre t\u00e9l\u00e9phone. Pas besoin de chargeurs sp\u00e9ciaux\u00a0: simple et pratique.<\/p>\n<h2 data-v-md-heading=\"specification-overview\" data-v-md-line=\"11\">Aper\u00e7u des sp\u00e9cifications<\/h2>\n<ul data-v-md-line=\"12\">\n<li>Fr\u00e9quence d'aspiration : jusqu'\u00e0 60\u00a0000 fois<\/li>\n<li>Concentration de nicotine\u00a0: fournie en fonction des stocks et de la destination<\/li>\n<li>Principe de fonctionnement : S'active en une seule bouff\u00e9e<\/li>\n<li>Chargement\u00a0: port USB Type-C standard<\/li>\n<li>\u00c9cran d'affichage : \u00e9cran LED intelligent affichant l'\u00e9tat de la batterie et du e-liquide<\/li>\n<li>Bobine : Bobine \u00e0 double maille<\/li>\n<li>Capacit\u00e9 du r\u00e9servoir d'e-liquide : Capacit\u00e9 totale 54 millilitres (18 millilitres par compartiment d'e-liquide)<\/li>\n<li>Battery: 850 mAh rechargeable battery<\/li>\n<li>Poids : Environ 120 grammes par unit\u00e9<\/li>\n<li>Conditionnement : 10 unit\u00e9s par bo\u00eete. 200 pi\u00e8ces par bo\u00eete.<\/li>\n<li>\u00c9tat : Pr\u00eat \u00e0 l'emploi d\u00e8s le d\u00e9ballage<\/li>\n<li>SKU: UZY-Tpriple-Flavors-60000-3IN1<\/li>\n<\/ul>\n<h2 data-v-md-heading=\"full-flavor-series\" data-v-md-line=\"25\">S\u00e9rie compl\u00e8te de saveurs<\/h2>\n<ul data-v-md-line=\"26\">\n<li>Myrtilles, framboises, fraises, kiwis, citrons et citrons verts<\/li>\n<li>kiwi, fruit de la passion, goyave, myrtille glac\u00e9e, p\u00eache, mangue<\/li>\n<li>Past\u00e8que \u00e0 la fraise\/Glace au Coca-Cola\/Coca-Cola cerise<\/li>\n<li>Glace \u00e0 la p\u00eache \/ Glace \u00e0 la fraise, \u00e0 la framboise et \u00e0 la cerise \/ Glace double pomme<\/li>\n<li>Glace au raisin\/Love 666 (melon fruit de la passion)\/Red Bull \u00e0 la fraise<\/li>\n<li>M. Blue\/Bonbons ours en peluche\/Glace Red Bull<\/li>\n<li>P\u00eache Mangue Ananas\/Glace aux Myrtilles\/Framboise Past\u00e8que<\/li>\n<li>Glace \u00e0 la past\u00e8que\/Glace triple melon\/Fraise banane<\/li>\n<li>Glace \u00e0 la p\u00eache d'\u00e9t\u00e9 \/ Glace \u00e0 la fraise \/ Glace \u00e0 la myrtille<\/li>\n<li>Glace \u00e0 la cerise\/Fruits rouges\/Glace au dragon noir<\/li>\n<\/ul>\n<h2 data-v-md-heading=\"for-you-and-your-company\" data-v-md-line=\"37\">Pour vous et votre entreprise<\/h2>\n<p data-v-md-line=\"38\">Vous pouvez acheter UZY Triple Flavor 60K pour votre usage personnel ou pour votre magasin. Les emballages en gros contiennent 10 unit\u00e9s de 200 pi\u00e8ces chacun, ce qui facilite la gestion des stocks.<\/p>\n<p data-v-md-line=\"40\">Nous proposons des services de livraison DDP (TTC) via des partenaires de confiance tels que UPS, DPD et DHL, vous \u00e9vitant ainsi tout probl\u00e8me de douane dans les pays \u00e9ligibles. En raison des r\u00e9glementations locales, la disponibilit\u00e9 et la concentration de nicotine peuvent varier selon les pays et les r\u00e9gions. En cas de doute, n'h\u00e9sitez pas \u00e0 nous contacter\u00a0; nous vous conseillerons.<\/p>\n<h2 data-v-md-heading=\"why-do-you-like-it\" data-v-md-line=\"42\">Pourquoi l'aimes-tu ?<\/h2>\n<ul data-v-md-line=\"43\">\n<li>Grande capacit\u00e9 de vapotage : autonomie prolong\u00e9e de la batterie, pas besoin de remplacer fr\u00e9quemment les cigarettes \u00e9lectroniques<\/li>\n<li>S\u00e9lection du taux de nicotine\u00a0: Choisissez le taux de nicotine qui correspond \u00e0 vos go\u00fbts et au march\u00e9.<\/li>\n<li>Rechargeable : Vous pouvez utiliser tous les e-liquides achet\u00e9s.<\/li>\n<li>Noyau d'atomiseur en mesh : assure une saveur constante et satisfaisante.<\/li>\n<li>\u00c9cran LED intelligent : permet de visualiser facilement le niveau de la batterie et le e-liquide restant en un coup d'\u0153il.<\/li>\n<li>Trois saveurs : plus besoin de changer d'appareil, changez de saveur en quelques secondes.<\/li>\n<\/ul>\n<h2 data-v-md-heading=\"why-choose-agoravape\" data-v-md-line=\"50\">Pourquoi choisir AgoraVape ?<\/h2>\n<p data-v-md-line=\"51\">Nous ne vendons que des produits 100 % authentiques provenant de fournisseurs certifi\u00e9s. Nos clients professionnels b\u00e9n\u00e9ficient de prix de gros tr\u00e8s comp\u00e9titifs, de factures claires, d'un service client fiable et d'une livraison rapide des vaporisateurs UZY 3 en 1 \u00e0 \u00e9cran LED. Si vous recherchez un produit jetable durable et performant, et que vous souhaitez fid\u00e9liser votre client\u00e8le, n'h\u00e9sitez pas \u00e0 nous contacter.<\/p>","protected":false},"excerpt":{"rendered":"<p>&nbsp;<\/p>\n<p><script src=\"chrome-extension:\/\/fpelahbljekknahkcaegamhcndkfpfnc\/iFrame.js\" type=\"text\/javascript\"><\/script><\/p>\n<p><script src=\"chrome-extension:\/\/fpelahbljekknahkcaegamhcndkfpfnc\/iFrame.js\" type=\"text\/javascript\"><\/script><\/p>","protected":false},"featured_media":13153,"comment_status":"open","ping_status":"closed","template":"","meta":[],"product_brand":[207],"product_cat":[124,187,185,189,1642,176,195,1674,174,175,193,191,134,173,186,180,190,192],"product_tag":[],"class_list":{"0":"post-13132","1":"product","2":"type-product","3":"status-publish","4":"has-post-thumbnail","6":"product_brand-uzy","7":"product_cat-vape-by-brand","8":"product_cat-0mg-nicotine-free-vapes","9":"product_cat-10000-puffs-high-capacity","10":"product_cat-20mg-standard-nicotine-vapes","11":"product_cat-60000-puffs","12":"product_cat-beverage","13":"product_cat-dual-flavor-switch","14":"product_cat-eu-warehouse","15":"product_cat-fruit-flavors","16":"product_cat-icy-mint","17":"product_cat-mesh-coil","18":"product_cat-rechargeable-disposables","19":"product_cat-uzy","20":"product_cat-vape-by-flavor-profile","21":"product_cat-vape-by-nicotine-strength","22":"product_cat-vape-by-puff-count","23":"product_cat-vape-by-feature-or-type","24":"product_cat-vapes-with-screens","26":"first","27":"instock","28":"shipping-taxable","29":"purchasable","30":"product-type-variable","31":"has-default-attributes"},"tiered_pricing_type":"percentage","tiered_pricing_fixed_rules":[],"tiered_pricing_product_settings":{"layout":"default","base_unit_name":{"singular":null,"plural":null},"default_variation":null},"tiered_pricing_minimum_quantity":10,"tiered_pricing_roles_data":[],"tiered_pricing_percentage_rules":{"30":"29","50":"35","100":"40","200":"44","500":"47","1000":"49"},"tiered_pricing_maximum_quantity":null,"tiered_pricing_quantity_step":"10","_links":{"self":[{"href":"https:\/\/agoravape.com\/fr\/wp-json\/wp\/v2\/product\/13132","targetHints":{"allow":["GET"]}}],"collection":[{"href":"https:\/\/agoravape.com\/fr\/wp-json\/wp\/v2\/product"}],"about":[{"href":"https:\/\/agoravape.com\/fr\/wp-json\/wp\/v2\/types\/product"}],"replies":[{"embeddable":true,"href":"https:\/\/agoravape.com\/fr\/wp-json\/wp\/v2\/comments?post=13132"}],"version-history":[{"count":0,"href":"https:\/\/agoravape.com\/fr\/wp-json\/wp\/v2\/product\/13132\/revisions"}],"wp:featuredmedia":[{"embeddable":true,"href":"https:\/\/agoravape.com\/fr\/wp-json\/wp\/v2\/media\/13153"}],"wp:attachment":[{"href":"https:\/\/agoravape.com\/fr\/wp-json\/wp\/v2\/media?parent=13132"}],"wp:term":[{"taxonomy":"product_brand","embeddable":true,"href":"https:\/\/agoravape.com\/fr\/wp-json\/wp\/v2\/product_brand?post=13132"},{"taxonomy":"product_cat","embeddable":true,"href":"https:\/\/agoravape.com\/fr\/wp-json\/wp\/v2\/product_cat?post=13132"},{"taxonomy":"product_tag","embeddable":true,"href":"https:\/\/agoravape.com\/fr\/wp-json\/wp\/v2\/product_tag?post=13132"}],"curies":[{"name":"wp","href":"https:\/\/api.w.org\/{rel}","templated":true}]}}