{"id":13178,"date":"2025-10-11T09:15:04","date_gmt":"2025-10-11T01:15:04","guid":{"rendered":"https:\/\/green-grasshopper-921422.hostingersite.com\/?post_type=product&#038;p=13178"},"modified":"2026-01-19T22:08:13","modified_gmt":"2026-01-19T14:08:13","slug":"uzy-tornado-30000-puffs-dual-flavor-vape","status":"publish","type":"product","link":"https:\/\/agoravape.com\/fr\/product\/uzy-tornado-30000-puffs-dual-flavor-vape\/","title":{"rendered":"UZY Tornado 30\u00a0000 bouff\u00e9es, vaporisateur \u00e0 double saveur et \u00e9cran intelligent | Deux saveurs \u00e0 disposition, con\u00e7u pour durer"},"content":{"rendered":"<h2 data-v-md-heading=\"what-exactly-is-the-uzy-crystal-twin-50k-dual-flavor-led-vape\" data-v-md-line=\"3\">Qu'est-ce que le vaporisateur LED double saveur UZY Crystal Twin 50K exactement\u00a0?<\/h2>\n<p data-v-md-line=\"4\">Si vous en avez assez des cigarettes \u00e9lectroniques jetables qui se vident en milieu de semaine, ce produit pourrait vous int\u00e9resser. L'UZY Crystal Twin offre jusqu'\u00e0 50\u00a0000 bouff\u00e9es et propose deux saveurs diff\u00e9rentes. Vous pouvez ainsi changer facilement de saveur sans changer de cigarette \u00e9lectronique. Robuste et compacte (environ 105 grammes, soit 61 \u00d7 31 \u00d7 115 millim\u00e8tres), elle est facile \u00e0 transporter.<\/p>\n<p data-v-md-line=\"6\">Si vous recherchez une saveur durable, n'ayez crainte, ce produit est le choix id\u00e9al. Dot\u00e9 d'un \u00e9cran LED intelligent, il vous permet de suivre les derni\u00e8res nouveaut\u00e9s \u00e0 tout moment. Son bo\u00eetier transparent lui conf\u00e8re une allure \u00e9l\u00e9gante et \u00e9pur\u00e9e, qu'il soit pos\u00e9 sur un bureau ou tenu en main. Vous pourriez penser qu'un vaporisateur avec une telle puissance d'aspiration serait encombrant, mais vous serez surpris de constater qu'il se glisse facilement dans une poche de veste.<\/p>\n<h2 data-v-md-heading=\"excellent-performance-easy-and-convenient\" data-v-md-line=\"8\">Excellentes performances, facile et pratique<\/h2>\n<p data-v-md-line=\"9\">Les r\u00e9sistances \u00e0 double mesh assurent une vapeur pure \u00e0 chaque bouff\u00e9e. Deux r\u00e9sistances mesh de 0,9 \u03a9 sont aliment\u00e9es par un r\u00e9servoir d'e-liquide s\u00e9par\u00e9 d'une capacit\u00e9 maximale de 40 ml (20 ml par saveur). L'alimentation est assur\u00e9e par une batterie rechargeable de 850 mAh, vous permettant de laisser le r\u00e9servoir fonctionner en veille sans vous soucier de la batterie. Lorsque celle-ci est faible, vous pouvez la recharger \u00e0 l'aide d'un c\u00e2ble USB-C (compatible avec votre t\u00e9l\u00e9phone). C'est simple comme bonjour.<\/p>\n<h2 data-v-md-heading=\"specification-introduction\" data-v-md-line=\"11\">Introduction aux sp\u00e9cifications<\/h2>\n<p data-v-md-line=\"12\"><strong>Fr\u00e9quence d'aspiration<\/strong>: jusqu'\u00e0 50 000 fois<br \/>\n<strong>Teneur en nicotine<\/strong>: 0%\/2%\/3%\/5%<br \/>\n<strong>Usage<\/strong>Inspirez pour activer<br \/>\n<strong>Chargement<\/strong>Interface USB Type-C standard<br \/>\n<strong>Statut<\/strong>Pr\u00eat \u00e0 l'emploi d\u00e8s le d\u00e9ballage<\/p>\n<h2 data-v-md-heading=\"full-range-of-flavors\" data-v-md-line=\"18\">Full range of flavors<\/h2>\n<ul data-v-md-line=\"19\">\n<li>Smoothie aux myrtilles et smoothie aux p\u00eaches d'\u00e9t\u00e9<\/li>\n<li>kiwi, fruit de la passion, grenade et myrtille, framboise<\/li>\n<li>Smoothie fraise-kiwi-raisin<\/li>\n<li>Kiwi, fruit de la passion, goyave et double pomme<\/li>\n<li>Fraise, past\u00e8que et citron vert<\/li>\n<li>Myrtilles, framboises, cerises, smoothies<\/li>\n<li>Fraise Framboise Cerise et Monsieur Bleu<\/li>\n<li>P\u00eache, mangue, ananas et Red Bull<\/li>\n<li>Smoothie \u00e0 la past\u00e8que et aux fruits rouges m\u00e9lang\u00e9s<\/li>\n<li>Fraise Banane&amp;Amour 66 (smoothie melon fruit de la passion)<\/li>\n<\/ul>\n<h2 data-v-md-heading=\"to-create-for-you-and-your-business\" data-v-md-line=\"30\">Pour cr\u00e9er pour vous et votre entreprise<\/h2>\n<p data-v-md-line=\"31\">Vous pouvez choisir un appareil pour votre usage personnel ou pour approvisionner votre magasin. Pour les achats en gros, le conditionnement est de 10 ou 200 unit\u00e9s par carton. Nous assurons la livraison DDP (rendu droits acquitt\u00e9s) via des partenaires de confiance comme UPS, DPD et DHL\u00a0; les droits de douane sont ainsi calcul\u00e9s \u00e0 l\u2019avance pour \u00e9viter tout probl\u00e8me.<\/p>\n<p data-v-md-line=\"33\">Si vous avez besoin de plusieurs concentrations de nicotine, nous proposons des produits nicotin\u00e9s \u00e0 diff\u00e9rents taux\u00a0: 0\u00a0%, 2\u00a0%, 3\u00a0% et 5\u00a0%. Des saveurs distinctes et un design ext\u00e9rieur uniforme garantissent une pr\u00e9sentation impeccable de vos produits et la satisfaction de vos clients.<\/p>\n<h2 data-v-md-heading=\"why-do-you-like-it\" data-v-md-line=\"35\">Pourquoi l'aimes-tu ?<\/h2>\n<p data-v-md-line=\"36\"><strong>Fumer beaucoup<\/strong>Durables et r\u00e9sistantes, plus besoin d'acheter fr\u00e9quemment de nouvelles cigarettes.<br \/>\n<strong>S\u00e9lection de nicotine<\/strong>Vous pouvez choisir la concentration qui vous convient le mieux.<br \/>\n<strong>Rechargeable<\/strong>: signifie que vous pouvez utiliser tous les e-liquides achet\u00e9s.<br \/>\n<strong>bobines \u00e0 mailles<\/strong>: offrir une exp\u00e9rience toujours d\u00e9licieuse et constante.<\/p>\n<h2 data-v-md-heading=\"why-collaborate-with-agoravape\" data-v-md-line=\"41\">Pourquoi collaborer avec AgoraVape ?<\/h2>\n<p data-v-md-line=\"42\">Nous ne fournissons que des produits authentiques 100% provenant de sources fiables et nous sommes responsables des produits que nous vendons. Pour les clients commerciaux, cela signifie des prix de gros r\u00e9duits, un support client fiable et une livraison DDP rapide et fiable en Europe. N'h\u00e9sitez pas \u00e0 nous contacter pour discuter de la vape UZY Crystal Twin 50K Puffs dual flavor LED, et mettez ce produit populaire et test\u00e9 sur vos \u00e9tag\u00e8res.<\/p>","protected":false},"excerpt":{"rendered":"<p>&nbsp;<\/p>","protected":false},"featured_media":13194,"comment_status":"open","ping_status":"closed","template":"","meta":[],"product_brand":[207],"product_cat":[124,187,185,189,1637,194,195,174,175,193,191,134,173,186,180,190,192],"product_tag":[],"class_list":{"0":"post-13178","1":"product","2":"type-product","3":"status-publish","4":"has-post-thumbnail","6":"product_brand-uzy","7":"product_cat-vape-by-brand","8":"product_cat-0mg-nicotine-free-vapes","9":"product_cat-10000-puffs-high-capacity","10":"product_cat-20mg-standard-nicotine-vapes","11":"product_cat-30000-puffs","12":"product_cat-adjustable-airflow","13":"product_cat-dual-flavor-switch","14":"product_cat-fruit-flavors","15":"product_cat-icy-mint","16":"product_cat-mesh-coil","17":"product_cat-rechargeable-disposables","18":"product_cat-uzy","19":"product_cat-vape-by-flavor-profile","20":"product_cat-vape-by-nicotine-strength","21":"product_cat-vape-by-puff-count","22":"product_cat-vape-by-feature-or-type","23":"product_cat-vapes-with-screens","25":"first","26":"onbackorder","27":"shipping-taxable","28":"purchasable","29":"product-type-variable","30":"has-default-attributes"},"tiered_pricing_type":"percentage","tiered_pricing_fixed_rules":[],"tiered_pricing_product_settings":{"layout":"default","base_unit_name":{"singular":null,"plural":null},"default_variation":null},"tiered_pricing_minimum_quantity":10,"tiered_pricing_roles_data":[],"tiered_pricing_percentage_rules":{"30":"29","50":"35","100":"40","200":"44","500":"47","1000":"49"},"tiered_pricing_maximum_quantity":null,"tiered_pricing_quantity_step":"10","_links":{"self":[{"href":"https:\/\/agoravape.com\/fr\/wp-json\/wp\/v2\/product\/13178","targetHints":{"allow":["GET"]}}],"collection":[{"href":"https:\/\/agoravape.com\/fr\/wp-json\/wp\/v2\/product"}],"about":[{"href":"https:\/\/agoravape.com\/fr\/wp-json\/wp\/v2\/types\/product"}],"replies":[{"embeddable":true,"href":"https:\/\/agoravape.com\/fr\/wp-json\/wp\/v2\/comments?post=13178"}],"version-history":[{"count":0,"href":"https:\/\/agoravape.com\/fr\/wp-json\/wp\/v2\/product\/13178\/revisions"}],"wp:featuredmedia":[{"embeddable":true,"href":"https:\/\/agoravape.com\/fr\/wp-json\/wp\/v2\/media\/13194"}],"wp:attachment":[{"href":"https:\/\/agoravape.com\/fr\/wp-json\/wp\/v2\/media?parent=13178"}],"wp:term":[{"taxonomy":"product_brand","embeddable":true,"href":"https:\/\/agoravape.com\/fr\/wp-json\/wp\/v2\/product_brand?post=13178"},{"taxonomy":"product_cat","embeddable":true,"href":"https:\/\/agoravape.com\/fr\/wp-json\/wp\/v2\/product_cat?post=13178"},{"taxonomy":"product_tag","embeddable":true,"href":"https:\/\/agoravape.com\/fr\/wp-json\/wp\/v2\/product_tag?post=13178"}],"curies":[{"name":"wp","href":"https:\/\/api.w.org\/{rel}","templated":true}]}}