{"id":13229,"date":"2025-10-11T10:25:30","date_gmt":"2025-10-11T02:25:30","guid":{"rendered":"https:\/\/green-grasshopper-921422.hostingersite.com\/?post_type=product&#038;p=13229"},"modified":"2026-02-14T17:17:29","modified_gmt":"2026-02-14T16:17:29","slug":"uzy-tornado-20000-puffs-rechargeable-vape","status":"publish","type":"product","link":"https:\/\/agoravape.com\/fr\/product\/uzy-tornado-20000-puffs-rechargeable-vape\/","title":{"rendered":"UZY Tornado 20000 Puffs Rechargeable Disposable Vape | Big Puff Count, Simple Recharge"},"content":{"rendered":"<h2 data-v-md-heading=\"what-are-the-advantages-of-the-uzy-tornado-20000-port-rechargeable-disposable-vape\" data-v-md-line=\"3\"><img loading=\"lazy\" decoding=\"async\" class=\"size-full wp-image-13246 alignright\" src=\"https:\/\/agoravape.com\/wp-content\/uploads\/2025\/10\/UZY-Tornado-20000-Puffs-Rechargeable-Disposable-Vape_Agora_vape-6.webp\" alt=\"\" width=\"1280\" height=\"1280\" srcset=\"https:\/\/agoravape.com\/wp-content\/uploads\/2025\/10\/UZY-Tornado-20000-Puffs-Rechargeable-Disposable-Vape_Agora_vape-6.webp 1280w, https:\/\/agoravape.com\/wp-content\/uploads\/2025\/10\/UZY-Tornado-20000-Puffs-Rechargeable-Disposable-Vape_Agora_vape-6-600x600.webp 600w, https:\/\/agoravape.com\/wp-content\/uploads\/2025\/10\/UZY-Tornado-20000-Puffs-Rechargeable-Disposable-Vape_Agora_vape-6-1200x1200.webp 1200w, https:\/\/agoravape.com\/wp-content\/uploads\/2025\/10\/UZY-Tornado-20000-Puffs-Rechargeable-Disposable-Vape_Agora_vape-6-300x300.webp 300w, https:\/\/agoravape.com\/wp-content\/uploads\/2025\/10\/UZY-Tornado-20000-Puffs-Rechargeable-Disposable-Vape_Agora_vape-6-1024x1024.webp 1024w, https:\/\/agoravape.com\/wp-content\/uploads\/2025\/10\/UZY-Tornado-20000-Puffs-Rechargeable-Disposable-Vape_Agora_vape-6-150x150.webp 150w, https:\/\/agoravape.com\/wp-content\/uploads\/2025\/10\/UZY-Tornado-20000-Puffs-Rechargeable-Disposable-Vape_Agora_vape-6-768x768.webp 768w\" sizes=\"auto, (max-width: 1280px) 100vw, 1280px\" \/><\/h2>\n<h2 data-v-md-heading=\"what-are-the-advantages-of-the-uzy-tornado-20000-port-rechargeable-disposable-vape\" data-v-md-line=\"3\">Quels sont les avantages de la vape jetable rechargeable UZY Tornado 20000 port ?<\/h2>\n<p data-v-md-line=\"4\">Si vous en avez assez des vapes jetables qui tombent soudainement en panne de batterie au milieu de la journ\u00e9e de travail, alors ce produit peut certainement r\u00e9pondre \u00e0 vos besoins. L'UZY Tornado est \u00e9quip\u00e9 d'une batterie rechargeable de 850mAh qui peut supporter jusqu'\u00e0 20000 ports, ce qui vous permet de profiter facilement de la dur\u00e9e de vie de la batterie de chaque appareil.<\/p>\n<p data-v-md-line=\"6\">Si vous voulez une vape fiable, d\u00e9licieuse et portable, ce produit est votre choix id\u00e9al. Pas besoin de boutons, pas besoin de menus. Pr\u00e9charg\u00e9 avec 28 millilitres de vape, il offre une texture onctueuse qui vous permet d'affronter facilement les journ\u00e9es charg\u00e9es et les longues nuits.<\/p>\n<h2 data-v-md-heading=\"excellent-performance-easy-and-convenient\" data-v-md-line=\"8\">Excellentes performances, facile et pratique<\/h2>\n<p data-v-md-line=\"9\">Vous prenez une gorg\u00e9e, et elle br\u00fble, avec un go\u00fbt constant de la premi\u00e8re \u00e0 la derni\u00e8re gorg\u00e9e. Le coil a \u00e9t\u00e9 r\u00e9gl\u00e9 pour offrir une aspiration en douceur et un go\u00fbt homog\u00e8ne. Lorsque la batterie est faible, vous pouvez utiliser le c\u00e2ble de donn\u00e9es USB standard existant pour la recharger. Simple et pratique.<\/p>\n<h2 data-v-md-heading=\"specification-introduction\" data-v-md-line=\"11\">Introduction aux sp\u00e9cifications<\/h2>\n<ul data-v-md-line=\"12\">\n<li>Fr\u00e9quence d'aspiration : jusqu'\u00e0 20\u00a0000 fois<\/li>\n<li>Teneur en nicotine : 0 %\/2 %\/3 %\/5 %<\/li>\n<li>Principe de fonctionnement : S'active en une seule bouff\u00e9e<\/li>\n<li>M\u00e9thode de chargement : Chargement par interface USB<\/li>\n<li>Capacit\u00e9 de la batterie : 850 mAh<\/li>\n<li>Capacit\u00e9 en e-liquide : 28ml pr\u00e9-install\u00e9<\/li>\n<li>\u00c9tat : Pr\u00eat \u00e0 l'emploi d\u00e8s le d\u00e9ballage<\/li>\n<\/ul>\n<h2 data-v-md-heading=\"full-range-of-flavors\" data-v-md-line=\"20\">Full range of flavors<\/h2>\n<ul data-v-md-line=\"21\">\n<li>Saveur fraise et past\u00e8que<\/li>\n<li>saveur smoothie aux myrtilles<\/li>\n<li>Saveur p\u00eache, mangue, ananas<\/li>\n<li>Saveur smoothie au raisin<\/li>\n<li>Smoothie \u00e0 la past\u00e8que<\/li>\n<li>Smoothie \u00e0 la p\u00eache<\/li>\n<li>Saveur \u00e9trange de fraise<\/li>\n<li>Saveur myrtille et framboise<\/li>\n<li>saveur kiwi-fruit de la passion<\/li>\n<li>Monsieur Saveur Bleue<\/li>\n<li>Triple saveur de smoothie \u00e0 la mangue<\/li>\n<li>Saveur de smoothie Red Bull<\/li>\n<\/ul>\n<h2 data-v-md-heading=\"for-you-for-your-business\" data-v-md-line=\"34\">Pour vous, pour votre entreprise<\/h2>\n<p data-v-md-line=\"35\">Vous pouvez en choisir un pour votre usage personnel ou pour compl\u00e9ter vos \u00e9tag\u00e8res. Nous proposons des services de livraison en gros DDP hors taxes en Europe par UPS, DPD et DHL, ce qui vous permet d'obtenir des prix clairs et d'\u00e9viter les accidents douaniers.<\/p>\n<p data-v-md-line=\"37\">En ce qui concerne la conformit\u00e9, permettez-moi de la pr\u00e9senter bri\u00e8vement. Une concentration de nicotine de 2% est conforme aux restrictions de la DPT dans de nombreux pays de l'UE. Les concentrations de 3% et 5%, ainsi que 28 millilitres d'e-liquide pr\u00e9emball\u00e9, ne sont pas conformes aux r\u00e9glementations TPD lors de la vente au d\u00e9tail dans la plupart des march\u00e9s de l'UE. Les r\u00e9glementations relatives au taux z\u00e9ro de nicotine varient d'un pays \u00e0 l'autre ou d'une r\u00e9gion \u00e0 l'autre. Veuillez v\u00e9rifier les r\u00e9glementations locales avant d'acheter. Si vous achetez \u00e0 des fins commerciales, veuillez contacter notre \u00e9quipe et nous vous aiderons \u00e0 s\u00e9lectionner des versions et des destinations conformes qui r\u00e9pondent aux crit\u00e8res.<\/p>\n<h2 data-v-md-heading=\"why-do-you-like-it\" data-v-md-line=\"39\">Pourquoi l'aimes-tu ?<\/h2>\n<ul data-v-md-line=\"40\">\n<li>Aspiration massive : dur\u00e9e d'utilisation prolong\u00e9e, vous n'aurez donc pas besoin d'en acheter fr\u00e9quemment de nouveaux.<\/li>\n<li>S\u00e9lection de la nicotine : Choisissez la concentration qui convient \u00e0 votre go\u00fbt et aux r\u00e9glementations locales.<\/li>\n<li>Rechargeable : Vous utilisez l'e-liquide que vous avez pay\u00e9 au lieu de la quantit\u00e9 autoris\u00e9e par la premi\u00e8re batterie.<\/li>\n<li>Une exp\u00e9rience d'aspiration continue et douce : Pas besoin d'ajuster les r\u00e9glages, l'aspiration se fait en douceur \u00e0 chaque fois.<\/li>\n<\/ul>\n<h2 data-v-md-heading=\"why-choose-to-collaborate-with-agoravape\" data-v-md-line=\"45\">Pourquoi choisir de collaborer avec AgoraVape ?<\/h2>\n<p data-v-md-line=\"46\">Nous ne vendons que du mat\u00e9riel authentique 100% provenant de canaux fiables. Nos clients professionnels b\u00e9n\u00e9ficient de prix de gros tr\u00e8s comp\u00e9titifs, d'une assistance r\u00e9active et de services de livraison DDP rapides avec suivi complet. Nous utilisons une passerelle de paiement s\u00e9curis\u00e9e et garantissons que les produits que nous vendons sont soumis \u00e0 une proc\u00e9dure de retour \u00e9quitable. Vous souhaitez acheter une UZY Tornado 20000 port rechargeable disposable vape ? Veuillez nous contacter et nous adapterons les tailles d'emballage et les options de conformit\u00e9 en fonction des besoins de votre march\u00e9.<\/p>\n<p><script src=\"chrome-extension:\/\/fpelahbljekknahkcaegamhcndkfpfnc\/iFrame.js\" type=\"text\/javascript\"><\/script><\/p>","protected":false},"excerpt":{"rendered":"<p>&nbsp;<\/p>\n<p><script src=\"chrome-extension:\/\/fpelahbljekknahkcaegamhcndkfpfnc\/iFrame.js\" type=\"text\/javascript\"><\/script><\/p>\n<p><script src=\"chrome-extension:\/\/fpelahbljekknahkcaegamhcndkfpfnc\/iFrame.js\" type=\"text\/javascript\"><\/script><\/p>\n<p><script src=\"chrome-extension:\/\/fpelahbljekknahkcaegamhcndkfpfnc\/iFrame.js\" type=\"text\/javascript\"><\/script><\/p>","protected":false},"featured_media":13241,"comment_status":"open","ping_status":"closed","template":"","meta":[],"product_brand":[207],"product_cat":[124,187,185,1636,189,176,1674,174,175,191,134,173,186,180,190],"product_tag":[],"class_list":{"0":"post-13229","1":"product","2":"type-product","3":"status-publish","4":"has-post-thumbnail","6":"product_brand-uzy","7":"product_cat-vape-by-brand","8":"product_cat-0mg-nicotine-free-vapes","9":"product_cat-10000-puffs-high-capacity","10":"product_cat-20000-puffs","11":"product_cat-20mg-standard-nicotine-vapes","12":"product_cat-beverage","13":"product_cat-eu-warehouse","14":"product_cat-fruit-flavors","15":"product_cat-icy-mint","16":"product_cat-rechargeable-disposables","17":"product_cat-uzy","18":"product_cat-vape-by-flavor-profile","19":"product_cat-vape-by-nicotine-strength","20":"product_cat-vape-by-puff-count","21":"product_cat-vape-by-feature-or-type","23":"first","24":"instock","25":"shipping-taxable","26":"purchasable","27":"product-type-variable","28":"has-default-attributes"},"tiered_pricing_type":"percentage","tiered_pricing_fixed_rules":[],"tiered_pricing_product_settings":{"layout":"default","base_unit_name":{"singular":null,"plural":null},"default_variation":null},"tiered_pricing_minimum_quantity":10,"tiered_pricing_roles_data":[],"tiered_pricing_percentage_rules":{"30":"29","50":"35","100":"40","200":"44","500":"47","1000":"49"},"tiered_pricing_maximum_quantity":null,"tiered_pricing_quantity_step":"10","_links":{"self":[{"href":"https:\/\/agoravape.com\/fr\/wp-json\/wp\/v2\/product\/13229","targetHints":{"allow":["GET"]}}],"collection":[{"href":"https:\/\/agoravape.com\/fr\/wp-json\/wp\/v2\/product"}],"about":[{"href":"https:\/\/agoravape.com\/fr\/wp-json\/wp\/v2\/types\/product"}],"replies":[{"embeddable":true,"href":"https:\/\/agoravape.com\/fr\/wp-json\/wp\/v2\/comments?post=13229"}],"version-history":[{"count":0,"href":"https:\/\/agoravape.com\/fr\/wp-json\/wp\/v2\/product\/13229\/revisions"}],"wp:featuredmedia":[{"embeddable":true,"href":"https:\/\/agoravape.com\/fr\/wp-json\/wp\/v2\/media\/13241"}],"wp:attachment":[{"href":"https:\/\/agoravape.com\/fr\/wp-json\/wp\/v2\/media?parent=13229"}],"wp:term":[{"taxonomy":"product_brand","embeddable":true,"href":"https:\/\/agoravape.com\/fr\/wp-json\/wp\/v2\/product_brand?post=13229"},{"taxonomy":"product_cat","embeddable":true,"href":"https:\/\/agoravape.com\/fr\/wp-json\/wp\/v2\/product_cat?post=13229"},{"taxonomy":"product_tag","embeddable":true,"href":"https:\/\/agoravape.com\/fr\/wp-json\/wp\/v2\/product_tag?post=13229"}],"curies":[{"name":"wp","href":"https:\/\/api.w.org\/{rel}","templated":true}]}}