{"id":13255,"date":"2025-10-11T10:37:01","date_gmt":"2025-10-11T02:37:01","guid":{"rendered":"https:\/\/green-grasshopper-921422.hostingersite.com\/?post_type=product&#038;p=13255"},"modified":"2026-02-14T17:17:14","modified_gmt":"2026-02-14T16:17:14","slug":"uzy-bang-digital-15000-bouffees-smart-screen-vaping-long-lasting-flavour-made-easy","status":"publish","type":"product","link":"https:\/\/agoravape.com\/fr\/product\/uzy-bang-digital-15000-puffs-smart-screen-vape-long-lasting-flavour-made-easy\/","title":{"rendered":"UZY Bang Digital 15000 bouff\u00e9es avec \u00e9cran intelligent | Une saveur longue dur\u00e9e en toute simplicit\u00e9"},"content":{"rendered":"<h2 data-v-md-heading=\"what-about-the-uzy-bang-digital-15000-port-smart-screen-vape\" data-v-md-line=\"3\"><img loading=\"lazy\" decoding=\"async\" class=\"aligncenter size-full wp-image-13269\" src=\"https:\/\/agoravape.com\/wp-content\/uploads\/2025\/10\/UZY-Bang-Digital-15000-Puffs-Smart-Screen-Vape_Agora_vape-1.webp\" alt=\"\" width=\"1600\" height=\"1600\" srcset=\"https:\/\/agoravape.com\/wp-content\/uploads\/2025\/10\/UZY-Bang-Digital-15000-Puffs-Smart-Screen-Vape_Agora_vape-1.webp 1600w, https:\/\/agoravape.com\/wp-content\/uploads\/2025\/10\/UZY-Bang-Digital-15000-Puffs-Smart-Screen-Vape_Agora_vape-1-600x600.webp 600w, https:\/\/agoravape.com\/wp-content\/uploads\/2025\/10\/UZY-Bang-Digital-15000-Puffs-Smart-Screen-Vape_Agora_vape-1-1200x1200.webp 1200w, https:\/\/agoravape.com\/wp-content\/uploads\/2025\/10\/UZY-Bang-Digital-15000-Puffs-Smart-Screen-Vape_Agora_vape-1-300x300.webp 300w, https:\/\/agoravape.com\/wp-content\/uploads\/2025\/10\/UZY-Bang-Digital-15000-Puffs-Smart-Screen-Vape_Agora_vape-1-1024x1024.webp 1024w, https:\/\/agoravape.com\/wp-content\/uploads\/2025\/10\/UZY-Bang-Digital-15000-Puffs-Smart-Screen-Vape_Agora_vape-1-150x150.webp 150w, https:\/\/agoravape.com\/wp-content\/uploads\/2025\/10\/UZY-Bang-Digital-15000-Puffs-Smart-Screen-Vape_Agora_vape-1-768x768.webp 768w, https:\/\/agoravape.com\/wp-content\/uploads\/2025\/10\/UZY-Bang-Digital-15000-Puffs-Smart-Screen-Vape_Agora_vape-1-1536x1536.webp 1536w\" sizes=\"auto, (max-width: 1600px) 100vw, 1600px\" \/><\/h2>\n<h2 data-v-md-heading=\"what-about-the-uzy-bang-digital-15000-port-smart-screen-vape\" data-v-md-line=\"3\">Qu'en est-il de la cigarette \u00e9lectronique UZY Bang Digital 15000 avec \u00e9cran intelligent ?<\/h2>\n<p data-v-md-line=\"4\">Si vous en avez assez des cigarettes \u00e9lectroniques jetables qui se d\u00e9chargent subitement en pleine semaine, ce produit pourrait vous int\u00e9resser. L'UZY Bang Digital poss\u00e8de une capacit\u00e9 de 15\u00a0000\u00a0bits et est \u00e9quip\u00e9e d'un \u00e9cran intelligent pour une utilisation simple et intuitive. Rechargeable et \u00e9conome en \u00e9nergie, elle vous permet d'utiliser votre e-liquide jusqu'au bout.<\/p>\n<p data-v-md-line=\"6\">Si vous recherchez une cigarette \u00e9lectronique fiable et savoureuse, sans menus ni r\u00e9glages compliqu\u00e9s, ce produit est fait pour vous. Il vous suffit de choisir la saveur et le taux de nicotine, puis d'inhaler. Vous pourriez penser qu'avoir plusieurs bouff\u00e9es de cigarette \u00e9lectronique est encombrant, mais l'exp\u00e9rience quotidienne reste simple, pratique et \u00e9conomique.<\/p>\n<h2 data-v-md-heading=\"excellent-performance-easy-and-convenient\" data-v-md-line=\"8\">Excellentes performances, facile et pratique<\/h2>\n<p data-v-md-line=\"9\">L'UZY Bang Digital est dot\u00e9e d'une r\u00e9sistance mesh qui garantit une vapeur aussi pure qu'\u00e0 la premi\u00e8re bouff\u00e9e. Son \u00e9cran intelligent vous permet de suivre l'\u00e9volution de la vape en toute simplicit\u00e9. Lorsque la batterie est faible, vous pouvez la recharger avec le c\u00e2ble USB-C fourni, comme celui de votre t\u00e9l\u00e9phone. Pratique et facile.<\/p>\n<h2 data-v-md-heading=\"specification-overview\" data-v-md-line=\"11\">Aper\u00e7u des sp\u00e9cifications<\/h2>\n<p data-v-md-line=\"12\"><strong>Nombre d'aspirations<\/strong>: jusqu'\u00e0 15 000 aspirations<br \/>\n<strong>Nicotine<\/strong>: 0 %, 2 %, 3 %, 5 % (optionnel)<br \/>\n<strong>Principe de fonctionnement<\/strong>Activez-vous en une seule bouff\u00e9e.<br \/>\n<strong>Chargement<\/strong>Interface USB Type-C standard<br \/>\n<strong>Statut<\/strong>Pr\u00eat \u00e0 l'emploi d\u00e8s sa sortie de l'emballage<br \/>\n<strong>Noyau atomiseur<\/strong>Noyau d'atomisation en maille de 1,1 \u03a9<br \/>\n<strong>e-liquid capacity<\/strong>: 20 ml<br \/>\n*Attention\u00a0: La concentration de nicotine peut varier en fonction des r\u00e9glementations nationales et r\u00e9gionales.<\/p>\n<h2 data-v-md-heading=\"full-range-of-flavors\" data-v-md-line=\"21\">Full range of flavors<\/h2>\n<ul data-v-md-line=\"22\">\n<li>Strawberry watermelon<\/li>\n<li>Smoothie aux myrtilles<\/li>\n<li>P\u00eache Mangue Ananas<\/li>\n<li>Grape smoothie<\/li>\n<li>Smoothie \u00e0 la past\u00e8que<\/li>\n<li>Smoothie \u00e0 la p\u00eache<\/li>\n<li>fraise kiwi<\/li>\n<li>Myrtilles et framboises<\/li>\n<li>Kiwi et fruit de la passion<\/li>\n<li>Mr. Blue<\/li>\n<li>Smoothie triple mangue<\/li>\n<li>Glace Red Bull<\/li>\n<\/ul>\n<h2 data-v-md-heading=\"for-you-and-your-business\" data-v-md-line=\"35\">Pour vous et votre entreprise<\/h2>\n<p data-v-md-line=\"36\">Vous pouvez choisir <a class=\"wpil_keyword_link\" title=\"UZY\" href=\"https:\/\/agoravape.com\/fr\/vape-par-marque\/uzy\/\" data-wpil-keyword-link=\"linked\" data-wpil-monitor-id=\"87\">UZY Bang Digital 15000<\/a> Nous proposons des cigarettes \u00e9lectroniques \u00e0 \u00e9cran intelligent, disponibles pour un usage personnel ou pour la revente en magasin. Conditionn\u00e9es en cartons de 10 ou 200 unit\u00e9s, elles sont disponibles en gros. Nous assurons la livraison droits acquitt\u00e9s (DDP) dans toute l'Europe gr\u00e2ce \u00e0 nos partenaires de confiance tels que UPS, DPD et DHL, garantissant ainsi la livraison de votre commande apr\u00e8s d\u00e9duction des taxes et vous \u00e9vitant tout probl\u00e8me de douane.<\/p>\n<p data-v-md-line=\"38\">Si vous avez besoin de saveurs vari\u00e9es ou de conseils en mati\u00e8re de conformit\u00e9 locale, notre \u00e9quipe vous aidera \u00e0 cr\u00e9er une collection \u00e0 succ\u00e8s.<\/p>\n<h2 data-v-md-heading=\"why-do-you-like-it\" data-v-md-line=\"40\">Pourquoi l'aimes-tu ?<\/h2>\n<p data-v-md-line=\"41\"><strong>Plusieurs bouff\u00e9es :<\/strong>\u00a0Durables et r\u00e9sistantes, pas besoin de remplacer fr\u00e9quemment les cigarettes \u00e9lectroniques<br \/>\n<strong>s\u00e9lection de la concentration de nicotine<\/strong>Choisissez la concentration qui correspond \u00e0 vos habitudes quotidiennes.<br \/>\n<strong>Rechargeable<\/strong>Utilisez tout le e-liquide en une seule fois sans le jeter.<br \/>\n<strong>Noyau d'atomiseur \u00e0 mailles :<\/strong>\u00a0conserve un go\u00fbt constant de la premi\u00e8re \u00e0 la derni\u00e8re bouch\u00e9e<br \/>\n<strong>\u00c9cran intelligent\u00a0:<\/strong>\u00a0\u00c9cran simple, clair en un coup d'\u0153il<br \/>\n<strong>Chargement de type C\u00a0:<\/strong>\u00a0Un seul c\u00e2ble de donn\u00e9es permet de connecter une cigarette \u00e9lectronique et un t\u00e9l\u00e9phone portable.<\/p>\n<h2 data-v-md-heading=\"why-collaborate-with-agoravape\" data-v-md-line=\"48\">Pourquoi collaborer avec AgoraVape ?<\/h2>\n<p data-v-md-line=\"49\">Nous ne vendons que des produits 100 % authentiques et offrons un service apr\u00e8s-vente complet. Pour les professionnels, cela signifie que les cigarettes \u00e9lectroniques UZY Bang Digital (15\u00a0000 bouff\u00e9es, \u00e9cran intelligent) b\u00e9n\u00e9ficient de prix de gros avantageux, d'un approvisionnement stable et d'une livraison DDP rapide et fiable. Contactez-nous pour constituer vos stocks et fid\u00e9liser votre client\u00e8le.<\/p>","protected":false},"excerpt":{"rendered":"<p>What about the UZY Bang Digital 15000 port smart screen vape? If you are tired of disposable vapes that suddenly<\/p>","protected":false},"featured_media":13278,"comment_status":"open","ping_status":"closed","template":"","meta":[],"product_brand":[207],"product_cat":[124,187,185,1635,189,176,1674,174,175,191,134,173,186,180,190,192],"product_tag":[],"class_list":{"0":"post-13255","1":"product","2":"type-product","3":"status-publish","4":"has-post-thumbnail","6":"product_brand-uzy","7":"product_cat-vape-by-brand","8":"product_cat-0mg-nicotine-free-vapes","9":"product_cat-10000-puffs-high-capacity","10":"product_cat-15000-puffs","11":"product_cat-20mg-standard-nicotine-vapes","12":"product_cat-beverage","13":"product_cat-eu-warehouse","14":"product_cat-fruit-flavors","15":"product_cat-icy-mint","16":"product_cat-rechargeable-disposables","17":"product_cat-uzy","18":"product_cat-vape-by-flavor-profile","19":"product_cat-vape-by-nicotine-strength","20":"product_cat-vape-by-puff-count","21":"product_cat-vape-by-feature-or-type","22":"product_cat-vapes-with-screens","24":"first","25":"instock","26":"shipping-taxable","27":"purchasable","28":"product-type-variable","29":"has-default-attributes"},"tiered_pricing_type":"percentage","tiered_pricing_fixed_rules":[],"tiered_pricing_product_settings":{"layout":"default","base_unit_name":{"singular":null,"plural":null},"default_variation":null},"tiered_pricing_minimum_quantity":10,"tiered_pricing_roles_data":[],"tiered_pricing_percentage_rules":{"30":"29","50":"35","100":"40","200":"44","500":"47","1000":"49"},"tiered_pricing_maximum_quantity":null,"tiered_pricing_quantity_step":"10","_links":{"self":[{"href":"https:\/\/agoravape.com\/fr\/wp-json\/wp\/v2\/product\/13255","targetHints":{"allow":["GET"]}}],"collection":[{"href":"https:\/\/agoravape.com\/fr\/wp-json\/wp\/v2\/product"}],"about":[{"href":"https:\/\/agoravape.com\/fr\/wp-json\/wp\/v2\/types\/product"}],"replies":[{"embeddable":true,"href":"https:\/\/agoravape.com\/fr\/wp-json\/wp\/v2\/comments?post=13255"}],"version-history":[{"count":0,"href":"https:\/\/agoravape.com\/fr\/wp-json\/wp\/v2\/product\/13255\/revisions"}],"wp:featuredmedia":[{"embeddable":true,"href":"https:\/\/agoravape.com\/fr\/wp-json\/wp\/v2\/media\/13278"}],"wp:attachment":[{"href":"https:\/\/agoravape.com\/fr\/wp-json\/wp\/v2\/media?parent=13255"}],"wp:term":[{"taxonomy":"product_brand","embeddable":true,"href":"https:\/\/agoravape.com\/fr\/wp-json\/wp\/v2\/product_brand?post=13255"},{"taxonomy":"product_cat","embeddable":true,"href":"https:\/\/agoravape.com\/fr\/wp-json\/wp\/v2\/product_cat?post=13255"},{"taxonomy":"product_tag","embeddable":true,"href":"https:\/\/agoravape.com\/fr\/wp-json\/wp\/v2\/product_tag?post=13255"}],"curies":[{"name":"wp","href":"https:\/\/api.w.org\/{rel}","templated":true}]}}