{"id":13280,"date":"2025-10-11T13:19:38","date_gmt":"2025-10-11T05:19:38","guid":{"rendered":"https:\/\/green-grasshopper-921422.hostingersite.com\/?post_type=product&#038;p=13280"},"modified":"2026-01-13T01:12:14","modified_gmt":"2026-01-12T17:12:14","slug":"sfog-vopk-tripe-60k-puffs-3-in-1-vape","status":"publish","type":"product","link":"https:\/\/agoravape.com\/fr\/product\/sfog-vopk-tripe-60k-puffs-3-in-1-vape\/","title":{"rendered":"SFOG VOPK Triple 60K Bouff\u00e9es Vape 3-en-1 | Trois saveurs, changement facile, longue dur\u00e9e d'utilisation"},"content":{"rendered":"<h2 data-v-md-heading=\"what-is-the-charm-of-using-sfog-vopk-tripe-60k-three-in-one-vape\" data-v-md-line=\"3\"><img loading=\"lazy\" decoding=\"async\" class=\"aligncenter size-full wp-image-13304\" src=\"https:\/\/agoravape.com\/wp-content\/uploads\/2025\/10\/SFOG-VOPK-Tripe-60K-Puffs-3-in-1-Flavor-Vape_Agora_vape-11-scaled.webp\" alt=\"\" width=\"2560\" height=\"1707\" srcset=\"https:\/\/agoravape.com\/wp-content\/uploads\/2025\/10\/SFOG-VOPK-Tripe-60K-Puffs-3-in-1-Flavor-Vape_Agora_vape-11-scaled.webp 2560w, https:\/\/agoravape.com\/wp-content\/uploads\/2025\/10\/SFOG-VOPK-Tripe-60K-Puffs-3-in-1-Flavor-Vape_Agora_vape-11-scaled-1200x800.webp 1200w, https:\/\/agoravape.com\/wp-content\/uploads\/2025\/10\/SFOG-VOPK-Tripe-60K-Puffs-3-in-1-Flavor-Vape_Agora_vape-11-300x200.webp 300w, https:\/\/agoravape.com\/wp-content\/uploads\/2025\/10\/SFOG-VOPK-Tripe-60K-Puffs-3-in-1-Flavor-Vape_Agora_vape-11-1024x683.webp 1024w, https:\/\/agoravape.com\/wp-content\/uploads\/2025\/10\/SFOG-VOPK-Tripe-60K-Puffs-3-in-1-Flavor-Vape_Agora_vape-11-768x512.webp 768w, https:\/\/agoravape.com\/wp-content\/uploads\/2025\/10\/SFOG-VOPK-Tripe-60K-Puffs-3-in-1-Flavor-Vape_Agora_vape-11-1536x1024.webp 1536w, https:\/\/agoravape.com\/wp-content\/uploads\/2025\/10\/SFOG-VOPK-Tripe-60K-Puffs-3-in-1-Flavor-Vape_Agora_vape-11-2048x1365.webp 2048w\" sizes=\"auto, (max-width: 2560px) 100vw, 2560px\" \/><\/h2>\n<h2 data-v-md-heading=\"what-is-the-charm-of-using-sfog-vopk-tripe-60k-three-in-one-vape\" data-v-md-line=\"3\">Quel est l'attrait du vaporisateur SFOG VOPK Tripe 60K trois en un ?<\/h2>\n<p data-v-md-line=\"4\">Si vous \u00eates lass\u00e9 des cigarettes \u00e9lectroniques jetables qui se vident rapidement ou dont vous vous lassez apr\u00e8s une journ\u00e9e d'utilisation, ce produit va tout changer. La SFOG VOPK Tripe offre jusqu'\u00e0 60\u00a0000 bouff\u00e9es et propose trois saveurs diff\u00e9rentes. Vous pouvez changer de saveur \u00e0 tout moment, sans changer de cartouche ni en transporter de rechange.<\/p>\n<p data-v-md-line=\"6\">Si vous recherchez une cigarette \u00e9lectronique fiable, savoureuse et sans souci, c'est le choix id\u00e9al. Que vous soyez un vapoteur quotidien, un festivalier ou un travailleur de nuit, elle conviendra \u00e0 tous ceux qui privil\u00e9gient une longue autonomie, une utilisation simple et une grande vari\u00e9t\u00e9 de saveurs. Vous pensez peut-\u00eatre qu'un appareil de 60\u00a0000 bouff\u00e9es est complexe, mais Tripe le rend simple et pratique gr\u00e2ce \u00e0 son s\u00e9lecteur de saveur facile \u00e0 manipuler.<\/p>\n<h2 data-v-md-heading=\"excellent-performance-easy-and-convenient\" data-v-md-line=\"8\">Excellentes performances, facile et pratique<\/h2>\n<p data-v-md-line=\"9\">Trois r\u00e9sistances mesh de 0,9 \u03a9, associ\u00e9es \u00e0 un atomiseur ind\u00e9pendant, pr\u00e9servent la puret\u00e9 et l'intensit\u00e9 de chaque saveur. Gr\u00e2ce \u00e0 leur structure mesh, chaque bouff\u00e9e est aussi savoureuse qu'\u00e0 la premi\u00e8re utilisation. Le double \u00e9cran affiche le niveau de batterie et la quantit\u00e9 d'e-liquide pour chaque saveur, vous permettant ainsi de conna\u00eetre le niveau de batterie en temps r\u00e9el. Lorsque la batterie est faible, vous pouvez la recharger facilement \u00e0 l'aide du c\u00e2ble USB-C standard fourni. C'est simple comme bonjour.<\/p>\n<h2 data-v-md-heading=\"specification-overview\" data-v-md-line=\"11\">Aper\u00e7u des sp\u00e9cifications<\/h2>\n<ul data-v-md-line=\"12\">\n<li>Fr\u00e9quence d'aspiration : jusqu'\u00e0 60\u00a0000 fois<\/li>\n<li>Nicotine\u00a0: Les options varient selon la r\u00e9gion\u00a0; veuillez v\u00e9rifier les concentrations disponibles au moment du paiement ou consulter notre \u00e9quipe.<\/li>\n<li>Principe de fonctionnement : Activation par inhalation<\/li>\n<li>Charging: Standard Type-C USB interface<\/li>\n<li>\u00c9tat : Pr\u00eat \u00e0 l'emploi d\u00e8s la sortie de l'emballage<\/li>\n<\/ul>\n<p data-v-md-line=\"18\">Autres d\u00e9tails\u00a0:<\/p>\n<ul data-v-md-line=\"19\">\n<li>Capacit\u00e9 du r\u00e9servoir d'e-liquide : 54 millilitres au total<\/li>\n<li>Batterie : batterie rechargeable de 650 mAh<\/li>\n<li>R\u00e9sistance : 0,9 \u03a9 \u00d7 3 spires mesh<\/li>\n<li>Changement de go\u00fbt : Soulever et faire pivoter le s\u00e9lecteur<\/li>\n<li>\u00c9cran d'affichage\u00a0: double \u00e9cran affichant le niveau de la batterie et le niveau du r\u00e9servoir de carburant ind\u00e9pendamment.<\/li>\n<\/ul>\n<h2 data-v-md-heading=\"full-range-of-flavors\" data-v-md-line=\"25\">Full range of flavors<\/h2>\n<p data-v-md-line=\"26\">Chaque option propose trois saveurs :<\/p>\n<ul data-v-md-line=\"27\">\n<li>Glace \u00e0 la past\u00e8que \/ Glace triple melon \/ Cr\u00e8me glac\u00e9e \u00e0 la fraise<\/li>\n<li>Fraise Banane\/Framboise Past\u00e8que\/Ananas Noix de coco<\/li>\n<li>Glace p\u00eache-myrtille\/past\u00e8que-p\u00eache-mangue<\/li>\n<li>Glace \u00e0 l'ananas acidul\u00e9\/Red Bull fraise\/cassis<\/li>\n<li>Kiwi, fruit de la passion, fraise, cerise, Love 66<\/li>\n<li>Double Pomme Glac\u00e9e\/Fruits Tropicaux\/Gomme \u00e0 la Fraise et \u00e0 la Past\u00e8que<\/li>\n<li>Red Bull Raisin\/Fraise Kiwi\/Past\u00e8que<\/li>\n<li>Fraise past\u00e8que\/myrtille framboise\/citron vert<\/li>\n<li>Banane Ananas\/Red Bull Glac\u00e9\/Fraise Mangue<\/li>\n<li>Bonbons g\u00e9lifi\u00e9s en forme d'oursons en peluche \/ cola vanille-fraise \/ guimauves aux myrtilles<\/li>\n<\/ul>\n<h2 data-v-md-heading=\"for-you-and-for-your-business-as-well\" data-v-md-line=\"38\">Pour vous, et pour votre entreprise \u00e9galement<\/h2>\n<p data-v-md-line=\"39\">Vous pouvez acheter un article \u00e0 l'unit\u00e9 pour votre usage personnel ou vous approvisionner pour votre magasin. Chaque carton contient 10 pi\u00e8ces. Chaque bo\u00eete contient 160 pi\u00e8ces, pour un poids brut de 21 kg et des dimensions de 508 \u00d7 413 \u00d7 273 mm. Cela facilite l'organisation de l'espace de stockage et le transport.<\/p>\n<p data-v-md-line=\"41\">Nous proposons un service DDP (livraison contre remboursement des taxes) via des partenaires de confiance tels que UPS, DPD et DHL, et assurons la livraison dans toute l'Europe. Vous b\u00e9n\u00e9ficiez ainsi d'une livraison rapide et sans tracas douaniers.<\/p>\n<h2 data-v-md-heading=\"why-do-you-like-it\" data-v-md-line=\"43\">Pourquoi l'aimes-tu ?<\/h2>\n<ul data-v-md-line=\"44\">\n<li>Capacit\u00e9 ultra-large : jusqu'\u00e0 60 000 mAh, ce qui signifie moins de recharges et moins de visites en magasin.<\/li>\n<li>Trois saveurs \u00e0 alterner \u00e0 volont\u00e9 : vous pouvez changer de saveur en quelques secondes, pour \u00e9viter toute lassitude gustative.<\/li>\n<li>Conception rechargeable pratique : la charge de type C vous permet d'utiliser jusqu'\u00e0 la derni\u00e8re goutte d'e-liquide.<\/li>\n<li>La constance de la r\u00e9sistance en mesh : de la premi\u00e8re \u00e0 la derni\u00e8re bouff\u00e9e, elle assure une aspiration douce et un go\u00fbt stable.<\/li>\n<\/ul>\n<h2 data-v-md-heading=\"why-choose-agoravape\" data-v-md-line=\"49\">Pourquoi choisir AgoraVape ?<\/h2>\n<p data-v-md-line=\"50\">Nous achetons des produits 100 % authentiques et offrons des garanties. Les entreprises qui ach\u00e8tent des vaporisateurs 3 en 1 SFOG VOPK Tripe d'une capacit\u00e9 de 60 000 mAh b\u00e9n\u00e9ficient de prix de gros avantageux, d'un service client r\u00e9actif et d'une livraison rapide et fiable dans l'UE. N'h\u00e9sitez pas \u00e0 nous contacter pour d\u00e9couvrir comment cr\u00e9er un produit que vos clients auront tout int\u00e9r\u00eat \u00e0 racheter.<\/p>","protected":false},"excerpt":{"rendered":"<p>&nbsp;<\/p>\n<p><script src=\"chrome-extension:\/\/fpelahbljekknahkcaegamhcndkfpfnc\/iFrame.js\" type=\"text\/javascript\"><\/script><\/p>\n<p><script src=\"chrome-extension:\/\/fpelahbljekknahkcaegamhcndkfpfnc\/iFrame.js\" type=\"text\/javascript\"><\/script><\/p>\n<p><script src=\"chrome-extension:\/\/fpelahbljekknahkcaegamhcndkfpfnc\/iFrame.js\" type=\"text\/javascript\"><\/script><\/p>\n<p><script src=\"chrome-extension:\/\/fpelahbljekknahkcaegamhcndkfpfnc\/iFrame.js\" type=\"text\/javascript\"><\/script><\/p>","protected":false},"featured_media":13294,"comment_status":"open","ping_status":"closed","template":"","meta":[],"product_brand":[208],"product_cat":[124,185,189,1642,176,177,195,174,175,193,191,135,173,186,180,190,192],"product_tag":[],"class_list":{"0":"post-13280","1":"product","2":"type-product","3":"status-publish","4":"has-post-thumbnail","6":"product_brand-sfog","7":"product_cat-vape-by-brand","8":"product_cat-10000-puffs-high-capacity","9":"product_cat-20mg-standard-nicotine-vapes","10":"product_cat-60000-puffs","11":"product_cat-beverage","12":"product_cat-dessert-sweets","13":"product_cat-dual-flavor-switch","14":"product_cat-fruit-flavors","15":"product_cat-icy-mint","16":"product_cat-mesh-coil","17":"product_cat-rechargeable-disposables","18":"product_cat-sfog","19":"product_cat-vape-by-flavor-profile","20":"product_cat-vape-by-nicotine-strength","21":"product_cat-vape-by-puff-count","22":"product_cat-vape-by-feature-or-type","23":"product_cat-vapes-with-screens","25":"first","26":"instock","27":"shipping-taxable","28":"purchasable","29":"product-type-variable","30":"has-default-attributes"},"tiered_pricing_type":"percentage","tiered_pricing_fixed_rules":[],"tiered_pricing_product_settings":{"layout":"default","base_unit_name":{"singular":null,"plural":null},"default_variation":null},"tiered_pricing_minimum_quantity":10,"tiered_pricing_roles_data":[],"tiered_pricing_percentage_rules":{"30":"29","50":"35","100":"40","200":"44","500":"47","1000":"49"},"tiered_pricing_maximum_quantity":null,"tiered_pricing_quantity_step":"10","_links":{"self":[{"href":"https:\/\/agoravape.com\/fr\/wp-json\/wp\/v2\/product\/13280","targetHints":{"allow":["GET"]}}],"collection":[{"href":"https:\/\/agoravape.com\/fr\/wp-json\/wp\/v2\/product"}],"about":[{"href":"https:\/\/agoravape.com\/fr\/wp-json\/wp\/v2\/types\/product"}],"replies":[{"embeddable":true,"href":"https:\/\/agoravape.com\/fr\/wp-json\/wp\/v2\/comments?post=13280"}],"version-history":[{"count":0,"href":"https:\/\/agoravape.com\/fr\/wp-json\/wp\/v2\/product\/13280\/revisions"}],"wp:featuredmedia":[{"embeddable":true,"href":"https:\/\/agoravape.com\/fr\/wp-json\/wp\/v2\/media\/13294"}],"wp:attachment":[{"href":"https:\/\/agoravape.com\/fr\/wp-json\/wp\/v2\/media?parent=13280"}],"wp:term":[{"taxonomy":"product_brand","embeddable":true,"href":"https:\/\/agoravape.com\/fr\/wp-json\/wp\/v2\/product_brand?post=13280"},{"taxonomy":"product_cat","embeddable":true,"href":"https:\/\/agoravape.com\/fr\/wp-json\/wp\/v2\/product_cat?post=13280"},{"taxonomy":"product_tag","embeddable":true,"href":"https:\/\/agoravape.com\/fr\/wp-json\/wp\/v2\/product_tag?post=13280"}],"curies":[{"name":"wp","href":"https:\/\/api.w.org\/{rel}","templated":true}]}}