{"id":13355,"date":"2025-10-11T15:06:44","date_gmt":"2025-10-11T07:06:44","guid":{"rendered":"https:\/\/green-grasshopper-921422.hostingersite.com\/?post_type=product&#038;p=13355"},"modified":"2026-01-13T01:10:28","modified_gmt":"2026-01-12T17:10:28","slug":"sfog-gazzbar-ice-god-50k-puffs-vape","status":"publish","type":"product","link":"https:\/\/agoravape.com\/fr\/product\/sfog-gazzbar-ice-god-50k-puffs-vape\/","title":{"rendered":"SFOG Gazzbar Ice God 50K Puffs Vape \u00e0 refroidissement r\u00e9glable | Refroidissement personnalis\u00e9 et longue dur\u00e9e"},"content":{"rendered":"<h2 data-v-md-heading=\"what-is-the-sfog-gazzbar-ice-god-50k-suction-adjustable-ice-atomizer-like\" data-v-md-line=\"3\">\u00c0 quoi ressemble l'atomiseur \u00e0 glace \u00e0 aspiration r\u00e9glable SFOG Gazzbar Ice God 50K ?<\/h2>\n<p data-v-md-line=\"4\">Si vous en avez assez des e-liquides jetables qui se vident en milieu de semaine, ce produit vaut vraiment le coup. Le SFOG Gazzbar Ice God est con\u00e7u pour une utilisation prolong\u00e9e, avec une capacit\u00e9 d'aspiration maximale de 50\u00a0000 bouff\u00e9es. Son syst\u00e8me d'aspiration simple et efficace le rend facile et pratique \u00e0 utiliser.<\/p>\n<p data-v-md-line=\"6\">Elle convient \u00e0 tous ceux qui recherchent un go\u00fbt constant et un contr\u00f4le pr\u00e9cis de la temp\u00e9rature de la glace. Vous pouvez ajuster cette temp\u00e9rature sur cinq niveaux, d'une douce brise \u00e0 une fra\u00eecheur intense. Pas besoin de menus ni de r\u00e9glages fastidieux. Il vous suffit de param\u00e9trer selon vos pr\u00e9f\u00e9rences et de savourer.<\/p>\n<h2 data-v-md-heading=\"excellent-performance-easy-and-convenient\" data-v-md-line=\"8\">Excellentes performances, facile et pratique<\/h2>\n<p data-v-md-line=\"9\">La triple r\u00e9sistance mesh garantit une saveur constante de la premi\u00e8re \u00e0 la derni\u00e8re bouff\u00e9e. La r\u00e9sistance est chauff\u00e9e uniform\u00e9ment, pour un go\u00fbt pur et agr\u00e9able. Lorsque la batterie est faible, il suffit de brancher le c\u00e2ble de donn\u00e9es USB-C et d'utiliser le c\u00e2ble de charge de votre t\u00e9l\u00e9phone pour la recharger. Simple et rapide, plus besoin de chercher un chargeur sp\u00e9cifique.<\/p>\n<h2 data-v-md-heading=\"specification-introduction\" data-v-md-line=\"11\">Introduction aux sp\u00e9cifications<\/h2>\n<ul data-v-md-line=\"12\">\n<li>Fr\u00e9quence d'aspiration : jusqu'\u00e0 50\u00a0000 fois<\/li>\n<li>Concentration de nicotine\u00a0: 5\u00a0% (l\u2019approvisionnement peut varier selon les pays\/r\u00e9gions afin de se conformer aux r\u00e9glementations locales)<\/li>\n<li>Principe de fonctionnement : Activation par inhalation<\/li>\n<li>Chargement\u00a0: port USB Type-C, rechargeable<\/li>\n<li>Capacit\u00e9 du r\u00e9servoir d'e-liquide : 30 millilitres<\/li>\n<li>Batterie : 850 mAh<\/li>\n<li>Noyau d'atomisation : Triple grille 1,0 \u03a9<\/li>\n<li>Contr\u00f4le du refroidissement : \u00ab point de cong\u00e9lation \u00bb r\u00e9glable sur cinq niveaux<\/li>\n<li>Mat\u00e9riau : Alliage et PCTG<\/li>\n<li>\u00c9tat : Pr\u00eat \u00e0 l'emploi d\u00e8s le d\u00e9ballage<\/li>\n<\/ul>\n<h2 data-v-md-heading=\"for-you-and-your-business\" data-v-md-line=\"23\">Pour vous et votre entreprise<\/h2>\n<p data-v-md-line=\"24\">Vous pouvez choisir le paquet de cigarettes SFOG Gazzbar Ice God 50K pour votre usage personnel ou pour votre magasin. Nous proposons des produits authentiques et acceptons les commandes en gros, avec des emballages transparents. N'h\u00e9sitez pas \u00e0 nous contacter pour conna\u00eetre les formats et les prix actuels des paquets.<\/p>\n<p data-v-md-line=\"26\">Nous proposons des services de livraison DDP en Europe via UPS, DPD et DHL, ce qui permet de traiter les droits de douane \u00e0 l'avance et d'\u00e9viter tout probl\u00e8me impr\u00e9vu. Une exp\u00e9dition rapide et un suivi pr\u00e9cis garantissent le bon d\u00e9roulement de votre commande.<\/p>\n<h2 data-v-md-heading=\"why-do-you-like-it\" data-v-md-line=\"28\">Pourquoi l'aimes-tu ?<\/h2>\n<ul data-v-md-line=\"29\">\n<li>Grande capacit\u00e9 d'aspiration\u00a0: dur\u00e9e d'aspiration prolong\u00e9e, donc fr\u00e9quence de renouvellement d'air r\u00e9duite.<\/li>\n<li>Gla\u00e7ons \u00e0 temp\u00e9rature r\u00e9glable : peuvent \u00eatre ajust\u00e9s avec pr\u00e9cision, d'une temp\u00e9rature l\u00e9g\u00e8rement froide \u00e0 une temp\u00e9rature rafra\u00eechissante.<\/li>\n<li>Rechargeable : Utilisez tout le e-liquide que vous avez pay\u00e9.<\/li>\n<li>Noyau d'atomisation \u00e0 mailles : Chaque aspiration produit une texture lisse et homog\u00e8ne.<\/li>\n<li>Grande capacit\u00e9 : 30 millilitres, durable et r\u00e9sistant.<\/li>\n<li>Interface Type-C, recharge pratique : facile \u00e0 recharger avec les c\u00e2bles habituels.<\/li>\n<\/ul>\n<h2 data-v-md-heading=\"why-collaborate-with-agoravape\" data-v-md-line=\"36\">Pourquoi collaborer avec AgoraVape ?<\/h2>\n<p data-v-md-line=\"37\">Nous ne vendons que des produits 100 % authentiques, sans le moindre doute. Pour les professionnels, cela se traduit par des prix de gros comp\u00e9titifs, un service attentionn\u00e9 et une livraison DDP rapide des vaporisateurs SFOG Gazzbar Ice God 50K \u00e0 poche de glace r\u00e9glable. Contactez-nous pour vous approvisionner en appareils que vos clients appr\u00e9cieront et dont ils pourront se procurer r\u00e9guli\u00e8rement.<\/p>\n<p data-v-md-line=\"39\">Avis de conformit\u00e9\u00a0: La disponibilit\u00e9 du produit et sa concentration en nicotine peuvent varier selon les pays\/r\u00e9gions afin de respecter la r\u00e9glementation europ\u00e9enne et locale. En cas de doute concernant la r\u00e9glementation en vigueur sur votre march\u00e9, veuillez consulter notre \u00e9quipe qui vous fournira toutes les informations n\u00e9cessaires.<\/p>","protected":false},"excerpt":{"rendered":"<p>What is the SFOG Gazzbar Ice God 50K suction adjustable ice atomizer like? If you\u2019re tired of disposable e-liquid used<\/p>","protected":false},"featured_media":13351,"comment_status":"open","ping_status":"closed","template":"","meta":[],"product_brand":[208],"product_cat":[124,185,1641,194,176,177,174,175,193,191,135,173,186,180,190],"product_tag":[],"class_list":{"0":"post-13355","1":"product","2":"type-product","3":"status-publish","4":"has-post-thumbnail","6":"product_brand-sfog","7":"product_cat-vape-by-brand","8":"product_cat-10000-puffs-high-capacity","9":"product_cat-50000-puffs","10":"product_cat-adjustable-airflow","11":"product_cat-beverage","12":"product_cat-dessert-sweets","13":"product_cat-fruit-flavors","14":"product_cat-icy-mint","15":"product_cat-mesh-coil","16":"product_cat-rechargeable-disposables","17":"product_cat-sfog","18":"product_cat-vape-by-flavor-profile","19":"product_cat-vape-by-nicotine-strength","20":"product_cat-vape-by-puff-count","21":"product_cat-vape-by-feature-or-type","23":"first","24":"instock","25":"shipping-taxable","26":"purchasable","27":"product-type-variable","28":"has-default-attributes"},"tiered_pricing_type":"percentage","tiered_pricing_fixed_rules":[],"tiered_pricing_product_settings":{"layout":"default","base_unit_name":{"singular":null,"plural":null},"default_variation":null},"tiered_pricing_minimum_quantity":10,"tiered_pricing_roles_data":[],"tiered_pricing_percentage_rules":{"30":"29","50":"35","100":"40","200":"44","500":"47","1000":"49"},"tiered_pricing_maximum_quantity":null,"tiered_pricing_quantity_step":"10","_links":{"self":[{"href":"https:\/\/agoravape.com\/fr\/wp-json\/wp\/v2\/product\/13355","targetHints":{"allow":["GET"]}}],"collection":[{"href":"https:\/\/agoravape.com\/fr\/wp-json\/wp\/v2\/product"}],"about":[{"href":"https:\/\/agoravape.com\/fr\/wp-json\/wp\/v2\/types\/product"}],"replies":[{"embeddable":true,"href":"https:\/\/agoravape.com\/fr\/wp-json\/wp\/v2\/comments?post=13355"}],"version-history":[{"count":0,"href":"https:\/\/agoravape.com\/fr\/wp-json\/wp\/v2\/product\/13355\/revisions"}],"wp:featuredmedia":[{"embeddable":true,"href":"https:\/\/agoravape.com\/fr\/wp-json\/wp\/v2\/media\/13351"}],"wp:attachment":[{"href":"https:\/\/agoravape.com\/fr\/wp-json\/wp\/v2\/media?parent=13355"}],"wp:term":[{"taxonomy":"product_brand","embeddable":true,"href":"https:\/\/agoravape.com\/fr\/wp-json\/wp\/v2\/product_brand?post=13355"},{"taxonomy":"product_cat","embeddable":true,"href":"https:\/\/agoravape.com\/fr\/wp-json\/wp\/v2\/product_cat?post=13355"},{"taxonomy":"product_tag","embeddable":true,"href":"https:\/\/agoravape.com\/fr\/wp-json\/wp\/v2\/product_tag?post=13355"}],"curies":[{"name":"wp","href":"https:\/\/api.w.org\/{rel}","templated":true}]}}