{"id":13389,"date":"2025-10-11T15:26:33","date_gmt":"2025-10-11T07:26:33","guid":{"rendered":"https:\/\/green-grasshopper-921422.hostingersite.com\/?post_type=product&#038;p=13389"},"modified":"2026-01-19T22:08:07","modified_gmt":"2026-01-19T14:08:07","slug":"sfog-galaxy-bar-30k-puffs-dual-mode-vape","status":"publish","type":"product","link":"https:\/\/agoravape.com\/fr\/product\/sfog-galaxy-bar-30k-puffs-dual-mode-vape\/","title":{"rendered":"SFOG Galaxy Bar 30K Puffs Vape jetable double mode | Saveur longue dur\u00e9e, utilisation simplifi\u00e9e"},"content":{"rendered":"<h2 data-v-md-heading=\"what-are-the-highlights-of-the-sfog-galaxy-bar-30k-dual-mode-disposable-vape\" data-v-md-line=\"3\">What are the highlights of the SFOG Galaxy Bar 30K dual-mode disposable vape?<\/h2>\n<p data-v-md-line=\"4\">If you\u2019re tired of changing disposable vapes the next day, this product will make your life easier. The SFOG Galaxy Bar 30K has strong battery life and is equipped with dual modes, allowing you to use it for longer periods of time or choose stronger power according to your preferences.<\/p>\n<p data-v-md-line=\"6\">If you want simple and reliable performance with a rich taste, without the need for tedious operations, then it is your ideal choice. No menu, no learning curve required. Just bring a consistently smooth experience from the first bite to the last bite.<\/p>\n<h2 data-v-md-heading=\"excellent-performance-worry-free-and-effortless\" data-v-md-line=\"8\">Excellent performance, worry free and effortless<\/h2>\n<p data-v-md-line=\"9\">It is equipped with dual core coils and dual mesh atomizing cores inside. Even if you take a deep breath, you can maintain a pure and stable taste. You can choose the regular mode, which can draw up to 30000 puffs; Or switch to pulse mode for a stronger suction experience, up to 15000 puffs. Such long-lasting vapes naturally have a gradually decreasing suction speed towards the end, but the design of the mesh coil keeps them delicious at all times.<\/p>\n<h2 data-v-md-heading=\"specification-overview\" data-v-md-line=\"11\">Aper\u00e7u des sp\u00e9cifications<\/h2>\n<ul data-v-md-line=\"12\">\n<li>Suction frequency: Normal mode can draw up to 30000 puffs, pulse mode can draw up to 15000 puffs<\/li>\n<li>Teneur en nicotine : 5 %<\/li>\n<li>Working mode: dual-mode (regular or pulse)<\/li>\n<li>Charging method: rechargeable battery<\/li>\n<li>E-liquid capacity: 28 milliliters<\/li>\n<li>Coil: Double mesh coil, 1.0 \u03a9<\/li>\n<li>Batterie : 850 mAh<\/li>\n<li>\u00c9tat : Pr\u00eat \u00e0 l'emploi d\u00e8s la sortie de l'emballage<\/li>\n<\/ul>\n<p data-v-md-line=\"21\">Note: Nicotine concentration may vary by country\/region. Please refer to local regulations.<\/p>\n<h2 data-v-md-heading=\"full-flavor-series\" data-v-md-line=\"23\">S\u00e9rie compl\u00e8te de saveurs<\/h2>\n<ul data-v-md-line=\"24\">\n<li>Strawberry B-POF<\/li>\n<li>Blue Ranch Owner<\/li>\n<li>Raspberry Peach Ice<\/li>\n<li>Mangue acidul\u00e9e Ananas<\/li>\n<li>Blue Rink Ice<\/li>\n<li>Lime, Berry, Orange<\/li>\n<li>Lemon Head<\/li>\n<li>Glace \u00e0 la past\u00e8que<\/li>\n<li>BlackBerry B-POP<\/li>\n<li>Monnaie de Miami<\/li>\n<li>Glace \u00e0 la pomme verte<\/li>\n<li>Pomelo Coolness<\/li>\n<li>Banana toffee ice<\/li>\n<li>Transparent<\/li>\n<\/ul>\n<h2 data-v-md-heading=\"for-you-and-for-your-business-as-well\" data-v-md-line=\"39\">Pour vous, et pour votre entreprise \u00e9galement<\/h2>\n<p data-v-md-line=\"40\">Buying for oneself? Simple and convenient. Choose your taste, choose your mode, and enjoy long-lasting replacement intervals. The Galaxy Bar 30K has a simple feel and consistent taste, which is trustworthy.<\/p>\n<p data-v-md-line=\"42\">Do you operate a physical store or an online store? We supply SFOG Galaxy Bar 30K in practical wholesale form. The display box can accommodate 5 pieces, and the main box can accommodate 150 pieces. We provide DDP delivery services through trusted partners such as UPS, DPD, and DHL, so you can get clear landed costs and avoid customs accidents.<\/p>\n<h2 data-v-md-heading=\"why-do-you-like-it\" data-v-md-line=\"44\">Pourquoi l'aimes-tu ?<\/h2>\n<ul data-v-md-line=\"45\">\n<li>Grande capacit\u00e9 d'aspiration : Durable et r\u00e9sistante, elle ne n\u00e9cessite pas l'achat fr\u00e9quent de nouvelles cartouches.<\/li>\n<li>Mode selection: The regular mode can achieve the longest suction time, while the pulse mode can bring a stronger suction experience.<\/li>\n<li>Rechargeable: allows you to use the 28ml capacity purchased at the time of purchase.<\/li>\n<li>R\u00e9sistance mesh : Elle offre toujours une saveur riche et constante.<\/li>\n<\/ul>\n<h2 data-v-md-heading=\"why-choose-to-collaborate-with-agoravape\" data-v-md-line=\"50\">Pourquoi choisir de collaborer avec AgoraVape ?<\/h2>\n<p data-v-md-line=\"51\">Nous ne vendons que des produits 100 % authentiques et nous en assumons l'enti\u00e8re responsabilit\u00e9. En achetant en gros les cigarettes \u00e9lectroniques jetables double mode SFOG Galaxy Bar 30K, vous b\u00e9n\u00e9ficierez de prix r\u00e9duits, d'une assistance fiable et d'une livraison DDP rapide et s\u00e9curis\u00e9e. Vous souhaitez r\u00e9server un appareil pour vos clients fid\u00e8les\u00a0? Nous nous chargeons de tout.<\/p>\n<p><script src=\"chrome-extension:\/\/fpelahbljekknahkcaegamhcndkfpfnc\/iFrame.js\" type=\"text\/javascript\"><\/script><\/p>","protected":false},"excerpt":{"rendered":"<p>What are the highlights of the SFOG Galaxy Bar 30K dual-mode disposable vape? If you\u2019re tired of changing disposable vapes<\/p>","protected":false},"featured_media":13425,"comment_status":"open","ping_status":"closed","template":"","meta":[],"product_brand":[208],"product_cat":[124,185,1637,194,174,175,193,191,135,173,186,180,190],"product_tag":[],"class_list":{"0":"post-13389","1":"product","2":"type-product","3":"status-publish","4":"has-post-thumbnail","6":"product_brand-sfog","7":"product_cat-vape-by-brand","8":"product_cat-10000-puffs-high-capacity","9":"product_cat-30000-puffs","10":"product_cat-adjustable-airflow","11":"product_cat-fruit-flavors","12":"product_cat-icy-mint","13":"product_cat-mesh-coil","14":"product_cat-rechargeable-disposables","15":"product_cat-sfog","16":"product_cat-vape-by-flavor-profile","17":"product_cat-vape-by-nicotine-strength","18":"product_cat-vape-by-puff-count","19":"product_cat-vape-by-feature-or-type","21":"first","22":"onbackorder","23":"shipping-taxable","24":"purchasable","25":"product-type-variable","26":"has-default-attributes"},"tiered_pricing_type":"percentage","tiered_pricing_fixed_rules":[],"tiered_pricing_product_settings":{"layout":"default","base_unit_name":{"singular":null,"plural":null},"default_variation":null},"tiered_pricing_minimum_quantity":10,"tiered_pricing_roles_data":[],"tiered_pricing_percentage_rules":{"30":"29","50":"35","100":"40","200":"44","500":"47","1000":"49"},"tiered_pricing_maximum_quantity":null,"tiered_pricing_quantity_step":"10","_links":{"self":[{"href":"https:\/\/agoravape.com\/fr\/wp-json\/wp\/v2\/product\/13389","targetHints":{"allow":["GET"]}}],"collection":[{"href":"https:\/\/agoravape.com\/fr\/wp-json\/wp\/v2\/product"}],"about":[{"href":"https:\/\/agoravape.com\/fr\/wp-json\/wp\/v2\/types\/product"}],"replies":[{"embeddable":true,"href":"https:\/\/agoravape.com\/fr\/wp-json\/wp\/v2\/comments?post=13389"}],"version-history":[{"count":0,"href":"https:\/\/agoravape.com\/fr\/wp-json\/wp\/v2\/product\/13389\/revisions"}],"wp:featuredmedia":[{"embeddable":true,"href":"https:\/\/agoravape.com\/fr\/wp-json\/wp\/v2\/media\/13425"}],"wp:attachment":[{"href":"https:\/\/agoravape.com\/fr\/wp-json\/wp\/v2\/media?parent=13389"}],"wp:term":[{"taxonomy":"product_brand","embeddable":true,"href":"https:\/\/agoravape.com\/fr\/wp-json\/wp\/v2\/product_brand?post=13389"},{"taxonomy":"product_cat","embeddable":true,"href":"https:\/\/agoravape.com\/fr\/wp-json\/wp\/v2\/product_cat?post=13389"},{"taxonomy":"product_tag","embeddable":true,"href":"https:\/\/agoravape.com\/fr\/wp-json\/wp\/v2\/product_tag?post=13389"}],"curies":[{"name":"wp","href":"https:\/\/api.w.org\/{rel}","templated":true}]}}