{"id":13518,"date":"2025-10-11T16:22:46","date_gmt":"2025-10-11T08:22:46","guid":{"rendered":"https:\/\/green-grasshopper-921422.hostingersite.com\/?post_type=product&#038;p=13518"},"modified":"2026-01-19T22:07:49","modified_gmt":"2026-01-19T14:07:49","slug":"sfog-gt-bar-15000-puffs-dtl-vape","status":"publish","type":"product","link":"https:\/\/agoravape.com\/fr\/product\/sfog-gt-bar-15000-puffs-dtl-vape\/","title":{"rendered":"SFOG GT Bar 15000 bouff\u00e9es | Longues sessions DTL aux saveurs inspir\u00e9es du narguil\u00e9"},"content":{"rendered":"<h2 data-v-md-heading=\"what-exactly-is-the-sfog-gt-bar-15000-mouth-hookah-flavored-dtl-vape\" data-v-md-line=\"3\">Qu'est-ce que le SFOG GT Bar 15000, une cigarette \u00e9lectronique DTL (inhalation directe) \u00e0 saveur de narguil\u00e9 ?<\/h2>\n<p data-v-md-line=\"4\">Si vous en avez assez des cigarettes \u00e9lectroniques jetables dont la batterie se d\u00e9charge avant la fin de la semaine, ce produit est fait pour vous. La SFOG GT Bar offre jusqu'\u00e0 15\u00a0000 bouff\u00e9es en inhalation directe (DTL), pour une exp\u00e9rience de vapotage transparente plus proche de celle d'une chicha que d'une cigarette \u00e9lectronique compacte classique \u00e0 aspiration buccale.<\/p>\n<p data-v-md-line=\"6\">Pour ceux qui recherchent une saveur durable sans les contraintes d'installation, ce produit est id\u00e9al. Il offre un m\u00e9lange de saveurs de chicha, une batterie rechargeable et une r\u00e9sistance mesh qui assure une saveur constante. On pourrait s'attendre \u00e0 ce qu'un appareil avec autant de ports soit aussi encombrant qu'une brique, mais il est \u00e9tonnamment abordable.<\/p>\n<h2 data-v-md-heading=\"excellent-performance-and-easy-operation\" data-v-md-line=\"8\">Excellentes performances et facilit\u00e9 d'utilisation<\/h2>\n<p data-v-md-line=\"9\">Son atomiseur int\u00e9gr\u00e9 \u00e0 mesh de 0,6 \u03a9 assure une vapeur dense et un go\u00fbt constant, pour une vape sans interruption. Sans menu ni bouton, il est facile \u00e0 utiliser. Lorsque la batterie est faible, il se recharge via l'interface USB-C. Utiliser le m\u00eame c\u00e2ble de donn\u00e9es qu'un t\u00e9l\u00e9phone portable est simple et pratique.<\/p>\n<h2 data-v-md-heading=\"specification-overview\" data-v-md-line=\"11\">Aper\u00e7u des sp\u00e9cifications<\/h2>\n<ul data-v-md-line=\"12\">\n<li>Fr\u00e9quence d'aspiration : jusqu'\u00e0 15\u00a0000 fois<\/li>\n<li>Nicotine : 0,5 % de sel de nicotine (environ 5 milligrammes par millilitre)<\/li>\n<li>E-liquide : 22 millilitres<\/li>\n<li>Noyau d'atomisation : noyau d'atomisation en maille de 0,6 \u03a9<\/li>\n<li>Batterie : batterie rechargeable de 600 mAh<\/li>\n<li>Principe de fonctionnement : S'active en une seule bouff\u00e9e<\/li>\n<li>M\u00e9thode de chargement\u00a0: interface USB Type-C standard<\/li>\n<li>\u00c9tat : Pr\u00eat \u00e0 l'emploi d\u00e8s la sortie de l'emballage<\/li>\n<li>Dimensions et poids\u00a0: environ 32 x 123 millim\u00e8tres, 110 grammes<\/li>\n<\/ul>\n<h2 data-v-md-heading=\"full-flavor-series\" data-v-md-line=\"22\">S\u00e9rie compl\u00e8te de saveurs<\/h2>\n<ul data-v-md-line=\"23\">\n<li>Baie comme<\/li>\n<li>Gomme \u00e0 la myrtille<\/li>\n<li>Carnaval des Cerises<\/li>\n<li>Pommes doubles<\/li>\n<li>Citron comme<\/li>\n<li>Glace \u00e0 la mangue<\/li>\n<li>Glace \u00e0 la p\u00eache<\/li>\n<li>fruit de la passion sucr\u00e9<\/li>\n<li>Glace au cassis<\/li>\n<li>Glace au raisin<\/li>\n<\/ul>\n<h2 data-v-md-heading=\"for-you-and-for-your-business-as-well\" data-v-md-line=\"34\">Pour vous, et pour votre entreprise \u00e9galement<\/h2>\n<p data-v-md-line=\"35\">Vous pouvez en acheter un pour votre usage personnel ou constituer un stock pour votre magasin. Nous fournissons 10 pr\u00e9sentoirs pour faciliter la gestion des rayons et simplifier le r\u00e9approvisionnement. Les commandes en gros sont disponibles en emballages vrac et en cartons. Pour toute sp\u00e9cification d'emballage relative \u00e0 la gestion de votre entrep\u00f4t, veuillez contacter notre \u00e9quipe.<\/p>\n<p data-v-md-line=\"37\">Nous proposons des services de livraison DDP avec des partenaires de confiance tels que UPS, DPD et DHL \u00e0 travers l'Europe, vous garantissant ainsi des d\u00e9lais de livraison pr\u00e9cis et \u00e9vitant les probl\u00e8mes de douane. Nous acceptons les principales cartes de cr\u00e9dit et les paiements s\u00e9curis\u00e9s PayPal pour un r\u00e8glement en toute simplicit\u00e9.<\/p>\n<p data-v-md-line=\"39\">Explication succincte de la conformit\u00e9\u00a0: ce type de cigarette \u00e9lectronique jetable de grande capacit\u00e9 d\u00e9passe la limite fix\u00e9e par la directive europ\u00e9enne sur les produits toxiques (TPD) concernant le volume de e-liquide. La disponibilit\u00e9 en magasin peut varier selon les pays et les r\u00e9gions. Veuillez consulter la r\u00e9glementation locale avant de passer commande.<\/p>\n<h2 data-v-md-heading=\"why-do-you-like-it\" data-v-md-line=\"41\">Pourquoi l'aimes-tu ?<\/h2>\n<ul data-v-md-line=\"42\">\n<li>Autonomie d'aspiration accrue\u00a0: dur\u00e9e de vie de la batterie prolong\u00e9e, remplacement moins fr\u00e9quent n\u00e9cessaire.<\/li>\n<li>S\u00e9lection de la nicotine\u00a0: le sel de nicotine \u00e0 0,5\u00a0% offre une exp\u00e9rience plus douce et plus l\u00e9g\u00e8re.<\/li>\n<li>Rechargeable : Le e-liquide durera jusqu'\u00e0 \u00e9puisement.<\/li>\n<li>Bobine en mesh : Chaque bouch\u00e9e conserve une saveur riche et une consistance homog\u00e8ne.<\/li>\n<\/ul>\n<h2 data-v-md-heading=\"why-choose-to-collaborate-with-agoravape\" data-v-md-line=\"47\">Pourquoi choisir de collaborer avec AgoraVape ?<\/h2>\n<p data-v-md-line=\"48\">Nous nous approvisionnons exclusivement aupr\u00e8s de revendeurs agr\u00e9\u00e9s pour les produits SFOG authentiques. D\u00e9couvrez les vaporisateurs DTL SFOG GT Bar 15000 \u00e0 saveur de narguil\u00e9, propos\u00e9s \u00e0 des prix de gros tr\u00e8s comp\u00e9titifs, avec un service client fiable et une livraison DDP rapide. Vous souhaitez cr\u00e9er un produit que vos clients adorent\u00a0? Contactez-nous, nous serons ravis de vous aider.<\/p>\n<p><script src=\"chrome-extension:\/\/fpelahbljekknahkcaegamhcndkfpfnc\/iFrame.js\" type=\"text\/javascript\"><\/script><\/p>","protected":false},"excerpt":{"rendered":"<p>What exactly is the SFOG GT Bar 15000 mouth hookah flavored DTL vape? If you are tired of disposable vapes<\/p>","protected":false},"featured_media":13562,"comment_status":"open","ping_status":"closed","template":"","meta":[],"product_brand":[208],"product_cat":[124,185,1635,174,175,193,191,135,173,186,180,190],"product_tag":[],"class_list":{"0":"post-13518","1":"product","2":"type-product","3":"status-publish","4":"has-post-thumbnail","6":"product_brand-sfog","7":"product_cat-vape-by-brand","8":"product_cat-10000-puffs-high-capacity","9":"product_cat-15000-puffs","10":"product_cat-fruit-flavors","11":"product_cat-icy-mint","12":"product_cat-mesh-coil","13":"product_cat-rechargeable-disposables","14":"product_cat-sfog","15":"product_cat-vape-by-flavor-profile","16":"product_cat-vape-by-nicotine-strength","17":"product_cat-vape-by-puff-count","18":"product_cat-vape-by-feature-or-type","20":"first","21":"onbackorder","22":"shipping-taxable","23":"purchasable","24":"product-type-variable","25":"has-default-attributes"},"tiered_pricing_type":"percentage","tiered_pricing_fixed_rules":[],"tiered_pricing_product_settings":{"layout":"default","base_unit_name":{"singular":null,"plural":null},"default_variation":null},"tiered_pricing_minimum_quantity":10,"tiered_pricing_roles_data":[],"tiered_pricing_percentage_rules":{"30":"29","50":"35","100":"40","200":"44","500":"47","1000":"49"},"tiered_pricing_maximum_quantity":null,"tiered_pricing_quantity_step":"10","_links":{"self":[{"href":"https:\/\/agoravape.com\/fr\/wp-json\/wp\/v2\/product\/13518","targetHints":{"allow":["GET"]}}],"collection":[{"href":"https:\/\/agoravape.com\/fr\/wp-json\/wp\/v2\/product"}],"about":[{"href":"https:\/\/agoravape.com\/fr\/wp-json\/wp\/v2\/types\/product"}],"replies":[{"embeddable":true,"href":"https:\/\/agoravape.com\/fr\/wp-json\/wp\/v2\/comments?post=13518"}],"version-history":[{"count":0,"href":"https:\/\/agoravape.com\/fr\/wp-json\/wp\/v2\/product\/13518\/revisions"}],"wp:featuredmedia":[{"embeddable":true,"href":"https:\/\/agoravape.com\/fr\/wp-json\/wp\/v2\/media\/13562"}],"wp:attachment":[{"href":"https:\/\/agoravape.com\/fr\/wp-json\/wp\/v2\/media?parent=13518"}],"wp:term":[{"taxonomy":"product_brand","embeddable":true,"href":"https:\/\/agoravape.com\/fr\/wp-json\/wp\/v2\/product_brand?post=13518"},{"taxonomy":"product_cat","embeddable":true,"href":"https:\/\/agoravape.com\/fr\/wp-json\/wp\/v2\/product_cat?post=13518"},{"taxonomy":"product_tag","embeddable":true,"href":"https:\/\/agoravape.com\/fr\/wp-json\/wp\/v2\/product_tag?post=13518"}],"curies":[{"name":"wp","href":"https:\/\/api.w.org\/{rel}","templated":true}]}}