{"id":13564,"date":"2025-10-11T17:11:01","date_gmt":"2025-10-11T09:11:01","guid":{"rendered":"https:\/\/green-grasshopper-921422.hostingersite.com\/?post_type=product&#038;p=13564"},"modified":"2026-01-13T00:53:13","modified_gmt":"2026-01-12T16:53:13","slug":"sfog-gazzbar-rocket-20k-puffs-vape","status":"publish","type":"product","link":"https:\/\/agoravape.com\/fr\/product\/sfog-gazzbar-rocket-20k-puffs-vape\/","title":{"rendered":"SFOG Gazzbar Rocket 20K Puffs Double Mode Vape | Une saveur intense qui dure"},"content":{"rendered":"<h2 data-v-md-heading=\"what-exactly-is-the-sfog-gazzbar-rocket-20k-dual-mode-vape\" data-v-md-line=\"3\">Qu'est-ce que le vaporisateur double mode SFOG Gazzbar Rocket 20K exactement ?<\/h2>\n<p data-v-md-line=\"4\">Si vous en avez assez des cigarettes \u00e9lectroniques jetables qui p\u00e9riment au bout de quelques jours, ce produit pourrait vous int\u00e9resser. La SFOG Gazzbar Rocket offre une autonomie exceptionnelle, jusqu'\u00e0 20\u00a0000 bouff\u00e9es en mode normal. Pour une aspiration plus intense et puissante, passez en mode puls\u00e9 et profitez tout de m\u00eame de 10\u00a0000 bouff\u00e9es.<\/p>\n<p data-v-md-line=\"6\">Pour profiter facilement de saveurs riches, cette cigarette \u00e9lectronique est id\u00e9ale. Aucun r\u00e9glage complexe ni recharge fastidieuse ne sont n\u00e9cessaires. Robuste et durable, elle vous accompagnera pendant une semaine enti\u00e8re, vous permettant de vapoter en toute simplicit\u00e9.<\/p>\n<h2 data-v-md-heading=\"excellent-performance-worry-free\" data-v-md-line=\"8\">Excellentes performances, sans souci<\/h2>\n<p data-v-md-line=\"9\">Dot\u00e9 de r\u00e9sistances \u00e0 double c\u0153ur et double mesh int\u00e9gr\u00e9es, ce dispositif garantit une saveur constante \u00e0 chaque bouff\u00e9e. L'aspiration est douce, le go\u00fbt pur, sans risque de combustion ni de condensation. Lorsque la batterie est faible, il suffit de la recharger pour continuer \u00e0 l'utiliser. Facile \u00e0 utiliser.<\/p>\n<h2 data-v-md-heading=\"specification-introduction\" data-v-md-line=\"11\">Introduction aux sp\u00e9cifications<\/h2>\n<p data-v-md-line=\"12\">- Fr\u00e9quence d'aspiration : jusqu'\u00e0 20\u00a0000 fois en mode normal. Maximum 10\u00a0000 fois en mode puls\u00e9.<br \/>\n-Capacit\u00e9 du r\u00e9servoir d'e-liquide : 18 millilitres<br \/>\n-Nicotine : 5 % de sel de nicotine<br \/>\nBobine : Bobine \u00e0 double noyau et double maille. R\u00e9sistance de 1,0 \u03a9<br \/>\n-Batterie : 650 mAh<br \/>\n-Principe de fonctionnement : S'active en une seule bouff\u00e9e<br \/>\n- M\u00e9thode de chargement : chargement USB<br \/>\n-\u00c9tat\u00a0: Pr\u00eat \u00e0 l\u2019emploi d\u00e8s la sortie de la bo\u00eete<br \/>\nDimensions et poids\u00a0: 82 \u00d7 52 \u00d7 27 millim\u00e8tres. Poids net\u00a0: 81 grammes.<\/p>\n<h2 data-v-md-heading=\"full-flavor-series\" data-v-md-line=\"22\">S\u00e9rie compl\u00e8te de saveurs<\/h2>\n<p data-v-md-line=\"23\">-Glace blanche g\u00e9latineuse<br \/>\nGlace \u00e0 la fraise et au kiwi<br \/>\n-Patinoire bleue<br \/>\nGlace \u00e0 la fraise et \u00e0 la banane<br \/>\nGlace \u00e0 la pomme verte<br \/>\nGlace \u00e0 la fraise et \u00e0 la mangue<br \/>\n-Patinoire bleue<br \/>\n-Onde de choc arc-en-ciel tropicale<br \/>\n-Glace \u00e0 la p\u00eache<br \/>\n-Glace \u00e0 la past\u00e8que<br \/>\nGlace \u00e0 la mangue mexicaine<br \/>\n-Transparent<br \/>\n-Miami Mint<br \/>\n-Tabac<\/p>\n<h2 data-v-md-heading=\"for-you-and-for-your-business-as-well\" data-v-md-line=\"38\">Pour vous, et pour votre entreprise \u00e9galement<\/h2>\n<p data-v-md-line=\"39\">Vous pouvez utiliser le SFOG Gazzbar Rocket 20K \u00e0 titre personnel ou l'acheter pour votre magasin. Le carton int\u00e9rieur en gros contient 10 unit\u00e9s, ce qui vous permet de cr\u00e9er facilement un pr\u00e9sentoir soign\u00e9 ou de r\u00e9approvisionner rapidement vos rayons. Cet appareil est \u00e9tonnamment portable et n\u00e9cessite moins de cycles d'aspiration. Malgr\u00e9 ses dimensions compactes (82 \u00d7 52 \u00d7 27 mm), il se glisse facilement dans une poche.<\/p>\n<p data-v-md-line=\"41\">Nous collaborons avec des partenaires de confiance tels que UPS, DPD et DHL pour exp\u00e9dier vos marchandises en DDP (rendu droits acquitt\u00e9s), garantissant ainsi une livraison sans encombre et \u00e9vitant les probl\u00e8mes de douane. Pour les achats en gros, nous \u00e9tablirons un calendrier fiable et simplifierons les d\u00e9marches administratives.<\/p>\n<h2 data-v-md-heading=\"why-do-you-like-it\" data-v-md-line=\"43\">Pourquoi l'aimes-tu ?<\/h2>\n<p data-v-md-line=\"44\">- Volume de fum\u00e9e important : dur\u00e9e de fumage prolong\u00e9e, pas besoin d'acheter fr\u00e9quemment de nouvelles cigarettes<br \/>\n-Mode aspiration\u00a0: Mode normal, aspiration douce. Mode puls\u00e9, aspiration forte et puissante.<br \/>\n- Rechargeable : Vous pouvez utiliser tous les e-liquides achet\u00e9s.<br \/>\n- R\u00e9sistance mesh : du premier au dernier bouff\u00e9e, le go\u00fbt reste constant.<br \/>\n- Portable et facile \u00e0 transporter : grande capacit\u00e9, mais dimensions compactes<\/p>\n<h2 data-v-md-heading=\"why-choose-to-collaborate-with-agoravape\" data-v-md-line=\"50\">Pourquoi choisir de collaborer avec AgoraVape ?<\/h2>\n<p data-v-md-line=\"51\">Nous ne vendons que des produits 100 % authentiques, sans le moindre doute. Nos clients professionnels b\u00e9n\u00e9ficient de tarifs de gros avantageux, d'une assistance rapide et fiable, ainsi que d'une livraison tout aussi rapide et fiable pour les vaporisateurs double mode SFOG Gazzbar Rocket 20K. Si vous souhaitez r\u00e9server un appareil qui fid\u00e9lisera votre client\u00e8le, n'h\u00e9sitez pas \u00e0 nous contacter.<\/p>","protected":false},"excerpt":{"rendered":"<p>What exactly is the SFOG Gazzbar Rocket 20K dual-mode vape? If you are tired of disposable vapes that expire in<\/p>","protected":false},"featured_media":13585,"comment_status":"open","ping_status":"closed","template":"","meta":[],"product_brand":[208],"product_cat":[124,185,1636,174,175,193,191,135,178,179,173,186,180,190],"product_tag":[],"class_list":{"0":"post-13564","1":"product","2":"type-product","3":"status-publish","4":"has-post-thumbnail","6":"product_brand-sfog","7":"product_cat-vape-by-brand","8":"product_cat-10000-puffs-high-capacity","9":"product_cat-20000-puffs","10":"product_cat-fruit-flavors","11":"product_cat-icy-mint","12":"product_cat-mesh-coil","13":"product_cat-rechargeable-disposables","14":"product_cat-sfog","15":"product_cat-tobacco","16":"product_cat-unique-blends","17":"product_cat-vape-by-flavor-profile","18":"product_cat-vape-by-nicotine-strength","19":"product_cat-vape-by-puff-count","20":"product_cat-vape-by-feature-or-type","22":"first","23":"instock","24":"shipping-taxable","25":"purchasable","26":"product-type-variable","27":"has-default-attributes"},"tiered_pricing_type":"percentage","tiered_pricing_fixed_rules":[],"tiered_pricing_product_settings":{"layout":"default","base_unit_name":{"singular":null,"plural":null},"default_variation":null},"tiered_pricing_minimum_quantity":10,"tiered_pricing_roles_data":[],"tiered_pricing_percentage_rules":{"30":"29","50":"35","100":"40","200":"44","500":"47","1000":"49"},"tiered_pricing_maximum_quantity":null,"tiered_pricing_quantity_step":"10","_links":{"self":[{"href":"https:\/\/agoravape.com\/fr\/wp-json\/wp\/v2\/product\/13564","targetHints":{"allow":["GET"]}}],"collection":[{"href":"https:\/\/agoravape.com\/fr\/wp-json\/wp\/v2\/product"}],"about":[{"href":"https:\/\/agoravape.com\/fr\/wp-json\/wp\/v2\/types\/product"}],"replies":[{"embeddable":true,"href":"https:\/\/agoravape.com\/fr\/wp-json\/wp\/v2\/comments?post=13564"}],"version-history":[{"count":0,"href":"https:\/\/agoravape.com\/fr\/wp-json\/wp\/v2\/product\/13564\/revisions"}],"wp:featuredmedia":[{"embeddable":true,"href":"https:\/\/agoravape.com\/fr\/wp-json\/wp\/v2\/media\/13585"}],"wp:attachment":[{"href":"https:\/\/agoravape.com\/fr\/wp-json\/wp\/v2\/media?parent=13564"}],"wp:term":[{"taxonomy":"product_brand","embeddable":true,"href":"https:\/\/agoravape.com\/fr\/wp-json\/wp\/v2\/product_brand?post=13564"},{"taxonomy":"product_cat","embeddable":true,"href":"https:\/\/agoravape.com\/fr\/wp-json\/wp\/v2\/product_cat?post=13564"},{"taxonomy":"product_tag","embeddable":true,"href":"https:\/\/agoravape.com\/fr\/wp-json\/wp\/v2\/product_tag?post=13564"}],"curies":[{"name":"wp","href":"https:\/\/api.w.org\/{rel}","templated":true}]}}