{"id":13604,"date":"2025-10-11T18:07:45","date_gmt":"2025-10-11T10:07:45","guid":{"rendered":"https:\/\/green-grasshopper-921422.hostingersite.com\/?post_type=product&#038;p=13604"},"modified":"2026-01-19T22:07:43","modified_gmt":"2026-01-19T14:07:43","slug":"sfog-soul-bar-15000-puffs-beverage-vape","status":"publish","type":"product","link":"https:\/\/agoravape.com\/fr\/product\/sfog-soul-bar-15000-puffs-beverage-vape\/","title":{"rendered":"SFOG Soul Bar 15000 bouff\u00e9es, saveur boisson. Vapeur | Grande autonomie. Saveur inspir\u00e9e des boissons."},"content":{"rendered":"<h2 data-v-md-heading=\"what-is-the-charm-of-sfog-soul-bar-15000-mouth-beverage-flavored-vapes\" data-v-md-line=\"3\">Quel est le charme des cigarettes \u00e9lectroniques SFOG Soul Bar 15000 aromatis\u00e9es aux boissons ?<\/h2>\n<p data-v-md-line=\"4\">Si vous appr\u00e9ciez la libert\u00e9 de choisir vos boissons et que vous en avez assez des cigarettes \u00e9lectroniques jetables qui se p\u00e9riment rapidement, ce produit est fait pour vous. La SFOG Soul Bar propose des saveurs classiques pour une exp\u00e9rience relaxante et pratique. Durable, au go\u00fbt stable et facile \u00e0 utiliser.<\/p>\n<p data-v-md-line=\"6\">Si vous recherchez une cigarette \u00e9lectronique fiable au quotidien, sans avoir \u00e0 vous soucier du flacon ou de la r\u00e9sistance, ce produit est fait pour vous. Choisissez votre saveur pr\u00e9f\u00e9r\u00e9e et d\u00e9couvrez le vapotage.<\/p>\n<h2 data-v-md-heading=\"excellent-performance-easy-and-convenient\" data-v-md-line=\"8\">Excellentes performances, facile et pratique<\/h2>\n<p data-v-md-line=\"9\">Soul Bar mise sur la constance. Du d\u00e9but \u00e0 la fin, vous profiterez d'une vapeur douce et homog\u00e8ne, pour un go\u00fbt familier d\u00e8s la premi\u00e8re utilisation. Lorsque la batterie est faible, il suffit de la recharger pour continuer \u00e0 l'utiliser. Pas besoin de boutons ni de menus. Une cigarette \u00e9lectronique simple et intuitive qui s'int\u00e8gre parfaitement \u00e0 votre quotidien. Vous pensez peut-\u00eatre qu'utiliser un appareil \u00e0 15\u00a0000\u00a0mAh est compliqu\u00e9, mais en r\u00e9alit\u00e9, c'est un jeu d'enfant.<\/p>\n<h2 data-v-md-heading=\"specification-introduction\" data-v-md-line=\"11\">Introduction aux sp\u00e9cifications<\/h2>\n<ul data-v-md-line=\"12\">\n<li>Nombre de ports : jusqu'\u00e0 15 000 ports<\/li>\n<li>Nicotine\u00a0: Les concentrations propos\u00e9es varient selon les march\u00e9s. Veuillez consulter les options sur cette page.<\/li>\n<li>Principe de fonctionnement : Activation par inhalation<\/li>\n<li>Recharge\u00a0: Mod\u00e8le rechargeable. La plupart des mod\u00e8les utilisent actuellement une interface USB Type-C. Veuillez v\u00e9rifier votre appareil.<\/li>\n<li>\u00c9tat : Pr\u00eat \u00e0 l'emploi d\u00e8s le d\u00e9ballage<\/li>\n<\/ul>\n<h2 data-v-md-heading=\"full-flavor-series\" data-v-md-line=\"18\">S\u00e9rie compl\u00e8te de saveurs<\/h2>\n<ul data-v-md-line=\"19\">\n<li>yaourt aromatis\u00e9 \u00e0 l'orange<\/li>\n<li>Saveur originale de Yakut<\/li>\n<li>Energy drinks<\/li>\n<li>Coca-Cola classique<\/li>\n<li>Rhum \u00e0 l'ananas et \u00e0 la noix de coco<\/li>\n<li>Jus de mangue<\/li>\n<li>Yaourt p\u00eache-mangue<\/li>\n<li>Cr\u00e8me glac\u00e9e au taro<\/li>\n<li>glace \u00e0 la fraise<\/li>\n<li>Litchi et longane<\/li>\n<li>Raisins et pommes<\/li>\n<li>jus de myrtille<\/li>\n<li>fraise kiwi<\/li>\n<li>Glace \u00e0 la past\u00e8que<\/li>\n<li>Double menthe<\/li>\n<\/ul>\n<h2 data-v-md-heading=\"for-you-for-your-business\" data-v-md-line=\"35\">Pour vous, pour votre entreprise<\/h2>\n<p data-v-md-line=\"36\">Vous pouvez acheter une barre SFOG Soul Bar pour vous-m\u00eame ou en faire provision pour votre magasin. Nous fournissons des cartons en gros aux d\u00e9taillants. Le nombre de cartons peut varier d'un lot \u00e0 l'autre\u00a0; veuillez nous contacter pour conna\u00eetre le nombre de cartons disponibles et les remises en vigueur.<\/p>\n<p data-v-md-line=\"38\">L'option DDP est disponible dans toute l'Europe via UPS, DPD et DHL, simplifiant ainsi consid\u00e9rablement l'exp\u00e9dition. Les droits de douane sont d\u00e9j\u00e0 calcul\u00e9s, vous \u00e9vitant toute mauvaise surprise. Votre commande est soigneusement emball\u00e9e et son acheminement est suivi en temps r\u00e9el.<\/p>\n<h2 data-v-md-heading=\"why-do-you-like-it\" data-v-md-line=\"40\">Pourquoi l'aimes-tu ?<\/h2>\n<ul data-v-md-line=\"41\">\n<li>Savourez votre boisson en toute libert\u00e9 : vous pouvez refaire le plein d'\u00e9nergie \u00e0 tout moment et continuer \u00e0 l'utiliser, ce qui signifie que vous n'avez pas besoin de remplir votre r\u00e9servoir \u00e0 la derni\u00e8re minute ni de courir au magasin.<\/li>\n<li>Choix des boissons\u00a0: Les saveurs s\u2019inspirent de boissons populaires comme le cola, les boissons \u00e9nergisantes et les yaourts m\u00e9lang\u00e9s. Sucr\u00e9es, mais pas grasses.<\/li>\n<li>Rechargeable : Vous pouvez utiliser pleinement le e-liquide int\u00e9gr\u00e9 sans avoir \u00e0 jeter un appareil \u00e0 moiti\u00e9 utilis\u00e9.<\/li>\n<li>Fumer en continu : Une simple bouff\u00e9e suffit pour retrouver facilement ce go\u00fbt familier.<\/li>\n<li>Plusieurs saveurs au choix\u00a0: des rouleaux de yaourt onctueux aux fruits rafra\u00eechissants, il y en a toujours une qui convient \u00e0 votre consommation quotidienne.<\/li>\n<\/ul>\n<h2 data-v-md-heading=\"why-choose-to-collaborate-with-agoravape\" data-v-md-line=\"47\">Pourquoi choisir de collaborer avec AgoraVape ?<\/h2>\n<p data-v-md-line=\"48\">Nous exp\u00e9dions uniquement des produits 100 % authentiques provenant de circuits de distribution fiables. Qualit\u00e9 et tra\u00e7abilit\u00e9 garanties. Les entreprises b\u00e9n\u00e9ficient de tarifs de gros comp\u00e9titifs, d'un service client d\u00e9di\u00e9 et d'une livraison rapide DDP assur\u00e9e par UPS, DPD et DHL au sein de l'Union europ\u00e9enne.<\/p>\n<p data-v-md-line=\"50\">Nous autorisons la vente de produits soumis \u00e0 v\u00e9rification d'\u00e2ge et respectons la r\u00e9glementation europ\u00e9enne. Vous b\u00e9n\u00e9ficierez de factures claires, de moyens de paiement s\u00e9curis\u00e9s et d'une proc\u00e9dure simplifi\u00e9e pour le retour des produits d\u00e9fectueux. Vous souhaitez proposer les e-liquides SFOG Soul Bar 15000 aromatis\u00e9s aux boissons\u00a0? N'h\u00e9sitez pas \u00e0 nous contacter. Nous vous aiderons \u00e0 choisir la combinaison saveur et concentration de nicotine la plus adapt\u00e9e \u00e0 vos clients.<\/p>","protected":false},"excerpt":{"rendered":"<p>What is the charm of SFOG Soul Bar 15000 mouth beverage flavored vapes? If you love the choice of drinking<\/p>","protected":false},"featured_media":13632,"comment_status":"open","ping_status":"closed","template":"","meta":[],"product_brand":[208],"product_cat":[124,185,1635,176,177,174,175,193,191,135,173,186,180,190],"product_tag":[],"class_list":{"0":"post-13604","1":"product","2":"type-product","3":"status-publish","4":"has-post-thumbnail","6":"product_brand-sfog","7":"product_cat-vape-by-brand","8":"product_cat-10000-puffs-high-capacity","9":"product_cat-15000-puffs","10":"product_cat-beverage","11":"product_cat-dessert-sweets","12":"product_cat-fruit-flavors","13":"product_cat-icy-mint","14":"product_cat-mesh-coil","15":"product_cat-rechargeable-disposables","16":"product_cat-sfog","17":"product_cat-vape-by-flavor-profile","18":"product_cat-vape-by-nicotine-strength","19":"product_cat-vape-by-puff-count","20":"product_cat-vape-by-feature-or-type","22":"first","23":"onbackorder","24":"shipping-taxable","25":"purchasable","26":"product-type-variable","27":"has-default-attributes"},"tiered_pricing_type":"percentage","tiered_pricing_fixed_rules":[],"tiered_pricing_product_settings":{"layout":"default","base_unit_name":{"singular":null,"plural":null},"default_variation":null},"tiered_pricing_minimum_quantity":10,"tiered_pricing_roles_data":[],"tiered_pricing_percentage_rules":{"30":"29","50":"35","100":"40","200":"44","500":"47","1000":"49"},"tiered_pricing_maximum_quantity":null,"tiered_pricing_quantity_step":"10","_links":{"self":[{"href":"https:\/\/agoravape.com\/fr\/wp-json\/wp\/v2\/product\/13604","targetHints":{"allow":["GET"]}}],"collection":[{"href":"https:\/\/agoravape.com\/fr\/wp-json\/wp\/v2\/product"}],"about":[{"href":"https:\/\/agoravape.com\/fr\/wp-json\/wp\/v2\/types\/product"}],"replies":[{"embeddable":true,"href":"https:\/\/agoravape.com\/fr\/wp-json\/wp\/v2\/comments?post=13604"}],"version-history":[{"count":0,"href":"https:\/\/agoravape.com\/fr\/wp-json\/wp\/v2\/product\/13604\/revisions"}],"wp:featuredmedia":[{"embeddable":true,"href":"https:\/\/agoravape.com\/fr\/wp-json\/wp\/v2\/media\/13632"}],"wp:attachment":[{"href":"https:\/\/agoravape.com\/fr\/wp-json\/wp\/v2\/media?parent=13604"}],"wp:term":[{"taxonomy":"product_brand","embeddable":true,"href":"https:\/\/agoravape.com\/fr\/wp-json\/wp\/v2\/product_brand?post=13604"},{"taxonomy":"product_cat","embeddable":true,"href":"https:\/\/agoravape.com\/fr\/wp-json\/wp\/v2\/product_cat?post=13604"},{"taxonomy":"product_tag","embeddable":true,"href":"https:\/\/agoravape.com\/fr\/wp-json\/wp\/v2\/product_tag?post=13604"}],"curies":[{"name":"wp","href":"https:\/\/api.w.org\/{rel}","templated":true}]}}