{"id":13650,"date":"2025-10-11T18:16:47","date_gmt":"2025-10-11T10:16:47","guid":{"rendered":"https:\/\/green-grasshopper-921422.hostingersite.com\/?post_type=product&#038;p=13650"},"modified":"2025-12-15T21:31:04","modified_gmt":"2025-12-15T13:31:04","slug":"sfog-crystal-bar-s85-600-puffs-tpd-vape","status":"publish","type":"product","link":"https:\/\/agoravape.com\/fr\/product\/sfog-crystal-bar-s85-600-puffs-tpd-vape\/","title":{"rendered":"Barre de cristal SFOG S85 600 bouff\u00e9es | Saveur conforme \u00e0 la TPD dans une barre de poche"},"content":{"rendered":"<h2 data-v-md-heading=\"what-about-the-sfog-crystal-bar-s85-600-mouth-vape-that-meets-tpd-standards\" data-v-md-line=\"3\">Qu\u2019en est-il du vaporisateur buccal SFOG Crystal Bar S85 600 qui r\u00e9pond aux normes TPD\u00a0?<\/h2>\n<p data-v-md-line=\"4\">Si vous recherchez une cigarette \u00e9lectronique jetable simple et facile \u00e0 utiliser, la SFOG Crystal Bar S85 est faite pour vous. Dot\u00e9e d'un r\u00e9servoir de 2 ml, elle contient 2 % (20 mg\/ml) de sels de nicotine et offre jusqu'\u00e0 600 bouff\u00e9es. Sans aucun bouton, elle est simple et pratique. Profitez d'une exp\u00e9rience de vapotage pure et stable, parfaitement adapt\u00e9e \u00e0 vos besoins.<\/p>\n<p data-v-md-line=\"6\">Si vous recherchez une saveur fiable en toutes circonstances, ce vaporisateur est fait pour vous. Compact (17 x 17 x 104 mm), il se glisse facilement dans une poche. Malgr\u00e9 son autonomie de 600 bouff\u00e9es, ce vaporisateur de 50 grammes vous offre une grande l\u00e9g\u00e8ret\u00e9 et une sensation de l\u00e9g\u00e8ret\u00e9 incomparable.<\/p>\n<h2 data-v-md-heading=\"excellent-performance-easy-and-convenient\" data-v-md-line=\"8\">Excellentes performances, facile et pratique<\/h2>\n<p data-v-md-line=\"9\">La r\u00e9sistance mesh int\u00e9gr\u00e9e de 1,2 \u03a9 garantit une saveur constante de la premi\u00e8re \u00e0 la derni\u00e8re bouff\u00e9e. Elle chauffe uniform\u00e9ment le e-liquide, assurant ainsi une exp\u00e9rience gustative aussi savoureuse \u00e0 chaque bouff\u00e9e que la pr\u00e9c\u00e9dente. Une simple inhalation suffit pour activer le vaporisateur. Aucun r\u00e9glage n'est n\u00e9cessaire, la prise en main est imm\u00e9diate.<\/p>\n<h2 data-v-md-heading=\"specification-introduction\" data-v-md-line=\"11\">Introduction aux sp\u00e9cifications<\/h2>\n<ul data-v-md-line=\"12\">\n<li>Fr\u00e9quence d'aspiration : jusqu'\u00e0 600 fois<\/li>\n<li>Nicotine : 2 % (20 mg\/mL) de sel de nicotine<\/li>\n<li>Principe de fonctionnement : Activation par inhalation<\/li>\n<li>Recharge : Aucune recharge n\u00e9cessaire (batterie non rechargeable \u00e0 usage unique)<\/li>\n<li>\u00c9tat : Pr\u00eat \u00e0 l'emploi d\u00e8s le d\u00e9ballage<\/li>\n<\/ul>\n<h2 data-v-md-heading=\"full-range-of-flavors\" data-v-md-line=\"18\">Full range of flavors<\/h2>\n<ul data-v-md-line=\"19\">\n<li>Triple mangue<\/li>\n<li>Melon triple sucr\u00e9<\/li>\n<li>Cerise p\u00e9tillante<\/li>\n<li>Glace \u00e0 la past\u00e8que<\/li>\n<li>Coca-Cola<\/li>\n<li>Citron et citron vert<\/li>\n<li>Glace bleue folle<\/li>\n<li>Glace \u00e0 l'ananas<\/li>\n<li>fraise kiwi<\/li>\n<li>Glace au menthol<\/li>\n<li>Red Bull \u00e0 la fraise<\/li>\n<li>R\u00eaves d'\u00e9t\u00e9<\/li>\n<li>Glace g\u00e9latineuse blanche<\/li>\n<li>Glace \u00e0 la p\u00eache<\/li>\n<li>Cherry Cola<\/li>\n<\/ul>\n<h2 data-v-md-heading=\"for-you-for-your-business\" data-v-md-line=\"35\">Pour vous, pour votre entreprise<\/h2>\n<p data-v-md-line=\"36\">Vous pouvez acheter le SFOG Crystal Bar S85 s\u00e9par\u00e9ment pour votre usage personnel ou le stocker dans votre magasin. Nous proposons des cartons de 300 unit\u00e9s en gros, ainsi que des pr\u00e9sentoirs. Nous collaborons avec des partenaires de confiance comme UPS, DPD et DHL pour l'exp\u00e9dition en DDP (Droits Promis aux Droits)\u00a0; les droits de douane sont ainsi calcul\u00e9s \u00e0 l'avance afin d'\u00e9viter tout probl\u00e8me.<\/p>\n<p data-v-md-line=\"38\">Le S85 est enti\u00e8rement conforme \u00e0 la directive TPD et peut \u00eatre vendu en Europe avec une capacit\u00e9 de 2 millilitres et une teneur en sels de nicotine de 20 milligrammes. Si vous recherchez une cartouche de cigarette jetable en paquet de 600, d\u00e9j\u00e0 bien connue des consommateurs, ce produit trouvera facilement sa place en rayon.<\/p>\n<h2 data-v-md-heading=\"why-do-you-like-it\" data-v-md-line=\"40\">Pourquoi l'aimes-tu ?<\/h2>\n<ul data-v-md-line=\"41\">\n<li>Aspiration massive : jusqu'\u00e0 600 bouff\u00e9es signifient moins de recharges et d'achats de derni\u00e8re minute.<\/li>\n<li>Sel de nicotine conforme aux normes TPD\u00a0: 20\u00a0mg de sel de nicotine doux, au go\u00fbt riche et sans sensation piquante.<\/li>\n<li>Pas besoin de recharger\u00a0: il suffit de le prendre et de l\u2019utiliser. L\u2019utilisation s\u2019arr\u00eate d\u00e8s qu\u2019il est \u00e9puis\u00e9.<\/li>\n<li>R\u00e9sistance en mesh : assure un go\u00fbt constant et une aspiration fiable \u00e0 chaque utilisation.<\/li>\n<\/ul>\n<h2 data-v-md-heading=\"why-collaborate-with-agoravape\" data-v-md-line=\"46\">Pourquoi collaborer avec AgoraVape ?<\/h2>\n<p data-v-md-line=\"47\">Nous ne vendons que des produits 100 % authentiques provenant de sources fiables et conformes \u00e0 la directive TPD. B\u00e9n\u00e9ficiez de prix de gros avantageux, d'un service client r\u00e9actif et d'une livraison rapide DDP au sein de l'Union europ\u00e9enne et du Royaume-Uni. Nous effectuons des contr\u00f4les d'\u00e2ge stricts dans nos points de vente et appliquons des politiques de retour et de remboursement claires. Vous souhaitez acheter des cigarettes \u00e9lectroniques SFOG Crystal Bar S85 600 conformes \u00e0 la directive TPD\u00a0? Contactez-nous et nous vous proposerons une s\u00e9lection de produits de vapotage \u00e0 racheter.<\/p>","protected":false},"excerpt":{"rendered":"<p>What about the SFOG Crystal Bar S85 600 mouth vape that meets TPD standards? If you want a simple and<\/p>","protected":false},"featured_media":13676,"comment_status":"open","ping_status":"closed","template":"","meta":[],"product_brand":[208],"product_cat":[124,189,176,174,175,193,135,181,173,186,180,190],"product_tag":[],"class_list":{"0":"post-13650","1":"product","2":"type-product","3":"status-publish","4":"has-post-thumbnail","6":"product_brand-sfog","7":"product_cat-vape-by-brand","8":"product_cat-20mg-standard-nicotine-vapes","9":"product_cat-beverage","10":"product_cat-fruit-flavors","11":"product_cat-icy-mint","12":"product_cat-mesh-coil","13":"product_cat-sfog","14":"product_cat-up-to-600-puffs-tpd-compliant","15":"product_cat-vape-by-flavor-profile","16":"product_cat-vape-by-nicotine-strength","17":"product_cat-vape-by-puff-count","18":"product_cat-vape-by-feature-or-type","20":"first","21":"instock","22":"shipping-taxable","23":"purchasable","24":"product-type-variable","25":"has-default-attributes"},"tiered_pricing_type":"percentage","tiered_pricing_fixed_rules":[],"tiered_pricing_product_settings":{"layout":"default","base_unit_name":{"singular":null,"plural":null},"default_variation":null},"tiered_pricing_minimum_quantity":10,"tiered_pricing_roles_data":[],"tiered_pricing_percentage_rules":{"30":"29","50":"35","100":"40","200":"44","500":"47","1000":"49"},"tiered_pricing_maximum_quantity":null,"tiered_pricing_quantity_step":"10","_links":{"self":[{"href":"https:\/\/agoravape.com\/fr\/wp-json\/wp\/v2\/product\/13650","targetHints":{"allow":["GET"]}}],"collection":[{"href":"https:\/\/agoravape.com\/fr\/wp-json\/wp\/v2\/product"}],"about":[{"href":"https:\/\/agoravape.com\/fr\/wp-json\/wp\/v2\/types\/product"}],"replies":[{"embeddable":true,"href":"https:\/\/agoravape.com\/fr\/wp-json\/wp\/v2\/comments?post=13650"}],"version-history":[{"count":0,"href":"https:\/\/agoravape.com\/fr\/wp-json\/wp\/v2\/product\/13650\/revisions"}],"wp:featuredmedia":[{"embeddable":true,"href":"https:\/\/agoravape.com\/fr\/wp-json\/wp\/v2\/media\/13676"}],"wp:attachment":[{"href":"https:\/\/agoravape.com\/fr\/wp-json\/wp\/v2\/media?parent=13650"}],"wp:term":[{"taxonomy":"product_brand","embeddable":true,"href":"https:\/\/agoravape.com\/fr\/wp-json\/wp\/v2\/product_brand?post=13650"},{"taxonomy":"product_cat","embeddable":true,"href":"https:\/\/agoravape.com\/fr\/wp-json\/wp\/v2\/product_cat?post=13650"},{"taxonomy":"product_tag","embeddable":true,"href":"https:\/\/agoravape.com\/fr\/wp-json\/wp\/v2\/product_tag?post=13650"}],"curies":[{"name":"wp","href":"https:\/\/api.w.org\/{rel}","templated":true}]}}