{"id":13694,"date":"2025-10-11T20:53:22","date_gmt":"2025-10-11T12:53:22","guid":{"rendered":"https:\/\/green-grasshopper-921422.hostingersite.com\/?post_type=product&#038;p=13694"},"modified":"2026-01-19T22:07:38","modified_gmt":"2026-01-19T14:07:38","slug":"fihp-9000-puffs-rgb-light-vape","status":"publish","type":"product","link":"https:\/\/agoravape.com\/fr\/product\/fihp-9000-puffs-rgb-light-vape\/","title":{"rendered":"Vape jetable FIHP 9000 bouff\u00e9es avec \u00e9clairage RGB | Longue dur\u00e9e de vie, recharge simple"},"content":{"rendered":"<h2 data-v-md-heading=\"what-are-the-highlights-of-the-fihp-9000-rgb-disposable-vape\" data-v-md-line=\"3\">Quels sont les points forts de la cigarette \u00e9lectronique jetable FIHP 9000 RGB\u00a0?<\/h2>\n<p data-v-md-line=\"4\">Si vous en avez assez des cigarettes \u00e9lectroniques jetables et de leur consommation rapide, cette cigarette \u00e9lectronique vous simplifiera la vie. La FIHP 9000 offre une autonomie maximale de 9\u00a0000 bouff\u00e9es par unit\u00e9, et sa r\u00e9sistance mesh absorbe l'e-liquide de fa\u00e7on homog\u00e8ne, pour une vape savoureuse du d\u00e9but \u00e0 la fin. Son activation se fait par absorption d'e-liquide, sans avoir besoin de manipuler des boutons ou des menus complexes.<\/p>\n<p data-v-md-line=\"6\">Il convient \u00e0 tous ceux qui recherchent une utilisation quotidienne simple et une grande durabilit\u00e9. De plus, il est \u00e9quip\u00e9 d'une lumi\u00e8re RGB originale qui clignote lors de l'absorption d'huile, ajoutant une touche personnelle sans g\u00eaner. Malgr\u00e9 sa grande capacit\u00e9, ce vaporisateur de poche est simple, facile \u00e0 utiliser et \u00e0 transporter.<\/p>\n<h2 data-v-md-heading=\"excellent-performance-easy-and-convenient\" data-v-md-line=\"8\">Excellentes performances, facile et pratique<\/h2>\n<p data-v-md-line=\"9\">Son atomiseur int\u00e9gr\u00e9 \u00e0 mesh de 1,0 \u03a9 assure une chauffe uniforme et pr\u00e9serve les saveurs en cours de vapotage. Sa batterie rechargeable de 650 mAh vous permet de vapoter jusqu'\u00e0 18 ml d'e-liquide. Lorsque la batterie est faible, vous pouvez la recharger via l'interface USB-C, similaire \u00e0 celle de votre t\u00e9l\u00e9phone. Facile d'utilisation.<\/p>\n<h2 data-v-md-heading=\"specification-overview\" data-v-md-line=\"11\">Aper\u00e7u des sp\u00e9cifications<\/h2>\n<ul data-v-md-line=\"12\">\n<li>Fr\u00e9quence d'aspiration : jusqu'\u00e0 9000 fois<\/li>\n<li>Teneur en nicotine\u00a0: 2\u00a0% ou 5\u00a0% (en option pour les marques de distributeur)<\/li>\n<li>Principe de fonctionnement : Activation par inhalation<\/li>\n<li>Charging: Standard Type-C USB interface<\/li>\n<li>\u00c9tat : Pr\u00eat \u00e0 l'emploi d\u00e8s la sortie de l'emballage<\/li>\n<\/ul>\n<h2 data-v-md-heading=\"to-create-for-you-and-your-business\" data-v-md-line=\"18\">Pour cr\u00e9er pour vous et votre entreprise<\/h2>\n<p data-v-md-line=\"19\">Vous pouvez acheter un appareil pour un usage quotidien ou constituer un stock pour votre magasin. Nous proposons un conditionnement en gros de 200 unit\u00e9s par carton afin de simplifier la gestion des stocks et de pr\u00e9server vos marges. Chaque carton principal p\u00e8se environ 21 kilogrammes, ce qui facilite l'organisation de votre stockage.<\/p>\n<p data-v-md-line=\"21\">Nous collaborons avec des partenaires de confiance tels que UPS, DPD et DHL pour assurer la livraison DDP dans toute l'Europe, garantissant ainsi une livraison rapide de votre commande, une gestion optimale des droits de douane et l'absence de probl\u00e8mes douaniers. Produits authentiques, factures claires et livraison sans encombre.<\/p>\n<h2 data-v-md-heading=\"why-do-you-like-it\" data-v-md-line=\"23\">Pourquoi l'aimes-tu ?<\/h2>\n<ul data-v-md-line=\"24\">\n<li>Aspiration massive : r\u00e9duit le nombre de recharges et minimise les achats r\u00e9p\u00e9t\u00e9s.<\/li>\n<li>S\u00e9lection de la nicotine\u00a0: Choisissez la concentration de nicotine qui convient \u00e0 votre client ou \u00e0 vos habitudes personnelles.<\/li>\n<li>Rechargeable : Utilisez jusqu'\u00e0 la derni\u00e8re goutte d'e-liquide achet\u00e9.<\/li>\n<li>R\u00e9sistance mesh : Un go\u00fbt constant, de la premi\u00e8re \u00e0 la derni\u00e8re bouch\u00e9e, pour une exp\u00e9rience satisfaisante.<\/li>\n<\/ul>\n<h2 data-v-md-heading=\"why-choose-agoravape\" data-v-md-line=\"29\">Pourquoi choisir AgoraVape ?<\/h2>\n<p data-v-md-line=\"30\">Nous n'achetons que des produits 100 % authentiques et sommes responsables de ceux que nous vendons. En tant que distributeur de cigarettes \u00e9lectroniques de confiance en Europe, nous vous offrons des prix de gros avantageux, un service client attentif et une livraison DDP rapide pour l'achat de cigarettes \u00e9lectroniques jetables FIHP 9000 Puffs RGB Light. Vous souhaitez acheter un produit pl\u00e9biscit\u00e9 par vos clients\u00a0? Parlons-en\u00a0!<\/p>\n<p><script src=\"chrome-extension:\/\/fpelahbljekknahkcaegamhcndkfpfnc\/iFrame.js\" type=\"text\/javascript\"><\/script><\/p>","protected":false},"excerpt":{"rendered":"<p>&nbsp;<\/p>\n<p><script src=\"chrome-extension:\/\/fpelahbljekknahkcaegamhcndkfpfnc\/iFrame.js\" type=\"text\/javascript\"><\/script><\/p>\n<p><script src=\"chrome-extension:\/\/fpelahbljekknahkcaegamhcndkfpfnc\/iFrame.js\" type=\"text\/javascript\"><\/script><\/p>","protected":false},"featured_media":13716,"comment_status":"open","ping_status":"closed","template":"","meta":[],"product_brand":[209],"product_cat":[124,185,189,176,136,174,175,193,191,173,186,180,190],"product_tag":[],"class_list":{"0":"post-13694","1":"product","2":"type-product","3":"status-publish","4":"has-post-thumbnail","6":"product_brand-fihp","7":"product_cat-vape-by-brand","8":"product_cat-10000-puffs-high-capacity","9":"product_cat-20mg-standard-nicotine-vapes","10":"product_cat-beverage","11":"product_cat-fihp","12":"product_cat-fruit-flavors","13":"product_cat-icy-mint","14":"product_cat-mesh-coil","15":"product_cat-rechargeable-disposables","16":"product_cat-vape-by-flavor-profile","17":"product_cat-vape-by-nicotine-strength","18":"product_cat-vape-by-puff-count","19":"product_cat-vape-by-feature-or-type","21":"first","22":"onbackorder","23":"shipping-taxable","24":"purchasable","25":"product-type-variable","26":"has-default-attributes"},"tiered_pricing_type":"percentage","tiered_pricing_fixed_rules":[],"tiered_pricing_product_settings":{"layout":"default","base_unit_name":{"singular":null,"plural":null},"default_variation":null},"tiered_pricing_minimum_quantity":10,"tiered_pricing_roles_data":[],"tiered_pricing_percentage_rules":{"50":"35","100":"40","200":"44","500":"47","1000":"49"},"tiered_pricing_maximum_quantity":null,"tiered_pricing_quantity_step":"10","_links":{"self":[{"href":"https:\/\/agoravape.com\/fr\/wp-json\/wp\/v2\/product\/13694","targetHints":{"allow":["GET"]}}],"collection":[{"href":"https:\/\/agoravape.com\/fr\/wp-json\/wp\/v2\/product"}],"about":[{"href":"https:\/\/agoravape.com\/fr\/wp-json\/wp\/v2\/types\/product"}],"replies":[{"embeddable":true,"href":"https:\/\/agoravape.com\/fr\/wp-json\/wp\/v2\/comments?post=13694"}],"version-history":[{"count":0,"href":"https:\/\/agoravape.com\/fr\/wp-json\/wp\/v2\/product\/13694\/revisions"}],"wp:featuredmedia":[{"embeddable":true,"href":"https:\/\/agoravape.com\/fr\/wp-json\/wp\/v2\/media\/13716"}],"wp:attachment":[{"href":"https:\/\/agoravape.com\/fr\/wp-json\/wp\/v2\/media?parent=13694"}],"wp:term":[{"taxonomy":"product_brand","embeddable":true,"href":"https:\/\/agoravape.com\/fr\/wp-json\/wp\/v2\/product_brand?post=13694"},{"taxonomy":"product_cat","embeddable":true,"href":"https:\/\/agoravape.com\/fr\/wp-json\/wp\/v2\/product_cat?post=13694"},{"taxonomy":"product_tag","embeddable":true,"href":"https:\/\/agoravape.com\/fr\/wp-json\/wp\/v2\/product_tag?post=13694"}],"curies":[{"name":"wp","href":"https:\/\/api.w.org\/{rel}","templated":true}]}}