{"id":13762,"date":"2025-10-11T21:27:21","date_gmt":"2025-10-11T13:27:21","guid":{"rendered":"https:\/\/green-grasshopper-921422.hostingersite.com\/?post_type=product&#038;p=13762"},"modified":"2026-01-19T22:07:25","modified_gmt":"2026-01-19T14:07:25","slug":"fihp-15000-puffs-led-display-vape","status":"publish","type":"product","link":"https:\/\/agoravape.com\/fr\/product\/fihp-15000-puffs-led-display-vape\/","title":{"rendered":"FIHP 15000 bouff\u00e9es - Cigarette \u00e9lectronique jetable avec \u00e9cran LED | Grandes bouff\u00e9es. Affichage clair. Utilisation simple et rapide."},"content":{"rendered":"<h2 data-v-md-heading=\"what-about-disposable-vapes-with-fihp-15000-led-display-screens\" data-v-md-line=\"3\"><\/h2>\n<h2 data-v-md-heading=\"what-about-disposable-vapes-with-fihp-15000-led-display-screens\" data-v-md-line=\"3\">Qu\u2019en est-il des cigarettes \u00e9lectroniques jetables dot\u00e9es d\u2019\u00e9crans LED FIHP 15000\u00a0?<\/h2>\n<p data-v-md-line=\"4\">Si vous en avez assez des cigarettes \u00e9lectroniques jetables qui s'\u00e9puisent au moment o\u00f9 vous en avez le plus besoin, ce produit est fait pour vous. La cigarette \u00e9lectronique jetable FIHP avec \u00e9cran LED et 15\u00a0000 ports est con\u00e7ue pour une utilisation prolong\u00e9e. Simple d'utilisation, fiable et offrant une excellente restitution des saveurs, elle ne n\u00e9cessite aucun entretien.<\/p>\n<p data-v-md-line=\"6\">Pour celles et ceux qui recherchent une cigarette \u00e9lectronique jetable grande capacit\u00e9 et facile d'utilisation, ce produit est id\u00e9al. Pas besoin de boutons ni de menus, une simple aspiration suffit. Son prix est \u00e9tonnamment abordable.<\/p>\n<h2 data-v-md-heading=\"excellent-performance-no-need-for-any-operation\" data-v-md-line=\"8\">Excellentes performances, aucune op\u00e9ration n\u00e9cessaire<\/h2>\n<p data-v-md-line=\"9\">La r\u00e9sistance mesh assure une saveur pure et constante, de la premi\u00e8re \u00e0 la derni\u00e8re bouff\u00e9e. Aucune odeur de br\u00fbl\u00e9 ne se d\u00e9gagera, m\u00eame apr\u00e8s une semaine d'utilisation. Sa batterie rechargeable de 650 mAh, associ\u00e9e \u00e0 une interface USB-C, vous permet de recharger facilement votre t\u00e9l\u00e9phone \u00e0 l'aide d'un c\u00e2ble. L'\u00e9cran LED offre une visibilit\u00e9 optimale et vous permet de contr\u00f4ler facilement tous les param\u00e8tres.<\/p>\n<h2 data-v-md-heading=\"specification-overview\" data-v-md-line=\"11\">Aper\u00e7u des sp\u00e9cifications<\/h2>\n<ul data-v-md-line=\"12\">\n<li>Fr\u00e9quence d'aspiration : jusqu'\u00e0 15\u00a0000 fois<\/li>\n<li>Teneur en nicotine\u00a0: 2\u00a0%. Les marques de distributeur b\u00e9n\u00e9ficient d\u2019une r\u00e9duction de 5\u00a0%, sous r\u00e9serve du respect de la r\u00e9glementation locale.<\/li>\n<li>Principe de fonctionnement : Activation par inhalation<\/li>\n<li>Charging: Standard Type-C USB interface<\/li>\n<li>\u00c9tat : Pr\u00eat \u00e0 l'emploi d\u00e8s la sortie de l'emballage<\/li>\n<\/ul>\n<p data-v-md-line=\"18\">Autres d\u00e9tails\u00a0:<\/p>\n<ul data-v-md-line=\"19\">\n<li>Bobine : Bobine Mesh<\/li>\n<li>Capacit\u00e9 du r\u00e9servoir d'e-liquide : 22 millilitres<\/li>\n<li>Batterie : 650 mAh<\/li>\n<li>Fonction : \u00e9cran LED<\/li>\n<\/ul>\n<h2 data-v-md-heading=\"full-range-of-flavors\" data-v-md-line=\"25\">Full range of flavors<\/h2>\n<ul data-v-md-line=\"26\">\n<li>Mr. Blue<\/li>\n<li>Blue Rink Ice<\/li>\n<li>Glace \u00e0 la past\u00e8que<\/li>\n<li>Energy drinks<\/li>\n<li>Glace au raisin<\/li>\n<li>Glace \u00e0 la p\u00eache<\/li>\n<li>Kiwi, fruit de la passion, goyave<\/li>\n<li>fraise kiwi<\/li>\n<li>P\u00eache, mangue, ananas<\/li>\n<li>Fraise, framboise, cerise<\/li>\n<\/ul>\n<h2 data-v-md-heading=\"for-you-for-your-business\" data-v-md-line=\"37\">Pour vous, pour votre entreprise<\/h2>\n<p data-v-md-line=\"38\">Vous pouvez choisir en toute confiance et vous approvisionner en toute s\u00e9r\u00e9nit\u00e9. Nous proposons des cartons de 200 unit\u00e9s en gros, vous permettant ainsi de toujours avoir vos saveurs pr\u00e9f\u00e9r\u00e9es \u00e0 port\u00e9e de main, sans avoir \u00e0 vous r\u00e9approvisionner fr\u00e9quemment. Nous collaborons avec des partenaires de confiance tels que UPS, DPD et DHL pour une livraison en DDP (Droits Acquitt\u00e9s), ce qui signifie que vous n'aurez aucun frais de douane \u00e0 payer et que vous \u00e9viterez toute mauvaise surprise \u00e0 la douane.<\/p>\n<h2 data-v-md-heading=\"why-do-you-like-it\" data-v-md-line=\"40\">Pourquoi l'aimes-tu ?<\/h2>\n<ul data-v-md-line=\"41\">\n<li>Grande capacit\u00e9 de stockage : durable et r\u00e9sistante, plus besoin d'acheter fr\u00e9quemment de nouvelles cigarettes.<\/li>\n<li>Choix du taux de nicotine\u00a0: Choisissez le taux qui convient \u00e0 votre march\u00e9 ou \u00e0 vos pr\u00e9f\u00e9rences.<\/li>\n<li>Rechargeable : Vous pouvez utiliser tous les e-liquides achet\u00e9s.<\/li>\n<li>Noyau d'atomisation en mesh : assure une saveur stable et durable \u00e0 chaque utilisation.<\/li>\n<li>\u00c9cran LED : affichage clair de l'\u00e9tat en un coup d'\u0153il, vous permettant de suivre l'\u00e9tat actuel \u00e0 tout moment.<\/li>\n<\/ul>\n<h2 data-v-md-heading=\"why-choose-agoravape\" data-v-md-line=\"47\">Pourquoi choisir AgoraVape ?<\/h2>\n<p data-v-md-line=\"48\">Nous ne vendons que des produits 100 % authentiques, sans aucun doute. Pour les clients professionnels, vous b\u00e9n\u00e9ficiez de prix de gros tr\u00e8s comp\u00e9titifs, d'une assistance fiable et d'un service de livraison rapide et s\u00fbr pour les cigarettes \u00e9lectroniques jetables FIHP 15000 avec \u00e9cran LED. Si vous souhaitez acqu\u00e9rir un appareil qui ravira vos clients, n'h\u00e9sitez pas \u00e0 nous contacter.<\/p>","protected":false},"excerpt":{"rendered":"<p>Qu'en est-il des vapes jetables dot\u00e9es d'\u00e9crans d'affichage LED FIHP 15000 ? Si vous en avez assez des vapes jetables qui sont utilis\u00e9es<\/p>","protected":false},"featured_media":13784,"comment_status":"open","ping_status":"closed","template":"","meta":[],"product_brand":[209],"product_cat":[124,185,1635,189,176,136,174,175,193,191,173,186,180,190,192],"product_tag":[],"class_list":{"0":"post-13762","1":"product","2":"type-product","3":"status-publish","4":"has-post-thumbnail","6":"product_brand-fihp","7":"product_cat-vape-by-brand","8":"product_cat-10000-puffs-high-capacity","9":"product_cat-15000-puffs","10":"product_cat-20mg-standard-nicotine-vapes","11":"product_cat-beverage","12":"product_cat-fihp","13":"product_cat-fruit-flavors","14":"product_cat-icy-mint","15":"product_cat-mesh-coil","16":"product_cat-rechargeable-disposables","17":"product_cat-vape-by-flavor-profile","18":"product_cat-vape-by-nicotine-strength","19":"product_cat-vape-by-puff-count","20":"product_cat-vape-by-feature-or-type","21":"product_cat-vapes-with-screens","23":"first","24":"onbackorder","25":"shipping-taxable","26":"purchasable","27":"product-type-variable","28":"has-default-attributes"},"tiered_pricing_type":"percentage","tiered_pricing_fixed_rules":[],"tiered_pricing_product_settings":{"layout":"default","base_unit_name":{"singular":null,"plural":null},"default_variation":null},"tiered_pricing_minimum_quantity":10,"tiered_pricing_roles_data":[],"tiered_pricing_percentage_rules":{"50":"35","100":"40","200":"44","500":"47","1000":"49"},"tiered_pricing_maximum_quantity":null,"tiered_pricing_quantity_step":"10","_links":{"self":[{"href":"https:\/\/agoravape.com\/fr\/wp-json\/wp\/v2\/product\/13762","targetHints":{"allow":["GET"]}}],"collection":[{"href":"https:\/\/agoravape.com\/fr\/wp-json\/wp\/v2\/product"}],"about":[{"href":"https:\/\/agoravape.com\/fr\/wp-json\/wp\/v2\/types\/product"}],"replies":[{"embeddable":true,"href":"https:\/\/agoravape.com\/fr\/wp-json\/wp\/v2\/comments?post=13762"}],"version-history":[{"count":0,"href":"https:\/\/agoravape.com\/fr\/wp-json\/wp\/v2\/product\/13762\/revisions"}],"wp:featuredmedia":[{"embeddable":true,"href":"https:\/\/agoravape.com\/fr\/wp-json\/wp\/v2\/media\/13784"}],"wp:attachment":[{"href":"https:\/\/agoravape.com\/fr\/wp-json\/wp\/v2\/media?parent=13762"}],"wp:term":[{"taxonomy":"product_brand","embeddable":true,"href":"https:\/\/agoravape.com\/fr\/wp-json\/wp\/v2\/product_brand?post=13762"},{"taxonomy":"product_cat","embeddable":true,"href":"https:\/\/agoravape.com\/fr\/wp-json\/wp\/v2\/product_cat?post=13762"},{"taxonomy":"product_tag","embeddable":true,"href":"https:\/\/agoravape.com\/fr\/wp-json\/wp\/v2\/product_tag?post=13762"}],"curies":[{"name":"wp","href":"https:\/\/api.w.org\/{rel}","templated":true}]}}